{"id":1357,"date":"2023-08-22T03:59:57","date_gmt":"2023-08-22T03:59:57","guid":{"rendered":"https:\/\/estarmachinery.com\/?post_type=product&#038;p=1357"},"modified":"2023-08-22T04:02:13","modified_gmt":"2023-08-22T04:02:13","slug":"automatic-high-speed-paper-counter-paper-counting-machine","status":"publish","type":"product","link":"https:\/\/estarmachinery.com\/de\/produkt\/automatic-high-speed-paper-counter-paper-counting-machine\/","title":{"rendered":"Automatische Hochgeschwindigkeits-Papierz\u00e4hler-Papierz\u00e4hlmaschine"},"content":{"rendered":"<p>Automatische Hochgeschwindigkeits-Papierz\u00e4hler-Papierz\u00e4hlmaschine<\/p>\n<h3 class=\"magic-2\" data-spm-anchor-id=\"a2700.details.0.i28.5bf366fcvlprgS\">Merkmale:<\/h3>\n<div class=\"magic-3\">\n<div class=\"magic-4\">\n<div class=\"magic-5\" data-spm-anchor-id=\"a2700.details.0.i26.5bf366fcvlprgS\"><span data-spm-anchor-id=\"a2700.details.0.i27.5bf366fcvlprgS\">Es gibt zwei Betriebsmodi: 1. Z\u00e4hlmodus: In diesem Modus z\u00e4hlt die Maschine den Papierstapel ohne Registereinf\u00fcgung. 2. Stapelz\u00e4hlmodus: In diesem Modus kann die Maschine bestimmte No-Bl\u00e4tter mit Registereinf\u00fcgung z\u00e4hlen. Kleine Maschinengr\u00f6\u00dfe, Z\u00e4hlgeschwindigkeit betr\u00e4gt 1000 Blatt pro Minute, die Maschine l\u00e4uft stabil, genaue Z\u00e4hlung. Touchscreen-Steuerung, einfach zu bedienen.<\/span><\/div>\n<div data-spm-anchor-id=\"a2700.details.0.i26.5bf366fcvlprgS\">\n<div class=\"J_module\">\n<div class=\"icbu-pc-detailManyImage magic-7\">\n<div class=\"magic-8\"><a href=\"https:\/\/estarmachinery.com\/de\/produkt-kategorie\/counting-machine\/\"><img decoding=\"async\" class=\"magic-9\" src=\"https:\/\/sc04.alicdn.com\/kf\/Hb0cf1eeb6df74cf8a7a546d480d397e7t\/268582949\/Hb0cf1eeb6df74cf8a7a546d480d397e7t.jpg\" data-src=\"\/\/sc04.alicdn.com\/kf\/Hb0cf1eeb6df74cf8a7a546d480d397e7t\/268582949\/Hb0cf1eeb6df74cf8a7a546d480d397e7t.jpg\" data-spm-anchor-id=\"a2700.details.0.i35.5bf366fcZaPXIF\" \/><\/a><\/div>\n<div class=\"magic-8\"><img decoding=\"async\" class=\"magic-9\" src=\"https:\/\/sc04.alicdn.com\/kf\/H34eb45d6c7a642cdb51a44545b4e3877u\/268582949\/H34eb45d6c7a642cdb51a44545b4e3877u.jpg\" data-src=\"\/\/sc04.alicdn.com\/kf\/H34eb45d6c7a642cdb51a44545b4e3877u\/268582949\/H34eb45d6c7a642cdb51a44545b4e3877u.jpg\" \/><\/div>\n<div class=\"magic-8\"><img decoding=\"async\" class=\"magic-9\" src=\"https:\/\/sc04.alicdn.com\/kf\/H8c7a2d46bb124d21afe838c14592ddb9O\/268582949\/H8c7a2d46bb124d21afe838c14592ddb9O.jpg\" data-src=\"\/\/sc04.alicdn.com\/kf\/H8c7a2d46bb124d21afe838c14592ddb9O\/268582949\/H8c7a2d46bb124d21afe838c14592ddb9O.jpg\" \/><\/div>\n<div class=\"magic-8\"><img decoding=\"async\" class=\"magic-9\" src=\"https:\/\/sc04.alicdn.com\/kf\/H4ae702e9d59943e480ad0325476d82c84\/268582949\/H4ae702e9d59943e480ad0325476d82c84.jpg\" data-src=\"\/\/sc04.alicdn.com\/kf\/H4ae702e9d59943e480ad0325476d82c84\/268582949\/H4ae702e9d59943e480ad0325476d82c84.jpg\" \/><\/div>\n<div class=\"magic-8\"><img decoding=\"async\" class=\"magic-9\" src=\"https:\/\/sc04.alicdn.com\/kf\/H5dc6e58c079e4cf8af3a6de80ac55cb29\/268582949\/H5dc6e58c079e4cf8af3a6de80ac55cb29.jpg\" data-src=\"\/\/sc04.alicdn.com\/kf\/H5dc6e58c079e4cf8af3a6de80ac55cb29\/268582949\/H5dc6e58c079e4cf8af3a6de80ac55cb29.jpg\" \/><\/div>\n<\/div>\n<\/div>\n<div class=\"J_module\">\n<div id=\"ali-anchor-AliMagic-g9orjj\" class=\"magic-0\" data-section=\"AliMagic-g9orjj\" data-section-title=\"PRODUCT SPECIFICATIONS\">PRODUKTSPEZIFIKATIONEN<\/div>\n<\/div>\n<div class=\"J_module\">\n<div class=\"ife-detail-decorate-table\">\n<table class=\"all magic-10\">\n<tbody>\n<tr>\n<td colspan=\"1\" rowspan=\"1\">\n<div class=\"magic-11\">NEIN.<\/div>\n<\/td>\n<td colspan=\"1\" rowspan=\"1\">\n<div class=\"magic-12\">Modell<\/div>\n<\/td>\n<td colspan=\"3\" rowspan=\"1\">\n<div class=\"magic-13\">ES-Y3<\/div>\n<\/td>\n<\/tr>\n<tr>\n<td colspan=\"1\" rowspan=\"1\">\n<div class=\"magic-11\">1<\/div>\n<\/td>\n<td colspan=\"1\" rowspan=\"1\">\n<div class=\"magic-12\">Papierst\u00e4rke<\/div>\n<\/td>\n<td colspan=\"3\" rowspan=\"1\">\n<div class=\"magic-13\">45\u2013120 g\/m\u00b2<\/div>\n<\/td>\n<\/tr>\n<tr>\n<td colspan=\"1\" rowspan=\"1\">\n<div class=\"magic-11\">2<\/div>\n<\/td>\n<td colspan=\"1\" rowspan=\"1\">\n<div class=\"magic-12\">Mindest. Papier gr\u00f6\u00dfe<\/div>\n<\/td>\n<td colspan=\"3\" rowspan=\"1\">\n<div class=\"magic-13\">100 mm (B) * 150 mm (L)<\/div>\n<\/td>\n<\/tr>\n<tr>\n<td colspan=\"1\" rowspan=\"1\">\n<div class=\"magic-11\">3<\/div>\n<\/td>\n<td colspan=\"1\" rowspan=\"1\">\n<div class=\"magic-12\">Max. Papier gr\u00f6\u00dfe<\/div>\n<\/td>\n<td colspan=\"3\" rowspan=\"1\">\n<div class=\"magic-13\">420 mm (B) x 297 mm (L)<\/div>\n<\/td>\n<\/tr>\n<tr>\n<td colspan=\"1\" rowspan=\"1\">\n<div class=\"magic-11\">4<\/div>\n<\/td>\n<td colspan=\"1\" rowspan=\"1\">\n<div class=\"magic-12\">Z\u00e4hlgeschwindigkeit<\/div>\n<\/td>\n<td colspan=\"3\" rowspan=\"1\">\n<div class=\"magic-13\">0~1000 St\u00fcck\/min<\/div>\n<\/td>\n<\/tr>\n<tr>\n<td colspan=\"1\" rowspan=\"1\">\n<div class=\"magic-11\">5<\/div>\n<\/td>\n<td colspan=\"1\" rowspan=\"1\">\n<div class=\"magic-12\">Max. Ladeh\u00f6he<\/div>\n<\/td>\n<td colspan=\"3\" rowspan=\"1\">\n<div class=\"magic-16\">70mm<\/div>\n<\/td>\n<\/tr>\n<tr>\n<td colspan=\"1\" rowspan=\"1\">\n<div class=\"magic-11\">6<\/div>\n<\/td>\n<td colspan=\"1\" rowspan=\"1\">\n<div class=\"magic-12\">Stromversorgung<\/div>\n<\/td>\n<td colspan=\"3\" rowspan=\"1\">\n<div class=\"magic-16\">AC240 VAC, 50\/60 Hz<\/div>\n<\/td>\n<\/tr>\n<tr>\n<td colspan=\"1\" rowspan=\"1\">\n<div class=\"magic-11\">7<\/div>\n<\/td>\n<td colspan=\"1\" rowspan=\"1\">\n<div class=\"magic-12\">H\u00f6he des Ladetisches<\/div>\n<\/td>\n<td colspan=\"3\" rowspan=\"1\">\n<div class=\"magic-16\">200mm<\/div>\n<\/td>\n<\/tr>\n<tr>\n<td colspan=\"1\" rowspan=\"1\">\n<div class=\"magic-11\">8<\/div>\n<\/td>\n<td colspan=\"1\" rowspan=\"1\">\n<div class=\"magic-12\">Maschinengr\u00f6\u00dfe<\/div>\n<\/td>\n<td colspan=\"3\" rowspan=\"1\">\n<div class=\"magic-16\">670*510*480mm<\/div>\n<\/td>\n<\/tr>\n<tr>\n<td colspan=\"1\" rowspan=\"1\">\n<div class=\"magic-11\">9<\/div>\n<\/td>\n<td colspan=\"1\" rowspan=\"1\">\n<div class=\"magic-12\">Reingewicht<\/div>\n<\/td>\n<td colspan=\"3\" rowspan=\"1\">\n<div class=\"magic-16\">37kg<\/div>\n<\/td>\n<\/tr>\n<tr>\n<td colspan=\"1\" rowspan=\"1\">\n<div class=\"magic-11\">10<\/div>\n<\/td>\n<td colspan=\"1\" rowspan=\"1\">\n<div class=\"magic-12\">Verpackungsgr\u00f6\u00dfe in Holzkiste<\/div>\n<\/td>\n<td colspan=\"3\" rowspan=\"1\">\n<div class=\"magic-16\">720*550*660mm<\/div>\n<\/td>\n<\/tr>\n<tr>\n<td colspan=\"1\" rowspan=\"1\">\n<div class=\"magic-11\">11<\/div>\n<\/td>\n<td colspan=\"1\" rowspan=\"1\">\n<div class=\"magic-12\">Bruttogewicht<\/div>\n<\/td>\n<td colspan=\"3\" rowspan=\"1\">\n<div class=\"magic-16\">62kg<\/div>\n<\/td>\n<\/tr>\n<\/tbody>\n<\/table>\n<\/div>\n<\/div>\n<div class=\"J_module\">\n<div id=\"ali-anchor-AliMagic-zg4wzr\" class=\"magic-0\" data-section=\"AliMagic-zg4wzr\" data-section-title=\"WORKSHOP\">WERKSTATT<\/div>\n<\/div>\n<div class=\"J_module\">\n<div class=\"icbu-pc-images magic-18\">\n<div>\n<div class=\"flex-layout-v\">\n<div class=\"flex-layout-h magic-18\">\n<div class=\"magic-19\"><img decoding=\"async\" class=\"magic-20\" src=\"https:\/\/sc04.alicdn.com\/kf\/H53c5539da9f54fc98503099731715de19\/268582949\/H53c5539da9f54fc98503099731715de19.png\" data-src=\"\/\/sc04.alicdn.com\/kf\/H53c5539da9f54fc98503099731715de19\/268582949\/H53c5539da9f54fc98503099731715de19.png\" \/><\/div>\n<\/div>\n<\/div>\n<\/div>\n<\/div>\n<\/div>\n<div class=\"J_module\">\n<div id=\"ali-anchor-AliMagic-falkf2\" class=\"magic-0\" data-section=\"AliMagic-falkf2\" data-section-title=\"PACKAGE&amp;SHIPPING\">PAKET &amp; VERSAND<\/div>\n<\/div>\n<div class=\"J_module\">\n<div class=\"icbu-pc-images magic-18\">\n<div>\n<div class=\"flex-layout-v\">\n<div class=\"flex-layout-h magic-18\">\n<div class=\"magic-21\"><img decoding=\"async\" class=\"magic-22\" src=\"https:\/\/sc04.alicdn.com\/kf\/H8ecfd130278d427f87ab8f67ddba18f5T\/268582949\/H8ecfd130278d427f87ab8f67ddba18f5T.jpg\" data-src=\"\/\/sc04.alicdn.com\/kf\/H8ecfd130278d427f87ab8f67ddba18f5T\/268582949\/H8ecfd130278d427f87ab8f67ddba18f5T.jpg\" \/><\/div>\n<\/div>\n<\/div>\n<\/div>\n<\/div>\n<\/div>\n<div class=\"J_module\">\n<div class=\"icbu-pc-images magic-18\">\n<div>\n<div class=\"flex-layout-v\">\n<div class=\"flex-layout-h magic-18\">\n<div class=\"magic-23\"><img decoding=\"async\" class=\"magic-24\" src=\"https:\/\/sc04.alicdn.com\/kf\/H19f81f822d1b4fd296a73dab12402779B\/268582949\/H19f81f822d1b4fd296a73dab12402779B.jpg\" data-src=\"\/\/sc04.alicdn.com\/kf\/H19f81f822d1b4fd296a73dab12402779B\/268582949\/H19f81f822d1b4fd296a73dab12402779B.jpg\" \/><\/div>\n<\/div>\n<\/div>\n<\/div>\n<\/div>\n<\/div>\n<div class=\"J_module\">\n<div id=\"ali-anchor-AliMagic-b3jszr\" class=\"magic-0\" data-section=\"AliMagic-b3jszr\" data-section-title=\"FAQ\">FAQ<\/div>\n<\/div>\n<div class=\"J_module\">\n<div class=\"detail-decorate-json-renderer-container\">\n<div class=\"magic-1\">\n<div class=\"magic-3\">\n<div class=\"magic-4\">\n<div class=\"magic-5\">\n<p>F1: Sind Sie Hersteller oder Handelsunternehmen?<\/p>\n<div>A1: Wir sind Hersteller.<\/div>\n<div>F2: Wie lautet die Preisbedingung?<br \/>\nA2: Der angegebene Preis ist FOB. Es k\u00f6nnen zus\u00e4tzliche Spediteurkosten anfallen, die vom jeweiligen Spediteur und der jeweiligen Sendung abh\u00e4ngen<\/div>\n<div>\n<p>Methode. Der Preis kann aufgrund von Materialkosten\/Arbeitskosten\/Wechselkurs\u00e4nderungen schwanken. Bitte konsultieren Sie unsere Vertriebsmitarbeiter, bevor Sie eine Bestellung best\u00e4tigen.<\/p>\n<p>F3: Wie lange brauchen Sie, um die Produkte herzustellen?<br \/>\nA3: Wir arrangieren den Versand in 7 bis 15 Tagen.<\/p>\n<p>F4: Wie gebe ich eine Bestellung auf und arrangiere die Zahlung?<br \/>\nA4: Wenn Sie unser RTS-Produkt kaufen, k\u00f6nnen Sie sich an unseren Vertrieb wenden, um einen PI- oder Trade-Assurance-Auftrag f\u00fcr Sie zu erstellen, oder Sie k\u00f6nnen auf Alibaba auf die Schaltfl\u00e4che \u201eBestellung starten\u201c klicken.<\/p>\n<p>F5: Welche Dokumente stellen Sie zur Verf\u00fcgung?<br \/>\nA5: Wir stellen Handelsrechnungen, Packlisten, Frachtbriefe, Ursprungszeugnisse und Begasungszertifikate zur Verf\u00fcgung. Wenn Ihre M\u00e4rkte besondere Anforderungen wie SONCAP, PVOC haben, teilen Sie uns dies bitte mit.<\/p>\n<p>F6: Wie ist die Zahlungsfrist? Wie kann ich die Zahlung veranlassen?<br \/>\nA6: Wir akzeptieren TT-\/LC-\/Trade-Assurance-Zahlungen.<\/p>\n<p>F7: Was ist der Ladeanschluss?<br \/>\nA7: Normalerweise ist Shanghai, Qingdao. Wir k\u00f6nnen Waren an den vom Kunden benannten Hafen liefern.<\/p>\n<p>8. Wenn Sie weitere Fragen oder Zweifel an der Anpassung haben, klicken Sie bitte rechts auf \u201eJetzt chatten\u201c oder senden Sie uns eine E-Mail. Wir sind rund um die Uhr f\u00fcr Sie da.<\/p>\n<\/div>\n<\/div>\n<\/div>\n<\/div>\n<\/div>\n<\/div>\n<\/div>\n<\/div>\n<\/div>\n<\/div>","protected":false},"excerpt":{"rendered":"<p>Automatic High Speed Paper Counter Paper Counting Machine Features: There are 2 operation modes: 1. Counting mode: Under this mode, machine count the paper stack, no tab insert 2. Batch counting mode: Under this mode, machine can count certain nos sheets with tab insert. Small machine size, counting speed is 1000 sheets per min, the [&hellip;]<\/p>","protected":false},"featured_media":1364,"template":"","meta":{"site-sidebar-layout":"default","site-content-layout":"default","ast-site-content-layout":"default","site-content-style":"default","site-sidebar-style":"default","ast-global-header-display":"","ast-banner-title-visibility":"","ast-main-header-display":"","ast-hfb-above-header-display":"","ast-hfb-below-header-display":"","ast-hfb-mobile-header-display":"","site-post-title":"","ast-breadcrumbs-content":"","ast-featured-img":"","footer-sml-layout":"","theme-transparent-header-meta":"default","adv-header-id-meta":"","stick-header-meta":"","header-above-stick-meta":"","header-main-stick-meta":"","header-below-stick-meta":"","astra-migrate-meta-layouts":"default","ast-page-background-enabled":"default","ast-page-background-meta":{"desktop":{"background-color":"","background-image":"","background-repeat":"repeat","background-position":"center center","background-size":"auto","background-attachment":"scroll","background-type":"","background-media":"","overlay-type":"","overlay-color":"","overlay-opacity":"","overlay-gradient":""},"tablet":{"background-color":"","background-image":"","background-repeat":"repeat","background-position":"center center","background-size":"auto","background-attachment":"scroll","background-type":"","background-media":"","overlay-type":"","overlay-color":"","overlay-opacity":"","overlay-gradient":""},"mobile":{"background-color":"","background-image":"","background-repeat":"repeat","background-position":"center center","background-size":"auto","background-attachment":"scroll","background-type":"","background-media":"","overlay-type":"","overlay-color":"","overlay-opacity":"","overlay-gradient":""}},"ast-content-background-meta":{"desktop":{"background-color":"var(--ast-global-color-5)","background-image":"","background-repeat":"repeat","background-position":"center center","background-size":"auto","background-attachment":"scroll","background-type":"","background-media":"","overlay-type":"","overlay-color":"","overlay-opacity":"","overlay-gradient":""},"tablet":{"background-color":"var(--ast-global-color-5)","background-image":"","background-repeat":"repeat","background-position":"center center","background-size":"auto","background-attachment":"scroll","background-type":"","background-media":"","overlay-type":"","overlay-color":"","overlay-opacity":"","overlay-gradient":""},"mobile":{"background-color":"var(--ast-global-color-5)","background-image":"","background-repeat":"repeat","background-position":"center center","background-size":"auto","background-attachment":"scroll","background-type":"","background-media":"","overlay-type":"","overlay-color":"","overlay-opacity":"","overlay-gradient":""}}},"product_brand":[],"product_cat":[49],"product_tag":[],"class_list":{"0":"post-1357","1":"product","2":"type-product","3":"status-publish","4":"has-post-thumbnail","6":"product_cat-counting-machine","7":"desktop-align-center","8":"tablet-align-left","9":"mobile-align-left","11":"first","12":"instock","13":"shipping-taxable","14":"product-type-simple"},"_links":{"self":[{"href":"https:\/\/estarmachinery.com\/de\/wp-json\/wp\/v2\/product\/1357","targetHints":{"allow":["GET"]}}],"collection":[{"href":"https:\/\/estarmachinery.com\/de\/wp-json\/wp\/v2\/product"}],"about":[{"href":"https:\/\/estarmachinery.com\/de\/wp-json\/wp\/v2\/types\/product"}],"wp:featuredmedia":[{"embeddable":true,"href":"https:\/\/estarmachinery.com\/de\/wp-json\/wp\/v2\/media\/1364"}],"wp:attachment":[{"href":"https:\/\/estarmachinery.com\/de\/wp-json\/wp\/v2\/media?parent=1357"}],"wp:term":[{"taxonomy":"product_brand","embeddable":true,"href":"https:\/\/estarmachinery.com\/de\/wp-json\/wp\/v2\/product_brand?post=1357"},{"taxonomy":"product_cat","embeddable":true,"href":"https:\/\/estarmachinery.com\/de\/wp-json\/wp\/v2\/product_cat?post=1357"},{"taxonomy":"product_tag","embeddable":true,"href":"https:\/\/estarmachinery.com\/de\/wp-json\/wp\/v2\/product_tag?post=1357"}],"curies":[{"name":"wp","href":"https:\/\/api.w.org\/{rel}","templated":true}]}}