{"id":585,"date":"2023-06-18T17:31:30","date_gmt":"2023-06-18T17:31:30","guid":{"rendered":"https:\/\/estarmachinery.com\/?post_type=product&#038;p=585"},"modified":"2023-07-13T08:52:15","modified_gmt":"2023-07-13T08:52:15","slug":"es-8800-8801-round-corner-cutter-quotation-sheet","status":"publish","type":"product","link":"https:\/\/estarmachinery.com\/de\/produkt\/es-8800-8801-round-corner-cutter-quotation-sheet\/","title":{"rendered":"ES-8800 8801 Rundeckenschneider Angebotsblatt"},"content":{"rendered":"<p>&nbsp;<\/p>\n<table>\n<tbody>\n<tr>\n<td style=\"text-align: center;\" colspan=\"3\" width=\"1486\"><strong>Runder Eckenschneider \u00a0<\/strong><\/td>\n<\/tr>\n<tr>\n<td colspan=\"2\" width=\"743\"><strong>ES<\/strong><strong>&#8211;<\/strong><strong>RC8800 <\/strong>Manueller runder Eckenschneider<\/td>\n<td width=\"743\"><strong>ES<\/strong><strong>&#8211;<\/strong><strong>RC8801 <\/strong>Elektrischer Rund-Eckenschneider<\/td>\n<\/tr>\n<tr>\n<td colspan=\"3\" width=\"1486\">Wir danken Ihnen sehr f\u00fcr Ihr Interesse an unserem manuellen Rundeckenschneider. Auf der Grundlage unserer Allgemeinen Verkaufsbedingungen unterbreiten wir Ihnen gerne folgende Angebote:<\/p>\n<p><strong><b>Spezifikation:<\/b><\/strong><\/td>\n<\/tr>\n<tr>\n<td width=\"559\">Modell<\/td>\n<td colspan=\"2\" width=\"926\"><strong>ES<\/strong><strong>&#8211;<\/strong><strong>RC8800 \u00a0<\/strong>Manueller runder Eckenschneider<\/td>\n<\/tr>\n<tr>\n<td width=\"559\">Max. Schnittst\u00e4rke<\/td>\n<td colspan=\"2\" width=\"926\">30mm<\/td>\n<\/tr>\n<tr>\n<td width=\"559\">Maschinendimension<\/td>\n<td colspan=\"2\" width=\"926\">320x220x230mm<\/td>\n<\/tr>\n<tr>\n<td width=\"559\">Maschinengewicht<\/td>\n<td colspan=\"2\" width=\"926\">7,5 kg<\/td>\n<\/tr>\n<tr>\n<td colspan=\"3\" width=\"1486\"><strong><b>Merkmale:<\/b><\/strong><\/p>\n<p>Es wird zum Schneiden runder Ecken f\u00fcr Zertifikate, Karten, Sparb\u00fccher, Filme und B\u00fccher verwendet.<\/td>\n<\/tr>\n<\/tbody>\n<\/table>\n<p>&nbsp;<\/p>\n<p>&nbsp;<\/p>\n<table>\n<tbody>\n<tr>\n<td width=\"559\">Modell<\/td>\n<td width=\"926\"><strong>ES<\/strong><strong>&#8211;<\/strong><strong>RC8801 <\/strong>Elektrischer Rund-Eckenschneider<\/td>\n<\/tr>\n<tr>\n<td width=\"559\">Max. Winkel<\/td>\n<td width=\"926\">R10<\/td>\n<\/tr>\n<tr>\n<td width=\"559\">Min.Winkel<\/td>\n<td width=\"926\">R3<\/td>\n<\/tr>\n<tr>\n<td width=\"559\">Max. Schnitth\u00f6he<\/td>\n<td width=\"926\">70mm<\/td>\n<\/tr>\n<tr>\n<td width=\"559\">Arbeitsfrequenz<\/td>\n<td width=\"926\">60 Mal\/Min<\/td>\n<\/tr>\n<tr>\n<td width=\"559\">Stromversorgung<\/td>\n<td width=\"926\">220V\/180W<\/td>\n<\/tr>\n<tr>\n<td width=\"559\">Packungsgr\u00f6\u00dfe<\/td>\n<td width=\"926\">450*340*660mm<\/td>\n<\/tr>\n<tr>\n<td width=\"559\">Maschinengewicht<\/td>\n<td width=\"926\">45 kg<\/td>\n<\/tr>\n<tr>\n<td colspan=\"2\" width=\"1486\"><strong><b>Merkmale:<\/b><\/strong><\/p>\n<p>1. Es gibt sieben Messer von R3, R4, R5, R6, R8, R9, R10<\/p>\n<p>2. Elektrischer Fu\u00dfschalter, einfache Bedienung, arbeitssparend, hohe Effizienz.<\/p>\n<p>3. Hinzuf\u00fcgung der Messerpositionsplatine, des Tippschalters, einer neuen Schutzabdeckung und einer erh\u00f6hten Plattform.<\/p>\n<p>4. Diese Maschine ist die beste Wahl in der heimischen Industrie zum Schneiden runder Ecken.<\/p>\n<p>5. Es wird f\u00fcr Visitenkarten, Handetiketten, Notizb\u00fccher, Kunststofffolien, PVC, Dichtetafeln usw. verwendet.<\/td>\n<\/tr>\n<\/tbody>\n<\/table>\n<p>&nbsp;<\/p>","protected":false},"excerpt":{"rendered":"<p>&nbsp; Round-Corner Cutter \u00a0 ES&#8211;RC8800 Manual Round-Corner Cutter ES&#8211;RC8801 Electric\u00a0Round-Corner Cutter We are highly thankful to you for your interested in our\u00a0Manual Round-Corner Cutter.\u00a0On the basis of our general terms and conditions of sale, we have pleasure to quote you as followings: Specification: Model ES&#8211;RC8800 \u00a0Manual Round-Corner Cutter Max. Cutting thickness 30mm Machine Dimension 320x220x230mm [&hellip;]<\/p>","protected":false},"featured_media":587,"template":"","meta":{"site-sidebar-layout":"default","site-content-layout":"default","ast-site-content-layout":"default","site-content-style":"default","site-sidebar-style":"default","ast-global-header-display":"","ast-banner-title-visibility":"","ast-main-header-display":"","ast-hfb-above-header-display":"","ast-hfb-below-header-display":"","ast-hfb-mobile-header-display":"","site-post-title":"","ast-breadcrumbs-content":"","ast-featured-img":"","footer-sml-layout":"","ast-disable-related-posts":"","theme-transparent-header-meta":"default","adv-header-id-meta":"","stick-header-meta":"","header-above-stick-meta":"","header-main-stick-meta":"","header-below-stick-meta":"","astra-migrate-meta-layouts":"default","ast-page-background-enabled":"default","ast-page-background-meta":{"desktop":{"background-color":"","background-image":"","background-repeat":"repeat","background-position":"center center","background-size":"auto","background-attachment":"scroll","background-type":"","background-media":"","overlay-type":"","overlay-color":"","overlay-opacity":"","overlay-gradient":""},"tablet":{"background-color":"","background-image":"","background-repeat":"repeat","background-position":"center center","background-size":"auto","background-attachment":"scroll","background-type":"","background-media":"","overlay-type":"","overlay-color":"","overlay-opacity":"","overlay-gradient":""},"mobile":{"background-color":"","background-image":"","background-repeat":"repeat","background-position":"center center","background-size":"auto","background-attachment":"scroll","background-type":"","background-media":"","overlay-type":"","overlay-color":"","overlay-opacity":"","overlay-gradient":""}},"ast-content-background-meta":{"desktop":{"background-color":"var(--ast-global-color-5)","background-image":"","background-repeat":"repeat","background-position":"center center","background-size":"auto","background-attachment":"scroll","background-type":"","background-media":"","overlay-type":"","overlay-color":"","overlay-opacity":"","overlay-gradient":""},"tablet":{"background-color":"var(--ast-global-color-5)","background-image":"","background-repeat":"repeat","background-position":"center center","background-size":"auto","background-attachment":"scroll","background-type":"","background-media":"","overlay-type":"","overlay-color":"","overlay-opacity":"","overlay-gradient":""},"mobile":{"background-color":"var(--ast-global-color-5)","background-image":"","background-repeat":"repeat","background-position":"center center","background-size":"auto","background-attachment":"scroll","background-type":"","background-media":"","overlay-type":"","overlay-color":"","overlay-opacity":"","overlay-gradient":""}}},"product_brand":[],"product_cat":[45,60],"product_tag":[],"class_list":{"0":"post-585","1":"product","2":"type-product","3":"status-publish","4":"has-post-thumbnail","6":"product_cat-cutting-machine","7":"product_cat-hot-machine","8":"desktop-align-center","9":"tablet-align-left","10":"mobile-align-left","12":"first","13":"instock","14":"shipping-taxable","15":"product-type-simple"},"_links":{"self":[{"href":"https:\/\/estarmachinery.com\/de\/wp-json\/wp\/v2\/product\/585","targetHints":{"allow":["GET"]}}],"collection":[{"href":"https:\/\/estarmachinery.com\/de\/wp-json\/wp\/v2\/product"}],"about":[{"href":"https:\/\/estarmachinery.com\/de\/wp-json\/wp\/v2\/types\/product"}],"wp:featuredmedia":[{"embeddable":true,"href":"https:\/\/estarmachinery.com\/de\/wp-json\/wp\/v2\/media\/587"}],"wp:attachment":[{"href":"https:\/\/estarmachinery.com\/de\/wp-json\/wp\/v2\/media?parent=585"}],"wp:term":[{"taxonomy":"product_brand","embeddable":true,"href":"https:\/\/estarmachinery.com\/de\/wp-json\/wp\/v2\/product_brand?post=585"},{"taxonomy":"product_cat","embeddable":true,"href":"https:\/\/estarmachinery.com\/de\/wp-json\/wp\/v2\/product_cat?post=585"},{"taxonomy":"product_tag","embeddable":true,"href":"https:\/\/estarmachinery.com\/de\/wp-json\/wp\/v2\/product_tag?post=585"}],"curies":[{"name":"wp","href":"https:\/\/api.w.org\/{rel}","templated":true}]}}