{"id":597,"date":"2023-06-18T17:38:02","date_gmt":"2023-06-18T17:38:02","guid":{"rendered":"https:\/\/estarmachinery.com\/?post_type=product&#038;p=597"},"modified":"2023-07-07T03:50:16","modified_gmt":"2023-07-07T03:50:16","slug":"es-jd8200a-paper-binding-folding-machine","status":"publish","type":"product","link":"https:\/\/estarmachinery.com\/de\/produkt\/es-jd8200a-paper-binding-folding-machine\/","title":{"rendered":"ES-JD8200A Papierbinde- und Faltmaschine"},"content":{"rendered":"<p style=\"text-align: center;\"><strong><b>Papier <\/b><\/strong><strong><b>Binden und Falten<\/b><\/strong><strong><b>\u00a0Maschine<\/b><\/strong><\/p>\n<p><img fetchpriority=\"high\" decoding=\"async\" class=\"alignnone size-medium wp-image-602 alignright\" src=\"https:\/\/estarmachinery.com\/wp-content\/uploads\/2023\/06\/\u4e3b\u56fe5-300x300.jpg\" alt=\"Paper Binding &amp; Folding Machine\" width=\"300\" height=\"300\" srcset=\"https:\/\/estarmachinery.com\/wp-content\/uploads\/2023\/06\/\u4e3b\u56fe5-300x300.jpg 300w, https:\/\/estarmachinery.com\/wp-content\/uploads\/2023\/06\/\u4e3b\u56fe5-150x150.jpg 150w, https:\/\/estarmachinery.com\/wp-content\/uploads\/2023\/06\/\u4e3b\u56fe5-768x768.jpg 768w, https:\/\/estarmachinery.com\/wp-content\/uploads\/2023\/06\/\u4e3b\u56fe5-600x600.jpg 600w, https:\/\/estarmachinery.com\/wp-content\/uploads\/2023\/06\/\u4e3b\u56fe5-100x100.jpg 100w, https:\/\/estarmachinery.com\/wp-content\/uploads\/2023\/06\/\u4e3b\u56fe5.jpg 800w\" sizes=\"(max-width: 300px) 100vw, 300px\" \/> <img decoding=\"async\" class=\"alignnone size-medium wp-image-601 alignright\" src=\"https:\/\/estarmachinery.com\/wp-content\/uploads\/2023\/06\/\u4e3b\u56fe4-300x300.jpg\" alt=\"Paper Binding &amp; Folding Machine\" width=\"300\" height=\"300\" srcset=\"https:\/\/estarmachinery.com\/wp-content\/uploads\/2023\/06\/\u4e3b\u56fe4-300x300.jpg 300w, https:\/\/estarmachinery.com\/wp-content\/uploads\/2023\/06\/\u4e3b\u56fe4-150x150.jpg 150w, https:\/\/estarmachinery.com\/wp-content\/uploads\/2023\/06\/\u4e3b\u56fe4-768x768.jpg 768w, https:\/\/estarmachinery.com\/wp-content\/uploads\/2023\/06\/\u4e3b\u56fe4-600x600.jpg 600w, https:\/\/estarmachinery.com\/wp-content\/uploads\/2023\/06\/\u4e3b\u56fe4-100x100.jpg 100w, https:\/\/estarmachinery.com\/wp-content\/uploads\/2023\/06\/\u4e3b\u56fe4.jpg 800w\" sizes=\"(max-width: 300px) 100vw, 300px\" \/> <img decoding=\"async\" class=\"alignnone size-medium wp-image-600 alignright\" src=\"https:\/\/estarmachinery.com\/wp-content\/uploads\/2023\/06\/\u4e3b\u56fe3-300x300.jpg\" alt=\"Paper Binding &amp; Folding Machine\" width=\"300\" height=\"300\" srcset=\"https:\/\/estarmachinery.com\/wp-content\/uploads\/2023\/06\/\u4e3b\u56fe3-300x300.jpg 300w, https:\/\/estarmachinery.com\/wp-content\/uploads\/2023\/06\/\u4e3b\u56fe3-150x150.jpg 150w, https:\/\/estarmachinery.com\/wp-content\/uploads\/2023\/06\/\u4e3b\u56fe3-768x768.jpg 768w, https:\/\/estarmachinery.com\/wp-content\/uploads\/2023\/06\/\u4e3b\u56fe3-600x600.jpg 600w, https:\/\/estarmachinery.com\/wp-content\/uploads\/2023\/06\/\u4e3b\u56fe3-100x100.jpg 100w, https:\/\/estarmachinery.com\/wp-content\/uploads\/2023\/06\/\u4e3b\u56fe3.jpg 800w\" sizes=\"(max-width: 300px) 100vw, 300px\" \/><\/p>\n<p>&nbsp;<\/p>\n<p>&nbsp;<\/p>\n<p>&nbsp;<\/p>\n<p>&nbsp;<\/p>\n<p>&nbsp;<\/p>\n<p>&nbsp;<\/p>\n<p>&nbsp;<\/p>\n<p>Wir danken Ihnen sehr f\u00fcr Ihr Interesse an unserer Papierbinde- und Falzmaschine. Auf der Grundlage unserer Allgemeinen Verkaufsbedingungen unterbreiten wir Ihnen gerne folgende Angebote:<\/p>\n<table>\n<tbody>\n<tr>\n<td colspan=\"2\" width=\"1486\"><strong>Spezifikation:<\/strong><\/td>\n<\/tr>\n<tr>\n<td width=\"559\">Modell<\/td>\n<td width=\"926\"><strong><b>ES-BF8200A<\/b><\/strong><\/td>\n<\/tr>\n<tr>\n<td width=\"559\">Max. Papier gr\u00f6\u00dfe<\/td>\n<td width=\"926\">315*435mm<\/td>\n<\/tr>\n<tr>\n<td width=\"559\">Mindest. Papier gr\u00f6\u00dfe<\/td>\n<td width=\"926\">148*210mm<\/td>\n<\/tr>\n<tr>\n<td width=\"559\">Max. Bindungskapazit\u00e4t (Seitenbindung)<\/td>\n<td width=\"926\">20 Blatt \u00e0 80 g\/m\u00b2<\/td>\n<\/tr>\n<tr>\n<td width=\"559\">Max. Faltkapazit\u00e4t<\/td>\n<td width=\"926\">17 Blatt \u00e0 80 g\/m\u00b2<\/td>\n<\/tr>\n<tr>\n<td width=\"559\">Geschwindigkeit<\/td>\n<td width=\"926\">300 B\u00fccher\/Stunde<\/td>\n<\/tr>\n<tr>\n<td width=\"559\">Stromversorgung<\/td>\n<td width=\"926\">AC220V\/50Hz\/0,5A 60W<\/td>\n<\/tr>\n<tr>\n<td width=\"559\">Maschinendimension<\/td>\n<td width=\"926\">560x460x210mm<\/td>\n<\/tr>\n<tr>\n<td width=\"559\">Maschinengewicht<\/td>\n<td width=\"926\">20 kg<\/td>\n<\/tr>\n<tr>\n<td colspan=\"2\" width=\"1486\">Brosch\u00fcrenerstellungsmaschine, Brosch\u00fcrenerstellung, Ausr\u00fcstung zur Brosch\u00fcrenherstellung.<\/p>\n<p>Modisches Design, intelligentes Aussehen, einfache Bedienung, hohe Balance zwischen Qualit\u00e4t und Kosten. Dies ist die perfekte Wahl f\u00fcr den Einsatz in B\u00fcros, Schulen und anderen Bildungseinrichtungen, Schnelldruck- und Verlagsgesch\u00e4ften sowie Regierungsbeh\u00f6rden.<\/td>\n<\/tr>\n<\/tbody>\n<\/table>","protected":false},"excerpt":{"rendered":"<p>Paper Binding &amp; Folding\u00a0Machine &nbsp; &nbsp; &nbsp; &nbsp; &nbsp; &nbsp; &nbsp; We are highly thankful to you for your interested in our\u00a0paper binding &amp; folding machine. On the basis of our general terms and conditions of sale, we have pleasure to quote you as followings: Specification: Model ES-BF8200A Max. paper size 315*435mm Min. paper size [&hellip;]<\/p>","protected":false},"featured_media":605,"template":"","meta":{"site-sidebar-layout":"default","site-content-layout":"default","ast-site-content-layout":"default","site-content-style":"default","site-sidebar-style":"default","ast-global-header-display":"","ast-banner-title-visibility":"","ast-main-header-display":"","ast-hfb-above-header-display":"","ast-hfb-below-header-display":"","ast-hfb-mobile-header-display":"","site-post-title":"","ast-breadcrumbs-content":"","ast-featured-img":"","footer-sml-layout":"","ast-disable-related-posts":"","theme-transparent-header-meta":"default","adv-header-id-meta":"","stick-header-meta":"","header-above-stick-meta":"","header-main-stick-meta":"","header-below-stick-meta":"","astra-migrate-meta-layouts":"default","ast-page-background-enabled":"default","ast-page-background-meta":{"desktop":{"background-color":"","background-image":"","background-repeat":"repeat","background-position":"center center","background-size":"auto","background-attachment":"scroll","background-type":"","background-media":"","overlay-type":"","overlay-color":"","overlay-opacity":"","overlay-gradient":""},"tablet":{"background-color":"","background-image":"","background-repeat":"repeat","background-position":"center center","background-size":"auto","background-attachment":"scroll","background-type":"","background-media":"","overlay-type":"","overlay-color":"","overlay-opacity":"","overlay-gradient":""},"mobile":{"background-color":"","background-image":"","background-repeat":"repeat","background-position":"center center","background-size":"auto","background-attachment":"scroll","background-type":"","background-media":"","overlay-type":"","overlay-color":"","overlay-opacity":"","overlay-gradient":""}},"ast-content-background-meta":{"desktop":{"background-color":"var(--ast-global-color-5)","background-image":"","background-repeat":"repeat","background-position":"center center","background-size":"auto","background-attachment":"scroll","background-type":"","background-media":"","overlay-type":"","overlay-color":"","overlay-opacity":"","overlay-gradient":""},"tablet":{"background-color":"var(--ast-global-color-5)","background-image":"","background-repeat":"repeat","background-position":"center center","background-size":"auto","background-attachment":"scroll","background-type":"","background-media":"","overlay-type":"","overlay-color":"","overlay-opacity":"","overlay-gradient":""},"mobile":{"background-color":"var(--ast-global-color-5)","background-image":"","background-repeat":"repeat","background-position":"center center","background-size":"auto","background-attachment":"scroll","background-type":"","background-media":"","overlay-type":"","overlay-color":"","overlay-opacity":"","overlay-gradient":""}}},"product_brand":[],"product_cat":[54],"product_tag":[],"class_list":{"0":"post-597","1":"product","2":"type-product","3":"status-publish","4":"has-post-thumbnail","6":"product_cat-stitching-machine","7":"desktop-align-center","8":"tablet-align-left","9":"mobile-align-left","11":"first","12":"instock","13":"shipping-taxable","14":"product-type-simple"},"_links":{"self":[{"href":"https:\/\/estarmachinery.com\/de\/wp-json\/wp\/v2\/product\/597","targetHints":{"allow":["GET"]}}],"collection":[{"href":"https:\/\/estarmachinery.com\/de\/wp-json\/wp\/v2\/product"}],"about":[{"href":"https:\/\/estarmachinery.com\/de\/wp-json\/wp\/v2\/types\/product"}],"wp:featuredmedia":[{"embeddable":true,"href":"https:\/\/estarmachinery.com\/de\/wp-json\/wp\/v2\/media\/605"}],"wp:attachment":[{"href":"https:\/\/estarmachinery.com\/de\/wp-json\/wp\/v2\/media?parent=597"}],"wp:term":[{"taxonomy":"product_brand","embeddable":true,"href":"https:\/\/estarmachinery.com\/de\/wp-json\/wp\/v2\/product_brand?post=597"},{"taxonomy":"product_cat","embeddable":true,"href":"https:\/\/estarmachinery.com\/de\/wp-json\/wp\/v2\/product_cat?post=597"},{"taxonomy":"product_tag","embeddable":true,"href":"https:\/\/estarmachinery.com\/de\/wp-json\/wp\/v2\/product_tag?post=597"}],"curies":[{"name":"wp","href":"https:\/\/api.w.org\/{rel}","templated":true}]}}