{"id":625,"date":"2023-06-18T17:56:44","date_gmt":"2023-06-18T17:56:44","guid":{"rendered":"https:\/\/estarmachinery.com\/?post_type=product&#038;p=625"},"modified":"2023-07-13T08:53:26","modified_gmt":"2023-07-13T08:53:26","slug":"625","status":"publish","type":"product","link":"https:\/\/estarmachinery.com\/de\/produkt\/625\/","title":{"rendered":"Laminierfolie"},"content":{"rendered":"<p><strong>EINF\u00dcHRUNG:<\/strong><\/p>\n<p>Ungiftig, schadstofffrei, hohe Transparenz und Glanz, geringe statische Aufladung, Verschlei\u00dffestigkeit, lange Koronaalterung, wenige Defekte und gutes Abrei\u00dfen.<\/p>\n<p>Dieses Produkt wird haupts\u00e4chlich f\u00fcr die Zusammensetzung von Druck-, Beutel-, Klebeband- und anderen Grundmaterialien verwendet.<\/p>\n<p>Starke Pulverabsorption und kann nach dem Konkavieren oder Herausragen Blasen bilden und einen Film abl\u00f6sen.<\/p>\n<p>Die matte Laminierfolie eignet sich f\u00fcr die teilweise UV-Verglasung nach Folienlaminierung, Hei\u00dfpr\u00e4gung, Siebdruck und Mattierungsprozessen. Dieses Produkt ist einfach zu bedienen, sobald die Temperatur der Hei\u00dfwalze den Anforderungen entspricht. Die Folienlaminierung kann jederzeit und ohne Fachkenntnisse durchgef\u00fchrt werden.<\/p>\n<table>\n<tbody>\n<tr>\n<td>1<\/td>\n<td>Produktname<\/td>\n<td>Laminierfolie<\/td>\n<\/tr>\n<tr>\n<td>2<\/td>\n<td>Typ<\/td>\n<td>gl\u00e4nzend, matt, Soft-Touch, kratzfest, Digitalfolie<\/td>\n<\/tr>\n<tr>\n<td>3<\/td>\n<td>Anwendung<\/td>\n<td>Wird auf einer Laminiermaschine verwendet<\/td>\n<\/tr>\n<tr>\n<td>4<\/td>\n<td>Kern<\/td>\n<td>1 Zoll, 3 Zoll zur Auswahl<\/td>\n<\/tr>\n<tr>\n<td>5<\/td>\n<td>Dicke<\/td>\n<td>18 Mikrometer, 20 Mikrometer, 25 Mikrometer, 27 Mikrometer usw. Kundenspezifisch.<\/td>\n<\/tr>\n<tr>\n<td>6<\/td>\n<td>Filmbreite<\/td>\n<td>individuell angepasst<\/td>\n<\/tr>\n<tr>\n<td>7<\/td>\n<td>Filml\u00e4nge<\/td>\n<td>200-5000m, individuell<\/td>\n<\/tr>\n<tr>\n<td>8<\/td>\n<td>Herkunftsort<\/td>\n<td>CN<\/td>\n<\/tr>\n<tr>\n<td>9<\/td>\n<td>Material<\/td>\n<td>BOPP-PET<\/td>\n<\/tr>\n<tr>\n<td>10<\/td>\n<td>Probe<\/td>\n<td>Verf\u00fcgbar (kostenlose Probe)<\/td>\n<\/tr>\n<tr>\n<td>11<\/td>\n<td>H\u00e4rte<\/td>\n<td>weich<\/td>\n<\/tr>\n<\/tbody>\n<\/table>\n<p><img fetchpriority=\"high\" decoding=\"async\" class=\"aligncenter wp-image-630\" src=\"https:\/\/estarmachinery.com\/wp-content\/uploads\/2023\/06\/\u56fe\u72471.png\" alt=\"Lamination film\" width=\"1200\" height=\"519\" srcset=\"https:\/\/estarmachinery.com\/wp-content\/uploads\/2023\/06\/\u56fe\u72471.png 745w, https:\/\/estarmachinery.com\/wp-content\/uploads\/2023\/06\/\u56fe\u72471-300x130.png 300w, https:\/\/estarmachinery.com\/wp-content\/uploads\/2023\/06\/\u56fe\u72471-600x259.png 600w\" sizes=\"(max-width: 1200px) 100vw, 1200px\" \/><\/p>","protected":false},"excerpt":{"rendered":"<p>INTRODUCTION: Non-toxic,pollution-free,high transparency and gloss,low static,wear resistance,long ageing of corona,few defects and good tearing off. This product is mainly used for the composition of printing,bag making,adhesive tape production and other base materials. Strong powder absorption and can blister and film release after being concaved or protruded. Matte lamination film is suitable for partially UV glazing [&hellip;]<\/p>","protected":false},"featured_media":629,"template":"","meta":{"site-sidebar-layout":"default","site-content-layout":"default","ast-site-content-layout":"default","site-content-style":"default","site-sidebar-style":"default","ast-global-header-display":"","ast-banner-title-visibility":"","ast-main-header-display":"","ast-hfb-above-header-display":"","ast-hfb-below-header-display":"","ast-hfb-mobile-header-display":"","site-post-title":"","ast-breadcrumbs-content":"","ast-featured-img":"","footer-sml-layout":"","ast-disable-related-posts":"","theme-transparent-header-meta":"default","adv-header-id-meta":"","stick-header-meta":"","header-above-stick-meta":"","header-main-stick-meta":"","header-below-stick-meta":"","astra-migrate-meta-layouts":"default","ast-page-background-enabled":"default","ast-page-background-meta":{"desktop":{"background-color":"","background-image":"","background-repeat":"repeat","background-position":"center center","background-size":"auto","background-attachment":"scroll","background-type":"","background-media":"","overlay-type":"","overlay-color":"","overlay-opacity":"","overlay-gradient":""},"tablet":{"background-color":"","background-image":"","background-repeat":"repeat","background-position":"center center","background-size":"auto","background-attachment":"scroll","background-type":"","background-media":"","overlay-type":"","overlay-color":"","overlay-opacity":"","overlay-gradient":""},"mobile":{"background-color":"","background-image":"","background-repeat":"repeat","background-position":"center center","background-size":"auto","background-attachment":"scroll","background-type":"","background-media":"","overlay-type":"","overlay-color":"","overlay-opacity":"","overlay-gradient":""}},"ast-content-background-meta":{"desktop":{"background-color":"var(--ast-global-color-5)","background-image":"","background-repeat":"repeat","background-position":"center center","background-size":"auto","background-attachment":"scroll","background-type":"","background-media":"","overlay-type":"","overlay-color":"","overlay-opacity":"","overlay-gradient":""},"tablet":{"background-color":"var(--ast-global-color-5)","background-image":"","background-repeat":"repeat","background-position":"center center","background-size":"auto","background-attachment":"scroll","background-type":"","background-media":"","overlay-type":"","overlay-color":"","overlay-opacity":"","overlay-gradient":""},"mobile":{"background-color":"var(--ast-global-color-5)","background-image":"","background-repeat":"repeat","background-position":"center center","background-size":"auto","background-attachment":"scroll","background-type":"","background-media":"","overlay-type":"","overlay-color":"","overlay-opacity":"","overlay-gradient":""}}},"product_brand":[],"product_cat":[60,58],"product_tag":[],"class_list":{"0":"post-625","1":"product","2":"type-product","3":"status-publish","4":"has-post-thumbnail","6":"product_cat-hot-machine","7":"product_cat-raw-material","8":"desktop-align-center","9":"tablet-align-left","10":"mobile-align-left","12":"first","13":"instock","14":"shipping-taxable","15":"product-type-simple"},"_links":{"self":[{"href":"https:\/\/estarmachinery.com\/de\/wp-json\/wp\/v2\/product\/625","targetHints":{"allow":["GET"]}}],"collection":[{"href":"https:\/\/estarmachinery.com\/de\/wp-json\/wp\/v2\/product"}],"about":[{"href":"https:\/\/estarmachinery.com\/de\/wp-json\/wp\/v2\/types\/product"}],"wp:featuredmedia":[{"embeddable":true,"href":"https:\/\/estarmachinery.com\/de\/wp-json\/wp\/v2\/media\/629"}],"wp:attachment":[{"href":"https:\/\/estarmachinery.com\/de\/wp-json\/wp\/v2\/media?parent=625"}],"wp:term":[{"taxonomy":"product_brand","embeddable":true,"href":"https:\/\/estarmachinery.com\/de\/wp-json\/wp\/v2\/product_brand?post=625"},{"taxonomy":"product_cat","embeddable":true,"href":"https:\/\/estarmachinery.com\/de\/wp-json\/wp\/v2\/product_cat?post=625"},{"taxonomy":"product_tag","embeddable":true,"href":"https:\/\/estarmachinery.com\/de\/wp-json\/wp\/v2\/product_tag?post=625"}],"curies":[{"name":"wp","href":"https:\/\/api.w.org\/{rel}","templated":true}]}}