{"id":631,"date":"2023-06-18T18:00:32","date_gmt":"2023-06-18T18:00:32","guid":{"rendered":"https:\/\/estarmachinery.com\/?post_type=product&#038;p=631"},"modified":"2023-07-07T03:49:08","modified_gmt":"2023-07-07T03:49:08","slug":"automatic-tag-printer-machine","status":"publish","type":"product","link":"https:\/\/estarmachinery.com\/de\/produkt\/automatic-tag-printer-machine\/","title":{"rendered":"Automatische Etikettendruckermaschine"},"content":{"rendered":"<p style=\"text-align: center;\"><strong><b>Automatische Etikettendruckermaschine<\/b><\/strong><\/p>\n<p><img fetchpriority=\"high\" decoding=\"async\" class=\"alignnone wp-image-636 size-large\" src=\"https:\/\/estarmachinery.com\/wp-content\/uploads\/2023\/06\/\u5fae\u4fe1\u622a\u56fe_20230619015936-1024x284.png\" alt=\"Automatic tag printer machine\" width=\"1024\" height=\"284\" srcset=\"https:\/\/estarmachinery.com\/wp-content\/uploads\/2023\/06\/\u5fae\u4fe1\u622a\u56fe_20230619015936-1024x284.png 1024w, https:\/\/estarmachinery.com\/wp-content\/uploads\/2023\/06\/\u5fae\u4fe1\u622a\u56fe_20230619015936-300x83.png 300w, https:\/\/estarmachinery.com\/wp-content\/uploads\/2023\/06\/\u5fae\u4fe1\u622a\u56fe_20230619015936-768x213.png 768w, https:\/\/estarmachinery.com\/wp-content\/uploads\/2023\/06\/\u5fae\u4fe1\u622a\u56fe_20230619015936-600x167.png 600w, https:\/\/estarmachinery.com\/wp-content\/uploads\/2023\/06\/\u5fae\u4fe1\u622a\u56fe_20230619015936.png 1462w\" sizes=\"(max-width: 1024px) 100vw, 1024px\" \/><\/p>\n<p>Wir danken Ihnen sehr f\u00fcr Ihr Interesse an unserem Tag-Drucker. Auf der Grundlage unserer Allgemeinen Verkaufsbedingungen unterbreiten wir Ihnen gerne folgende Angebote:<\/p>\n<table>\n<tbody>\n<tr>\n<td colspan=\"2\" width=\"1486\"><strong>Spezifikation:<\/strong><\/td>\n<\/tr>\n<tr>\n<td width=\"559\">Modell<\/td>\n<td width=\"926\"><strong><b>ES-Y1<\/b><\/strong><\/td>\n<\/tr>\n<tr>\n<td width=\"559\">Definition<\/td>\n<td width=\"926\">12 Punkte\/Min. und 24 Punkte\/Min. (300 dpi und 600 dpi)<\/td>\n<\/tr>\n<tr>\n<td width=\"559\">Max. Druckgeschwindigkeit<\/td>\n<td width=\"926\">200 mm\/s<\/td>\n<\/tr>\n<tr>\n<td width=\"559\">Max. Druckbreite<\/td>\n<td width=\"926\">128mm<\/td>\n<\/tr>\n<tr>\n<td width=\"559\">Max. Druckl\u00e4nge<\/td>\n<td width=\"926\">2000min<\/td>\n<\/tr>\n<tr>\n<td width=\"559\">Farbbandkern<\/td>\n<td width=\"926\">1 Zoll<\/td>\n<\/tr>\n<tr>\n<td width=\"559\">Schleife<\/td>\n<td width=\"926\">300 m, max. Durchmesser 70 mm<\/td>\n<\/tr>\n<tr>\n<td width=\"559\">Bandbreite<\/td>\n<td width=\"926\">30~130mm<\/td>\n<\/tr>\n<tr>\n<td width=\"559\">Speicher<\/td>\n<td width=\"926\">8 MB Flash-ROM, 64 MB SDRAM<\/td>\n<\/tr>\n<tr>\n<td width=\"559\">Gewicht<\/td>\n<td width=\"926\">40kg<\/td>\n<\/tr>\n<tr>\n<td width=\"559\">Abmessungen<\/td>\n<td width=\"926\">400*500*360mm<\/td>\n<\/tr>\n<tr>\n<td width=\"559\">Kommunikationsinterface<\/td>\n<td width=\"926\">USB 2.0, serieller RS-232-Anschluss, Ethernet (Alternative)<\/td>\n<\/tr>\n<tr>\n<td width=\"559\">Stromversorgung<\/td>\n<td width=\"926\">Eingebautes umschriebenes Spannungswechsel-Netzteil, AC-Eingang AC100\u2013240 VAC, 3 A, 47\u201363 Hz, DC-Ausgang: DC24 V, 15 A, 300 W<\/td>\n<\/tr>\n<tr>\n<td width=\"559\">Sensor<\/td>\n<td width=\"926\">Automatische Reflexion, Durchdringung (Alternative)<\/td>\n<\/tr>\n<tr>\n<td width=\"559\">Datums-\/Uhrzeitgenerator<\/td>\n<td width=\"926\">Standard<\/td>\n<\/tr>\n<tr>\n<td width=\"559\">Papiertyp<\/td>\n<td width=\"926\">Einzelst\u00fcckdruck<\/td>\n<\/tr>\n<tr>\n<td width=\"559\">Tag-Breite<\/td>\n<td width=\"926\">25mm-120mm<\/td>\n<\/tr>\n<tr>\n<td width=\"559\">Etikettendicke<\/td>\n<td width=\"926\">200-800g<\/td>\n<\/tr>\n<tr>\n<td width=\"559\">Tag-L\u00e4nge<\/td>\n<td width=\"926\">50~2000mm (1,97&#039;&#039;-78,7&#039;&#039;)<\/td>\n<\/tr>\n<tr>\n<td width=\"559\">Lauff\u00e4higer Zustand<\/td>\n<td width=\"926\">0~40 Grad, 20%-85% Luftfeuchtigkeit<\/td>\n<\/tr>\n<tr>\n<td colspan=\"2\" width=\"1486\">Merkmale:<\/p>\n<p>Weit verbreitet in verschiedenen Bereichen, der Bekleidungsindustrie, der Elektronikindustrie, der Versorgungsindustrie, der Stahlindustrie usw. Diese Art von Barcode-Etikettendrucker eignet sich f\u00fcr den Druck vieler verschiedener Arten von Etikettensubstraten wie Papierklebeetiketten, synthetische Etiketten, H\u00e4ngeetiketten aus Pappe oder andere Freundliche Etikettenmaterialien (z. B. Satinband aus Textilgewebe, Nylontaft, Etikett zum Aufb\u00fcgeln, TPU-Pflegeetiketten usw.)<\/p>\n<p>Anz\u00fcge f\u00fcr kleine Produktmengen, k\u00f6nnen je nach Wunsch auf jede Gr\u00f6\u00dfe und jedes Design eingestellt werden.<br \/>\nmit hoher Druckgeschwindigkeit, z. B. 4 Zoll\/Sek., 6 Zoll\/Sek., 10 Zoll\/Sek., 14 Zoll\/Sek<br \/>\nGeeignet f\u00fcr den einfarbigen Monochromdruck (es k\u00f6nnen aber auch andere Farbb\u00e4nder verwendet werden)<\/td>\n<\/tr>\n<\/tbody>\n<\/table>","protected":false},"excerpt":{"rendered":"<p>Automatic tag printer machine We are highly thankful to you for your interested in our\u00a0tag printer machine. On the basis of our general terms and conditions of sale, we have pleasure to quote you as followings: Specification: Model ES-Y1 Definition 12 dots\/min and 24 dots\/min(300dpi and 600dpi) Max.print speed 200mm\/s Max.print width 128mm Max.print length [&hellip;]<\/p>","protected":false},"featured_media":633,"template":"","meta":{"site-sidebar-layout":"default","site-content-layout":"default","ast-site-content-layout":"default","site-content-style":"default","site-sidebar-style":"default","ast-global-header-display":"","ast-banner-title-visibility":"","ast-main-header-display":"","ast-hfb-above-header-display":"","ast-hfb-below-header-display":"","ast-hfb-mobile-header-display":"","site-post-title":"","ast-breadcrumbs-content":"","ast-featured-img":"","footer-sml-layout":"","ast-disable-related-posts":"","theme-transparent-header-meta":"default","adv-header-id-meta":"","stick-header-meta":"","header-above-stick-meta":"","header-main-stick-meta":"","header-below-stick-meta":"","astra-migrate-meta-layouts":"default","ast-page-background-enabled":"default","ast-page-background-meta":{"desktop":{"background-color":"","background-image":"","background-repeat":"repeat","background-position":"center center","background-size":"auto","background-attachment":"scroll","background-type":"","background-media":"","overlay-type":"","overlay-color":"","overlay-opacity":"","overlay-gradient":""},"tablet":{"background-color":"","background-image":"","background-repeat":"repeat","background-position":"center center","background-size":"auto","background-attachment":"scroll","background-type":"","background-media":"","overlay-type":"","overlay-color":"","overlay-opacity":"","overlay-gradient":""},"mobile":{"background-color":"","background-image":"","background-repeat":"repeat","background-position":"center center","background-size":"auto","background-attachment":"scroll","background-type":"","background-media":"","overlay-type":"","overlay-color":"","overlay-opacity":"","overlay-gradient":""}},"ast-content-background-meta":{"desktop":{"background-color":"var(--ast-global-color-5)","background-image":"","background-repeat":"repeat","background-position":"center center","background-size":"auto","background-attachment":"scroll","background-type":"","background-media":"","overlay-type":"","overlay-color":"","overlay-opacity":"","overlay-gradient":""},"tablet":{"background-color":"var(--ast-global-color-5)","background-image":"","background-repeat":"repeat","background-position":"center center","background-size":"auto","background-attachment":"scroll","background-type":"","background-media":"","overlay-type":"","overlay-color":"","overlay-opacity":"","overlay-gradient":""},"mobile":{"background-color":"var(--ast-global-color-5)","background-image":"","background-repeat":"repeat","background-position":"center center","background-size":"auto","background-attachment":"scroll","background-type":"","background-media":"","overlay-type":"","overlay-color":"","overlay-opacity":"","overlay-gradient":""}}},"product_brand":[],"product_cat":[51],"product_tag":[],"class_list":{"0":"post-631","1":"product","2":"type-product","3":"status-publish","4":"has-post-thumbnail","6":"product_cat-printing-machine","7":"desktop-align-center","8":"tablet-align-left","9":"mobile-align-left","11":"first","12":"instock","13":"shipping-taxable","14":"product-type-simple"},"_links":{"self":[{"href":"https:\/\/estarmachinery.com\/de\/wp-json\/wp\/v2\/product\/631","targetHints":{"allow":["GET"]}}],"collection":[{"href":"https:\/\/estarmachinery.com\/de\/wp-json\/wp\/v2\/product"}],"about":[{"href":"https:\/\/estarmachinery.com\/de\/wp-json\/wp\/v2\/types\/product"}],"wp:featuredmedia":[{"embeddable":true,"href":"https:\/\/estarmachinery.com\/de\/wp-json\/wp\/v2\/media\/633"}],"wp:attachment":[{"href":"https:\/\/estarmachinery.com\/de\/wp-json\/wp\/v2\/media?parent=631"}],"wp:term":[{"taxonomy":"product_brand","embeddable":true,"href":"https:\/\/estarmachinery.com\/de\/wp-json\/wp\/v2\/product_brand?post=631"},{"taxonomy":"product_cat","embeddable":true,"href":"https:\/\/estarmachinery.com\/de\/wp-json\/wp\/v2\/product_cat?post=631"},{"taxonomy":"product_tag","embeddable":true,"href":"https:\/\/estarmachinery.com\/de\/wp-json\/wp\/v2\/product_tag?post=631"}],"curies":[{"name":"wp","href":"https:\/\/api.w.org\/{rel}","templated":true}]}}