{"id":637,"date":"2023-06-19T00:37:00","date_gmt":"2023-06-19T00:37:00","guid":{"rendered":"https:\/\/estarmachinery.com\/?post_type=product&#038;p=637"},"modified":"2023-07-07T03:48:41","modified_gmt":"2023-07-07T03:48:41","slug":"automatic-wire-booklet-maker","status":"publish","type":"product","link":"https:\/\/estarmachinery.com\/de\/produkt\/automatic-wire-booklet-maker\/","title":{"rendered":"Automatischer Drahtbrosch\u00fcrenhersteller"},"content":{"rendered":"<p style=\"text-align: center;\"><strong><b>Automatischer Drahtbrosch\u00fcrenhersteller\u00a0<\/b><\/strong><\/p>\n<p><img fetchpriority=\"high\" decoding=\"async\" class=\"size-medium wp-image-641 aligncenter\" src=\"https:\/\/estarmachinery.com\/wp-content\/uploads\/2023\/06\/ES-BF1710Z-auotmatic-wire-book-make-300x225.jpg\" alt=\"ES-BF1710Z\" width=\"300\" height=\"225\" srcset=\"https:\/\/estarmachinery.com\/wp-content\/uploads\/2023\/06\/ES-BF1710Z-auotmatic-wire-book-make-300x225.jpg 300w, https:\/\/estarmachinery.com\/wp-content\/uploads\/2023\/06\/ES-BF1710Z-auotmatic-wire-book-make-1024x768.jpg 1024w, https:\/\/estarmachinery.com\/wp-content\/uploads\/2023\/06\/ES-BF1710Z-auotmatic-wire-book-make-768x576.jpg 768w, https:\/\/estarmachinery.com\/wp-content\/uploads\/2023\/06\/ES-BF1710Z-auotmatic-wire-book-make-600x450.jpg 600w, https:\/\/estarmachinery.com\/wp-content\/uploads\/2023\/06\/ES-BF1710Z-auotmatic-wire-book-make.jpg 1440w\" sizes=\"(max-width: 300px) 100vw, 300px\" \/><\/p>\n<p>Wir danken Ihnen sehr f\u00fcr Ihr Interesse an unserer Automatik<strong>\u00a0<\/strong>Drahtbrosch\u00fcrenhersteller. Auf der Grundlage unserer Allgemeinen Verkaufsbedingungen unterbreiten wir Ihnen gerne folgende Angebote:<\/p>\n<table>\n<tbody>\n<tr>\n<td colspan=\"2\" width=\"1486\"><strong><b>Spezifikation:<\/b><\/strong><\/td>\n<\/tr>\n<tr>\n<td width=\"559\">Modell<\/td>\n<td width=\"926\"><strong>ES<\/strong><strong>&#8211;<\/strong><strong>BF1710Z \u00a0<\/strong>Automatisch<strong>\u00a0<\/strong>Drahtbrosch\u00fcrenhersteller<\/td>\n<\/tr>\n<tr>\n<td width=\"559\">Max. Papiergr\u00f6\u00dfe<\/td>\n<td width=\"926\">330*480mm<\/td>\n<\/tr>\n<tr>\n<td width=\"559\">Min. Papierformat<\/td>\n<td width=\"926\">148*210mm<\/td>\n<\/tr>\n<tr>\n<td width=\"559\">Bindungsst\u00e4rke<\/td>\n<td width=\"926\">2\u201325 Blatt (70 g\/m\u00b2) zum Satteln, 2,6 mm, zum Verkaufen<\/td>\n<\/tr>\n<tr>\n<td width=\"559\">Arbeitsgeschwindigkeit<\/td>\n<td width=\"926\">2000 B\u00fccher\/Stunde<\/td>\n<\/tr>\n<tr>\n<td width=\"559\">Stromversorgung<\/td>\n<td width=\"926\">220V\/50Hz\/300W<\/td>\n<\/tr>\n<tr>\n<td width=\"559\">Bedienoberfl\u00e4che<\/td>\n<td width=\"926\">Touch-Screen<\/td>\n<\/tr>\n<tr>\n<td width=\"559\">Maschinenkonfiguration<\/td>\n<td width=\"926\">Hohner-Schnatzk\u00f6pfe (seitlicher Jog + unterer Schrank)<\/td>\n<\/tr>\n<tr>\n<td width=\"559\">Maschinendimension<\/td>\n<td width=\"926\">950x700x1150mm<\/td>\n<\/tr>\n<tr>\n<td width=\"559\">Maschinengewicht<\/td>\n<td width=\"926\">169 kg<\/td>\n<\/tr>\n<tr>\n<td colspan=\"2\" width=\"1486\"><strong><b>Merkmale:<\/b><\/strong><\/p>\n<p>1. Automatische Positionsanpassung, Ein-Klick-Schalter f\u00fcr A3, A4, A5, jede beliebige Gr\u00f6\u00dfe kann eingegeben werden.<\/p>\n<p>2. Es werden drei Motoren verwendet. Das N\u00e4hen, Falten und Getriebe werden von unabh\u00e4ngigen Motoren gesteuert und sorgen f\u00fcr eine stabile und dauerhafte Leistung.<\/p>\n<p>3. Binden und Falten in einem kompletten Vorgang, was Arbeit und Zeit spart.<\/p>\n<p>4. Die Drahtbindung ist wirtschaftlich und praktisch und wartungsfreundlich.<\/p>\n<p>5. Sattelbindung\/Seitenbindung, einfache Modusumstellung.<\/td>\n<\/tr>\n<\/tbody>\n<\/table>","protected":false},"excerpt":{"rendered":"<p>Automatic Wire Booklet Maker\u00a0 We are highly thankful to you for your interested in our\u00a0automatic\u00a0Wire booklet maker.\u00a0On the basis of our general terms and conditions of sale, we have pleasure to quote you as followings: Specification: Model ES&#8211;BF1710Z \u00a0Automatic\u00a0Wire booklet maker Max.Paper size 330*480mm Min.Paper Size 148*210mm Binding thickness 2-25sheets(70gsm)for saddle snitching 2.6mm for sale [&hellip;]<\/p>","protected":false},"featured_media":640,"template":"","meta":{"site-sidebar-layout":"default","site-content-layout":"default","ast-site-content-layout":"default","site-content-style":"default","site-sidebar-style":"default","ast-global-header-display":"","ast-banner-title-visibility":"","ast-main-header-display":"","ast-hfb-above-header-display":"","ast-hfb-below-header-display":"","ast-hfb-mobile-header-display":"","site-post-title":"","ast-breadcrumbs-content":"","ast-featured-img":"","footer-sml-layout":"","ast-disable-related-posts":"","theme-transparent-header-meta":"default","adv-header-id-meta":"","stick-header-meta":"","header-above-stick-meta":"","header-main-stick-meta":"","header-below-stick-meta":"","astra-migrate-meta-layouts":"default","ast-page-background-enabled":"default","ast-page-background-meta":{"desktop":{"background-color":"","background-image":"","background-repeat":"repeat","background-position":"center center","background-size":"auto","background-attachment":"scroll","background-type":"","background-media":"","overlay-type":"","overlay-color":"","overlay-opacity":"","overlay-gradient":""},"tablet":{"background-color":"","background-image":"","background-repeat":"repeat","background-position":"center center","background-size":"auto","background-attachment":"scroll","background-type":"","background-media":"","overlay-type":"","overlay-color":"","overlay-opacity":"","overlay-gradient":""},"mobile":{"background-color":"","background-image":"","background-repeat":"repeat","background-position":"center center","background-size":"auto","background-attachment":"scroll","background-type":"","background-media":"","overlay-type":"","overlay-color":"","overlay-opacity":"","overlay-gradient":""}},"ast-content-background-meta":{"desktop":{"background-color":"var(--ast-global-color-5)","background-image":"","background-repeat":"repeat","background-position":"center center","background-size":"auto","background-attachment":"scroll","background-type":"","background-media":"","overlay-type":"","overlay-color":"","overlay-opacity":"","overlay-gradient":""},"tablet":{"background-color":"var(--ast-global-color-5)","background-image":"","background-repeat":"repeat","background-position":"center center","background-size":"auto","background-attachment":"scroll","background-type":"","background-media":"","overlay-type":"","overlay-color":"","overlay-opacity":"","overlay-gradient":""},"mobile":{"background-color":"var(--ast-global-color-5)","background-image":"","background-repeat":"repeat","background-position":"center center","background-size":"auto","background-attachment":"scroll","background-type":"","background-media":"","overlay-type":"","overlay-color":"","overlay-opacity":"","overlay-gradient":""}}},"product_brand":[],"product_cat":[54],"product_tag":[],"class_list":{"0":"post-637","1":"product","2":"type-product","3":"status-publish","4":"has-post-thumbnail","6":"product_cat-stitching-machine","7":"desktop-align-center","8":"tablet-align-left","9":"mobile-align-left","11":"first","12":"instock","13":"shipping-taxable","14":"product-type-simple"},"_links":{"self":[{"href":"https:\/\/estarmachinery.com\/de\/wp-json\/wp\/v2\/product\/637","targetHints":{"allow":["GET"]}}],"collection":[{"href":"https:\/\/estarmachinery.com\/de\/wp-json\/wp\/v2\/product"}],"about":[{"href":"https:\/\/estarmachinery.com\/de\/wp-json\/wp\/v2\/types\/product"}],"wp:featuredmedia":[{"embeddable":true,"href":"https:\/\/estarmachinery.com\/de\/wp-json\/wp\/v2\/media\/640"}],"wp:attachment":[{"href":"https:\/\/estarmachinery.com\/de\/wp-json\/wp\/v2\/media?parent=637"}],"wp:term":[{"taxonomy":"product_brand","embeddable":true,"href":"https:\/\/estarmachinery.com\/de\/wp-json\/wp\/v2\/product_brand?post=637"},{"taxonomy":"product_cat","embeddable":true,"href":"https:\/\/estarmachinery.com\/de\/wp-json\/wp\/v2\/product_cat?post=637"},{"taxonomy":"product_tag","embeddable":true,"href":"https:\/\/estarmachinery.com\/de\/wp-json\/wp\/v2\/product_tag?post=637"}],"curies":[{"name":"wp","href":"https:\/\/api.w.org\/{rel}","templated":true}]}}