{"id":648,"date":"2023-06-19T00:45:38","date_gmt":"2023-06-19T00:45:38","guid":{"rendered":"https:\/\/estarmachinery.com\/?post_type=product&#038;p=648"},"modified":"2023-07-06T07:25:08","modified_gmt":"2023-07-06T07:25:08","slug":"stainless-steel-desktop-gluing-machinecold-glue","status":"publish","type":"product","link":"https:\/\/estarmachinery.com\/de\/produkt\/stainless-steel-desktop-gluing-machinecold-glue\/","title":{"rendered":"Tischklebemaschine aus Edelstahl (Kaltleim)"},"content":{"rendered":"<p style=\"text-align: center;\"><strong>Tischklebemaschine aus Edelstahl (Kaltleim)<\/strong><\/p>\n<p><img fetchpriority=\"high\" decoding=\"async\" class=\"aligncenter wp-image-649 size-large\" src=\"https:\/\/estarmachinery.com\/wp-content\/uploads\/2023\/06\/1-3-1024x681.png\" alt=\"\" width=\"1024\" height=\"681\" srcset=\"https:\/\/estarmachinery.com\/wp-content\/uploads\/2023\/06\/1-3-1024x681.png 1024w, https:\/\/estarmachinery.com\/wp-content\/uploads\/2023\/06\/1-3-300x200.png 300w, https:\/\/estarmachinery.com\/wp-content\/uploads\/2023\/06\/1-3-768x511.png 768w, https:\/\/estarmachinery.com\/wp-content\/uploads\/2023\/06\/1-3-600x399.png 600w, https:\/\/estarmachinery.com\/wp-content\/uploads\/2023\/06\/1-3.png 1139w\" sizes=\"(max-width: 1024px) 100vw, 1024px\" \/><\/p>\n<p>Wir danken Ihnen sehr f\u00fcr Ihr Interesse an unserer Klebemaschine. Auf der Grundlage unserer Allgemeinen Verkaufsbedingungen unterbreiten wir Ihnen gerne folgende Angebote:<\/p>\n<table>\n<tbody>\n<tr>\n<td colspan=\"4\" width=\"1486\"><strong><b>Spezifikation:<\/b><\/strong><\/td>\n<\/tr>\n<tr>\n<td width=\"374\">Modell<\/td>\n<td width=\"394\"><strong><b>ES-380A <\/b><\/strong><\/td>\n<td width=\"362\"><strong><b>ES-600A<\/b><\/strong><\/td>\n<td width=\"354\"><strong><b>ES-720A<\/b><\/strong><\/td>\n<\/tr>\n<tr>\n<td width=\"374\">Max. Klebebreite<\/td>\n<td width=\"394\">380mm<\/td>\n<td width=\"362\">600mm<\/td>\n<td width=\"354\">720mm<\/td>\n<\/tr>\n<tr>\n<td width=\"374\">Geschwindigkeit<\/td>\n<td width=\"394\">0~26 m\/min<\/td>\n<td width=\"362\">0~26 m\/min<\/td>\n<td width=\"354\">0~26 m\/min<\/td>\n<\/tr>\n<tr>\n<td width=\"374\">Leistung<\/td>\n<td width=\"394\">220V\/50HZ, 120W<\/td>\n<td width=\"362\">220V\/50HZ, 120W<\/td>\n<td width=\"354\">220V\/50HZ, 120W<\/td>\n<\/tr>\n<tr>\n<td width=\"374\">Maschinendimension<\/td>\n<td width=\"394\">700x410x360mm<\/td>\n<td width=\"362\">915x410x360mm<\/td>\n<td width=\"354\">1015x410x360mm<\/td>\n<\/tr>\n<tr>\n<td width=\"374\">Maschinengewicht<\/td>\n<td width=\"394\">32 kg<\/td>\n<td width=\"362\">48 kg<\/td>\n<td width=\"354\">55 kg<\/td>\n<\/tr>\n<tr>\n<td colspan=\"4\" width=\"1486\">Diese Maschine verwendet korrosionsbest\u00e4ndige Komponenten wie Edelstahl und Aluminiumlegierung<\/p>\n<p>Der Getriebeteil verf\u00fcgt \u00fcber W\u00e4lzlager, Leimplattenhebevorrichtungen und andere Strukturen, und jede Welle besteht vollst\u00e4ndig aus Edelstahl, 45#-Stahl.<\/p>\n<p>Fortschrittlicher Geschwindigkeitsregelungsmotor<\/p>\n<p>Einfache Bedienung, geringe Ger\u00e4uschentwicklung, hohe Produktionseffizienz<\/td>\n<\/tr>\n<\/tbody>\n<\/table>","protected":false},"excerpt":{"rendered":"<p>Stainless steel Desktop Gluing Machine(cold glue) We are highly thankful to you for your interested in our\u00a0gluing machine. On the basis of our general terms and conditions of sale, we have pleasure to quote you as followings: Specification: Model ES-380A ES-600A ES-720A Max.gluing width 380mm 600mm 720mm Speed 0~26m\/min 0~26m\/min 0~26m\/min Power 220V\/50HZ, 120W 220V\/50HZ, [&hellip;]<\/p>","protected":false},"featured_media":650,"template":"","meta":{"site-sidebar-layout":"default","site-content-layout":"default","ast-site-content-layout":"default","site-content-style":"default","site-sidebar-style":"default","ast-global-header-display":"","ast-banner-title-visibility":"","ast-main-header-display":"","ast-hfb-above-header-display":"","ast-hfb-below-header-display":"","ast-hfb-mobile-header-display":"","site-post-title":"","ast-breadcrumbs-content":"","ast-featured-img":"","footer-sml-layout":"","ast-disable-related-posts":"","theme-transparent-header-meta":"default","adv-header-id-meta":"","stick-header-meta":"","header-above-stick-meta":"","header-main-stick-meta":"","header-below-stick-meta":"","astra-migrate-meta-layouts":"default","ast-page-background-enabled":"default","ast-page-background-meta":{"desktop":{"background-color":"","background-image":"","background-repeat":"repeat","background-position":"center center","background-size":"auto","background-attachment":"scroll","background-type":"","background-media":"","overlay-type":"","overlay-color":"","overlay-opacity":"","overlay-gradient":""},"tablet":{"background-color":"","background-image":"","background-repeat":"repeat","background-position":"center center","background-size":"auto","background-attachment":"scroll","background-type":"","background-media":"","overlay-type":"","overlay-color":"","overlay-opacity":"","overlay-gradient":""},"mobile":{"background-color":"","background-image":"","background-repeat":"repeat","background-position":"center center","background-size":"auto","background-attachment":"scroll","background-type":"","background-media":"","overlay-type":"","overlay-color":"","overlay-opacity":"","overlay-gradient":""}},"ast-content-background-meta":{"desktop":{"background-color":"var(--ast-global-color-5)","background-image":"","background-repeat":"repeat","background-position":"center center","background-size":"auto","background-attachment":"scroll","background-type":"","background-media":"","overlay-type":"","overlay-color":"","overlay-opacity":"","overlay-gradient":""},"tablet":{"background-color":"var(--ast-global-color-5)","background-image":"","background-repeat":"repeat","background-position":"center center","background-size":"auto","background-attachment":"scroll","background-type":"","background-media":"","overlay-type":"","overlay-color":"","overlay-opacity":"","overlay-gradient":""},"mobile":{"background-color":"var(--ast-global-color-5)","background-image":"","background-repeat":"repeat","background-position":"center center","background-size":"auto","background-attachment":"scroll","background-type":"","background-media":"","overlay-type":"","overlay-color":"","overlay-opacity":"","overlay-gradient":""}}},"product_brand":[],"product_cat":[56],"product_tag":[],"class_list":{"0":"post-648","1":"product","2":"type-product","3":"status-publish","4":"has-post-thumbnail","6":"product_cat-gluing-machine","7":"desktop-align-center","8":"tablet-align-left","9":"mobile-align-left","11":"first","12":"instock","13":"shipping-taxable","14":"product-type-simple"},"_links":{"self":[{"href":"https:\/\/estarmachinery.com\/de\/wp-json\/wp\/v2\/product\/648","targetHints":{"allow":["GET"]}}],"collection":[{"href":"https:\/\/estarmachinery.com\/de\/wp-json\/wp\/v2\/product"}],"about":[{"href":"https:\/\/estarmachinery.com\/de\/wp-json\/wp\/v2\/types\/product"}],"wp:featuredmedia":[{"embeddable":true,"href":"https:\/\/estarmachinery.com\/de\/wp-json\/wp\/v2\/media\/650"}],"wp:attachment":[{"href":"https:\/\/estarmachinery.com\/de\/wp-json\/wp\/v2\/media?parent=648"}],"wp:term":[{"taxonomy":"product_brand","embeddable":true,"href":"https:\/\/estarmachinery.com\/de\/wp-json\/wp\/v2\/product_brand?post=648"},{"taxonomy":"product_cat","embeddable":true,"href":"https:\/\/estarmachinery.com\/de\/wp-json\/wp\/v2\/product_cat?post=648"},{"taxonomy":"product_tag","embeddable":true,"href":"https:\/\/estarmachinery.com\/de\/wp-json\/wp\/v2\/product_tag?post=648"}],"curies":[{"name":"wp","href":"https:\/\/api.w.org\/{rel}","templated":true}]}}