{"id":654,"date":"2023-06-19T00:48:56","date_gmt":"2023-06-19T00:48:56","guid":{"rendered":"https:\/\/estarmachinery.com\/?post_type=product&#038;p=654"},"modified":"2023-07-06T07:24:44","modified_gmt":"2023-07-06T07:24:44","slug":"hydraulic-double-side-book-pressing-machine","status":"publish","type":"product","link":"https:\/\/estarmachinery.com\/de\/produkt\/hydraulic-double-side-book-pressing-machine\/","title":{"rendered":"Hydraulische Doppelseiten-Buchpressmaschine"},"content":{"rendered":"<p style=\"text-align: center;\"><strong>Hydraulische Doppelseiten-Buchpressmaschine<\/strong><\/p>\n<p><img fetchpriority=\"high\" decoding=\"async\" class=\"alignnone size-medium wp-image-659 aligncenter\" src=\"https:\/\/estarmachinery.com\/wp-content\/uploads\/2023\/06\/\u4e3b\u56fe1-2-300x300.jpg\" alt=\"Hydraulic double side book pressing machine\" width=\"300\" height=\"300\" srcset=\"https:\/\/estarmachinery.com\/wp-content\/uploads\/2023\/06\/\u4e3b\u56fe1-2-300x300.jpg 300w, https:\/\/estarmachinery.com\/wp-content\/uploads\/2023\/06\/\u4e3b\u56fe1-2-150x150.jpg 150w, https:\/\/estarmachinery.com\/wp-content\/uploads\/2023\/06\/\u4e3b\u56fe1-2-768x768.jpg 768w, https:\/\/estarmachinery.com\/wp-content\/uploads\/2023\/06\/\u4e3b\u56fe1-2-600x600.jpg 600w, https:\/\/estarmachinery.com\/wp-content\/uploads\/2023\/06\/\u4e3b\u56fe1-2-100x100.jpg 100w, https:\/\/estarmachinery.com\/wp-content\/uploads\/2023\/06\/\u4e3b\u56fe1-2.jpg 800w\" sizes=\"(max-width: 300px) 100vw, 300px\" \/><\/p>\n<p>Wir danken Ihnen sehr f\u00fcr Ihr Interesse an unserer Buchpressmaschine. Auf der Grundlage unserer Allgemeinen Verkaufsbedingungen unterbreiten wir Ihnen gerne folgende Angebote:<\/p>\n<table>\n<tbody>\n<tr>\n<td colspan=\"2\" width=\"1486\"><strong><b>Spezifikation:<\/b><\/strong><\/td>\n<\/tr>\n<tr>\n<td width=\"802\">Modell<\/td>\n<td width=\"683\"><strong>YP800<\/strong><\/td>\n<\/tr>\n<tr>\n<td width=\"802\">Max. Betriebsbereich (mm)<\/td>\n<td width=\"683\">800x650mm<\/td>\n<\/tr>\n<tr>\n<td width=\"802\">Max. Arbeitsdruck (t)<\/td>\n<td width=\"683\">5~10T<\/td>\n<\/tr>\n<tr>\n<td width=\"802\">Geschwindigkeit<\/td>\n<td width=\"683\">5m\/min<\/td>\n<\/tr>\n<tr>\n<td width=\"802\">Leistung (kW)<\/td>\n<td width=\"683\">380 V\/50 Hz, 2,2 kW<\/td>\n<\/tr>\n<tr>\n<td width=\"802\">Gewicht der Maschine (kg)<\/td>\n<td width=\"683\">1100x650x1500mm<\/td>\n<\/tr>\n<tr>\n<td width=\"802\">Gesamtabmessungen (mm)<\/td>\n<td width=\"683\">950 kg<\/td>\n<\/tr>\n<tr>\n<td colspan=\"2\" width=\"1486\">Merkmale:<\/p>\n<p>Die Maschine nutzt den doppelten hydraulischen Druckzylinder und verf\u00fcgt \u00fcber die Funktion zum Dr\u00fccken nach oben und unten, sodass die Produktregistrierung nach der Papiermontage des Buches und des Einbands ihre Form \u00e4ndern kann. Der Druck und der Druckbereich k\u00f6nnen je nach Anforderungen angepasst werden.<\/td>\n<\/tr>\n<\/tbody>\n<\/table>","protected":false},"excerpt":{"rendered":"<p>Hydraulic double side book pressing machine We are highly thankful to you for your interested in our\u00a0book pressing machine. On the basis of our general terms and conditions of sale, we have pleasure to quote you as followings: Specification: Model YP800 Max. Operating Area(mm) 800x650mm Max. Working Pressure(t) 5~10T Speed 5m\/min Power(kw) 380V\/50HZ,2.2KW Weight of [&hellip;]<\/p>","protected":false},"featured_media":655,"template":"","meta":{"site-sidebar-layout":"default","site-content-layout":"default","ast-site-content-layout":"default","site-content-style":"default","site-sidebar-style":"default","ast-global-header-display":"","ast-banner-title-visibility":"","ast-main-header-display":"","ast-hfb-above-header-display":"","ast-hfb-below-header-display":"","ast-hfb-mobile-header-display":"","site-post-title":"","ast-breadcrumbs-content":"","ast-featured-img":"","footer-sml-layout":"","ast-disable-related-posts":"","theme-transparent-header-meta":"default","adv-header-id-meta":"","stick-header-meta":"","header-above-stick-meta":"","header-main-stick-meta":"","header-below-stick-meta":"","astra-migrate-meta-layouts":"default","ast-page-background-enabled":"default","ast-page-background-meta":{"desktop":{"background-color":"","background-image":"","background-repeat":"repeat","background-position":"center center","background-size":"auto","background-attachment":"scroll","background-type":"","background-media":"","overlay-type":"","overlay-color":"","overlay-opacity":"","overlay-gradient":""},"tablet":{"background-color":"","background-image":"","background-repeat":"repeat","background-position":"center center","background-size":"auto","background-attachment":"scroll","background-type":"","background-media":"","overlay-type":"","overlay-color":"","overlay-opacity":"","overlay-gradient":""},"mobile":{"background-color":"","background-image":"","background-repeat":"repeat","background-position":"center center","background-size":"auto","background-attachment":"scroll","background-type":"","background-media":"","overlay-type":"","overlay-color":"","overlay-opacity":"","overlay-gradient":""}},"ast-content-background-meta":{"desktop":{"background-color":"var(--ast-global-color-5)","background-image":"","background-repeat":"repeat","background-position":"center center","background-size":"auto","background-attachment":"scroll","background-type":"","background-media":"","overlay-type":"","overlay-color":"","overlay-opacity":"","overlay-gradient":""},"tablet":{"background-color":"var(--ast-global-color-5)","background-image":"","background-repeat":"repeat","background-position":"center center","background-size":"auto","background-attachment":"scroll","background-type":"","background-media":"","overlay-type":"","overlay-color":"","overlay-opacity":"","overlay-gradient":""},"mobile":{"background-color":"var(--ast-global-color-5)","background-image":"","background-repeat":"repeat","background-position":"center center","background-size":"auto","background-attachment":"scroll","background-type":"","background-media":"","overlay-type":"","overlay-color":"","overlay-opacity":"","overlay-gradient":""}}},"product_brand":[],"product_cat":[52],"product_tag":[],"class_list":{"0":"post-654","1":"product","2":"type-product","3":"status-publish","4":"has-post-thumbnail","6":"product_cat-book-pressing-machine","7":"desktop-align-center","8":"tablet-align-left","9":"mobile-align-left","11":"first","12":"instock","13":"shipping-taxable","14":"product-type-simple"},"_links":{"self":[{"href":"https:\/\/estarmachinery.com\/de\/wp-json\/wp\/v2\/product\/654","targetHints":{"allow":["GET"]}}],"collection":[{"href":"https:\/\/estarmachinery.com\/de\/wp-json\/wp\/v2\/product"}],"about":[{"href":"https:\/\/estarmachinery.com\/de\/wp-json\/wp\/v2\/types\/product"}],"wp:featuredmedia":[{"embeddable":true,"href":"https:\/\/estarmachinery.com\/de\/wp-json\/wp\/v2\/media\/655"}],"wp:attachment":[{"href":"https:\/\/estarmachinery.com\/de\/wp-json\/wp\/v2\/media?parent=654"}],"wp:term":[{"taxonomy":"product_brand","embeddable":true,"href":"https:\/\/estarmachinery.com\/de\/wp-json\/wp\/v2\/product_brand?post=654"},{"taxonomy":"product_cat","embeddable":true,"href":"https:\/\/estarmachinery.com\/de\/wp-json\/wp\/v2\/product_cat?post=654"},{"taxonomy":"product_tag","embeddable":true,"href":"https:\/\/estarmachinery.com\/de\/wp-json\/wp\/v2\/product_tag?post=654"}],"curies":[{"name":"wp","href":"https:\/\/api.w.org\/{rel}","templated":true}]}}