{"id":677,"date":"2023-06-19T01:16:26","date_gmt":"2023-06-19T01:16:26","guid":{"rendered":"https:\/\/estarmachinery.com\/?post_type=product&#038;p=677"},"modified":"2023-07-06T07:22:13","modified_gmt":"2023-07-06T07:22:13","slug":"es-4-660-740-four-color-offset-printer","status":"publish","type":"product","link":"https:\/\/estarmachinery.com\/de\/produkt\/es-4-660-740-four-color-offset-printer\/","title":{"rendered":"ES-4-660\/740 Vierfarb-Offsetdrucker"},"content":{"rendered":"<p style=\"text-align: center;\"><strong><b>ES<\/b><\/strong><strong><b>-4-660\/740 Vierfarb-Offsetdrucker<\/b><\/strong><\/p>\n<p><img fetchpriority=\"high\" decoding=\"async\" class=\"alignnone size-large wp-image-678\" src=\"https:\/\/estarmachinery.com\/wp-content\/uploads\/2023\/06\/XH-4-660740-1024x576.jpg\" alt=\"ES-4-660\/740 Four Color Offset Printer\" width=\"1024\" height=\"576\" srcset=\"https:\/\/estarmachinery.com\/wp-content\/uploads\/2023\/06\/XH-4-660740-1024x576.jpg 1024w, https:\/\/estarmachinery.com\/wp-content\/uploads\/2023\/06\/XH-4-660740-300x169.jpg 300w, https:\/\/estarmachinery.com\/wp-content\/uploads\/2023\/06\/XH-4-660740-768x432.jpg 768w, https:\/\/estarmachinery.com\/wp-content\/uploads\/2023\/06\/XH-4-660740-1536x864.jpg 1536w, https:\/\/estarmachinery.com\/wp-content\/uploads\/2023\/06\/XH-4-660740-600x338.jpg 600w, https:\/\/estarmachinery.com\/wp-content\/uploads\/2023\/06\/XH-4-660740.jpg 2000w\" sizes=\"(max-width: 1024px) 100vw, 1024px\" \/><\/p>\n<p><strong>TECHNISCHE INFORMATIONEN <\/strong><\/p>\n<ol>\n<li><strong>Haupttechnische Parameter: <\/strong><\/li>\n<\/ol>\n<table>\n<tbody>\n<tr>\n<td width=\"400\">Modell<\/td>\n<td width=\"378\">ES-4-740<\/td>\n<td width=\"453\">ES-4-660<\/td>\n<\/tr>\n<tr>\n<td width=\"400\">Max. Geschwindigkeit<\/td>\n<td width=\"378\">12000s\/h<\/td>\n<td width=\"453\">12000s\/h<\/td>\n<\/tr>\n<tr>\n<td width=\"400\">Max. Papier gr\u00f6\u00dfe<\/td>\n<td width=\"378\">540\u00d7740mm<\/td>\n<td width=\"453\">540\u00d7660mm<\/td>\n<\/tr>\n<tr>\n<td width=\"400\">Mindest. Papier gr\u00f6\u00dfe<\/td>\n<td width=\"378\">273\u00d7393mm<\/td>\n<td width=\"453\">273\u00d7393mm<\/td>\n<\/tr>\n<tr>\n<td width=\"400\">Papierblattdicke<\/td>\n<td width=\"378\">0,06\u20130,6 mm<\/td>\n<td width=\"453\">0,06\u20130,6 mm<\/td>\n<\/tr>\n<tr>\n<td width=\"400\">Max. Druckbereich<\/td>\n<td width=\"378\">528\u00d7730mm<\/td>\n<td width=\"453\">528\u00d7650mm<\/td>\n<\/tr>\n<tr>\n<td width=\"400\">Plattengr\u00f6\u00dfe<\/td>\n<td width=\"378\">677\u00d7755\u00d70,3mm<\/td>\n<td width=\"453\">677\u00d7675\u00d70,3mm<\/td>\n<\/tr>\n<tr>\n<td width=\"400\">Deckengr\u00f6\u00dfe<\/td>\n<td width=\"378\">740\u00d7760\u00d71,9 mm<\/td>\n<td width=\"453\">740\u00d7680\u00d71,9mm<\/td>\n<\/tr>\n<tr>\n<td width=\"400\">Max. Feeder-Stapelh\u00f6he<\/td>\n<td width=\"378\">940 mm<\/td>\n<td width=\"453\">940 mm<\/td>\n<\/tr>\n<tr>\n<td width=\"400\">Max. H\u00f6he des Lieferstapels<\/td>\n<td width=\"378\">780mm<\/td>\n<td width=\"453\">780mm<\/td>\n<\/tr>\n<tr>\n<td width=\"400\">Gesamtabmessungen der Maschine<\/p>\n<p>(LxBxH)<\/td>\n<td width=\"378\">7380\u00d72550\u00d71950mm<\/td>\n<td width=\"453\">7380\u00d72470\u00d71950mm<\/td>\n<\/tr>\n<tr>\n<td width=\"400\">Totale Kraft<\/td>\n<td width=\"378\">23 kW, 380 V, 50 Hz<\/td>\n<td width=\"453\">23 kW, 380 V, 50 Hz<\/td>\n<\/tr>\n<tr>\n<td width=\"400\">Bruttogewicht der Maschine<\/td>\n<td width=\"378\">19700 kg<\/td>\n<td width=\"453\">18700 kg<\/td>\n<\/tr>\n<\/tbody>\n<\/table>\n<p>Entsprechend der Entwicklung des Druckmarktes wird eine neue Generation von Mehrfarben-Offsetdruckmaschinen eingef\u00fchrt, die auf einer Reihe nationaler Patenttechnologien basieren und \u00fcber ein automatisches pneumatisches Klemmsystem, ein automatisches dreiachsiges Einstellsystem mit DC-Permanentmagnetsteuerung usw. verf\u00fcgen Pr\u00e4zises automatisches Druckregulierungssystem. Mit dem elektronischen Bussteuerungssystem der Mitsubishi CC-LINK-Kommunikationsmethode werden die intelligenten, intelligenten und hocheffizienten Eigenschaften der Hochleistungsdruckmaschine perfekt dargestellt. Die Spr\u00fchpr\u00e4gung und der Plattenzylinder aus Edelstahl verl\u00e4ngern die Lebensdauer der Maschine erheblich. CIP4 kann verwendet werden, um einen digitalen Workflow mit CTP und Postpress in der Druckvorstufe zu bilden und die Tintenfarbe voreinzustellen, was die Erfahrung der Druckereien f\u00fcr Drucktechniker erheblich reduziert. Unter bestimmten Bedingungen k\u00f6nnen die Betriebsbedingungen und verschiedene Parameter\u00e4nderungen der Druckmaschine \u00fcber das INTERNET \u00fcberwacht und gesteuert werden, und die beliebten UV-Druck-, Glasur- und anderen Druckverfahren sowie die automatische Gummituchwaschung und die Farbwalze k\u00f6nnen bequem installiert werden. Erh\u00f6hte Skalierbarkeit der Produktfunktionen<\/p>\n<p>1. Der Semi-APC (Automatischer Plattenwechsler) verk\u00fcrzt die R\u00fcstzeit.<\/p>\n<p>2. Zum Voreinstellen der Papierst\u00e4rke beim Drucken verschiedener Papiersorten. Zum Einstellen des Druckdrucks<\/p>\n<p>jede Einheit automatisch, schnell und synchron.<\/p>\n<p>3.Mit dem Non-Stop-Feeder werden die Stapel mit Produktionsgeschwindigkeit gewechselt. Es spart viel Zeit, wenn<\/p>\n<p>Das Ausf\u00fchren von dickem Papier und der langen Version funktioniert offline.<\/p>\n<p>4.Es ist mit dem technologischen Busmodul CC-LINK von Mitsubishi ausgestattet.<\/p>\n<p>5.Druckzylinder und Transfertrommel mit doppeltem Durchmesser k\u00f6nnen die Zeiten der Bogen\u00fcbernahme verk\u00fcrzen<\/p>\n<p>zwischen den Druckeinheiten.<\/p>\n<p>6.Der Plattenzylinder ist in Umfangsrichtung, Querrichtung und Diagonale verstellbar<\/p>\n<p>Richtung.<\/p>\n<p>7. Auf dem Plattenzylinder befinden sich f\u00fcnf Rollen. Beim alkoholischen Feuchten gibt es eine Zwischenwalze<\/p>\n<p>System, das das \u201eGeisterbild\u201c beseitigen und einen schnellen Tinten-Wasser-Gleichgewicht erreichen kann<\/p>\n<p>Reduzieren Sie den Papierverbrauch.<\/p>\n<p>8. Es gibt 23 Zonen im geteilten (gestaffelten) Duktor.<\/p>\n<p><strong><em><b>Standard<\/b><\/em><\/strong><strong><em><b>\u00a0<\/b><\/em><\/strong><strong><em><b>Ausr\u00fcstung<\/b><\/em><\/strong><strong><em><b>e<\/b><\/em><\/strong><strong><em><b>N<\/b><\/em><\/strong><strong><em><b>T<\/b><\/em><\/strong><strong><em><b>:<\/b><\/em><\/strong><\/p>\n<table>\n<tbody>\n<tr>\n<td width=\"72\">NEIN.<\/td>\n<td width=\"886\">Standard Ausr\u00fcstung<\/td>\n<td width=\"170\">Bemerkungen<\/td>\n<\/tr>\n<tr>\n<td width=\"72\">1<\/td>\n<td width=\"886\">Tintenfernbedienung<strong><em><b>(<\/b><\/em><\/strong><strong><em><b>\u00d6<\/b><\/em><\/strong><strong><em><b>P<\/b><\/em><\/strong><strong><em><b>T<\/b><\/em><\/strong><strong><em><b>io<\/b><\/em><\/strong><strong><em><b>n \/ A<\/b><\/em><\/strong><strong><em><b>l)<\/b><\/em><\/strong><\/td>\n<td width=\"170\">&nbsp;<\/td>\n<\/tr>\n<tr>\n<td width=\"72\">2<\/td>\n<td width=\"886\">Alkohold\u00e4mpfend<\/td>\n<td width=\"170\">&nbsp;<\/td>\n<\/tr>\n<tr>\n<td width=\"72\">3<\/td>\n<td width=\"886\">Inhaber f\u00fcr Inhaber<\/td>\n<td width=\"170\">&nbsp;<\/td>\n<\/tr>\n<tr>\n<td width=\"72\">4<\/td>\n<td width=\"886\">Druckzylinder und \u00dcbertragungszylinder mit doppeltem Durchmesser<\/td>\n<td width=\"170\">&nbsp;<\/td>\n<\/tr>\n<tr>\n<td width=\"72\">5<\/td>\n<td width=\"886\">Spezielle Behandlung der Oberfl\u00e4che des Druckzylinders<\/td>\n<td width=\"170\">&nbsp;<\/td>\n<\/tr>\n<tr>\n<td width=\"72\">6<\/td>\n<td width=\"886\">Spezielle Behandlung der Oberfl\u00e4che des Plattenzylinders<\/td>\n<td width=\"170\">&nbsp;<\/td>\n<\/tr>\n<tr>\n<td width=\"72\">7<\/td>\n<td width=\"886\">Halbautomatische Klemmleiste<\/td>\n<td width=\"170\">&nbsp;<\/td>\n<\/tr>\n<tr>\n<td width=\"72\">8<\/td>\n<td width=\"886\">Register in Axial- und Umfangsrichtung<\/td>\n<td width=\"170\">&nbsp;<\/td>\n<\/tr>\n<tr>\n<td width=\"72\">9<\/td>\n<td width=\"886\">Spannen<\/td>\n<td width=\"170\">&nbsp;<\/td>\n<\/tr>\n<tr>\n<td width=\"72\">10<\/td>\n<td width=\"886\">Automatische Druckanpassung<\/td>\n<td width=\"170\">&nbsp;<\/td>\n<\/tr>\n<tr>\n<td width=\"72\">11<\/td>\n<td width=\"886\">Pneumatischer Abdruck ein-aus<\/td>\n<td width=\"170\">&nbsp;<\/td>\n<\/tr>\n<tr>\n<td width=\"72\">12<\/td>\n<td width=\"886\">Abschwenkbares Greifersystem<\/td>\n<td width=\"170\">&nbsp;<\/td>\n<\/tr>\n<tr>\n<td width=\"72\">13<\/td>\n<td width=\"886\">Abklappbare Vordermarke<\/td>\n<td width=\"170\">&nbsp;<\/td>\n<\/tr>\n<tr>\n<td width=\"72\">14<\/td>\n<td width=\"886\">Elektrisches Pulverspr\u00fchger\u00e4t<\/td>\n<td width=\"170\">&nbsp;<\/td>\n<\/tr>\n<tr>\n<td width=\"72\">15<\/td>\n<td width=\"886\">Schmierung wie Dusche, teilweise dicke Schmierung<\/td>\n<td width=\"170\">&nbsp;<\/td>\n<\/tr>\n<tr>\n<td width=\"72\">16<\/td>\n<td width=\"886\">Nonstop-Lieferung<\/td>\n<td width=\"170\">&nbsp;<\/td>\n<\/tr>\n<tr>\n<td colspan=\"3\" width=\"1129\"><strong><em><b>Ein<\/b><\/em><\/strong><strong><em><b>C<\/b><\/em><\/strong><strong><em><b>ich<\/b><\/em><\/strong><strong><em><b>l<\/b><\/em><\/strong><strong><em><b>l<\/b><\/em><\/strong><strong><em><b>A<\/b><\/em><\/strong><strong><em><b>R<\/b><\/em><\/strong><strong><em><b>j<\/b><\/em><\/strong><strong><em><b>\u00a0E<\/b><\/em><\/strong><strong><em><b>witzeln<\/b><\/em><\/strong><strong><em><b>M<\/b><\/em><\/strong><strong><em><b>e<\/b><\/em><\/strong><strong><em><b>nt:<\/b><\/em><\/strong><\/td>\n<\/tr>\n<tr>\n<td width=\"72\">17<\/td>\n<td width=\"886\">Photoelektrischer Locher (Platte kann gebogen werden)<\/td>\n<td width=\"170\">&nbsp;<\/td>\n<\/tr>\n<tr>\n<td width=\"72\">18<\/td>\n<td width=\"886\">Luftpumpe<\/td>\n<td width=\"170\">&nbsp;<\/td>\n<\/tr>\n<tr>\n<td width=\"72\">19<\/td>\n<td width=\"886\">Luftkompressor<\/td>\n<td width=\"170\">&nbsp;<\/td>\n<\/tr>\n<tr>\n<td width=\"72\">20<\/td>\n<td width=\"886\">Feuchtwalzen<\/td>\n<td width=\"170\">&nbsp;<\/td>\n<\/tr>\n<tr>\n<td width=\"72\">21<\/td>\n<td width=\"886\">Vakuumzuf\u00fchrung<\/td>\n<td width=\"170\">&nbsp;<\/td>\n<\/tr>\n<tr>\n<td width=\"72\">22<\/td>\n<td width=\"886\">Ultraschall-Doppelbogendetektor<\/td>\n<td width=\"170\">&nbsp;<\/td>\n<\/tr>\n<tr>\n<td colspan=\"3\" width=\"1129\"><strong><em><b>P<\/b><\/em><\/strong><strong><em><b>A<\/b><\/em><\/strong><strong><em><b>ck<\/b><\/em><\/strong><strong><em><b>A<\/b><\/em><\/strong><strong><em><b>G<\/b><\/em><\/strong><strong><em><b>e<\/b><\/em><\/strong><strong><em><b>:<\/b><\/em><\/strong><\/td>\n<\/tr>\n<tr>\n<td width=\"72\">1<\/td>\n<td width=\"886\">Holzbegasung<\/td>\n<td width=\"170\">&nbsp;<\/td>\n<\/tr>\n<tr>\n<td width=\"72\">2<\/td>\n<td width=\"886\">Bedienungsanleitung, Packliste, Ersatzteilbuch<\/td>\n<td width=\"170\">&nbsp;<\/td>\n<\/tr>\n<\/tbody>\n<\/table>\n<p><strong><em><b>Beschreibung:<\/b><\/em><\/strong><\/p>\n<p><img decoding=\"async\" class=\"aligncenter wp-image-685\" src=\"https:\/\/estarmachinery.com\/wp-content\/uploads\/2023\/06\/\u56fe\u72471-1.png\" alt=\"ES-4-660\/740 Four Color Offset Printer\" width=\"500\" height=\"240\" srcset=\"https:\/\/estarmachinery.com\/wp-content\/uploads\/2023\/06\/\u56fe\u72471-1.png 358w, https:\/\/estarmachinery.com\/wp-content\/uploads\/2023\/06\/\u56fe\u72471-1-300x144.png 300w\" sizes=\"(max-width: 500px) 100vw, 500px\" \/><\/p>\n<p>Feeder<\/p>\n<p>* Konjugierte Nocke. Der durch eine lineare F\u00fchrungsschiene gesteuerte Vorschubmechanismus sorgt f\u00fcr eine schnellere und stabilere Maschinengeschwindigkeit.<\/p>\n<p>* Drehventil mit Patent kann Papierstaub automatisch reinigen und den Fehler reduzieren.<\/p>\n<p><img decoding=\"async\" class=\"aligncenter wp-image-686\" src=\"https:\/\/estarmachinery.com\/wp-content\/uploads\/2023\/06\/\u56fe\u72472.png\" alt=\"ES-4-660\/740 Four Color Offset Printer\" width=\"500\" height=\"299\" \/><\/p>\n<p>Druckwerke<\/p>\n<p>* Sowohl der Rahmen als auch die Basis sind aus einem St\u00fcck gefertigt.<\/p>\n<p>* Hochfrequenz-Abschreckung der Zahnr\u00e4der garantiert \u00dcbertragungsgenauigkeit.<\/p>\n<p>* Schr\u00e4gverzahnungen, hoher \u00dcberlappungskoeffizient und geringe Ger\u00e4uschentwicklung<\/p>\n<p><img loading=\"lazy\" decoding=\"async\" class=\"aligncenter wp-image-687\" src=\"https:\/\/estarmachinery.com\/wp-content\/uploads\/2023\/06\/\u56fe\u72473.png\" alt=\"ES-4-660\/740 Four Color Offset Printer\" width=\"500\" height=\"285\" srcset=\"https:\/\/estarmachinery.com\/wp-content\/uploads\/2023\/06\/\u56fe\u72473.png 801w, https:\/\/estarmachinery.com\/wp-content\/uploads\/2023\/06\/\u56fe\u72473-300x171.png 300w, https:\/\/estarmachinery.com\/wp-content\/uploads\/2023\/06\/\u56fe\u72473-768x438.png 768w, https:\/\/estarmachinery.com\/wp-content\/uploads\/2023\/06\/\u56fe\u72473-600x342.png 600w\" sizes=\"(max-width: 500px) 100vw, 500px\" \/><\/p>\n<p>Pr\u00e4zise Greifer<\/p>\n<p>* Nach dem Abschrecken der geriffelten hochfesten Stahlbel\u00e4ge ist ihre Lebensdauer l\u00e4nger und der Austausch einfacher.<\/p>\n<p>* Verschlei\u00dffeste weiche Polster sorgen f\u00fcr Stabilit\u00e4t bei der Papier\u00fcbergabe und Pr\u00e4zision bei der Papier\u00fcbertragung.<\/p>\n<p>* Hochpr\u00e4zise Nadellager und \u00d6ffnungslager verbessern die Stabilit\u00e4t des Greifsystems.<\/p>\n<p><img loading=\"lazy\" decoding=\"async\" class=\"aligncenter wp-image-688\" src=\"https:\/\/estarmachinery.com\/wp-content\/uploads\/2023\/06\/\u56fe\u72474.png\" alt=\"ES-4-660\/740 Four Color Offset Printer\" width=\"500\" height=\"282\" srcset=\"https:\/\/estarmachinery.com\/wp-content\/uploads\/2023\/06\/\u56fe\u72474.png 417w, https:\/\/estarmachinery.com\/wp-content\/uploads\/2023\/06\/\u56fe\u72474-300x169.png 300w\" sizes=\"(max-width: 500px) 100vw, 500px\" \/><\/p>\n<p>Automatisches Ger\u00e4t zur Einstellung der Papierst\u00e4rke<\/p>\n<p>* Es ist mit einem Zahnradantrieb ausgestattet. \u00dcber den Abstand zwischen den Zylindern k\u00f6nnen einige R\u00fcckmeldungen automatisch per Potentiometer angezeigt werden.<\/p>\n<p>* Der Antrieb durch einen permanentmagnetischen Generator kann aufgrund der gro\u00dfen Torsion und der starken Selbsthemmung die Stabilit\u00e4t des Druckdrucks gew\u00e4hrleisten.<\/p>\n<p>* Es ist einfacher und bequemer, die Papierst\u00e4rke direkt auf dem Bildschirm einzugeben.<\/p>\n<p><img loading=\"lazy\" decoding=\"async\" class=\"aligncenter wp-image-689\" src=\"https:\/\/estarmachinery.com\/wp-content\/uploads\/2023\/06\/\u56fe\u72475.png\" alt=\"ES-4-660\/740 Four Color Offset Printer\" width=\"500\" height=\"315\" srcset=\"https:\/\/estarmachinery.com\/wp-content\/uploads\/2023\/06\/\u56fe\u72475.png 383w, https:\/\/estarmachinery.com\/wp-content\/uploads\/2023\/06\/\u56fe\u72475-300x189.png 300w\" sizes=\"(max-width: 500px) 100vw, 500px\" \/><\/p>\n<p>Vakuum-Saug-Zuf\u00fchrtisch<\/p>\n<p>* Importierte Luftpumpe mit gro\u00dfem Volumen<\/p>\n<p>* Es eignet sich automatisch f\u00fcr alle Papierarten und -formate, sodass das Papierformat schneller und einfacher ge\u00e4ndert werden kann.<\/p>\n<p>* Der Ultraschall-Doppelblattdetektor kann Zylinder besser sch\u00fctzen.<\/p>\n<p><img loading=\"lazy\" decoding=\"async\" class=\"aligncenter wp-image-690\" src=\"https:\/\/estarmachinery.com\/wp-content\/uploads\/2023\/06\/\u56fe\u72476.png\" alt=\"ES-4-660\/740 Four Color Offset Printer\" width=\"500\" height=\"245\" srcset=\"https:\/\/estarmachinery.com\/wp-content\/uploads\/2023\/06\/\u56fe\u72476.png 474w, https:\/\/estarmachinery.com\/wp-content\/uploads\/2023\/06\/\u56fe\u72476-300x147.png 300w\" sizes=\"(max-width: 500px) 100vw, 500px\" \/><\/p>\n<p>Zylinder<\/p>\n<p>* Die Oberfl\u00e4che der Druckzylinder und Plattenzylinder besteht aus gespritztem Edelstahl, um die Lebensdauer der Druckmaschine zu verl\u00e4ngern.<\/p>\n<p>* Das dynamische Balance-Design kann Vibrationen w\u00e4hrend des Druckens reduzieren.<\/p>\n<p><img loading=\"lazy\" decoding=\"async\" class=\"wp-image-691 aligncenter\" src=\"https:\/\/estarmachinery.com\/wp-content\/uploads\/2023\/06\/\u56fe\u72477.png\" alt=\"ES-4-660\/740 Four Color Offset Printer\" width=\"500\" height=\"332\" srcset=\"https:\/\/estarmachinery.com\/wp-content\/uploads\/2023\/06\/\u56fe\u72477.png 494w, https:\/\/estarmachinery.com\/wp-content\/uploads\/2023\/06\/\u56fe\u72477-300x199.png 300w\" sizes=\"(max-width: 500px) 100vw, 500px\" \/><\/p>\n<p>Pneumatische Klemmleiste, Wechselplatte ohne Werkzeug<\/p>\n<p>* Die Spannung der Klemmstange wird durch importierte Schl\u00e4uche und Tellerfedern gesteuert, sodass sie flexibler im Betrieb ist.<\/p>\n<p>* Die Ecken der Zylinder werden durch einen hochpr\u00e4zisen Encoder gesteuert. Die Platten werden vom Programm automatisch installiert und demontiert. Somit kann es die Anforderungen des Druckunternehmens sowohl in der Langversion als auch in der Kurzversion erf\u00fcllen.<\/p>\n<p>* Das Ende der Klemmstange ist getrennt, damit das Papier glatter wird.<\/p>\n<p><img loading=\"lazy\" decoding=\"async\" class=\"aligncenter wp-image-692\" src=\"https:\/\/estarmachinery.com\/wp-content\/uploads\/2023\/06\/\u56fe\u72478.png\" alt=\"ES-4-660\/740 Four Color Offset Printer\" width=\"500\" height=\"406\" srcset=\"https:\/\/estarmachinery.com\/wp-content\/uploads\/2023\/06\/\u56fe\u72478.png 409w, https:\/\/estarmachinery.com\/wp-content\/uploads\/2023\/06\/\u56fe\u72478-300x244.png 300w\" sizes=\"(max-width: 500px) 100vw, 500px\" \/><\/p>\n<p>Konsole<\/p>\n<p>* Der Druckmaschinenspeicher oder die Auftragsspeicherkarte (Diskette) kann den aktuellen Auftrag speichern. Am aktuellen Auftrag vorgenommene \u00c4nderungen und Einstellungen werden an die Druckmaschine \u00fcbertragen. Im Druckmodus k\u00f6nnen Sie die Voreinstellungswerte f\u00fcr den n\u00e4chsten Auftrag in den Druckmaschinenspeicher eingeben oder auf einer Festplatte speichern.<\/p>\n<p>* CIP3\/CIP4<\/p>\n<p><img loading=\"lazy\" decoding=\"async\" class=\"aligncenter wp-image-693\" src=\"https:\/\/estarmachinery.com\/wp-content\/uploads\/2023\/06\/\u56fe\u72479.png\" alt=\"ES-4-660\/740 Four Color Offset Printer\" width=\"500\" height=\"333\" srcset=\"https:\/\/estarmachinery.com\/wp-content\/uploads\/2023\/06\/\u56fe\u72479.png 494w, https:\/\/estarmachinery.com\/wp-content\/uploads\/2023\/06\/\u56fe\u72479-300x200.png 300w\" sizes=\"(max-width: 500px) 100vw, 500px\" \/><\/p>\n<p>Konsole zur Steuerung der Tintenmenge (<strong><b>\u00d6<\/b><\/strong><strong><b>P<\/b><\/strong><strong><b>tio<\/b><\/strong><strong><b>N<\/b><\/strong><strong><b>A<\/b><\/strong><strong><b>l<\/b><\/strong>)<\/p>\n<p>* Jeder Tintenschl\u00fcssel in jeder Einheit kann \u00fcber die Konsole eingestellt werden.<\/p>\n<p>* Die Tintenmenge kann digital angezeigt und gespeichert werden.<\/p>\n<p>&nbsp;<\/p>\n<p><strong><em><b>Str<\/b><\/em><\/strong><strong><em><b>u<\/b><\/em><\/strong><strong><em><b>Strukturdurchm<\/b><\/em><\/strong><strong><em><b>G<\/b><\/em><\/strong><strong><em><b>R<\/b><\/em><\/strong><strong><em><b>A<\/b><\/em><\/strong><strong><em><b>M<\/b><\/em><\/strong><\/p>\n<p><img loading=\"lazy\" decoding=\"async\" class=\"aligncenter wp-image-694\" src=\"https:\/\/estarmachinery.com\/wp-content\/uploads\/2023\/06\/\u56fe\u724710.png\" alt=\"ES-4-660\/740 Four Color Offset Printer\" width=\"500\" height=\"140\" srcset=\"https:\/\/estarmachinery.com\/wp-content\/uploads\/2023\/06\/\u56fe\u724710.png 748w, https:\/\/estarmachinery.com\/wp-content\/uploads\/2023\/06\/\u56fe\u724710-300x84.png 300w, https:\/\/estarmachinery.com\/wp-content\/uploads\/2023\/06\/\u56fe\u724710-600x168.png 600w\" sizes=\"(max-width: 500px) 100vw, 500px\" \/><\/p>\n<p><strong><em><b>Fe<\/b><\/em><\/strong><strong><em><b>A<\/b><\/em><\/strong><strong><em><b>T<\/b><\/em><\/strong><strong><em><b>u<\/b><\/em><\/strong><strong><em><b>R<\/b><\/em><\/strong><strong><em><b>es:<\/b><\/em><\/strong><\/p>\n<ol>\n<li>\u00a0Der semiAPC (Automatic Plate Changer) verk\u00fcrzt die R\u00fcstzeit.<\/li>\n<li>Stellen Sie die Papierst\u00e4rke beim Drucken verschiedener Papierarten ein. Den Druckdruck in jeder Einheit automatisch, schnell und synchron anpassen.<\/li>\n<li>\u00a0Beim Non-Stopfeeder erfolgt der Stapelwechsel in Produktionsgeschwindigkeit. Es spart viel Zeit, wenn Sie dickes Papier und lange Versionen offline bearbeiten.<\/li>\n<li>\u00a0Es ist mit dem technologischen Busmodul CC-LINK von Mitsubishi ausgestattet.<\/li>\n<li>\u00a0Der Druckzylinder und die Transfertrommel mit doppeltem Durchmesser k\u00f6nnen die Zeiten f\u00fcr die Blatt\u00fcbernahme zwischen den Druckeinheiten verk\u00fcrzen.<\/li>\n<li>\u00a0Der Plattenzylinder ist in Umfangsrichtung, Querrichtung und Diagonalrichtung verstellbar.<\/li>\n<li>\u00a0Auf dem Plattenzylinder befinden sich f\u00fcnf Rollen. Es gibt eine Zwischenwalze im alkoholischen Feuchtsystem, die das \u201eGeisterbild\u201c beseitigen, einen schnellen Tinten-Wasser-Gleichgewicht erreichen und den Papierverbrauch senken kann.<\/li>\n<\/ol>","protected":false},"excerpt":{"rendered":"<p>ES-4-660\/740 Four Color Offset Printer TECHNICAL INFORMAITON Main Technical Parameters: Model ES-4-740 ES-4-660 Max. Speed 12000s\/h 12000s\/h Max. Paper Size 540\u00d7740mm 540\u00d7660mm Min. Paper Size 273\u00d7393mm 273\u00d7393mm Paper Sheet Thickness 0.06\uff0d0.6mm 0.06\uff0d0.6mm Max. Printing Area 528\u00d7730mm 528\u00d7650mm Plate Size 677\u00d7755\u00d70.3mm 677\u00d7675\u00d70.3mm Blanket Size 740\u00d7760\u00d71.9mm 740\u00d7680\u00d71.9mm Max. Feeder Pile Height 940mm 940mm Max. Delivery Pile Height [&hellip;]<\/p>","protected":false},"featured_media":684,"template":"","meta":{"site-sidebar-layout":"default","site-content-layout":"default","ast-site-content-layout":"default","site-content-style":"default","site-sidebar-style":"default","ast-global-header-display":"","ast-banner-title-visibility":"","ast-main-header-display":"","ast-hfb-above-header-display":"","ast-hfb-below-header-display":"","ast-hfb-mobile-header-display":"","site-post-title":"","ast-breadcrumbs-content":"","ast-featured-img":"","footer-sml-layout":"","ast-disable-related-posts":"","theme-transparent-header-meta":"default","adv-header-id-meta":"","stick-header-meta":"","header-above-stick-meta":"","header-main-stick-meta":"","header-below-stick-meta":"","astra-migrate-meta-layouts":"default","ast-page-background-enabled":"default","ast-page-background-meta":{"desktop":{"background-color":"","background-image":"","background-repeat":"repeat","background-position":"center center","background-size":"auto","background-attachment":"scroll","background-type":"","background-media":"","overlay-type":"","overlay-color":"","overlay-opacity":"","overlay-gradient":""},"tablet":{"background-color":"","background-image":"","background-repeat":"repeat","background-position":"center center","background-size":"auto","background-attachment":"scroll","background-type":"","background-media":"","overlay-type":"","overlay-color":"","overlay-opacity":"","overlay-gradient":""},"mobile":{"background-color":"","background-image":"","background-repeat":"repeat","background-position":"center center","background-size":"auto","background-attachment":"scroll","background-type":"","background-media":"","overlay-type":"","overlay-color":"","overlay-opacity":"","overlay-gradient":""}},"ast-content-background-meta":{"desktop":{"background-color":"var(--ast-global-color-5)","background-image":"","background-repeat":"repeat","background-position":"center center","background-size":"auto","background-attachment":"scroll","background-type":"","background-media":"","overlay-type":"","overlay-color":"","overlay-opacity":"","overlay-gradient":""},"tablet":{"background-color":"var(--ast-global-color-5)","background-image":"","background-repeat":"repeat","background-position":"center center","background-size":"auto","background-attachment":"scroll","background-type":"","background-media":"","overlay-type":"","overlay-color":"","overlay-opacity":"","overlay-gradient":""},"mobile":{"background-color":"var(--ast-global-color-5)","background-image":"","background-repeat":"repeat","background-position":"center center","background-size":"auto","background-attachment":"scroll","background-type":"","background-media":"","overlay-type":"","overlay-color":"","overlay-opacity":"","overlay-gradient":""}}},"product_brand":[],"product_cat":[53],"product_tag":[],"class_list":{"0":"post-677","1":"product","2":"type-product","3":"status-publish","4":"has-post-thumbnail","6":"product_cat-creasing-machine","7":"desktop-align-center","8":"tablet-align-left","9":"mobile-align-left","11":"first","12":"instock","13":"shipping-taxable","14":"product-type-simple"},"_links":{"self":[{"href":"https:\/\/estarmachinery.com\/de\/wp-json\/wp\/v2\/product\/677","targetHints":{"allow":["GET"]}}],"collection":[{"href":"https:\/\/estarmachinery.com\/de\/wp-json\/wp\/v2\/product"}],"about":[{"href":"https:\/\/estarmachinery.com\/de\/wp-json\/wp\/v2\/types\/product"}],"wp:featuredmedia":[{"embeddable":true,"href":"https:\/\/estarmachinery.com\/de\/wp-json\/wp\/v2\/media\/684"}],"wp:attachment":[{"href":"https:\/\/estarmachinery.com\/de\/wp-json\/wp\/v2\/media?parent=677"}],"wp:term":[{"taxonomy":"product_brand","embeddable":true,"href":"https:\/\/estarmachinery.com\/de\/wp-json\/wp\/v2\/product_brand?post=677"},{"taxonomy":"product_cat","embeddable":true,"href":"https:\/\/estarmachinery.com\/de\/wp-json\/wp\/v2\/product_cat?post=677"},{"taxonomy":"product_tag","embeddable":true,"href":"https:\/\/estarmachinery.com\/de\/wp-json\/wp\/v2\/product_tag?post=677"}],"curies":[{"name":"wp","href":"https:\/\/api.w.org\/{rel}","templated":true}]}}