{"id":733,"date":"2023-06-19T02:13:28","date_gmt":"2023-06-19T02:13:28","guid":{"rendered":"https:\/\/estarmachinery.com\/?post_type=product&#038;p=733"},"modified":"2023-07-06T07:10:41","modified_gmt":"2023-07-06T07:10:41","slug":"6-trays-10-trays-12-trays-digital-paper-collator-machine","status":"publish","type":"product","link":"https:\/\/estarmachinery.com\/de\/produkt\/6-trays-10-trays-12-trays-digital-paper-collator-machine\/","title":{"rendered":"6 F\u00e4cher\/10 F\u00e4cher\/12 F\u00e4cher Digitale Papiersortiermaschine"},"content":{"rendered":"<p style=\"text-align: center;\"><strong><b>6 Tabletts\/10 Tabletts\/12 Tabletts <\/b><\/strong><strong><b>Digitale Papiersortiermaschine<\/b><\/strong><\/p>\n<p><img fetchpriority=\"high\" decoding=\"async\" class=\"size-full wp-image-738 aligncenter\" src=\"https:\/\/estarmachinery.com\/wp-content\/uploads\/2023\/06\/\u5fae\u4fe1\u622a\u56fe_20230619101142.png\" alt=\"6 trays\/10 trays\/12 trays Digital Paper Collator Machine \" width=\"776\" height=\"399\" srcset=\"https:\/\/estarmachinery.com\/wp-content\/uploads\/2023\/06\/\u5fae\u4fe1\u622a\u56fe_20230619101142.png 776w, https:\/\/estarmachinery.com\/wp-content\/uploads\/2023\/06\/\u5fae\u4fe1\u622a\u56fe_20230619101142-300x154.png 300w, https:\/\/estarmachinery.com\/wp-content\/uploads\/2023\/06\/\u5fae\u4fe1\u622a\u56fe_20230619101142-768x395.png 768w, https:\/\/estarmachinery.com\/wp-content\/uploads\/2023\/06\/\u5fae\u4fe1\u622a\u56fe_20230619101142-600x309.png 600w\" sizes=\"(max-width: 776px) 100vw, 776px\" \/><\/p>\n<table>\n<tbody>\n<tr>\n<td width=\"229\">Modell<\/td>\n<td width=\"415\">ES-P6<\/td>\n<td width=\"434\">ES-P10<\/td>\n<td width=\"431\">ES-P12<\/td>\n<\/tr>\n<tr>\n<td width=\"229\">Bahnhof<\/td>\n<td width=\"415\">6<\/td>\n<td width=\"434\">10<\/td>\n<td width=\"431\">12<\/td>\n<\/tr>\n<tr>\n<td width=\"229\">Geschwindigkeit<\/td>\n<td width=\"415\">2800 Blatt\/Stunde (Papier im A4-Format)<\/p>\n<p>2200 Blatt\/Stunde (Papier im A3-Format)<\/td>\n<td width=\"434\">3000 Blatt\/Stunde (Papier im A4-Format)<\/p>\n<p>2500 Blatt\/Stunde (Papier im A3-Format)<\/td>\n<td width=\"431\">3800 Blatt\/Stunde (Papier im A4-Format)<\/p>\n<p>3000 Blatt\/Stunde (Papier im A3-Format)<\/td>\n<\/tr>\n<tr>\n<td width=\"229\">Papier gr\u00f6\u00dfe<\/td>\n<td colspan=\"3\" width=\"1282\">A3-A5<\/td>\n<\/tr>\n<tr>\n<td width=\"229\">Papierqualit\u00e4t<\/td>\n<td colspan=\"3\" width=\"1282\">40\u2013210 g\/m\u00b2 (das erste Blatt und das letzte Blatt).<\/p>\n<p>55 \u2013 120 g\/m\u00b2 (die mittleren Bl\u00e4tter)<\/td>\n<\/tr>\n<tr>\n<td width=\"229\">Kapazit\u00e4t der Station<\/td>\n<td colspan=\"3\" width=\"1282\">250 Blatt<\/td>\n<\/tr>\n<tr>\n<td width=\"229\">Stapelkapazit\u00e4t<\/td>\n<td colspan=\"3\" width=\"1282\">600 Blatt<\/td>\n<\/tr>\n<tr>\n<td width=\"229\">Stapelger\u00e4t<\/td>\n<td colspan=\"3\" width=\"1282\">Kreuzsortierung<\/td>\n<\/tr>\n<tr>\n<td width=\"229\">Fehleranzeige<\/td>\n<td colspan=\"3\" width=\"1282\">Doppelter Papiereinzug, Papierstau, kein Papier mehr, kein Papier, Ausgabefach voll, Fehleinzug des Papiers, Hintert\u00fcr offen.<\/td>\n<\/tr>\n<tr>\n<td width=\"229\">Leistung<\/td>\n<td colspan=\"3\" width=\"1282\">AC220V 180W<\/td>\n<\/tr>\n<tr>\n<td width=\"229\">Reingewicht<\/td>\n<td width=\"415\">ca.63kg<\/td>\n<td width=\"434\">73kg<\/td>\n<td width=\"431\">90kg<\/td>\n<\/tr>\n<tr>\n<td width=\"229\">Bruttogewicht<\/td>\n<td width=\"415\">ca.78kg<\/td>\n<td width=\"434\">93kg<\/td>\n<td width=\"431\">110kg<\/td>\n<\/tr>\n<tr>\n<td width=\"229\">Volumen<\/td>\n<td colspan=\"3\" width=\"1282\">\u00a0\u00a0900*710*970mm (XH-C6) 1270*710*970mm (XH-C10) 1300*710*970mm (XH-C12)<\/td>\n<\/tr>\n<tr>\n<td colspan=\"4\" width=\"1512\"><strong>LEISTUNG UND FUNKTION <\/strong><\/p>\n<p>Es ist eine Voreinstellung der Anzahl der Kopien m\u00f6glich.<\/p>\n<p>Automatische Abschaltanzeige bei Fehlern wie Doppelblatteinzug, Papierstau, kein Papier mehr, Papierfach voll usw.<\/p>\n<p>Es stehen zwei Stapelmodi zur Verf\u00fcgung: \u00dcberkreuzter Stapelmodus, gerader Stapelmodus<\/p>\n<p><strong>EINZIGARTIGE SCHNITTSTELLE<\/strong><\/p>\n<p>Der digitale Papiersortierer XSHEEN ist mit einem Soft-Touch-Fl\u00fcssigkristalldisplay ausgestattet und einfach zu bedienen<\/p>\n<p><strong>FLEXIBLER Z\u00c4HLMODUS <\/strong><\/p>\n<p>Der digitale Papiersortierer XSHEEN bietet zwei Z\u00e4hlmodi:<\/p>\n<p>Count-Down-Modus und Count-Forward-Modus<\/p>\n<p>Countdown-Modus: Stellen Sie vor dem Start die gew\u00fcnschte Sortierzahl ein. Die Zusammentragmaschine z\u00e4hlt herunter. Die Maschine stoppt automatisch, wenn die Zahl auf Null geht.<\/p>\n<p>Vorw\u00e4rtsz\u00e4hlmodus: Die Zusammentragmaschine z\u00e4hlt vorw\u00e4rts, bis alle Druckbogen vollst\u00e4ndig zusammengetragen sind.<\/td>\n<\/tr>\n<\/tbody>\n<\/table>","protected":false},"excerpt":{"rendered":"<p>6 trays\/10 trays\/12 trays Digital Paper Collator Machine Model ES-P6 ES-P10 ES-P12 Station 6 10 12 Speed 2800shets\/hour\u00a0(A4\u00a0size paper) 2200sheets\/hour (A3 size paper) 3000shets\/hour\u00a0(A4\u00a0size paper) 2500sheets\/hour (A3 size paper) 3800shets\/hour\u00a0(A4\u00a0size paper) 3000sheets\/hour (A3 size paper) Paper size A3-A5 Paper\u00a0quality 40-210g\/m\u00b2 \uff08the first sheet and the last sheet \uff09 55 \u2013 120 gsm ( the middle [&hellip;]<\/p>","protected":false},"featured_media":736,"template":"","meta":{"site-sidebar-layout":"default","site-content-layout":"default","ast-site-content-layout":"default","site-content-style":"default","site-sidebar-style":"default","ast-global-header-display":"","ast-banner-title-visibility":"","ast-main-header-display":"","ast-hfb-above-header-display":"","ast-hfb-below-header-display":"","ast-hfb-mobile-header-display":"","site-post-title":"","ast-breadcrumbs-content":"","ast-featured-img":"","footer-sml-layout":"","ast-disable-related-posts":"","theme-transparent-header-meta":"default","adv-header-id-meta":"","stick-header-meta":"","header-above-stick-meta":"","header-main-stick-meta":"","header-below-stick-meta":"","astra-migrate-meta-layouts":"default","ast-page-background-enabled":"default","ast-page-background-meta":{"desktop":{"background-color":"","background-image":"","background-repeat":"repeat","background-position":"center center","background-size":"auto","background-attachment":"scroll","background-type":"","background-media":"","overlay-type":"","overlay-color":"","overlay-opacity":"","overlay-gradient":""},"tablet":{"background-color":"","background-image":"","background-repeat":"repeat","background-position":"center center","background-size":"auto","background-attachment":"scroll","background-type":"","background-media":"","overlay-type":"","overlay-color":"","overlay-opacity":"","overlay-gradient":""},"mobile":{"background-color":"","background-image":"","background-repeat":"repeat","background-position":"center center","background-size":"auto","background-attachment":"scroll","background-type":"","background-media":"","overlay-type":"","overlay-color":"","overlay-opacity":"","overlay-gradient":""}},"ast-content-background-meta":{"desktop":{"background-color":"var(--ast-global-color-5)","background-image":"","background-repeat":"repeat","background-position":"center center","background-size":"auto","background-attachment":"scroll","background-type":"","background-media":"","overlay-type":"","overlay-color":"","overlay-opacity":"","overlay-gradient":""},"tablet":{"background-color":"var(--ast-global-color-5)","background-image":"","background-repeat":"repeat","background-position":"center center","background-size":"auto","background-attachment":"scroll","background-type":"","background-media":"","overlay-type":"","overlay-color":"","overlay-opacity":"","overlay-gradient":""},"mobile":{"background-color":"var(--ast-global-color-5)","background-image":"","background-repeat":"repeat","background-position":"center center","background-size":"auto","background-attachment":"scroll","background-type":"","background-media":"","overlay-type":"","overlay-color":"","overlay-opacity":"","overlay-gradient":""}}},"product_brand":[],"product_cat":[46],"product_tag":[],"class_list":{"0":"post-733","1":"product","2":"type-product","3":"status-publish","4":"has-post-thumbnail","6":"product_cat-paper-collator","7":"desktop-align-center","8":"tablet-align-left","9":"mobile-align-left","11":"first","12":"instock","13":"shipping-taxable","14":"product-type-simple"},"_links":{"self":[{"href":"https:\/\/estarmachinery.com\/de\/wp-json\/wp\/v2\/product\/733","targetHints":{"allow":["GET"]}}],"collection":[{"href":"https:\/\/estarmachinery.com\/de\/wp-json\/wp\/v2\/product"}],"about":[{"href":"https:\/\/estarmachinery.com\/de\/wp-json\/wp\/v2\/types\/product"}],"wp:featuredmedia":[{"embeddable":true,"href":"https:\/\/estarmachinery.com\/de\/wp-json\/wp\/v2\/media\/736"}],"wp:attachment":[{"href":"https:\/\/estarmachinery.com\/de\/wp-json\/wp\/v2\/media?parent=733"}],"wp:term":[{"taxonomy":"product_brand","embeddable":true,"href":"https:\/\/estarmachinery.com\/de\/wp-json\/wp\/v2\/product_brand?post=733"},{"taxonomy":"product_cat","embeddable":true,"href":"https:\/\/estarmachinery.com\/de\/wp-json\/wp\/v2\/product_cat?post=733"},{"taxonomy":"product_tag","embeddable":true,"href":"https:\/\/estarmachinery.com\/de\/wp-json\/wp\/v2\/product_tag?post=733"}],"curies":[{"name":"wp","href":"https:\/\/api.w.org\/{rel}","templated":true}]}}