{"id":739,"date":"2023-06-19T02:16:07","date_gmt":"2023-06-19T02:16:07","guid":{"rendered":"https:\/\/estarmachinery.com\/?post_type=product&#038;p=739"},"modified":"2023-07-13T08:55:36","modified_gmt":"2023-07-13T08:55:36","slug":"digital-paper-collator-machine","status":"publish","type":"product","link":"https:\/\/estarmachinery.com\/de\/produkt\/digital-paper-collator-machine\/","title":{"rendered":"Digitale Papiersortiermaschine"},"content":{"rendered":"<p style=\"text-align: center;\"><strong><b>Digitale Papiersortiermaschine<\/b><\/strong><\/p>\n<p><img fetchpriority=\"high\" decoding=\"async\" class=\"size-full wp-image-742 aligncenter\" src=\"https:\/\/estarmachinery.com\/wp-content\/uploads\/2023\/06\/e9dc6efbbb44751d22fbe67b9d81593.jpg\" alt=\"Digital Paper Collator Machine\" width=\"800\" height=\"800\" srcset=\"https:\/\/estarmachinery.com\/wp-content\/uploads\/2023\/06\/e9dc6efbbb44751d22fbe67b9d81593.jpg 800w, https:\/\/estarmachinery.com\/wp-content\/uploads\/2023\/06\/e9dc6efbbb44751d22fbe67b9d81593-300x300.jpg 300w, https:\/\/estarmachinery.com\/wp-content\/uploads\/2023\/06\/e9dc6efbbb44751d22fbe67b9d81593-150x150.jpg 150w, https:\/\/estarmachinery.com\/wp-content\/uploads\/2023\/06\/e9dc6efbbb44751d22fbe67b9d81593-768x768.jpg 768w, https:\/\/estarmachinery.com\/wp-content\/uploads\/2023\/06\/e9dc6efbbb44751d22fbe67b9d81593-600x600.jpg 600w, https:\/\/estarmachinery.com\/wp-content\/uploads\/2023\/06\/e9dc6efbbb44751d22fbe67b9d81593-100x100.jpg 100w\" sizes=\"(max-width: 800px) 100vw, 800px\" \/><\/p>\n<table>\n<tbody>\n<tr>\n<td width=\"329\">Modell<\/td>\n<td width=\"376\">ES-P4-440<\/td>\n<td width=\"301\">ES-P6-560<\/td>\n<td colspan=\"2\" width=\"478\">ES-P14-650<\/td>\n<\/tr>\n<tr>\n<td width=\"329\">Max. Papier gr\u00f6\u00dfe<\/td>\n<td width=\"376\">440*300mm<\/td>\n<td width=\"301\">560*400mm<\/td>\n<td colspan=\"2\" width=\"478\">650*450mm<\/td>\n<\/tr>\n<tr>\n<td colspan=\"5\" width=\"1486\">PS: Der N\u00e4hteil ist optional, die Kosten f\u00fcr den zus\u00e4tzlichen N\u00e4hteil betragen 6.000 USD<\/td>\n<\/tr>\n<tr>\n<td width=\"329\">Mindest. Papier gr\u00f6\u00dfe<\/td>\n<td colspan=\"4\" width=\"1156\">297*210mm<\/td>\n<\/tr>\n<tr>\n<td width=\"329\">Papierst\u00e4rke<\/td>\n<td colspan=\"4\" width=\"1156\">30-1000GSM<\/td>\n<\/tr>\n<tr>\n<td width=\"329\">Maximale Ladeh\u00f6he<\/td>\n<td colspan=\"4\" width=\"1156\">450mm<\/td>\n<\/tr>\n<tr>\n<td width=\"329\">Max. Geschwindigkeit<\/td>\n<td colspan=\"4\" width=\"1156\">2000 Blatt\/Stunde<\/td>\n<\/tr>\n<tr>\n<td width=\"329\">Leistung<\/td>\n<td width=\"376\">380 V 50 Hz 5,5 kW<\/td>\n<td colspan=\"2\" width=\"348\">380 V 50 Hz 6,8 kW<\/td>\n<td width=\"430\">380V 50Hz 10kw<\/td>\n<\/tr>\n<tr>\n<td width=\"329\">Ma\u00dfe<\/td>\n<td width=\"376\">3200x1700x1300mm<\/td>\n<td colspan=\"2\" width=\"348\">3800x1400x1300mm<\/td>\n<td width=\"430\">8500x1900x1400mm<\/td>\n<\/tr>\n<tr>\n<td width=\"329\">Gewicht<\/td>\n<td width=\"376\">800kg<\/td>\n<td colspan=\"2\" width=\"348\">1000kg<\/td>\n<td width=\"430\">1700 kg<\/td>\n<\/tr>\n<tr>\n<td colspan=\"5\" width=\"1486\"><strong>Maschinenmerkmale:<\/strong><\/p>\n<p>1. Die Maschine hat eine kompakte Struktur und einen geringen Platzbedarf. Es kann f\u00fcr die Sortierung mehrerer Seiten angepasst werden, ohne die Sortiergeschwindigkeit zu beeintr\u00e4chtigen.<\/p>\n<p>2. Erweiterte SPS-Touchscreen-Steuerung<\/p>\n<p>3. Papierzufuhr in vertikaler Richtung und Papiertransport in horizontaler Richtung durch pr\u00e4zise Zahnriemenf\u00f6rdervorrichtung. Das Papier wird durch Vibration gesammelt, um die Ordnung der endg\u00fcltig zusammengestellten Seiten sicherzustellen.<\/p>\n<p>4. Ausgestattet mit einem hochentwickelten Papiererkennungsger\u00e4t, z. B. dem automatischen Ausf\u00fcllen fehlender Seiten, einem Doppelblatt-Alarmger\u00e4t usw<\/p>\n<p>5. Der Buchheftungsteil oder Buchheftungsteil ist optional.<\/td>\n<\/tr>\n<\/tbody>\n<\/table>","protected":false},"excerpt":{"rendered":"<p>Digital Paper Collator Machine Model ES-P4-440 ES-P6-560 ES-P14-650 Max. paper size 440*300mm 560*400mm 650*450mm PS: The sewing part is optional, the cost is USD6000 for extra sewing part Min. paper size 297*210mm Paper thickness 30-1000GSM Max .loading height 450mm Max. speed 2000 sheets\/hour Power 380V 50Hz 5.5kw 380V 50Hz 6.8kw 380V 50Hz 10kw Dimensions 3200x1700x1300mm [&hellip;]<\/p>","protected":false},"featured_media":740,"template":"","meta":{"site-sidebar-layout":"default","site-content-layout":"default","ast-site-content-layout":"default","site-content-style":"default","site-sidebar-style":"default","ast-global-header-display":"","ast-banner-title-visibility":"","ast-main-header-display":"","ast-hfb-above-header-display":"","ast-hfb-below-header-display":"","ast-hfb-mobile-header-display":"","site-post-title":"","ast-breadcrumbs-content":"","ast-featured-img":"","footer-sml-layout":"","ast-disable-related-posts":"","theme-transparent-header-meta":"default","adv-header-id-meta":"","stick-header-meta":"","header-above-stick-meta":"","header-main-stick-meta":"","header-below-stick-meta":"","astra-migrate-meta-layouts":"default","ast-page-background-enabled":"default","ast-page-background-meta":{"desktop":{"background-color":"","background-image":"","background-repeat":"repeat","background-position":"center center","background-size":"auto","background-attachment":"scroll","background-type":"","background-media":"","overlay-type":"","overlay-color":"","overlay-opacity":"","overlay-gradient":""},"tablet":{"background-color":"","background-image":"","background-repeat":"repeat","background-position":"center center","background-size":"auto","background-attachment":"scroll","background-type":"","background-media":"","overlay-type":"","overlay-color":"","overlay-opacity":"","overlay-gradient":""},"mobile":{"background-color":"","background-image":"","background-repeat":"repeat","background-position":"center center","background-size":"auto","background-attachment":"scroll","background-type":"","background-media":"","overlay-type":"","overlay-color":"","overlay-opacity":"","overlay-gradient":""}},"ast-content-background-meta":{"desktop":{"background-color":"var(--ast-global-color-5)","background-image":"","background-repeat":"repeat","background-position":"center center","background-size":"auto","background-attachment":"scroll","background-type":"","background-media":"","overlay-type":"","overlay-color":"","overlay-opacity":"","overlay-gradient":""},"tablet":{"background-color":"var(--ast-global-color-5)","background-image":"","background-repeat":"repeat","background-position":"center center","background-size":"auto","background-attachment":"scroll","background-type":"","background-media":"","overlay-type":"","overlay-color":"","overlay-opacity":"","overlay-gradient":""},"mobile":{"background-color":"var(--ast-global-color-5)","background-image":"","background-repeat":"repeat","background-position":"center center","background-size":"auto","background-attachment":"scroll","background-type":"","background-media":"","overlay-type":"","overlay-color":"","overlay-opacity":"","overlay-gradient":""}}},"product_brand":[],"product_cat":[60,46],"product_tag":[],"class_list":{"0":"post-739","1":"product","2":"type-product","3":"status-publish","4":"has-post-thumbnail","6":"product_cat-hot-machine","7":"product_cat-paper-collator","8":"desktop-align-center","9":"tablet-align-left","10":"mobile-align-left","12":"first","13":"instock","14":"shipping-taxable","15":"product-type-simple"},"_links":{"self":[{"href":"https:\/\/estarmachinery.com\/de\/wp-json\/wp\/v2\/product\/739","targetHints":{"allow":["GET"]}}],"collection":[{"href":"https:\/\/estarmachinery.com\/de\/wp-json\/wp\/v2\/product"}],"about":[{"href":"https:\/\/estarmachinery.com\/de\/wp-json\/wp\/v2\/types\/product"}],"wp:featuredmedia":[{"embeddable":true,"href":"https:\/\/estarmachinery.com\/de\/wp-json\/wp\/v2\/media\/740"}],"wp:attachment":[{"href":"https:\/\/estarmachinery.com\/de\/wp-json\/wp\/v2\/media?parent=739"}],"wp:term":[{"taxonomy":"product_brand","embeddable":true,"href":"https:\/\/estarmachinery.com\/de\/wp-json\/wp\/v2\/product_brand?post=739"},{"taxonomy":"product_cat","embeddable":true,"href":"https:\/\/estarmachinery.com\/de\/wp-json\/wp\/v2\/product_cat?post=739"},{"taxonomy":"product_tag","embeddable":true,"href":"https:\/\/estarmachinery.com\/de\/wp-json\/wp\/v2\/product_tag?post=739"}],"curies":[{"name":"wp","href":"https:\/\/api.w.org\/{rel}","templated":true}]}}