{"id":760,"date":"2023-06-19T02:28:41","date_gmt":"2023-06-19T02:28:41","guid":{"rendered":"https:\/\/estarmachinery.com\/?post_type=product&#038;p=760"},"modified":"2023-07-06T07:04:34","modified_gmt":"2023-07-06T07:04:34","slug":"xh4fc-a3-desktop-paper-folding-machine","status":"publish","type":"product","link":"https:\/\/estarmachinery.com\/de\/produkt\/xh4fc-a3-desktop-paper-folding-machine\/","title":{"rendered":"XH4FC-A3 Desktop-Papierfaltmaschine"},"content":{"rendered":"<p style=\"text-align: center;\"><strong>XH2F-A3<\/strong><strong> Desktop-Papierfaltmaschine<\/strong><\/p>\n<p><img fetchpriority=\"high\" decoding=\"async\" class=\"size-full wp-image-753 aligncenter\" src=\"https:\/\/estarmachinery.com\/wp-content\/uploads\/2023\/06\/\u8c03\u6574\u5927\u5c0f-\u516d\u68b3\u673a\u6b63\u9762\u56fe.jpg\" alt=\"\" width=\"800\" height=\"800\" srcset=\"https:\/\/estarmachinery.com\/wp-content\/uploads\/2023\/06\/\u8c03\u6574\u5927\u5c0f-\u516d\u68b3\u673a\u6b63\u9762\u56fe.jpg 800w, https:\/\/estarmachinery.com\/wp-content\/uploads\/2023\/06\/\u8c03\u6574\u5927\u5c0f-\u516d\u68b3\u673a\u6b63\u9762\u56fe-300x300.jpg 300w, https:\/\/estarmachinery.com\/wp-content\/uploads\/2023\/06\/\u8c03\u6574\u5927\u5c0f-\u516d\u68b3\u673a\u6b63\u9762\u56fe-150x150.jpg 150w, https:\/\/estarmachinery.com\/wp-content\/uploads\/2023\/06\/\u8c03\u6574\u5927\u5c0f-\u516d\u68b3\u673a\u6b63\u9762\u56fe-768x768.jpg 768w, https:\/\/estarmachinery.com\/wp-content\/uploads\/2023\/06\/\u8c03\u6574\u5927\u5c0f-\u516d\u68b3\u673a\u6b63\u9762\u56fe-600x600.jpg 600w, https:\/\/estarmachinery.com\/wp-content\/uploads\/2023\/06\/\u8c03\u6574\u5927\u5c0f-\u516d\u68b3\u673a\u6b63\u9762\u56fe-100x100.jpg 100w\" sizes=\"(max-width: 800px) 100vw, 800px\" \/><\/p>\n<table>\n<tbody>\n<tr>\n<td colspan=\"2\" width=\"1296\"><strong>Spezifikation<\/strong><\/td>\n<\/tr>\n<tr>\n<td width=\"336\">F\u00fctterungsmethode<\/td>\n<td width=\"960\">Aufnahmewalze<\/td>\n<\/tr>\n<tr>\n<td width=\"336\">Stromversorgung<\/td>\n<td width=\"960\">220V50Hz 0,4A 120W<\/td>\n<\/tr>\n<tr>\n<td width=\"336\">Papier gr\u00f6\u00dfe<\/td>\n<td width=\"960\">Max. 297 (B) x 432 (L) mm Min. 68 (B) x 86 (L) mm<\/td>\n<\/tr>\n<tr>\n<td width=\"336\">Papiertyp<\/td>\n<td width=\"960\">50g-180g Hochwertiges Papier, Recyclingpapier, Bondpapier<\/td>\n<\/tr>\n<tr>\n<td width=\"336\">Schalter :<\/td>\n<td width=\"960\">4 Ziffern (aufw\u00e4rts z\u00e4hlen), 3 Ziffern (abw\u00e4rts z\u00e4hlen)<\/td>\n<\/tr>\n<tr>\n<td width=\"336\">Anhang<\/td>\n<td width=\"960\">Eine Gruppe von Linienpresswalzen (mehr als drei)<\/td>\n<\/tr>\n<tr>\n<td width=\"336\">Geschwindigkeit<\/td>\n<td width=\"960\">120 Blatt pro Minute (220 V, A4-Feinpapier 80 g\/\u33a1, Einfachfalz)<\/td>\n<\/tr>\n<tr>\n<td width=\"336\">Papierladekapazit\u00e4t<\/td>\n<td width=\"960\">500 Blatt<\/td>\n<\/tr>\n<tr>\n<td width=\"336\">Ma\u00dfe:<\/td>\n<td width=\"960\">1240 (B)\u00d7 550 (T)\u00d7 464 (H)<\/td>\n<\/tr>\n<tr>\n<td width=\"336\">Reingewicht:<\/td>\n<td width=\"960\">48 kg<\/td>\n<\/tr>\n<\/tbody>\n<\/table>\n<p><img decoding=\"async\" class=\"alignnone  wp-image-761\" src=\"https:\/\/estarmachinery.com\/wp-content\/uploads\/2023\/06\/111.png\" alt=\"\" width=\"1042\" height=\"308\" srcset=\"https:\/\/estarmachinery.com\/wp-content\/uploads\/2023\/06\/111.png 989w, https:\/\/estarmachinery.com\/wp-content\/uploads\/2023\/06\/111-300x89.png 300w, https:\/\/estarmachinery.com\/wp-content\/uploads\/2023\/06\/111-768x227.png 768w, https:\/\/estarmachinery.com\/wp-content\/uploads\/2023\/06\/111-600x177.png 600w\" sizes=\"(max-width: 1042px) 100vw, 1042px\" \/><\/p>\n<p>&nbsp;<\/p>","protected":false},"excerpt":{"rendered":"<p>XH2F-A3 Desktop paper folding machine Specification Feeding Method Pickup roller Power supply 220V50Hz 0.4A 120W Paper Size Max.297(W)x432(L)mm \u00a0\u00a0Min.68 (W)x86(L)mm Paper Type 50g-180g \u00a0Fine quality paper, Recycled paper, Bond paper Counter : 4 digits (count up), 3 digits (count down) Attachment A group of line press rollers (more than three) Speed 120 sheets per minute [&hellip;]<\/p>","protected":false},"featured_media":754,"template":"","meta":{"site-sidebar-layout":"default","site-content-layout":"default","ast-site-content-layout":"default","site-content-style":"default","site-sidebar-style":"default","ast-global-header-display":"","ast-banner-title-visibility":"","ast-main-header-display":"","ast-hfb-above-header-display":"","ast-hfb-below-header-display":"","ast-hfb-mobile-header-display":"","site-post-title":"","ast-breadcrumbs-content":"","ast-featured-img":"","footer-sml-layout":"","theme-transparent-header-meta":"default","adv-header-id-meta":"","stick-header-meta":"","header-above-stick-meta":"","header-main-stick-meta":"","header-below-stick-meta":"","astra-migrate-meta-layouts":"default","ast-page-background-enabled":"default","ast-page-background-meta":{"desktop":{"background-color":"","background-image":"","background-repeat":"repeat","background-position":"center center","background-size":"auto","background-attachment":"scroll","background-type":"","background-media":"","overlay-type":"","overlay-color":"","overlay-opacity":"","overlay-gradient":""},"tablet":{"background-color":"","background-image":"","background-repeat":"repeat","background-position":"center center","background-size":"auto","background-attachment":"scroll","background-type":"","background-media":"","overlay-type":"","overlay-color":"","overlay-opacity":"","overlay-gradient":""},"mobile":{"background-color":"","background-image":"","background-repeat":"repeat","background-position":"center center","background-size":"auto","background-attachment":"scroll","background-type":"","background-media":"","overlay-type":"","overlay-color":"","overlay-opacity":"","overlay-gradient":""}},"ast-content-background-meta":{"desktop":{"background-color":"var(--ast-global-color-5)","background-image":"","background-repeat":"repeat","background-position":"center center","background-size":"auto","background-attachment":"scroll","background-type":"","background-media":"","overlay-type":"","overlay-color":"","overlay-opacity":"","overlay-gradient":""},"tablet":{"background-color":"var(--ast-global-color-5)","background-image":"","background-repeat":"repeat","background-position":"center center","background-size":"auto","background-attachment":"scroll","background-type":"","background-media":"","overlay-type":"","overlay-color":"","overlay-opacity":"","overlay-gradient":""},"mobile":{"background-color":"var(--ast-global-color-5)","background-image":"","background-repeat":"repeat","background-position":"center center","background-size":"auto","background-attachment":"scroll","background-type":"","background-media":"","overlay-type":"","overlay-color":"","overlay-opacity":"","overlay-gradient":""}}},"product_brand":[],"product_cat":[47],"product_tag":[],"class_list":{"0":"post-760","1":"product","2":"type-product","3":"status-publish","4":"has-post-thumbnail","6":"product_cat-folding-machine","7":"desktop-align-center","8":"tablet-align-left","9":"mobile-align-left","11":"first","12":"instock","13":"shipping-taxable","14":"product-type-simple"},"_links":{"self":[{"href":"https:\/\/estarmachinery.com\/de\/wp-json\/wp\/v2\/product\/760","targetHints":{"allow":["GET"]}}],"collection":[{"href":"https:\/\/estarmachinery.com\/de\/wp-json\/wp\/v2\/product"}],"about":[{"href":"https:\/\/estarmachinery.com\/de\/wp-json\/wp\/v2\/types\/product"}],"wp:featuredmedia":[{"embeddable":true,"href":"https:\/\/estarmachinery.com\/de\/wp-json\/wp\/v2\/media\/754"}],"wp:attachment":[{"href":"https:\/\/estarmachinery.com\/de\/wp-json\/wp\/v2\/media?parent=760"}],"wp:term":[{"taxonomy":"product_brand","embeddable":true,"href":"https:\/\/estarmachinery.com\/de\/wp-json\/wp\/v2\/product_brand?post=760"},{"taxonomy":"product_cat","embeddable":true,"href":"https:\/\/estarmachinery.com\/de\/wp-json\/wp\/v2\/product_cat?post=760"},{"taxonomy":"product_tag","embeddable":true,"href":"https:\/\/estarmachinery.com\/de\/wp-json\/wp\/v2\/product_tag?post=760"}],"curies":[{"name":"wp","href":"https:\/\/api.w.org\/{rel}","templated":true}]}}