{"id":1357,"date":"2023-08-22T03:59:57","date_gmt":"2023-08-22T03:59:57","guid":{"rendered":"https:\/\/estarmachinery.com\/?post_type=product&#038;p=1357"},"modified":"2023-08-22T04:02:13","modified_gmt":"2023-08-22T04:02:13","slug":"automatic-high-speed-paper-counter-paper-counting-machine","status":"publish","type":"product","link":"https:\/\/estarmachinery.com\/es\/producto\/automatic-high-speed-paper-counter-paper-counting-machine\/","title":{"rendered":"M\u00e1quina autom\u00e1tica de conteo de papel de contador de papel de alta velocidad"},"content":{"rendered":"<p>M\u00e1quina autom\u00e1tica de conteo de papel de contador de papel de alta velocidad<\/p>\n<h3 class=\"magic-2\" data-spm-anchor-id=\"a2700.details.0.i28.5bf366fcvlprgS\">Caracter\u00edsticas:<\/h3>\n<div class=\"magic-3\">\n<div class=\"magic-4\">\n<div class=\"magic-5\" data-spm-anchor-id=\"a2700.details.0.i26.5bf366fcvlprgS\"><span data-spm-anchor-id=\"a2700.details.0.i27.5bf366fcvlprgS\">Hay 2 modos de operaci\u00f3n: 1. Modo de conteo: en este modo, la m\u00e1quina cuenta la pila de papel, sin inserci\u00f3n de pesta\u00f1as. 2. Modo de conteo de lotes: en este modo, la m\u00e1quina puede contar ciertos n\u00fameros de hojas con inserci\u00f3n de pesta\u00f1as. M\u00e1quina de tama\u00f1o peque\u00f1o, velocidad de conteo de 1000 hojas por minuto, la m\u00e1quina funciona de manera estable y cuenta con precisi\u00f3n. Control de pantalla t\u00e1ctil, f\u00e1cil de operar.<\/span><\/div>\n<div data-spm-anchor-id=\"a2700.details.0.i26.5bf366fcvlprgS\">\n<div class=\"J_module\">\n<div class=\"icbu-pc-detailManyImage magic-7\">\n<div class=\"magic-8\"><a href=\"https:\/\/estarmachinery.com\/es\/categoria-producto\/counting-machine\/\"><img decoding=\"async\" class=\"magic-9\" src=\"https:\/\/sc04.alicdn.com\/kf\/Hb0cf1eeb6df74cf8a7a546d480d397e7t\/268582949\/Hb0cf1eeb6df74cf8a7a546d480d397e7t.jpg\" data-src=\"\/\/sc04.alicdn.com\/kf\/Hb0cf1eeb6df74cf8a7a546d480d397e7t\/268582949\/Hb0cf1eeb6df74cf8a7a546d480d397e7t.jpg\" data-spm-anchor-id=\"a2700.details.0.i35.5bf366fcZaPXIF\" \/><\/a><\/div>\n<div class=\"magic-8\"><img decoding=\"async\" class=\"magic-9\" src=\"https:\/\/sc04.alicdn.com\/kf\/H34eb45d6c7a642cdb51a44545b4e3877u\/268582949\/H34eb45d6c7a642cdb51a44545b4e3877u.jpg\" data-src=\"\/\/sc04.alicdn.com\/kf\/H34eb45d6c7a642cdb51a44545b4e3877u\/268582949\/H34eb45d6c7a642cdb51a44545b4e3877u.jpg\" \/><\/div>\n<div class=\"magic-8\"><img decoding=\"async\" class=\"magic-9\" src=\"https:\/\/sc04.alicdn.com\/kf\/H8c7a2d46bb124d21afe838c14592ddb9O\/268582949\/H8c7a2d46bb124d21afe838c14592ddb9O.jpg\" data-src=\"\/\/sc04.alicdn.com\/kf\/H8c7a2d46bb124d21afe838c14592ddb9O\/268582949\/H8c7a2d46bb124d21afe838c14592ddb9O.jpg\" \/><\/div>\n<div class=\"magic-8\"><img decoding=\"async\" class=\"magic-9\" src=\"https:\/\/sc04.alicdn.com\/kf\/H4ae702e9d59943e480ad0325476d82c84\/268582949\/H4ae702e9d59943e480ad0325476d82c84.jpg\" data-src=\"\/\/sc04.alicdn.com\/kf\/H4ae702e9d59943e480ad0325476d82c84\/268582949\/H4ae702e9d59943e480ad0325476d82c84.jpg\" \/><\/div>\n<div class=\"magic-8\"><img decoding=\"async\" class=\"magic-9\" src=\"https:\/\/sc04.alicdn.com\/kf\/H5dc6e58c079e4cf8af3a6de80ac55cb29\/268582949\/H5dc6e58c079e4cf8af3a6de80ac55cb29.jpg\" data-src=\"\/\/sc04.alicdn.com\/kf\/H5dc6e58c079e4cf8af3a6de80ac55cb29\/268582949\/H5dc6e58c079e4cf8af3a6de80ac55cb29.jpg\" \/><\/div>\n<\/div>\n<\/div>\n<div class=\"J_module\">\n<div id=\"ali-anchor-AliMagic-g9orjj\" class=\"magic-0\" data-section=\"AliMagic-g9orjj\" data-section-title=\"PRODUCT SPECIFICATIONS\">ESPECIFICACIONES DEL PRODUCTO<\/div>\n<\/div>\n<div class=\"J_module\">\n<div class=\"ife-detail-decorate-table\">\n<table class=\"all magic-10\">\n<tbody>\n<tr>\n<td colspan=\"1\" rowspan=\"1\">\n<div class=\"magic-11\">No.<\/div>\n<\/td>\n<td colspan=\"1\" rowspan=\"1\">\n<div class=\"magic-12\">Modelo<\/div>\n<\/td>\n<td colspan=\"3\" rowspan=\"1\">\n<div class=\"magic-13\">ES-Y3<\/div>\n<\/td>\n<\/tr>\n<tr>\n<td colspan=\"1\" rowspan=\"1\">\n<div class=\"magic-11\">1<\/div>\n<\/td>\n<td colspan=\"1\" rowspan=\"1\">\n<div class=\"magic-12\">Grosor del papel<\/div>\n<\/td>\n<td colspan=\"3\" rowspan=\"1\">\n<div class=\"magic-13\">45-120 gsm<\/div>\n<\/td>\n<\/tr>\n<tr>\n<td colspan=\"1\" rowspan=\"1\">\n<div class=\"magic-11\">2<\/div>\n<\/td>\n<td colspan=\"1\" rowspan=\"1\">\n<div class=\"magic-12\">m\u00edn. Tama\u00f1o de papel<\/div>\n<\/td>\n<td colspan=\"3\" rowspan=\"1\">\n<div class=\"magic-13\">100 mm (ancho) x 150 mm (largo)<\/div>\n<\/td>\n<\/tr>\n<tr>\n<td colspan=\"1\" rowspan=\"1\">\n<div class=\"magic-11\">3<\/div>\n<\/td>\n<td colspan=\"1\" rowspan=\"1\">\n<div class=\"magic-12\">m\u00e1x. Tama\u00f1o de papel<\/div>\n<\/td>\n<td colspan=\"3\" rowspan=\"1\">\n<div class=\"magic-13\">420 mm (ancho) x 297 mm (largo)<\/div>\n<\/td>\n<\/tr>\n<tr>\n<td colspan=\"1\" rowspan=\"1\">\n<div class=\"magic-11\">4<\/div>\n<\/td>\n<td colspan=\"1\" rowspan=\"1\">\n<div class=\"magic-12\">Velocidad de conteo<\/div>\n<\/td>\n<td colspan=\"3\" rowspan=\"1\">\n<div class=\"magic-13\">0~1000 unidades\/minuto<\/div>\n<\/td>\n<\/tr>\n<tr>\n<td colspan=\"1\" rowspan=\"1\">\n<div class=\"magic-11\">5<\/div>\n<\/td>\n<td colspan=\"1\" rowspan=\"1\">\n<div class=\"magic-12\">M\u00e1x. altura de carga<\/div>\n<\/td>\n<td colspan=\"3\" rowspan=\"1\">\n<div class=\"magic-16\">70 mm<\/div>\n<\/td>\n<\/tr>\n<tr>\n<td colspan=\"1\" rowspan=\"1\">\n<div class=\"magic-11\">6<\/div>\n<\/td>\n<td colspan=\"1\" rowspan=\"1\">\n<div class=\"magic-12\">Fuente de alimentaci\u00f3n<\/div>\n<\/td>\n<td colspan=\"3\" rowspan=\"1\">\n<div class=\"magic-16\">CA 240 VCA, 50\/60 Hz<\/div>\n<\/td>\n<\/tr>\n<tr>\n<td colspan=\"1\" rowspan=\"1\">\n<div class=\"magic-11\">7<\/div>\n<\/td>\n<td colspan=\"1\" rowspan=\"1\">\n<div class=\"magic-12\">Altura de la mesa de carga<\/div>\n<\/td>\n<td colspan=\"3\" rowspan=\"1\">\n<div class=\"magic-16\">200 mm<\/div>\n<\/td>\n<\/tr>\n<tr>\n<td colspan=\"1\" rowspan=\"1\">\n<div class=\"magic-11\">8<\/div>\n<\/td>\n<td colspan=\"1\" rowspan=\"1\">\n<div class=\"magic-12\">Tama\u00f1o de la m\u00e1quina<\/div>\n<\/td>\n<td colspan=\"3\" rowspan=\"1\">\n<div class=\"magic-16\">670*510*480mm<\/div>\n<\/td>\n<\/tr>\n<tr>\n<td colspan=\"1\" rowspan=\"1\">\n<div class=\"magic-11\">9<\/div>\n<\/td>\n<td colspan=\"1\" rowspan=\"1\">\n<div class=\"magic-12\">Peso neto<\/div>\n<\/td>\n<td colspan=\"3\" rowspan=\"1\">\n<div class=\"magic-16\">37 kilos<\/div>\n<\/td>\n<\/tr>\n<tr>\n<td colspan=\"1\" rowspan=\"1\">\n<div class=\"magic-11\">10<\/div>\n<\/td>\n<td colspan=\"1\" rowspan=\"1\">\n<div class=\"magic-12\">Tama\u00f1o del embalaje de la caja de madera<\/div>\n<\/td>\n<td colspan=\"3\" rowspan=\"1\">\n<div class=\"magic-16\">720*550*660mm<\/div>\n<\/td>\n<\/tr>\n<tr>\n<td colspan=\"1\" rowspan=\"1\">\n<div class=\"magic-11\">11<\/div>\n<\/td>\n<td colspan=\"1\" rowspan=\"1\">\n<div class=\"magic-12\">Peso bruto<\/div>\n<\/td>\n<td colspan=\"3\" rowspan=\"1\">\n<div class=\"magic-16\">62kg<\/div>\n<\/td>\n<\/tr>\n<\/tbody>\n<\/table>\n<\/div>\n<\/div>\n<div class=\"J_module\">\n<div id=\"ali-anchor-AliMagic-zg4wzr\" class=\"magic-0\" data-section=\"AliMagic-zg4wzr\" data-section-title=\"WORKSHOP\">TALLER<\/div>\n<\/div>\n<div class=\"J_module\">\n<div class=\"icbu-pc-images magic-18\">\n<div>\n<div class=\"flex-layout-v\">\n<div class=\"flex-layout-h magic-18\">\n<div class=\"magic-19\"><img decoding=\"async\" class=\"magic-20\" src=\"https:\/\/sc04.alicdn.com\/kf\/H53c5539da9f54fc98503099731715de19\/268582949\/H53c5539da9f54fc98503099731715de19.png\" data-src=\"\/\/sc04.alicdn.com\/kf\/H53c5539da9f54fc98503099731715de19\/268582949\/H53c5539da9f54fc98503099731715de19.png\" \/><\/div>\n<\/div>\n<\/div>\n<\/div>\n<\/div>\n<\/div>\n<div class=\"J_module\">\n<div id=\"ali-anchor-AliMagic-falkf2\" class=\"magic-0\" data-section=\"AliMagic-falkf2\" data-section-title=\"PACKAGE&amp;SHIPPING\">PAQUETE Y ENV\u00cdO<\/div>\n<\/div>\n<div class=\"J_module\">\n<div class=\"icbu-pc-images magic-18\">\n<div>\n<div class=\"flex-layout-v\">\n<div class=\"flex-layout-h magic-18\">\n<div class=\"magic-21\"><img decoding=\"async\" class=\"magic-22\" src=\"https:\/\/sc04.alicdn.com\/kf\/H8ecfd130278d427f87ab8f67ddba18f5T\/268582949\/H8ecfd130278d427f87ab8f67ddba18f5T.jpg\" data-src=\"\/\/sc04.alicdn.com\/kf\/H8ecfd130278d427f87ab8f67ddba18f5T\/268582949\/H8ecfd130278d427f87ab8f67ddba18f5T.jpg\" \/><\/div>\n<\/div>\n<\/div>\n<\/div>\n<\/div>\n<\/div>\n<div class=\"J_module\">\n<div class=\"icbu-pc-images magic-18\">\n<div>\n<div class=\"flex-layout-v\">\n<div class=\"flex-layout-h magic-18\">\n<div class=\"magic-23\"><img decoding=\"async\" class=\"magic-24\" src=\"https:\/\/sc04.alicdn.com\/kf\/H19f81f822d1b4fd296a73dab12402779B\/268582949\/H19f81f822d1b4fd296a73dab12402779B.jpg\" data-src=\"\/\/sc04.alicdn.com\/kf\/H19f81f822d1b4fd296a73dab12402779B\/268582949\/H19f81f822d1b4fd296a73dab12402779B.jpg\" \/><\/div>\n<\/div>\n<\/div>\n<\/div>\n<\/div>\n<\/div>\n<div class=\"J_module\">\n<div id=\"ali-anchor-AliMagic-b3jszr\" class=\"magic-0\" data-section=\"AliMagic-b3jszr\" data-section-title=\"FAQ\">Preguntas m\u00e1s frecuentes<\/div>\n<\/div>\n<div class=\"J_module\">\n<div class=\"detail-decorate-json-renderer-container\">\n<div class=\"magic-1\">\n<div class=\"magic-3\">\n<div class=\"magic-4\">\n<div class=\"magic-5\">\n<p>P1: \u00bfEs usted fabricante o empresa comercial?<\/p>\n<div>A1: Somos fabricantes.<\/div>\n<div>P2: \u00bfCu\u00e1l es el t\u00e9rmino de precio?<br \/>\nA2: El precio indicado es FOB. Puede haber costos de transportista adicionales dependiendo de los diferentes transportistas y env\u00edos.<\/div>\n<div>\n<p>m\u00e9todo. El precio puede fluctuar debido al costo del material\/costo de mano de obra\/cambio del tipo de cambio. Por favor consulte a nuestro personal de ventas antes de confirmar un pedido.<\/p>\n<p>P3: \u00bfCu\u00e1nto tiempo necesita para producir los productos?<br \/>\nA3: Organizamos el env\u00edo en 7 ~ 15 d\u00edas.<\/p>\n<p>P4: \u00bfC\u00f3mo realizar un pedido y organizar el pago?<br \/>\nR4: Si compra nuestro producto RTS, puede comunicarse con nuestro departamento de ventas para redactar un PI o un pedido de garant\u00eda comercial para usted o puede presionar el bot\u00f3n &quot;iniciar pedido&quot; en Alibaba.<\/p>\n<p>P5: \u00bfQu\u00e9 documentos proporciona?<br \/>\nA5: Proporcionamos factura comercial, lista de empaque, conocimiento de carga, certificado de origen, certificado de fumigaci\u00f3n. Si sus mercados tienen requisitos especiales como SONCAP, PVOC, h\u00e1ganoslo saber.<\/p>\n<p>P6: \u00bfCu\u00e1l es el plazo de pago? \u00bfC\u00f3mo puedo organizar el pago?<br \/>\nA6: Aceptamos pagos TT\/LC\/garant\u00eda comercial.<\/p>\n<p>P7: \u00bfCu\u00e1l es el puerto de carga?<br \/>\nA7: normalmente es Shanghai, Qingdao. Podemos entregar mercanc\u00edas al puerto designado por el cliente.<\/p>\n<p>8. Si tiene alguna otra pregunta o duda sobre la personalizaci\u00f3n, haga clic en &quot;Chatear ahora&quot; a la derecha o env\u00edenos un correo electr\u00f3nico, le brindaremos las 24 horas.<\/p>\n<\/div>\n<\/div>\n<\/div>\n<\/div>\n<\/div>\n<\/div>\n<\/div>\n<\/div>\n<\/div>\n<\/div>","protected":false},"excerpt":{"rendered":"<p>Automatic High Speed Paper Counter Paper Counting Machine Features: There are 2 operation modes: 1. Counting mode: Under this mode, machine count the paper stack, no tab insert 2. Batch counting mode: Under this mode, machine can count certain nos sheets with tab insert. Small machine size, counting speed is 1000 sheets per min, the [&hellip;]<\/p>","protected":false},"featured_media":1364,"template":"","meta":{"site-sidebar-layout":"default","site-content-layout":"default","ast-site-content-layout":"default","site-content-style":"default","site-sidebar-style":"default","ast-global-header-display":"","ast-banner-title-visibility":"","ast-main-header-display":"","ast-hfb-above-header-display":"","ast-hfb-below-header-display":"","ast-hfb-mobile-header-display":"","site-post-title":"","ast-breadcrumbs-content":"","ast-featured-img":"","footer-sml-layout":"","theme-transparent-header-meta":"default","adv-header-id-meta":"","stick-header-meta":"","header-above-stick-meta":"","header-main-stick-meta":"","header-below-stick-meta":"","astra-migrate-meta-layouts":"default","ast-page-background-enabled":"default","ast-page-background-meta":{"desktop":{"background-color":"","background-image":"","background-repeat":"repeat","background-position":"center center","background-size":"auto","background-attachment":"scroll","background-type":"","background-media":"","overlay-type":"","overlay-color":"","overlay-opacity":"","overlay-gradient":""},"tablet":{"background-color":"","background-image":"","background-repeat":"repeat","background-position":"center center","background-size":"auto","background-attachment":"scroll","background-type":"","background-media":"","overlay-type":"","overlay-color":"","overlay-opacity":"","overlay-gradient":""},"mobile":{"background-color":"","background-image":"","background-repeat":"repeat","background-position":"center center","background-size":"auto","background-attachment":"scroll","background-type":"","background-media":"","overlay-type":"","overlay-color":"","overlay-opacity":"","overlay-gradient":""}},"ast-content-background-meta":{"desktop":{"background-color":"var(--ast-global-color-5)","background-image":"","background-repeat":"repeat","background-position":"center center","background-size":"auto","background-attachment":"scroll","background-type":"","background-media":"","overlay-type":"","overlay-color":"","overlay-opacity":"","overlay-gradient":""},"tablet":{"background-color":"var(--ast-global-color-5)","background-image":"","background-repeat":"repeat","background-position":"center center","background-size":"auto","background-attachment":"scroll","background-type":"","background-media":"","overlay-type":"","overlay-color":"","overlay-opacity":"","overlay-gradient":""},"mobile":{"background-color":"var(--ast-global-color-5)","background-image":"","background-repeat":"repeat","background-position":"center center","background-size":"auto","background-attachment":"scroll","background-type":"","background-media":"","overlay-type":"","overlay-color":"","overlay-opacity":"","overlay-gradient":""}}},"product_brand":[],"product_cat":[49],"product_tag":[],"class_list":{"0":"post-1357","1":"product","2":"type-product","3":"status-publish","4":"has-post-thumbnail","6":"product_cat-counting-machine","7":"desktop-align-center","8":"tablet-align-left","9":"mobile-align-left","11":"first","12":"instock","13":"shipping-taxable","14":"product-type-simple"},"_links":{"self":[{"href":"https:\/\/estarmachinery.com\/es\/wp-json\/wp\/v2\/product\/1357","targetHints":{"allow":["GET"]}}],"collection":[{"href":"https:\/\/estarmachinery.com\/es\/wp-json\/wp\/v2\/product"}],"about":[{"href":"https:\/\/estarmachinery.com\/es\/wp-json\/wp\/v2\/types\/product"}],"wp:featuredmedia":[{"embeddable":true,"href":"https:\/\/estarmachinery.com\/es\/wp-json\/wp\/v2\/media\/1364"}],"wp:attachment":[{"href":"https:\/\/estarmachinery.com\/es\/wp-json\/wp\/v2\/media?parent=1357"}],"wp:term":[{"taxonomy":"product_brand","embeddable":true,"href":"https:\/\/estarmachinery.com\/es\/wp-json\/wp\/v2\/product_brand?post=1357"},{"taxonomy":"product_cat","embeddable":true,"href":"https:\/\/estarmachinery.com\/es\/wp-json\/wp\/v2\/product_cat?post=1357"},{"taxonomy":"product_tag","embeddable":true,"href":"https:\/\/estarmachinery.com\/es\/wp-json\/wp\/v2\/product_tag?post=1357"}],"curies":[{"name":"wp","href":"https:\/\/api.w.org\/{rel}","templated":true}]}}