{"id":616,"date":"2023-06-18T17:50:55","date_gmt":"2023-06-18T17:50:55","guid":{"rendered":"https:\/\/estarmachinery.com\/?post_type=product&#038;p=616"},"modified":"2023-07-13T08:52:59","modified_gmt":"2023-07-13T08:52:59","slug":"paper-stitching-machine-with-two-hohner-heads","status":"publish","type":"product","link":"https:\/\/estarmachinery.com\/es\/producto\/paper-stitching-machine-with-two-hohner-heads\/","title":{"rendered":"M\u00e1quina de coser papel con dos cabezales Hohner"},"content":{"rendered":"<p style=\"text-align: center;\"><strong><b>M\u00e1quina de coser papel con dos cabezales Hohner<\/b><\/strong><strong><b>\u00a0<\/b><\/strong><\/p>\n<p><img fetchpriority=\"high\" decoding=\"async\" class=\"alignnone size-medium wp-image-623\" src=\"https:\/\/estarmachinery.com\/wp-content\/uploads\/2023\/06\/\u4e3b\u56fe9-300x300.jpg\" alt=\"Paper Stitching Machine with two Hohner heads\" width=\"300\" height=\"300\" srcset=\"https:\/\/estarmachinery.com\/wp-content\/uploads\/2023\/06\/\u4e3b\u56fe9-300x300.jpg 300w, https:\/\/estarmachinery.com\/wp-content\/uploads\/2023\/06\/\u4e3b\u56fe9-150x150.jpg 150w, https:\/\/estarmachinery.com\/wp-content\/uploads\/2023\/06\/\u4e3b\u56fe9-768x768.jpg 768w, https:\/\/estarmachinery.com\/wp-content\/uploads\/2023\/06\/\u4e3b\u56fe9-600x600.jpg 600w, https:\/\/estarmachinery.com\/wp-content\/uploads\/2023\/06\/\u4e3b\u56fe9-100x100.jpg 100w, https:\/\/estarmachinery.com\/wp-content\/uploads\/2023\/06\/\u4e3b\u56fe9.jpg 800w\" sizes=\"(max-width: 300px) 100vw, 300px\" \/>\u00a0 \u00a0 <img decoding=\"async\" class=\"alignnone size-medium wp-image-622\" src=\"https:\/\/estarmachinery.com\/wp-content\/uploads\/2023\/06\/saddle-stitching-machine-9-300x300.jpg\" alt=\"Paper Stitching Machine with two Hohner heads\" width=\"300\" height=\"300\" srcset=\"https:\/\/estarmachinery.com\/wp-content\/uploads\/2023\/06\/saddle-stitching-machine-9-300x300.jpg 300w, https:\/\/estarmachinery.com\/wp-content\/uploads\/2023\/06\/saddle-stitching-machine-9-150x150.jpg 150w, https:\/\/estarmachinery.com\/wp-content\/uploads\/2023\/06\/saddle-stitching-machine-9-768x768.jpg 768w, https:\/\/estarmachinery.com\/wp-content\/uploads\/2023\/06\/saddle-stitching-machine-9-600x600.jpg 600w, https:\/\/estarmachinery.com\/wp-content\/uploads\/2023\/06\/saddle-stitching-machine-9-100x100.jpg 100w, https:\/\/estarmachinery.com\/wp-content\/uploads\/2023\/06\/saddle-stitching-machine-9.jpg 800w\" sizes=\"(max-width: 300px) 100vw, 300px\" \/>\u00a0 \u00a0 \u00a0 <img decoding=\"async\" class=\"alignnone size-medium wp-image-618\" src=\"https:\/\/estarmachinery.com\/wp-content\/uploads\/2023\/06\/saddle-stitching-machine-4-300x300.jpg\" alt=\"\" width=\"300\" height=\"300\" srcset=\"https:\/\/estarmachinery.com\/wp-content\/uploads\/2023\/06\/saddle-stitching-machine-4-300x300.jpg 300w, https:\/\/estarmachinery.com\/wp-content\/uploads\/2023\/06\/saddle-stitching-machine-4-150x150.jpg 150w, https:\/\/estarmachinery.com\/wp-content\/uploads\/2023\/06\/saddle-stitching-machine-4-768x768.jpg 768w, https:\/\/estarmachinery.com\/wp-content\/uploads\/2023\/06\/saddle-stitching-machine-4-600x600.jpg 600w, https:\/\/estarmachinery.com\/wp-content\/uploads\/2023\/06\/saddle-stitching-machine-4-100x100.jpg 100w, https:\/\/estarmachinery.com\/wp-content\/uploads\/2023\/06\/saddle-stitching-machine-4.jpg 800w\" sizes=\"(max-width: 300px) 100vw, 300px\" \/><\/p>\n<p>Le estamos muy agradecidos por su inter\u00e9s en nuestra m\u00e1quina de costura de alambre doble. Sobre la base de nuestros t\u00e9rminos y condiciones generales de venta, nos complace citarle lo siguiente:<\/p>\n<table>\n<tbody>\n<tr>\n<td colspan=\"3\" width=\"1486\"><strong><b>Especificaci\u00f3n:<\/b><\/strong><\/td>\n<\/tr>\n<tr>\n<td width=\"559\">Modelo<\/td>\n<td width=\"425\"><strong><b>ES-B8702H<\/b><\/strong><\/td>\n<td width=\"501\"><strong><b>ES-B8703H<\/b><\/strong><\/td>\n<\/tr>\n<tr>\n<td width=\"559\">Velocidad de encuadernaci\u00f3n<\/td>\n<td width=\"425\">0-80 veces\/min<\/td>\n<td width=\"501\">0-80 veces\/min<\/td>\n<\/tr>\n<tr>\n<td width=\"559\">modelo de alambre<\/td>\n<td width=\"425\">24#<\/td>\n<td width=\"501\">26#<\/td>\n<\/tr>\n<tr>\n<td width=\"559\">Ancho de grapa<\/td>\n<td width=\"425\">13 mm<\/td>\n<td width=\"501\">13 mm<\/td>\n<\/tr>\n<tr>\n<td width=\"559\">Grosor de encuadernaci\u00f3n<\/td>\n<td width=\"425\">0,2-11 mm<\/td>\n<td width=\"501\">0,2-6 mm<\/td>\n<\/tr>\n<tr>\n<td width=\"559\">Fuente de alimentaci\u00f3n<\/td>\n<td width=\"425\">CA220V\/50Hz\/120W<\/td>\n<td width=\"501\">CA220V\/50Hz\/200W<\/td>\n<\/tr>\n<tr>\n<td width=\"559\">Dimensi\u00f3n de la m\u00e1quina<\/td>\n<td width=\"425\">570x340x730mm<\/td>\n<td width=\"501\">520x420x870mm<\/td>\n<\/tr>\n<tr>\n<td width=\"559\">Peso de la m\u00e1quina<\/td>\n<td width=\"425\">50kg<\/td>\n<td width=\"501\">73kg<\/td>\n<\/tr>\n<tr>\n<td colspan=\"3\" width=\"1486\">Dise\u00f1o de moda, perspectiva inteligente, f\u00e1cil operaci\u00f3n, alto equilibrio entre calidad y costo.<\/p>\n<p>Esta es la opci\u00f3n perfecta para usar en oficinas, escuelas y otras instituciones educativas.<\/td>\n<\/tr>\n<\/tbody>\n<\/table>","protected":false},"excerpt":{"rendered":"<p>Paper Stitching Machine with two Hohner heads\u00a0 \u00a0 \u00a0 \u00a0 \u00a0 \u00a0 We are highly thankful to you for your interested in our\u00a0double wire stitching machine. On the basis of our general terms and conditions of sale, we have pleasure to quote you as followings: Specification: Model ES-B8702H ES-B8703H Binding speed 0-80 times\/min 0-80 times\/min [&hellip;]<\/p>","protected":false},"featured_media":619,"template":"","meta":{"site-sidebar-layout":"default","site-content-layout":"default","ast-site-content-layout":"default","site-content-style":"default","site-sidebar-style":"default","ast-global-header-display":"","ast-banner-title-visibility":"","ast-main-header-display":"","ast-hfb-above-header-display":"","ast-hfb-below-header-display":"","ast-hfb-mobile-header-display":"","site-post-title":"","ast-breadcrumbs-content":"","ast-featured-img":"","footer-sml-layout":"","ast-disable-related-posts":"","theme-transparent-header-meta":"default","adv-header-id-meta":"","stick-header-meta":"","header-above-stick-meta":"","header-main-stick-meta":"","header-below-stick-meta":"","astra-migrate-meta-layouts":"default","ast-page-background-enabled":"default","ast-page-background-meta":{"desktop":{"background-color":"","background-image":"","background-repeat":"repeat","background-position":"center center","background-size":"auto","background-attachment":"scroll","background-type":"","background-media":"","overlay-type":"","overlay-color":"","overlay-opacity":"","overlay-gradient":""},"tablet":{"background-color":"","background-image":"","background-repeat":"repeat","background-position":"center center","background-size":"auto","background-attachment":"scroll","background-type":"","background-media":"","overlay-type":"","overlay-color":"","overlay-opacity":"","overlay-gradient":""},"mobile":{"background-color":"","background-image":"","background-repeat":"repeat","background-position":"center center","background-size":"auto","background-attachment":"scroll","background-type":"","background-media":"","overlay-type":"","overlay-color":"","overlay-opacity":"","overlay-gradient":""}},"ast-content-background-meta":{"desktop":{"background-color":"var(--ast-global-color-5)","background-image":"","background-repeat":"repeat","background-position":"center center","background-size":"auto","background-attachment":"scroll","background-type":"","background-media":"","overlay-type":"","overlay-color":"","overlay-opacity":"","overlay-gradient":""},"tablet":{"background-color":"var(--ast-global-color-5)","background-image":"","background-repeat":"repeat","background-position":"center center","background-size":"auto","background-attachment":"scroll","background-type":"","background-media":"","overlay-type":"","overlay-color":"","overlay-opacity":"","overlay-gradient":""},"mobile":{"background-color":"var(--ast-global-color-5)","background-image":"","background-repeat":"repeat","background-position":"center center","background-size":"auto","background-attachment":"scroll","background-type":"","background-media":"","overlay-type":"","overlay-color":"","overlay-opacity":"","overlay-gradient":""}}},"product_brand":[],"product_cat":[60,54],"product_tag":[],"class_list":{"0":"post-616","1":"product","2":"type-product","3":"status-publish","4":"has-post-thumbnail","6":"product_cat-hot-machine","7":"product_cat-stitching-machine","8":"desktop-align-center","9":"tablet-align-left","10":"mobile-align-left","12":"first","13":"instock","14":"shipping-taxable","15":"product-type-simple"},"_links":{"self":[{"href":"https:\/\/estarmachinery.com\/es\/wp-json\/wp\/v2\/product\/616","targetHints":{"allow":["GET"]}}],"collection":[{"href":"https:\/\/estarmachinery.com\/es\/wp-json\/wp\/v2\/product"}],"about":[{"href":"https:\/\/estarmachinery.com\/es\/wp-json\/wp\/v2\/types\/product"}],"wp:featuredmedia":[{"embeddable":true,"href":"https:\/\/estarmachinery.com\/es\/wp-json\/wp\/v2\/media\/619"}],"wp:attachment":[{"href":"https:\/\/estarmachinery.com\/es\/wp-json\/wp\/v2\/media?parent=616"}],"wp:term":[{"taxonomy":"product_brand","embeddable":true,"href":"https:\/\/estarmachinery.com\/es\/wp-json\/wp\/v2\/product_brand?post=616"},{"taxonomy":"product_cat","embeddable":true,"href":"https:\/\/estarmachinery.com\/es\/wp-json\/wp\/v2\/product_cat?post=616"},{"taxonomy":"product_tag","embeddable":true,"href":"https:\/\/estarmachinery.com\/es\/wp-json\/wp\/v2\/product_tag?post=616"}],"curies":[{"name":"wp","href":"https:\/\/api.w.org\/{rel}","templated":true}]}}