{"id":625,"date":"2023-06-18T17:56:44","date_gmt":"2023-06-18T17:56:44","guid":{"rendered":"https:\/\/estarmachinery.com\/?post_type=product&#038;p=625"},"modified":"2023-07-13T08:53:26","modified_gmt":"2023-07-13T08:53:26","slug":"625","status":"publish","type":"product","link":"https:\/\/estarmachinery.com\/es\/producto\/625\/","title":{"rendered":"pel\u00edcula de laminaci\u00f3n"},"content":{"rendered":"<p><strong>INTRODUCCI\u00d3N:<\/strong><\/p>\n<p>No t\u00f3xico, libre de contaminaci\u00f3n, alta transparencia y brillo, baja est\u00e1tica, resistencia al desgaste, envejecimiento prolongado de la corona, pocos defectos y buen desgarro.<\/p>\n<p>Este producto se utiliza principalmente para la composici\u00f3n de impresi\u00f3n, fabricaci\u00f3n de bolsas, producci\u00f3n de cintas adhesivas y otros materiales base.<\/p>\n<p>Fuerte absorci\u00f3n de polvo y liberaci\u00f3n de ampollas y pel\u00edculas despu\u00e9s de ser c\u00f3ncavo o protuberante.<\/p>\n<p>La pel\u00edcula de laminaci\u00f3n mate es adecuada para el acristalamiento parcialmente UV despu\u00e9s de la laminaci\u00f3n de la pel\u00edcula, el estampado en caliente, la serigraf\u00eda y los procesos de esmerilado. Este producto es f\u00e1cil de operar una vez que la temperatura del rodillo caliente cumple con los requisitos, el laminado de pel\u00edcula se puede realizar en cualquier momento, sin necesidad de habilidad profesional.<\/p>\n<table>\n<tbody>\n<tr>\n<td>1<\/td>\n<td>Nombre del producto<\/td>\n<td>pel\u00edcula de laminaci\u00f3n<\/td>\n<\/tr>\n<tr>\n<td>2<\/td>\n<td>Tipo<\/td>\n<td>brillante, mate, tacto suave, antiara\u00f1azos, pel\u00edcula digital<\/td>\n<\/tr>\n<tr>\n<td>3<\/td>\n<td>Solicitud<\/td>\n<td>utilizado en la m\u00e1quina laminadora<\/td>\n<\/tr>\n<tr>\n<td>4<\/td>\n<td>Centro<\/td>\n<td>1 pulgada, 3 pulgadas para elegir<\/td>\n<\/tr>\n<tr>\n<td>5<\/td>\n<td>Espesor<\/td>\n<td>18mic, 20mic, 25mic, 27mic, etc. Personalizado.<\/td>\n<\/tr>\n<tr>\n<td>6<\/td>\n<td>Ancho de pel\u00edcula<\/td>\n<td>personalizado<\/td>\n<\/tr>\n<tr>\n<td>7<\/td>\n<td>Duraci\u00f3n de la pel\u00edcula<\/td>\n<td>200-5000m, personalizado<\/td>\n<\/tr>\n<tr>\n<td>8<\/td>\n<td>Lugar de origen<\/td>\n<td>CN<\/td>\n<\/tr>\n<tr>\n<td>9<\/td>\n<td>Material<\/td>\n<td>MASCOTA BOPP<\/td>\n<\/tr>\n<tr>\n<td>10<\/td>\n<td>Muestra<\/td>\n<td>Disponible (muestra gratis)<\/td>\n<\/tr>\n<tr>\n<td>11<\/td>\n<td>Dureza<\/td>\n<td>suave<\/td>\n<\/tr>\n<\/tbody>\n<\/table>\n<p><img fetchpriority=\"high\" decoding=\"async\" class=\"aligncenter wp-image-630\" src=\"https:\/\/estarmachinery.com\/wp-content\/uploads\/2023\/06\/\u56fe\u72471.png\" alt=\"Lamination film\" width=\"1200\" height=\"519\" srcset=\"https:\/\/estarmachinery.com\/wp-content\/uploads\/2023\/06\/\u56fe\u72471.png 745w, https:\/\/estarmachinery.com\/wp-content\/uploads\/2023\/06\/\u56fe\u72471-300x130.png 300w, https:\/\/estarmachinery.com\/wp-content\/uploads\/2023\/06\/\u56fe\u72471-600x259.png 600w\" sizes=\"(max-width: 1200px) 100vw, 1200px\" \/><\/p>","protected":false},"excerpt":{"rendered":"<p>INTRODUCTION: Non-toxic,pollution-free,high transparency and gloss,low static,wear resistance,long ageing of corona,few defects and good tearing off. This product is mainly used for the composition of printing,bag making,adhesive tape production and other base materials. Strong powder absorption and can blister and film release after being concaved or protruded. Matte lamination film is suitable for partially UV glazing [&hellip;]<\/p>","protected":false},"featured_media":629,"template":"","meta":{"site-sidebar-layout":"default","site-content-layout":"default","ast-site-content-layout":"default","site-content-style":"default","site-sidebar-style":"default","ast-global-header-display":"","ast-banner-title-visibility":"","ast-main-header-display":"","ast-hfb-above-header-display":"","ast-hfb-below-header-display":"","ast-hfb-mobile-header-display":"","site-post-title":"","ast-breadcrumbs-content":"","ast-featured-img":"","footer-sml-layout":"","ast-disable-related-posts":"","theme-transparent-header-meta":"default","adv-header-id-meta":"","stick-header-meta":"","header-above-stick-meta":"","header-main-stick-meta":"","header-below-stick-meta":"","astra-migrate-meta-layouts":"default","ast-page-background-enabled":"default","ast-page-background-meta":{"desktop":{"background-color":"","background-image":"","background-repeat":"repeat","background-position":"center center","background-size":"auto","background-attachment":"scroll","background-type":"","background-media":"","overlay-type":"","overlay-color":"","overlay-opacity":"","overlay-gradient":""},"tablet":{"background-color":"","background-image":"","background-repeat":"repeat","background-position":"center center","background-size":"auto","background-attachment":"scroll","background-type":"","background-media":"","overlay-type":"","overlay-color":"","overlay-opacity":"","overlay-gradient":""},"mobile":{"background-color":"","background-image":"","background-repeat":"repeat","background-position":"center center","background-size":"auto","background-attachment":"scroll","background-type":"","background-media":"","overlay-type":"","overlay-color":"","overlay-opacity":"","overlay-gradient":""}},"ast-content-background-meta":{"desktop":{"background-color":"var(--ast-global-color-5)","background-image":"","background-repeat":"repeat","background-position":"center center","background-size":"auto","background-attachment":"scroll","background-type":"","background-media":"","overlay-type":"","overlay-color":"","overlay-opacity":"","overlay-gradient":""},"tablet":{"background-color":"var(--ast-global-color-5)","background-image":"","background-repeat":"repeat","background-position":"center center","background-size":"auto","background-attachment":"scroll","background-type":"","background-media":"","overlay-type":"","overlay-color":"","overlay-opacity":"","overlay-gradient":""},"mobile":{"background-color":"var(--ast-global-color-5)","background-image":"","background-repeat":"repeat","background-position":"center center","background-size":"auto","background-attachment":"scroll","background-type":"","background-media":"","overlay-type":"","overlay-color":"","overlay-opacity":"","overlay-gradient":""}}},"product_brand":[],"product_cat":[60,58],"product_tag":[],"class_list":{"0":"post-625","1":"product","2":"type-product","3":"status-publish","4":"has-post-thumbnail","6":"product_cat-hot-machine","7":"product_cat-raw-material","8":"desktop-align-center","9":"tablet-align-left","10":"mobile-align-left","12":"first","13":"instock","14":"shipping-taxable","15":"product-type-simple"},"_links":{"self":[{"href":"https:\/\/estarmachinery.com\/es\/wp-json\/wp\/v2\/product\/625","targetHints":{"allow":["GET"]}}],"collection":[{"href":"https:\/\/estarmachinery.com\/es\/wp-json\/wp\/v2\/product"}],"about":[{"href":"https:\/\/estarmachinery.com\/es\/wp-json\/wp\/v2\/types\/product"}],"wp:featuredmedia":[{"embeddable":true,"href":"https:\/\/estarmachinery.com\/es\/wp-json\/wp\/v2\/media\/629"}],"wp:attachment":[{"href":"https:\/\/estarmachinery.com\/es\/wp-json\/wp\/v2\/media?parent=625"}],"wp:term":[{"taxonomy":"product_brand","embeddable":true,"href":"https:\/\/estarmachinery.com\/es\/wp-json\/wp\/v2\/product_brand?post=625"},{"taxonomy":"product_cat","embeddable":true,"href":"https:\/\/estarmachinery.com\/es\/wp-json\/wp\/v2\/product_cat?post=625"},{"taxonomy":"product_tag","embeddable":true,"href":"https:\/\/estarmachinery.com\/es\/wp-json\/wp\/v2\/product_tag?post=625"}],"curies":[{"name":"wp","href":"https:\/\/api.w.org\/{rel}","templated":true}]}}