{"id":631,"date":"2023-06-18T18:00:32","date_gmt":"2023-06-18T18:00:32","guid":{"rendered":"https:\/\/estarmachinery.com\/?post_type=product&#038;p=631"},"modified":"2023-07-07T03:49:08","modified_gmt":"2023-07-07T03:49:08","slug":"automatic-tag-printer-machine","status":"publish","type":"product","link":"https:\/\/estarmachinery.com\/es\/producto\/automatic-tag-printer-machine\/","title":{"rendered":"Impresora autom\u00e1tica de etiquetas"},"content":{"rendered":"<p style=\"text-align: center;\"><strong><b>Impresora autom\u00e1tica de etiquetas<\/b><\/strong><\/p>\n<p><img fetchpriority=\"high\" decoding=\"async\" class=\"alignnone wp-image-636 size-large\" src=\"https:\/\/estarmachinery.com\/wp-content\/uploads\/2023\/06\/\u5fae\u4fe1\u622a\u56fe_20230619015936-1024x284.png\" alt=\"Automatic tag printer machine\" width=\"1024\" height=\"284\" srcset=\"https:\/\/estarmachinery.com\/wp-content\/uploads\/2023\/06\/\u5fae\u4fe1\u622a\u56fe_20230619015936-1024x284.png 1024w, https:\/\/estarmachinery.com\/wp-content\/uploads\/2023\/06\/\u5fae\u4fe1\u622a\u56fe_20230619015936-300x83.png 300w, https:\/\/estarmachinery.com\/wp-content\/uploads\/2023\/06\/\u5fae\u4fe1\u622a\u56fe_20230619015936-768x213.png 768w, https:\/\/estarmachinery.com\/wp-content\/uploads\/2023\/06\/\u5fae\u4fe1\u622a\u56fe_20230619015936-600x167.png 600w, https:\/\/estarmachinery.com\/wp-content\/uploads\/2023\/06\/\u5fae\u4fe1\u622a\u56fe_20230619015936.png 1462w\" sizes=\"(max-width: 1024px) 100vw, 1024px\" \/><\/p>\n<p>Estamos muy agradecidos por su inter\u00e9s en nuestra m\u00e1quina impresora de etiquetas. Sobre la base de nuestros t\u00e9rminos y condiciones generales de venta, nos complace citarle lo siguiente:<\/p>\n<table>\n<tbody>\n<tr>\n<td colspan=\"2\" width=\"1486\"><strong>Especificaci\u00f3n:<\/strong><\/td>\n<\/tr>\n<tr>\n<td width=\"559\">Modelo<\/td>\n<td width=\"926\"><strong><b>ES-Y1<\/b><\/strong><\/td>\n<\/tr>\n<tr>\n<td width=\"559\">Definici\u00f3n<\/td>\n<td width=\"926\">12 puntos\/min y 24 puntos\/min (300 ppp y 600 ppp)<\/td>\n<\/tr>\n<tr>\n<td width=\"559\">Velocidad de impresi\u00f3n m\u00e1x.<\/td>\n<td width=\"926\">200 mm\/s<\/td>\n<\/tr>\n<tr>\n<td width=\"559\">Ancho de impresi\u00f3n m\u00e1x.<\/td>\n<td width=\"926\">128 mm<\/td>\n<\/tr>\n<tr>\n<td width=\"559\">Longitud m\u00e1xima de impresi\u00f3n<\/td>\n<td width=\"926\">2000min<\/td>\n<\/tr>\n<tr>\n<td width=\"559\">N\u00facleo de cinta de tinta<\/td>\n<td width=\"926\">1 pulgada<\/td>\n<\/tr>\n<tr>\n<td width=\"559\">Cinta<\/td>\n<td width=\"926\">300m, di\u00e1metro m\u00e1ximo 70mm<\/td>\n<\/tr>\n<tr>\n<td width=\"559\">Ancho de la cinta<\/td>\n<td width=\"926\">30~130 mm<\/td>\n<\/tr>\n<tr>\n<td width=\"559\">Memoria<\/td>\n<td width=\"926\">Flash ROM de 8 MB SDRAM de 64 MB<\/td>\n<\/tr>\n<tr>\n<td width=\"559\">Peso<\/td>\n<td width=\"926\">40kg<\/td>\n<\/tr>\n<tr>\n<td width=\"559\">Dimensi\u00f3n<\/td>\n<td width=\"926\">400*500*360mm<\/td>\n<\/tr>\n<tr>\n<td width=\"559\">Interface de comunicaci\u00f3n<\/td>\n<td width=\"926\">USB 2.0, puerto serie RS-232, Ethernet (Alternativa)<\/td>\n<\/tr>\n<tr>\n<td width=\"559\">Fuente de alimentaci\u00f3n<\/td>\n<td width=\"926\">Unidad de fuente de alimentaci\u00f3n de intercambio de tensi\u00f3n circunscrita incorporada Entrada de CA 100-240 V CA, 3 A, 47-63 Hz Salida de CC: 24 V CC, 15 A, 300 W<\/td>\n<\/tr>\n<tr>\n<td width=\"559\">Sensor<\/td>\n<td width=\"926\">Reflexi\u00f3n autom\u00e1tica, penetraci\u00f3n (Alternativa)<\/td>\n<\/tr>\n<tr>\n<td width=\"559\">Generador de fecha\/hora<\/td>\n<td width=\"926\">Est\u00e1ndar<\/td>\n<\/tr>\n<tr>\n<td width=\"559\">Tipo de papel<\/td>\n<td width=\"926\">Impresi\u00f3n de una sola pieza<\/td>\n<\/tr>\n<tr>\n<td width=\"559\">Ancho de la etiqueta<\/td>\n<td width=\"926\">25 mm-120 mm<\/td>\n<\/tr>\n<tr>\n<td width=\"559\">Grosor de la etiqueta<\/td>\n<td width=\"926\">200-800g<\/td>\n<\/tr>\n<tr>\n<td width=\"559\">Longitud de la etiqueta<\/td>\n<td width=\"926\">50~2000mm(1.97&#039;&#039;-78.7&#039;&#039;)<\/td>\n<\/tr>\n<tr>\n<td width=\"559\">Condici\u00f3n de funcionamiento<\/td>\n<td width=\"926\">0~40 grados, 20%-85% humedad<\/td>\n<\/tr>\n<tr>\n<td colspan=\"2\" width=\"1486\">Caracter\u00edsticas:<\/p>\n<p>Ampliamente utilizado en diferentes campos, industria de la confecci\u00f3n, productos electr\u00f3nicos, industria de servicios p\u00fablicos, industria del acero, etc. materiales de etiquetas amables (como cinta de raso de tela textil, tafet\u00e1n de nailon, etiqueta termoadhesiva, etiquetas de cuidado de TPU, etc.)<\/p>\n<p>Se adapta a productos de peque\u00f1as cantidades una vez, se puede configurar en cualquier tama\u00f1o, cualquier dise\u00f1o seg\u00fan su solicitud.<br \/>\ncon alta velocidad de impresi\u00f3n, como 4 pulgadas\/seg, 6 pulgadas\/seg, 10 pulgadas\/seg, 14 pulgadas\/seg<br \/>\nSe adapta a la impresi\u00f3n monocrom\u00e1tica de un solo color (pero puede usar una cinta de impresora de diferentes colores)<\/td>\n<\/tr>\n<\/tbody>\n<\/table>","protected":false},"excerpt":{"rendered":"<p>Automatic tag printer machine We are highly thankful to you for your interested in our\u00a0tag printer machine. On the basis of our general terms and conditions of sale, we have pleasure to quote you as followings: Specification: Model ES-Y1 Definition 12 dots\/min and 24 dots\/min(300dpi and 600dpi) Max.print speed 200mm\/s Max.print width 128mm Max.print length [&hellip;]<\/p>","protected":false},"featured_media":633,"template":"","meta":{"site-sidebar-layout":"default","site-content-layout":"default","ast-site-content-layout":"default","site-content-style":"default","site-sidebar-style":"default","ast-global-header-display":"","ast-banner-title-visibility":"","ast-main-header-display":"","ast-hfb-above-header-display":"","ast-hfb-below-header-display":"","ast-hfb-mobile-header-display":"","site-post-title":"","ast-breadcrumbs-content":"","ast-featured-img":"","footer-sml-layout":"","ast-disable-related-posts":"","theme-transparent-header-meta":"default","adv-header-id-meta":"","stick-header-meta":"","header-above-stick-meta":"","header-main-stick-meta":"","header-below-stick-meta":"","astra-migrate-meta-layouts":"default","ast-page-background-enabled":"default","ast-page-background-meta":{"desktop":{"background-color":"","background-image":"","background-repeat":"repeat","background-position":"center center","background-size":"auto","background-attachment":"scroll","background-type":"","background-media":"","overlay-type":"","overlay-color":"","overlay-opacity":"","overlay-gradient":""},"tablet":{"background-color":"","background-image":"","background-repeat":"repeat","background-position":"center center","background-size":"auto","background-attachment":"scroll","background-type":"","background-media":"","overlay-type":"","overlay-color":"","overlay-opacity":"","overlay-gradient":""},"mobile":{"background-color":"","background-image":"","background-repeat":"repeat","background-position":"center center","background-size":"auto","background-attachment":"scroll","background-type":"","background-media":"","overlay-type":"","overlay-color":"","overlay-opacity":"","overlay-gradient":""}},"ast-content-background-meta":{"desktop":{"background-color":"var(--ast-global-color-5)","background-image":"","background-repeat":"repeat","background-position":"center center","background-size":"auto","background-attachment":"scroll","background-type":"","background-media":"","overlay-type":"","overlay-color":"","overlay-opacity":"","overlay-gradient":""},"tablet":{"background-color":"var(--ast-global-color-5)","background-image":"","background-repeat":"repeat","background-position":"center center","background-size":"auto","background-attachment":"scroll","background-type":"","background-media":"","overlay-type":"","overlay-color":"","overlay-opacity":"","overlay-gradient":""},"mobile":{"background-color":"var(--ast-global-color-5)","background-image":"","background-repeat":"repeat","background-position":"center center","background-size":"auto","background-attachment":"scroll","background-type":"","background-media":"","overlay-type":"","overlay-color":"","overlay-opacity":"","overlay-gradient":""}}},"product_brand":[],"product_cat":[51],"product_tag":[],"class_list":{"0":"post-631","1":"product","2":"type-product","3":"status-publish","4":"has-post-thumbnail","6":"product_cat-printing-machine","7":"desktop-align-center","8":"tablet-align-left","9":"mobile-align-left","11":"first","12":"instock","13":"shipping-taxable","14":"product-type-simple"},"_links":{"self":[{"href":"https:\/\/estarmachinery.com\/es\/wp-json\/wp\/v2\/product\/631","targetHints":{"allow":["GET"]}}],"collection":[{"href":"https:\/\/estarmachinery.com\/es\/wp-json\/wp\/v2\/product"}],"about":[{"href":"https:\/\/estarmachinery.com\/es\/wp-json\/wp\/v2\/types\/product"}],"wp:featuredmedia":[{"embeddable":true,"href":"https:\/\/estarmachinery.com\/es\/wp-json\/wp\/v2\/media\/633"}],"wp:attachment":[{"href":"https:\/\/estarmachinery.com\/es\/wp-json\/wp\/v2\/media?parent=631"}],"wp:term":[{"taxonomy":"product_brand","embeddable":true,"href":"https:\/\/estarmachinery.com\/es\/wp-json\/wp\/v2\/product_brand?post=631"},{"taxonomy":"product_cat","embeddable":true,"href":"https:\/\/estarmachinery.com\/es\/wp-json\/wp\/v2\/product_cat?post=631"},{"taxonomy":"product_tag","embeddable":true,"href":"https:\/\/estarmachinery.com\/es\/wp-json\/wp\/v2\/product_tag?post=631"}],"curies":[{"name":"wp","href":"https:\/\/api.w.org\/{rel}","templated":true}]}}