{"id":637,"date":"2023-06-19T00:37:00","date_gmt":"2023-06-19T00:37:00","guid":{"rendered":"https:\/\/estarmachinery.com\/?post_type=product&#038;p=637"},"modified":"2023-07-07T03:48:41","modified_gmt":"2023-07-07T03:48:41","slug":"automatic-wire-booklet-maker","status":"publish","type":"product","link":"https:\/\/estarmachinery.com\/es\/producto\/automatic-wire-booklet-maker\/","title":{"rendered":"Creador autom\u00e1tico de folletos de alambre"},"content":{"rendered":"<p style=\"text-align: center;\"><strong><b>Creador autom\u00e1tico de folletos de alambre\u00a0<\/b><\/strong><\/p>\n<p><img fetchpriority=\"high\" decoding=\"async\" class=\"size-medium wp-image-641 aligncenter\" src=\"https:\/\/estarmachinery.com\/wp-content\/uploads\/2023\/06\/ES-BF1710Z-auotmatic-wire-book-make-300x225.jpg\" alt=\"ES-BF1710Z\" width=\"300\" height=\"225\" srcset=\"https:\/\/estarmachinery.com\/wp-content\/uploads\/2023\/06\/ES-BF1710Z-auotmatic-wire-book-make-300x225.jpg 300w, https:\/\/estarmachinery.com\/wp-content\/uploads\/2023\/06\/ES-BF1710Z-auotmatic-wire-book-make-1024x768.jpg 1024w, https:\/\/estarmachinery.com\/wp-content\/uploads\/2023\/06\/ES-BF1710Z-auotmatic-wire-book-make-768x576.jpg 768w, https:\/\/estarmachinery.com\/wp-content\/uploads\/2023\/06\/ES-BF1710Z-auotmatic-wire-book-make-600x450.jpg 600w, https:\/\/estarmachinery.com\/wp-content\/uploads\/2023\/06\/ES-BF1710Z-auotmatic-wire-book-make.jpg 1440w\" sizes=\"(max-width: 300px) 100vw, 300px\" \/><\/p>\n<p>Estamos muy agradecidos por su inter\u00e9s en nuestra autom\u00e1tica<strong>\u00a0<\/strong>Creador de folletos de alambre. Sobre la base de nuestros t\u00e9rminos y condiciones generales de venta, nos complace citarle lo siguiente:<\/p>\n<table>\n<tbody>\n<tr>\n<td colspan=\"2\" width=\"1486\"><strong><b>Especificaci\u00f3n:<\/b><\/strong><\/td>\n<\/tr>\n<tr>\n<td width=\"559\">Modelo<\/td>\n<td width=\"926\"><strong>ES<\/strong><strong>&#8211;<\/strong><strong>BF1710Z \u00a0<\/strong>Autom\u00e1tico<strong>\u00a0<\/strong>Creador de folletos de alambre<\/td>\n<\/tr>\n<tr>\n<td width=\"559\">Tama\u00f1o de papel m\u00e1x.<\/td>\n<td width=\"926\">330*480mm<\/td>\n<\/tr>\n<tr>\n<td width=\"559\">Tama\u00f1o m\u00ednimo de papel<\/td>\n<td width=\"926\">148*210mm<\/td>\n<\/tr>\n<tr>\n<td width=\"559\">Grosor de encuadernaci\u00f3n<\/td>\n<td width=\"926\">2-25 hojas (70 g\/m\u00b2) para soplones de sill\u00edn de 2,6 mm para la venta de soplones<\/td>\n<\/tr>\n<tr>\n<td width=\"559\">Velocidad de trabajo<\/td>\n<td width=\"926\">2000 libros\/hora<\/td>\n<\/tr>\n<tr>\n<td width=\"559\">Fuente de alimentaci\u00f3n<\/td>\n<td width=\"926\">220V\/50Hz\/300W<\/td>\n<\/tr>\n<tr>\n<td width=\"559\">Interfaz de operaci\u00f3n<\/td>\n<td width=\"926\">Pantalla t\u00e1ctil<\/td>\n<\/tr>\n<tr>\n<td width=\"559\">Configuraci\u00f3n de la m\u00e1quina<\/td>\n<td width=\"926\">Cabezales de sopl\u00f3n Hohner (desplazamiento lateral + gabinete inferior)<\/td>\n<\/tr>\n<tr>\n<td width=\"559\">Dimensi\u00f3n de la m\u00e1quina<\/td>\n<td width=\"926\">950x700x1150mm<\/td>\n<\/tr>\n<tr>\n<td width=\"559\">Peso de la m\u00e1quina<\/td>\n<td width=\"926\">169kg<\/td>\n<\/tr>\n<tr>\n<td colspan=\"2\" width=\"1486\"><strong><b>Caracter\u00edsticas:<\/b><\/strong><\/p>\n<p>1. Ajuste de posici\u00f3n autom\u00e1tico, interruptor de un clic para A3, A4, A5, se puede ingresar cualquier tama\u00f1o.<\/p>\n<p>2. Se utilizan tres motores, la costura, el plegado y la transmisi\u00f3n est\u00e1n controlados por motores independientes, rendimiento estable y duradero.<\/p>\n<p>3. Encuadernaci\u00f3n y plegado en una operaci\u00f3n completa, ahorrando mano de obra y tiempo.<\/p>\n<p>4. La encuadernaci\u00f3n con alambre es econ\u00f3mica y pr\u00e1ctica, f\u00e1cil de mantener.<\/p>\n<p>5. Encuadernaci\u00f3n de sill\u00edn\/encuadernaci\u00f3n lateral, conversi\u00f3n de modo simple.<\/td>\n<\/tr>\n<\/tbody>\n<\/table>","protected":false},"excerpt":{"rendered":"<p>Automatic Wire Booklet Maker\u00a0 We are highly thankful to you for your interested in our\u00a0automatic\u00a0Wire booklet maker.\u00a0On the basis of our general terms and conditions of sale, we have pleasure to quote you as followings: Specification: Model ES&#8211;BF1710Z \u00a0Automatic\u00a0Wire booklet maker Max.Paper size 330*480mm Min.Paper Size 148*210mm Binding thickness 2-25sheets(70gsm)for saddle snitching 2.6mm for sale [&hellip;]<\/p>","protected":false},"featured_media":640,"template":"","meta":{"site-sidebar-layout":"default","site-content-layout":"default","ast-site-content-layout":"default","site-content-style":"default","site-sidebar-style":"default","ast-global-header-display":"","ast-banner-title-visibility":"","ast-main-header-display":"","ast-hfb-above-header-display":"","ast-hfb-below-header-display":"","ast-hfb-mobile-header-display":"","site-post-title":"","ast-breadcrumbs-content":"","ast-featured-img":"","footer-sml-layout":"","ast-disable-related-posts":"","theme-transparent-header-meta":"default","adv-header-id-meta":"","stick-header-meta":"","header-above-stick-meta":"","header-main-stick-meta":"","header-below-stick-meta":"","astra-migrate-meta-layouts":"default","ast-page-background-enabled":"default","ast-page-background-meta":{"desktop":{"background-color":"","background-image":"","background-repeat":"repeat","background-position":"center center","background-size":"auto","background-attachment":"scroll","background-type":"","background-media":"","overlay-type":"","overlay-color":"","overlay-opacity":"","overlay-gradient":""},"tablet":{"background-color":"","background-image":"","background-repeat":"repeat","background-position":"center center","background-size":"auto","background-attachment":"scroll","background-type":"","background-media":"","overlay-type":"","overlay-color":"","overlay-opacity":"","overlay-gradient":""},"mobile":{"background-color":"","background-image":"","background-repeat":"repeat","background-position":"center center","background-size":"auto","background-attachment":"scroll","background-type":"","background-media":"","overlay-type":"","overlay-color":"","overlay-opacity":"","overlay-gradient":""}},"ast-content-background-meta":{"desktop":{"background-color":"var(--ast-global-color-5)","background-image":"","background-repeat":"repeat","background-position":"center center","background-size":"auto","background-attachment":"scroll","background-type":"","background-media":"","overlay-type":"","overlay-color":"","overlay-opacity":"","overlay-gradient":""},"tablet":{"background-color":"var(--ast-global-color-5)","background-image":"","background-repeat":"repeat","background-position":"center center","background-size":"auto","background-attachment":"scroll","background-type":"","background-media":"","overlay-type":"","overlay-color":"","overlay-opacity":"","overlay-gradient":""},"mobile":{"background-color":"var(--ast-global-color-5)","background-image":"","background-repeat":"repeat","background-position":"center center","background-size":"auto","background-attachment":"scroll","background-type":"","background-media":"","overlay-type":"","overlay-color":"","overlay-opacity":"","overlay-gradient":""}}},"product_brand":[],"product_cat":[54],"product_tag":[],"class_list":{"0":"post-637","1":"product","2":"type-product","3":"status-publish","4":"has-post-thumbnail","6":"product_cat-stitching-machine","7":"desktop-align-center","8":"tablet-align-left","9":"mobile-align-left","11":"first","12":"instock","13":"shipping-taxable","14":"product-type-simple"},"_links":{"self":[{"href":"https:\/\/estarmachinery.com\/es\/wp-json\/wp\/v2\/product\/637","targetHints":{"allow":["GET"]}}],"collection":[{"href":"https:\/\/estarmachinery.com\/es\/wp-json\/wp\/v2\/product"}],"about":[{"href":"https:\/\/estarmachinery.com\/es\/wp-json\/wp\/v2\/types\/product"}],"wp:featuredmedia":[{"embeddable":true,"href":"https:\/\/estarmachinery.com\/es\/wp-json\/wp\/v2\/media\/640"}],"wp:attachment":[{"href":"https:\/\/estarmachinery.com\/es\/wp-json\/wp\/v2\/media?parent=637"}],"wp:term":[{"taxonomy":"product_brand","embeddable":true,"href":"https:\/\/estarmachinery.com\/es\/wp-json\/wp\/v2\/product_brand?post=637"},{"taxonomy":"product_cat","embeddable":true,"href":"https:\/\/estarmachinery.com\/es\/wp-json\/wp\/v2\/product_cat?post=637"},{"taxonomy":"product_tag","embeddable":true,"href":"https:\/\/estarmachinery.com\/es\/wp-json\/wp\/v2\/product_tag?post=637"}],"curies":[{"name":"wp","href":"https:\/\/api.w.org\/{rel}","templated":true}]}}