{"id":642,"date":"2023-06-19T00:41:01","date_gmt":"2023-06-19T00:41:01","guid":{"rendered":"https:\/\/estarmachinery.com\/?post_type=product&#038;p=642"},"modified":"2023-07-13T08:53:46","modified_gmt":"2023-07-13T08:53:46","slug":"paper-fan-folding-machine","status":"publish","type":"product","link":"https:\/\/estarmachinery.com\/es\/producto\/paper-fan-folding-machine\/","title":{"rendered":"M\u00e1quina plegadora de abanico de papel"},"content":{"rendered":"<p style=\"text-align: center;\"><strong><b>M\u00e1quina plegadora de abanico de papel<\/b><\/strong><strong><b>\u00a0<\/b><\/strong><\/p>\n<p><img fetchpriority=\"high\" decoding=\"async\" class=\"alignnone wp-image-647 size-large\" src=\"https:\/\/estarmachinery.com\/wp-content\/uploads\/2023\/06\/Paper-Fan-Folding-machine-1024x458.png\" alt=\"Paper Fan Folding machine \" width=\"1024\" height=\"458\" srcset=\"https:\/\/estarmachinery.com\/wp-content\/uploads\/2023\/06\/Paper-Fan-Folding-machine-1024x458.png 1024w, https:\/\/estarmachinery.com\/wp-content\/uploads\/2023\/06\/Paper-Fan-Folding-machine-300x134.png 300w, https:\/\/estarmachinery.com\/wp-content\/uploads\/2023\/06\/Paper-Fan-Folding-machine-768x343.png 768w, https:\/\/estarmachinery.com\/wp-content\/uploads\/2023\/06\/Paper-Fan-Folding-machine-600x268.png 600w, https:\/\/estarmachinery.com\/wp-content\/uploads\/2023\/06\/Paper-Fan-Folding-machine.png 1103w\" sizes=\"(max-width: 1024px) 100vw, 1024px\" \/><\/p>\n<p>Estamos muy agradecidos por su inter\u00e9s en nuestra m\u00e1quina plegadora de abanico de papel. Sobre la base de nuestros t\u00e9rminos y condiciones generales de venta, nos complace citarle lo siguiente:<\/p>\n<table>\n<tbody>\n<tr>\n<td colspan=\"2\" width=\"1486\"><strong><b>Especificaci\u00f3n:<\/b><\/strong><\/td>\n<\/tr>\n<tr>\n<td width=\"559\">Modelo<\/td>\n<td width=\"926\"><strong><b>ES600 <\/b><\/strong><\/td>\n<\/tr>\n<tr>\n<td width=\"559\">Longitud m\u00e1xima del papel<\/td>\n<td width=\"926\">Puede ser tan larga como la necesidad del cliente<\/td>\n<\/tr>\n<tr>\n<td width=\"559\">Ancho m\u00e1ximo del papel<\/td>\n<td width=\"926\">620 mm<\/td>\n<\/tr>\n<tr>\n<td width=\"559\">Altura del papel despu\u00e9s del plegado<\/td>\n<td width=\"926\">6~55mm<\/td>\n<\/tr>\n<tr>\n<td width=\"559\">Velocidad m\u00e1xima del plegado<\/td>\n<td width=\"926\">0~125 pliegues\/minuto<\/td>\n<\/tr>\n<tr>\n<td width=\"559\">Fuerza de motor<\/td>\n<td width=\"926\">1.1KW<\/td>\n<\/tr>\n<tr>\n<td width=\"559\">Potencia para precalentamiento<\/td>\n<td width=\"926\">4KW<\/td>\n<\/tr>\n<tr>\n<td width=\"559\">Presi\u00f3n de aire de trabajo<\/td>\n<td width=\"926\">0.6Mpa<\/td>\n<\/tr>\n<tr>\n<td width=\"559\">Tama\u00f1o de la m\u00e1quina<\/td>\n<td width=\"926\">1270\u00d71560\u00d71240mm<\/td>\n<\/tr>\n<tr>\n<td width=\"559\">Peso neto<\/td>\n<td width=\"926\">500KGS<\/td>\n<\/tr>\n<tr>\n<td width=\"559\">Peso bruto<\/td>\n<td width=\"926\">550KGS<\/td>\n<\/tr>\n<tr>\n<td colspan=\"2\" width=\"1486\">Caracter\u00edsticas:<\/p>\n<p>1. Gran versatilidad: tama\u00f1o peque\u00f1o, puede cooperar con la operaci\u00f3n de la l\u00ednea de producci\u00f3n, productos f\u00e1ciles de reemplazar.<\/p>\n<p>2. Alta eficiencia: la velocidad m\u00e1s alta puede alcanzar 125 pliegues\/minuto.<\/p>\n<p>3. Reducir la intensidad de trabajo de los trabajadores: el plegado manual tradicional requiere mucho tiempo de trabajo y energ\u00eda.<\/td>\n<\/tr>\n<\/tbody>\n<\/table>\n<p>&nbsp;<\/p>","protected":false},"excerpt":{"rendered":"<p>Paper Fan Folding machine\u00a0 We are highly thankful to you for your interested in our\u00a0paper fan folding machine. On the basis of our general terms and conditions of sale, we have pleasure to quote you as followings: Specification: Model ES600 Max Length of the Paper Can be as long as customer need Max Width of [&hellip;]<\/p>","protected":false},"featured_media":644,"template":"","meta":{"site-sidebar-layout":"default","site-content-layout":"default","ast-site-content-layout":"default","site-content-style":"default","site-sidebar-style":"default","ast-global-header-display":"","ast-banner-title-visibility":"","ast-main-header-display":"","ast-hfb-above-header-display":"","ast-hfb-below-header-display":"","ast-hfb-mobile-header-display":"","site-post-title":"","ast-breadcrumbs-content":"","ast-featured-img":"","footer-sml-layout":"","ast-disable-related-posts":"","theme-transparent-header-meta":"default","adv-header-id-meta":"","stick-header-meta":"","header-above-stick-meta":"","header-main-stick-meta":"","header-below-stick-meta":"","astra-migrate-meta-layouts":"default","ast-page-background-enabled":"default","ast-page-background-meta":{"desktop":{"background-color":"","background-image":"","background-repeat":"repeat","background-position":"center center","background-size":"auto","background-attachment":"scroll","background-type":"","background-media":"","overlay-type":"","overlay-color":"","overlay-opacity":"","overlay-gradient":""},"tablet":{"background-color":"","background-image":"","background-repeat":"repeat","background-position":"center center","background-size":"auto","background-attachment":"scroll","background-type":"","background-media":"","overlay-type":"","overlay-color":"","overlay-opacity":"","overlay-gradient":""},"mobile":{"background-color":"","background-image":"","background-repeat":"repeat","background-position":"center center","background-size":"auto","background-attachment":"scroll","background-type":"","background-media":"","overlay-type":"","overlay-color":"","overlay-opacity":"","overlay-gradient":""}},"ast-content-background-meta":{"desktop":{"background-color":"var(--ast-global-color-5)","background-image":"","background-repeat":"repeat","background-position":"center center","background-size":"auto","background-attachment":"scroll","background-type":"","background-media":"","overlay-type":"","overlay-color":"","overlay-opacity":"","overlay-gradient":""},"tablet":{"background-color":"var(--ast-global-color-5)","background-image":"","background-repeat":"repeat","background-position":"center center","background-size":"auto","background-attachment":"scroll","background-type":"","background-media":"","overlay-type":"","overlay-color":"","overlay-opacity":"","overlay-gradient":""},"mobile":{"background-color":"var(--ast-global-color-5)","background-image":"","background-repeat":"repeat","background-position":"center center","background-size":"auto","background-attachment":"scroll","background-type":"","background-media":"","overlay-type":"","overlay-color":"","overlay-opacity":"","overlay-gradient":""}}},"product_brand":[],"product_cat":[47,60],"product_tag":[],"class_list":{"0":"post-642","1":"product","2":"type-product","3":"status-publish","4":"has-post-thumbnail","6":"product_cat-folding-machine","7":"product_cat-hot-machine","8":"desktop-align-center","9":"tablet-align-left","10":"mobile-align-left","12":"first","13":"instock","14":"shipping-taxable","15":"product-type-simple"},"_links":{"self":[{"href":"https:\/\/estarmachinery.com\/es\/wp-json\/wp\/v2\/product\/642","targetHints":{"allow":["GET"]}}],"collection":[{"href":"https:\/\/estarmachinery.com\/es\/wp-json\/wp\/v2\/product"}],"about":[{"href":"https:\/\/estarmachinery.com\/es\/wp-json\/wp\/v2\/types\/product"}],"wp:featuredmedia":[{"embeddable":true,"href":"https:\/\/estarmachinery.com\/es\/wp-json\/wp\/v2\/media\/644"}],"wp:attachment":[{"href":"https:\/\/estarmachinery.com\/es\/wp-json\/wp\/v2\/media?parent=642"}],"wp:term":[{"taxonomy":"product_brand","embeddable":true,"href":"https:\/\/estarmachinery.com\/es\/wp-json\/wp\/v2\/product_brand?post=642"},{"taxonomy":"product_cat","embeddable":true,"href":"https:\/\/estarmachinery.com\/es\/wp-json\/wp\/v2\/product_cat?post=642"},{"taxonomy":"product_tag","embeddable":true,"href":"https:\/\/estarmachinery.com\/es\/wp-json\/wp\/v2\/product_tag?post=642"}],"curies":[{"name":"wp","href":"https:\/\/api.w.org\/{rel}","templated":true}]}}