{"id":677,"date":"2023-06-19T01:16:26","date_gmt":"2023-06-19T01:16:26","guid":{"rendered":"https:\/\/estarmachinery.com\/?post_type=product&#038;p=677"},"modified":"2023-07-06T07:22:13","modified_gmt":"2023-07-06T07:22:13","slug":"es-4-660-740-four-color-offset-printer","status":"publish","type":"product","link":"https:\/\/estarmachinery.com\/es\/producto\/es-4-660-740-four-color-offset-printer\/","title":{"rendered":"Impresora offset de cuatro colores ES-4-660\/740"},"content":{"rendered":"<p style=\"text-align: center;\"><strong><b>ES<\/b><\/strong><strong><b>-4-660\/740 Impresora offset de cuatro colores<\/b><\/strong><\/p>\n<p><img fetchpriority=\"high\" decoding=\"async\" class=\"alignnone size-large wp-image-678\" src=\"https:\/\/estarmachinery.com\/wp-content\/uploads\/2023\/06\/XH-4-660740-1024x576.jpg\" alt=\"ES-4-660\/740 Four Color Offset Printer\" width=\"1024\" height=\"576\" srcset=\"https:\/\/estarmachinery.com\/wp-content\/uploads\/2023\/06\/XH-4-660740-1024x576.jpg 1024w, https:\/\/estarmachinery.com\/wp-content\/uploads\/2023\/06\/XH-4-660740-300x169.jpg 300w, https:\/\/estarmachinery.com\/wp-content\/uploads\/2023\/06\/XH-4-660740-768x432.jpg 768w, https:\/\/estarmachinery.com\/wp-content\/uploads\/2023\/06\/XH-4-660740-1536x864.jpg 1536w, https:\/\/estarmachinery.com\/wp-content\/uploads\/2023\/06\/XH-4-660740-600x338.jpg 600w, https:\/\/estarmachinery.com\/wp-content\/uploads\/2023\/06\/XH-4-660740.jpg 2000w\" sizes=\"(max-width: 1024px) 100vw, 1024px\" \/><\/p>\n<p><strong>INFORMACI\u00d3N T\u00c9CNICA <\/strong><\/p>\n<ol>\n<li><strong>Par\u00e1metros t\u00e9cnicos principales: <\/strong><\/li>\n<\/ol>\n<table>\n<tbody>\n<tr>\n<td width=\"400\">Modelo<\/td>\n<td width=\"378\">ES-4-740<\/td>\n<td width=\"453\">ES-4-660<\/td>\n<\/tr>\n<tr>\n<td width=\"400\">m\u00e1x. Velocidad<\/td>\n<td width=\"378\">12000s\/h<\/td>\n<td width=\"453\">12000s\/h<\/td>\n<\/tr>\n<tr>\n<td width=\"400\">m\u00e1x. Tama\u00f1o de papel<\/td>\n<td width=\"378\">540 \u00d7 740 mm<\/td>\n<td width=\"453\">540 \u00d7 660 mm<\/td>\n<\/tr>\n<tr>\n<td width=\"400\">m\u00edn. Tama\u00f1o de papel<\/td>\n<td width=\"378\">273 \u00d7 393 mm<\/td>\n<td width=\"453\">273 \u00d7 393 mm<\/td>\n<\/tr>\n<tr>\n<td width=\"400\">Grosor de la hoja de papel<\/td>\n<td width=\"378\">0,06\uff0d0,6 mm<\/td>\n<td width=\"453\">0,06\uff0d0,6 mm<\/td>\n<\/tr>\n<tr>\n<td width=\"400\">m\u00e1x. \u00c1rea de impresi\u00f3n<\/td>\n<td width=\"378\">528 \u00d7 730 mm<\/td>\n<td width=\"453\">528 \u00d7 650 mm<\/td>\n<\/tr>\n<tr>\n<td width=\"400\">Tama\u00f1o de la placa<\/td>\n<td width=\"378\">677 \u00d7 755 \u00d7 0,3 mm<\/td>\n<td width=\"453\">677 \u00d7 675 \u00d7 0,3 mm<\/td>\n<\/tr>\n<tr>\n<td width=\"400\">Tama\u00f1o de la manta<\/td>\n<td width=\"378\">740 \u00d7 760 \u00d7 1,9 mm<\/td>\n<td width=\"453\">740 \u00d7 680 \u00d7 1,9 mm<\/td>\n<\/tr>\n<tr>\n<td width=\"400\">m\u00e1x. Altura de la pila del alimentador<\/td>\n<td width=\"378\">940 mm<\/td>\n<td width=\"453\">940 mm<\/td>\n<\/tr>\n<tr>\n<td width=\"400\">m\u00e1x. Altura de la pila de entrega<\/td>\n<td width=\"378\">780 mm<\/td>\n<td width=\"453\">780 mm<\/td>\n<\/tr>\n<tr>\n<td width=\"400\">Dimensi\u00f3n total de la m\u00e1quina<\/p>\n<p>(LxAnxAl)<\/td>\n<td width=\"378\">7380\u00d72550\u00d71950mm<\/td>\n<td width=\"453\">7380\u00d72470\u00d71950mm<\/td>\n<\/tr>\n<tr>\n<td width=\"400\">Poder total<\/td>\n<td width=\"378\">23kw, 380V, 50Hz<\/td>\n<td width=\"453\">23kw, 380V, 50Hz<\/td>\n<\/tr>\n<tr>\n<td width=\"400\">Peso bruto de la m\u00e1quina<\/td>\n<td width=\"378\">19700kg<\/td>\n<td width=\"453\">18700kg<\/td>\n<\/tr>\n<\/tbody>\n<\/table>\n<p>De acuerdo con el desarrollo del mercado de la impresi\u00f3n, se adopta una nueva generaci\u00f3n de m\u00e1quinas de impresi\u00f3n offset multicolor construidas por una serie de tecnolog\u00edas de patentes nacionales, que adoptan un sistema de sujeci\u00f3n neum\u00e1tico autom\u00e1tico, un sistema de ajuste autom\u00e1tico de tres ejes controlado por un im\u00e1n permanente de CC y preciso sistema autom\u00e1tico de regulaci\u00f3n de presi\u00f3n. Con el sistema de control electr\u00f3nico de bus del m\u00e9todo de comunicaci\u00f3n Mitsubishi CC-LINK, muestra perfectamente las caracter\u00edsticas de inteligente, inteligente y de alta eficiencia de la m\u00e1quina de impresi\u00f3n de trabajo pesado. El cilindro de la placa y el grabado en aerosol de acero inoxidable prolongan en gran medida la vida \u00fatil de la m\u00e1quina. CIP4 se puede utilizar para formar un flujo de trabajo digital con preimpresi\u00f3n CTP y postimpresi\u00f3n, y para preestablecer el color de la tinta, lo que reduce en gran medida la experiencia de las f\u00e1bricas de impresi\u00f3n para los t\u00e9cnicos de impresi\u00f3n. Bajo ciertas condiciones, las condiciones de operaci\u00f3n y varios cambios de par\u00e1metros de la prensa de impresi\u00f3n pueden ser monitoreados y controlados por INTERNET, y la popular impresi\u00f3n UV, esmaltado y otros procesos de impresi\u00f3n, as\u00ed como el lavado autom\u00e1tico de mantillas y el rodillo de tinta pueden instalarse convenientemente. Mayor escalabilidad de las caracter\u00edsticas del producto.<\/p>\n<p>1.El semi APC (cambiador autom\u00e1tico de planchas) acorta el tiempo de preparaci\u00f3n.<\/p>\n<p>2. Para preestablecer el grosor del papel al imprimir diferentes tipos de papel. Para ajustar la presi\u00f3n de impresi\u00f3n en<\/p>\n<p>cada unidad de forma autom\u00e1tica, r\u00e1pida y sincronizada.<\/p>\n<p>3.Con el alimentador continuo, las pilas se cambian a la velocidad de producci\u00f3n. Se ahorra una gran cantidad de tiempo cuando<\/p>\n<p>la ejecuci\u00f3n de papel grueso y la versi\u00f3n larga funcionan sin conexi\u00f3n.<\/p>\n<p>4. Est\u00e1 equipado con un m\u00f3dulo de bus tecnol\u00f3gico CC-LINK de Mitsubishi.<\/p>\n<p>5. El cilindro de impresi\u00f3n de doble di\u00e1metro y el tambor de transferencia pueden reducir los tiempos de toma de hojas<\/p>\n<p>entre unidades de impresi\u00f3n.<\/p>\n<p>6. El cilindro de la placa se puede ajustar en direcci\u00f3n circunferencial, direcci\u00f3n lateral y diagonal<\/p>\n<p>direcci\u00f3n.<\/p>\n<p>7.Hay cinco rodillos en el cilindro portaplanchas. Hay un rodillo intermedio en la amortiguaci\u00f3n alcoh\u00f3lica.<\/p>\n<p>Sistema, que puede eliminar la imagen &quot;fantasma&quot;, lograr el equilibrio r\u00e1pido de tinta y agua y<\/p>\n<p>reducir el consumo de papel.<\/p>\n<p>8. Hay 23 zonas en conductor dividido (escalonado).<\/p>\n<p><strong><em><b>Est\u00e1ndar<\/b><\/em><\/strong><strong><em><b>\u00a0<\/b><\/em><\/strong><strong><em><b>equipo<\/b><\/em><\/strong><strong><em><b>mi<\/b><\/em><\/strong><strong><em><b>norte<\/b><\/em><\/strong><strong><em><b>t<\/b><\/em><\/strong><strong><em><b>:<\/b><\/em><\/strong><\/p>\n<table>\n<tbody>\n<tr>\n<td width=\"72\">No.<\/td>\n<td width=\"886\">Equipamiento estandar<\/td>\n<td width=\"170\">Observaciones<\/td>\n<\/tr>\n<tr>\n<td width=\"72\">1<\/td>\n<td width=\"886\">Control remoto de tinta<strong><em><b>(<\/b><\/em><\/strong><strong><em><b>o<\/b><\/em><\/strong><strong><em><b>pag<\/b><\/em><\/strong><strong><em><b>t<\/b><\/em><\/strong><strong><em><b>yo<\/b><\/em><\/strong><strong><em><b>n \/ A<\/b><\/em><\/strong><strong><em><b>l)<\/b><\/em><\/strong><\/td>\n<td width=\"170\">&nbsp;<\/td>\n<\/tr>\n<tr>\n<td width=\"72\">2<\/td>\n<td width=\"886\">Amortiguaci\u00f3n de alcohol<\/td>\n<td width=\"170\">&nbsp;<\/td>\n<\/tr>\n<tr>\n<td width=\"72\">3<\/td>\n<td width=\"886\">Portador por portador<\/td>\n<td width=\"170\">&nbsp;<\/td>\n<\/tr>\n<tr>\n<td width=\"72\">4<\/td>\n<td width=\"886\">Cilindro de impresi\u00f3n y cilindro de transferencia de doble di\u00e1metro<\/td>\n<td width=\"170\">&nbsp;<\/td>\n<\/tr>\n<tr>\n<td width=\"72\">5<\/td>\n<td width=\"886\">Tratamiento especial en la superficie del cilindro de impresi\u00f3n<\/td>\n<td width=\"170\">&nbsp;<\/td>\n<\/tr>\n<tr>\n<td width=\"72\">6<\/td>\n<td width=\"886\">Tratamiento especial en la superficie del cilindro portaplanchas<\/td>\n<td width=\"170\">&nbsp;<\/td>\n<\/tr>\n<tr>\n<td width=\"72\">7<\/td>\n<td width=\"886\">Barra de sujeci\u00f3n semiautom\u00e1tica<\/td>\n<td width=\"170\">&nbsp;<\/td>\n<\/tr>\n<tr>\n<td width=\"72\">8<\/td>\n<td width=\"886\">Registro en direcci\u00f3n axial y circunferencial<\/td>\n<td width=\"170\">&nbsp;<\/td>\n<\/tr>\n<tr>\n<td width=\"72\">9<\/td>\n<td width=\"886\">Amartillar<\/td>\n<td width=\"170\">&nbsp;<\/td>\n<\/tr>\n<tr>\n<td width=\"72\">10<\/td>\n<td width=\"886\">Ajuste de presi\u00f3n autom\u00e1tico<\/td>\n<td width=\"170\">&nbsp;<\/td>\n<\/tr>\n<tr>\n<td width=\"72\">11<\/td>\n<td width=\"886\">Impresi\u00f3n neum\u00e1tica on-off<\/td>\n<td width=\"170\">&nbsp;<\/td>\n<\/tr>\n<tr>\n<td width=\"72\">12<\/td>\n<td width=\"886\">Sistema de agarre basculante<\/td>\n<td width=\"170\">&nbsp;<\/td>\n<\/tr>\n<tr>\n<td width=\"72\">13<\/td>\n<td width=\"886\">Acostado frontal abatible<\/td>\n<td width=\"170\">&nbsp;<\/td>\n<\/tr>\n<tr>\n<td width=\"72\">14<\/td>\n<td width=\"886\">Pulverizador de polvo el\u00e9ctrico<\/td>\n<td width=\"170\">&nbsp;<\/td>\n<\/tr>\n<tr>\n<td width=\"72\">15<\/td>\n<td width=\"886\">Lubricaci\u00f3n como ducha, lubricaci\u00f3n espesa parcial<\/td>\n<td width=\"170\">&nbsp;<\/td>\n<\/tr>\n<tr>\n<td width=\"72\">16<\/td>\n<td width=\"886\">entrega sin parar<\/td>\n<td width=\"170\">&nbsp;<\/td>\n<\/tr>\n<tr>\n<td colspan=\"3\" width=\"1129\"><strong><em><b>Un<\/b><\/em><\/strong><strong><em><b>C<\/b><\/em><\/strong><strong><em><b>i<\/b><\/em><\/strong><strong><em><b>yo<\/b><\/em><\/strong><strong><em><b>yo<\/b><\/em><\/strong><strong><em><b>a<\/b><\/em><\/strong><strong><em><b>r<\/b><\/em><\/strong><strong><em><b>y<\/b><\/em><\/strong><strong><em><b>\u00a0mi<\/b><\/em><\/strong><strong><em><b>sofismo<\/b><\/em><\/strong><strong><em><b>metro<\/b><\/em><\/strong><strong><em><b>mi<\/b><\/em><\/strong><strong><em><b>Nuevo Testamento:<\/b><\/em><\/strong><\/td>\n<\/tr>\n<tr>\n<td width=\"72\">17<\/td>\n<td width=\"886\">Perforadora fotoel\u00e9ctrica (la placa se puede doblar)<\/td>\n<td width=\"170\">&nbsp;<\/td>\n<\/tr>\n<tr>\n<td width=\"72\">18<\/td>\n<td width=\"886\">Bomba de aire<\/td>\n<td width=\"170\">&nbsp;<\/td>\n<\/tr>\n<tr>\n<td width=\"72\">19<\/td>\n<td width=\"886\">Compresor de aire<\/td>\n<td width=\"170\">&nbsp;<\/td>\n<\/tr>\n<tr>\n<td width=\"72\">20<\/td>\n<td width=\"886\">Rodillos de amortiguaci\u00f3n<\/td>\n<td width=\"170\">&nbsp;<\/td>\n<\/tr>\n<tr>\n<td width=\"72\">21<\/td>\n<td width=\"886\">alimentador de vac\u00edo<\/td>\n<td width=\"170\">&nbsp;<\/td>\n<\/tr>\n<tr>\n<td width=\"72\">22<\/td>\n<td width=\"886\">Detector ultras\u00f3nico de doble hoja<\/td>\n<td width=\"170\">&nbsp;<\/td>\n<\/tr>\n<tr>\n<td colspan=\"3\" width=\"1129\"><strong><em><b>PAG<\/b><\/em><\/strong><strong><em><b>a<\/b><\/em><\/strong><strong><em><b>ck<\/b><\/em><\/strong><strong><em><b>a<\/b><\/em><\/strong><strong><em><b>gramo<\/b><\/em><\/strong><strong><em><b>mi<\/b><\/em><\/strong><strong><em><b>:<\/b><\/em><\/strong><\/td>\n<\/tr>\n<tr>\n<td width=\"72\">1<\/td>\n<td width=\"886\">fumigaci\u00f3n de madera<\/td>\n<td width=\"170\">&nbsp;<\/td>\n<\/tr>\n<tr>\n<td width=\"72\">2<\/td>\n<td width=\"886\">Manual de instrucciones, lista de empaque, libro de repuestos<\/td>\n<td width=\"170\">&nbsp;<\/td>\n<\/tr>\n<\/tbody>\n<\/table>\n<p><strong><em><b>Descripci\u00f3n:<\/b><\/em><\/strong><\/p>\n<p><img decoding=\"async\" class=\"aligncenter wp-image-685\" src=\"https:\/\/estarmachinery.com\/wp-content\/uploads\/2023\/06\/\u56fe\u72471-1.png\" alt=\"ES-4-660\/740 Four Color Offset Printer\" width=\"500\" height=\"240\" srcset=\"https:\/\/estarmachinery.com\/wp-content\/uploads\/2023\/06\/\u56fe\u72471-1.png 358w, https:\/\/estarmachinery.com\/wp-content\/uploads\/2023\/06\/\u56fe\u72471-1-300x144.png 300w\" sizes=\"(max-width: 500px) 100vw, 500px\" \/><\/p>\n<p>Alimentador<\/p>\n<p>* leva conjugada. El mecanismo de avance controlado por el riel de gu\u00eda lineal hace que la velocidad de la m\u00e1quina sea m\u00e1s r\u00e1pida y estable.<\/p>\n<p>* La v\u00e1lvula rotatoria con patente puede limpiar el polvo de papel autom\u00e1ticamente y reducir la falla.<\/p>\n<p><img decoding=\"async\" class=\"aligncenter wp-image-686\" src=\"https:\/\/estarmachinery.com\/wp-content\/uploads\/2023\/06\/\u56fe\u72472.png\" alt=\"ES-4-660\/740 Four Color Offset Printer\" width=\"500\" height=\"299\" \/><\/p>\n<p>Unidades de impresi\u00f3n<\/p>\n<p>* Tanto el marco como la base son de fundici\u00f3n integral.<\/p>\n<p>* El enfriamiento de alta frecuencia de los engranajes garantiza la precisi\u00f3n de la transmisi\u00f3n.<\/p>\n<p>* Engranajes helicoidales, alto coeficiente de superposici\u00f3n y bajo nivel de ruido.<\/p>\n<p><img loading=\"lazy\" decoding=\"async\" class=\"aligncenter wp-image-687\" src=\"https:\/\/estarmachinery.com\/wp-content\/uploads\/2023\/06\/\u56fe\u72473.png\" alt=\"ES-4-660\/740 Four Color Offset Printer\" width=\"500\" height=\"285\" srcset=\"https:\/\/estarmachinery.com\/wp-content\/uploads\/2023\/06\/\u56fe\u72473.png 801w, https:\/\/estarmachinery.com\/wp-content\/uploads\/2023\/06\/\u56fe\u72473-300x171.png 300w, https:\/\/estarmachinery.com\/wp-content\/uploads\/2023\/06\/\u56fe\u72473-768x438.png 768w, https:\/\/estarmachinery.com\/wp-content\/uploads\/2023\/06\/\u56fe\u72473-600x342.png 600w\" sizes=\"(max-width: 500px) 100vw, 500px\" \/><\/p>\n<p>Pinzas precisas<\/p>\n<p>* Despu\u00e9s de que las almohadillas de acero de alta resistencia a cuadros hayan sido templadas, su vida ser\u00e1 m\u00e1s larga y el reemplazo ser\u00e1 m\u00e1s conveniente.<\/p>\n<p>* Las almohadillas blandas resistentes al desgaste garantizan la estabilidad de la entrega del papel y la precisi\u00f3n de la transmisi\u00f3n del papel.<\/p>\n<p>* Los rodamientos de agujas de alta precisi\u00f3n y los rodamientos de apertura mejoran la estabilidad del sistema de agarre.<\/p>\n<p><img loading=\"lazy\" decoding=\"async\" class=\"aligncenter wp-image-688\" src=\"https:\/\/estarmachinery.com\/wp-content\/uploads\/2023\/06\/\u56fe\u72474.png\" alt=\"ES-4-660\/740 Four Color Offset Printer\" width=\"500\" height=\"282\" srcset=\"https:\/\/estarmachinery.com\/wp-content\/uploads\/2023\/06\/\u56fe\u72474.png 417w, https:\/\/estarmachinery.com\/wp-content\/uploads\/2023\/06\/\u56fe\u72474-300x169.png 300w\" sizes=\"(max-width: 500px) 100vw, 500px\" \/><\/p>\n<p>Dispositivo autom\u00e1tico para ajustar el grosor del papel<\/p>\n<p>* Est\u00e1 equipado con transmisi\u00f3n por engranajes. A la distancia entre los cilindros se le pueden dar algunos comentarios a la pantalla mediante un potenci\u00f3metro autom\u00e1ticamente.<\/p>\n<p>* El generador magn\u00e9tico permanente puede garantizar la estabilidad de la presi\u00f3n de impresi\u00f3n, debido a la gran torsi\u00f3n y al fuerte bloqueo autom\u00e1tico.<\/p>\n<p>* Es m\u00e1s f\u00e1cil y conveniente ingresar directamente el grosor del papel en la pantalla.<\/p>\n<p><img loading=\"lazy\" decoding=\"async\" class=\"aligncenter wp-image-689\" src=\"https:\/\/estarmachinery.com\/wp-content\/uploads\/2023\/06\/\u56fe\u72475.png\" alt=\"ES-4-660\/740 Four Color Offset Printer\" width=\"500\" height=\"315\" srcset=\"https:\/\/estarmachinery.com\/wp-content\/uploads\/2023\/06\/\u56fe\u72475.png 383w, https:\/\/estarmachinery.com\/wp-content\/uploads\/2023\/06\/\u56fe\u72475-300x189.png 300w\" sizes=\"(max-width: 500px) 100vw, 500px\" \/><\/p>\n<p>Mesa alimentadora de succi\u00f3n al vac\u00edo<\/p>\n<p>* Bomba de aire importada con gran volumen.<\/p>\n<p>* Es adecuado para todo tipo de papel o tama\u00f1o de forma autom\u00e1tica, a fin de cambiar el formato de papel con mayor rapidez y facilidad.<\/p>\n<p>* El detector ultras\u00f3nico de doble hoja puede proteger mejor los cilindros.<\/p>\n<p><img loading=\"lazy\" decoding=\"async\" class=\"aligncenter wp-image-690\" src=\"https:\/\/estarmachinery.com\/wp-content\/uploads\/2023\/06\/\u56fe\u72476.png\" alt=\"ES-4-660\/740 Four Color Offset Printer\" width=\"500\" height=\"245\" srcset=\"https:\/\/estarmachinery.com\/wp-content\/uploads\/2023\/06\/\u56fe\u72476.png 474w, https:\/\/estarmachinery.com\/wp-content\/uploads\/2023\/06\/\u56fe\u72476-300x147.png 300w\" sizes=\"(max-width: 500px) 100vw, 500px\" \/><\/p>\n<p>Cilindros<\/p>\n<p>* La superficie de los cilindros de impresi\u00f3n y los cilindros portaplanchas son de acero inoxidable rociado para prolongar mejor la vida \u00fatil de la prensa.<\/p>\n<p>* El dise\u00f1o de equilibrio din\u00e1mico puede reducir la vibraci\u00f3n durante la impresi\u00f3n.<\/p>\n<p><img loading=\"lazy\" decoding=\"async\" class=\"wp-image-691 aligncenter\" src=\"https:\/\/estarmachinery.com\/wp-content\/uploads\/2023\/06\/\u56fe\u72477.png\" alt=\"ES-4-660\/740 Four Color Offset Printer\" width=\"500\" height=\"332\" srcset=\"https:\/\/estarmachinery.com\/wp-content\/uploads\/2023\/06\/\u56fe\u72477.png 494w, https:\/\/estarmachinery.com\/wp-content\/uploads\/2023\/06\/\u56fe\u72477-300x199.png 300w\" sizes=\"(max-width: 500px) 100vw, 500px\" \/><\/p>\n<p>Barra de sujeci\u00f3n neum\u00e1tica, placa de cambio sin herramientas<\/p>\n<p>* La tensi\u00f3n de la barra de sujeci\u00f3n se controla mediante mangueras importadas y resortes de disco, de modo que su funcionamiento sea m\u00e1s flexible.<\/p>\n<p>* Las esquinas de los cilindros est\u00e1n controladas por un codificador de alta precisi\u00f3n. Las placas se instalar\u00e1n y desmontar\u00e1n por programa autom\u00e1ticamente. Por lo tanto, puede cumplir con la edici\u00f3n de versi\u00f3n larga y versi\u00f3n corta de las necesidades comerciales de impresi\u00f3n.<\/p>\n<p>* La cola de la barra de sujeci\u00f3n est\u00e1 separada, de modo que puede ayudar a que el papel sea m\u00e1s suave.<\/p>\n<p><img loading=\"lazy\" decoding=\"async\" class=\"aligncenter wp-image-692\" src=\"https:\/\/estarmachinery.com\/wp-content\/uploads\/2023\/06\/\u56fe\u72478.png\" alt=\"ES-4-660\/740 Four Color Offset Printer\" width=\"500\" height=\"406\" srcset=\"https:\/\/estarmachinery.com\/wp-content\/uploads\/2023\/06\/\u56fe\u72478.png 409w, https:\/\/estarmachinery.com\/wp-content\/uploads\/2023\/06\/\u56fe\u72478-300x244.png 300w\" sizes=\"(max-width: 500px) 100vw, 500px\" \/><\/p>\n<p>Consola<\/p>\n<p>* La memoria de la prensa o la tarjeta de memoria del trabajo (disco) pueden guardar el trabajo actual. Los cambios y ajustes realizados en el trabajo actual se transfieren a la prensa. Mientras est\u00e1 en el modo de impresi\u00f3n, puede ingresar los valores predeterminados para el pr\u00f3ximo trabajo en la memoria de la prensa o almacenarlos en un disco.<\/p>\n<p>* CIP3\/CIP4<\/p>\n<p><img loading=\"lazy\" decoding=\"async\" class=\"aligncenter wp-image-693\" src=\"https:\/\/estarmachinery.com\/wp-content\/uploads\/2023\/06\/\u56fe\u72479.png\" alt=\"ES-4-660\/740 Four Color Offset Printer\" width=\"500\" height=\"333\" srcset=\"https:\/\/estarmachinery.com\/wp-content\/uploads\/2023\/06\/\u56fe\u72479.png 494w, https:\/\/estarmachinery.com\/wp-content\/uploads\/2023\/06\/\u56fe\u72479-300x200.png 300w\" sizes=\"(max-width: 500px) 100vw, 500px\" \/><\/p>\n<p>Consola de control de cantidad de tinta (<strong><b>O<\/b><\/strong><strong><b>pag<\/b><\/strong><strong><b>t\u00edo<\/b><\/strong><strong><b>norte<\/b><\/strong><strong><b>a<\/b><\/strong><strong><b>yo<\/b><\/strong>)<\/p>\n<p>* Cada tecla de tinta en cada unidad se puede configurar por consola.<\/p>\n<p>* La cantidad de tinta se puede mostrar en formato digital y se puede guardar.<\/p>\n<p>&nbsp;<\/p>\n<p><strong><em><b>Calle<\/b><\/em><\/strong><strong><em><b>tu<\/b><\/em><\/strong><strong><em><b>cture dia<\/b><\/em><\/strong><strong><em><b>gramo<\/b><\/em><\/strong><strong><em><b>r<\/b><\/em><\/strong><strong><em><b>a<\/b><\/em><\/strong><strong><em><b>metro<\/b><\/em><\/strong><\/p>\n<p><img loading=\"lazy\" decoding=\"async\" class=\"aligncenter wp-image-694\" src=\"https:\/\/estarmachinery.com\/wp-content\/uploads\/2023\/06\/\u56fe\u724710.png\" alt=\"ES-4-660\/740 Four Color Offset Printer\" width=\"500\" height=\"140\" srcset=\"https:\/\/estarmachinery.com\/wp-content\/uploads\/2023\/06\/\u56fe\u724710.png 748w, https:\/\/estarmachinery.com\/wp-content\/uploads\/2023\/06\/\u56fe\u724710-300x84.png 300w, https:\/\/estarmachinery.com\/wp-content\/uploads\/2023\/06\/\u56fe\u724710-600x168.png 600w\" sizes=\"(max-width: 500px) 100vw, 500px\" \/><\/p>\n<p><strong><em><b>Fe<\/b><\/em><\/strong><strong><em><b>a<\/b><\/em><\/strong><strong><em><b>t<\/b><\/em><\/strong><strong><em><b>tu<\/b><\/em><\/strong><strong><em><b>r<\/b><\/em><\/strong><strong><em><b>es:<\/b><\/em><\/strong><\/p>\n<ol>\n<li>\u00a0El semiAPC (cambiador autom\u00e1tico de planchas) acorta el tiempo de preparaci\u00f3n.<\/li>\n<li>Espesor de papel preestablecido al imprimir diferentes tipos de papel. Para ajustar la presi\u00f3n de impresi\u00f3n en cada unidad de forma autom\u00e1tica, r\u00e1pida y sincr\u00f3nica.<\/li>\n<li>\u00a0Con non-stopfeeder, las pilas se cambian a la velocidad de producci\u00f3n. Ahorra una gran cantidad de tiempo cuando se ejecuta en papel grueso y la versi\u00f3n larga funciona sin conexi\u00f3n.<\/li>\n<li>\u00a0Est\u00e1 equipado con el m\u00f3dulo de bus tecnol\u00f3gico CC-LINK de Mitsubishi.<\/li>\n<li>\u00a0El cilindro de impresi\u00f3n de doble di\u00e1metro y el tambor de transferencia pueden reducir los tiempos de transferencia de hojas entre las unidades de impresi\u00f3n.<\/li>\n<li>\u00a0El cilindro portaplanchas se puede ajustar en direcci\u00f3n circunferencial, direcci\u00f3n lateral y direcci\u00f3n diagonal.<\/li>\n<li>\u00a0Hay cinco rodillos en el cilindro portaplanchas. Hay un rodillo intermedio en el sistema de amortiguaci\u00f3n alcoh\u00f3lico, que puede eliminar la imagen &quot;fantasma&quot;, lograr un equilibrio r\u00e1pido entre agua y tinta y reducir el consumo de papel.<\/li>\n<\/ol>","protected":false},"excerpt":{"rendered":"<p>ES-4-660\/740 Four Color Offset Printer TECHNICAL INFORMAITON Main Technical Parameters: Model ES-4-740 ES-4-660 Max. Speed 12000s\/h 12000s\/h Max. Paper Size 540\u00d7740mm 540\u00d7660mm Min. Paper Size 273\u00d7393mm 273\u00d7393mm Paper Sheet Thickness 0.06\uff0d0.6mm 0.06\uff0d0.6mm Max. Printing Area 528\u00d7730mm 528\u00d7650mm Plate Size 677\u00d7755\u00d70.3mm 677\u00d7675\u00d70.3mm Blanket Size 740\u00d7760\u00d71.9mm 740\u00d7680\u00d71.9mm Max. Feeder Pile Height 940mm 940mm Max. Delivery Pile Height [&hellip;]<\/p>","protected":false},"featured_media":684,"template":"","meta":{"site-sidebar-layout":"default","site-content-layout":"default","ast-site-content-layout":"default","site-content-style":"default","site-sidebar-style":"default","ast-global-header-display":"","ast-banner-title-visibility":"","ast-main-header-display":"","ast-hfb-above-header-display":"","ast-hfb-below-header-display":"","ast-hfb-mobile-header-display":"","site-post-title":"","ast-breadcrumbs-content":"","ast-featured-img":"","footer-sml-layout":"","theme-transparent-header-meta":"default","adv-header-id-meta":"","stick-header-meta":"","header-above-stick-meta":"","header-main-stick-meta":"","header-below-stick-meta":"","astra-migrate-meta-layouts":"default","ast-page-background-enabled":"default","ast-page-background-meta":{"desktop":{"background-color":"","background-image":"","background-repeat":"repeat","background-position":"center center","background-size":"auto","background-attachment":"scroll","background-type":"","background-media":"","overlay-type":"","overlay-color":"","overlay-opacity":"","overlay-gradient":""},"tablet":{"background-color":"","background-image":"","background-repeat":"repeat","background-position":"center center","background-size":"auto","background-attachment":"scroll","background-type":"","background-media":"","overlay-type":"","overlay-color":"","overlay-opacity":"","overlay-gradient":""},"mobile":{"background-color":"","background-image":"","background-repeat":"repeat","background-position":"center center","background-size":"auto","background-attachment":"scroll","background-type":"","background-media":"","overlay-type":"","overlay-color":"","overlay-opacity":"","overlay-gradient":""}},"ast-content-background-meta":{"desktop":{"background-color":"var(--ast-global-color-5)","background-image":"","background-repeat":"repeat","background-position":"center center","background-size":"auto","background-attachment":"scroll","background-type":"","background-media":"","overlay-type":"","overlay-color":"","overlay-opacity":"","overlay-gradient":""},"tablet":{"background-color":"var(--ast-global-color-5)","background-image":"","background-repeat":"repeat","background-position":"center center","background-size":"auto","background-attachment":"scroll","background-type":"","background-media":"","overlay-type":"","overlay-color":"","overlay-opacity":"","overlay-gradient":""},"mobile":{"background-color":"var(--ast-global-color-5)","background-image":"","background-repeat":"repeat","background-position":"center center","background-size":"auto","background-attachment":"scroll","background-type":"","background-media":"","overlay-type":"","overlay-color":"","overlay-opacity":"","overlay-gradient":""}}},"product_brand":[],"product_cat":[53],"product_tag":[],"class_list":{"0":"post-677","1":"product","2":"type-product","3":"status-publish","4":"has-post-thumbnail","6":"product_cat-creasing-machine","7":"desktop-align-center","8":"tablet-align-left","9":"mobile-align-left","11":"first","12":"instock","13":"shipping-taxable","14":"product-type-simple"},"_links":{"self":[{"href":"https:\/\/estarmachinery.com\/es\/wp-json\/wp\/v2\/product\/677","targetHints":{"allow":["GET"]}}],"collection":[{"href":"https:\/\/estarmachinery.com\/es\/wp-json\/wp\/v2\/product"}],"about":[{"href":"https:\/\/estarmachinery.com\/es\/wp-json\/wp\/v2\/types\/product"}],"wp:featuredmedia":[{"embeddable":true,"href":"https:\/\/estarmachinery.com\/es\/wp-json\/wp\/v2\/media\/684"}],"wp:attachment":[{"href":"https:\/\/estarmachinery.com\/es\/wp-json\/wp\/v2\/media?parent=677"}],"wp:term":[{"taxonomy":"product_brand","embeddable":true,"href":"https:\/\/estarmachinery.com\/es\/wp-json\/wp\/v2\/product_brand?post=677"},{"taxonomy":"product_cat","embeddable":true,"href":"https:\/\/estarmachinery.com\/es\/wp-json\/wp\/v2\/product_cat?post=677"},{"taxonomy":"product_tag","embeddable":true,"href":"https:\/\/estarmachinery.com\/es\/wp-json\/wp\/v2\/product_tag?post=677"}],"curies":[{"name":"wp","href":"https:\/\/api.w.org\/{rel}","templated":true}]}}