{"id":702,"date":"2023-06-19T01:39:28","date_gmt":"2023-06-19T01:39:28","guid":{"rendered":"https:\/\/estarmachinery.com\/?post_type=product&#038;p=702"},"modified":"2023-07-06T07:20:27","modified_gmt":"2023-07-06T07:20:27","slug":"es-yh350-digital-paper-creasing-machine","status":"publish","type":"product","link":"https:\/\/estarmachinery.com\/es\/producto\/es-yh350-digital-paper-creasing-machine\/","title":{"rendered":"M\u00e1quina plegadora de papel digital ES-YH350"},"content":{"rendered":"<p style=\"text-align: center;\"><strong><b>M\u00e1quina plegadora de papel digital ES-YH350<\/b><\/strong><strong><b>\u00a0<\/b><\/strong><\/p>\n<p><img fetchpriority=\"high\" decoding=\"async\" class=\"size-full wp-image-703 aligncenter\" src=\"https:\/\/estarmachinery.com\/wp-content\/uploads\/2023\/06\/\u56fe\u72471-2.png\" alt=\"ES-YH350 Digital Paper Creasing Machine \" width=\"563\" height=\"516\" srcset=\"https:\/\/estarmachinery.com\/wp-content\/uploads\/2023\/06\/\u56fe\u72471-2.png 563w, https:\/\/estarmachinery.com\/wp-content\/uploads\/2023\/06\/\u56fe\u72471-2-300x275.png 300w\" sizes=\"(max-width: 563px) 100vw, 563px\" \/><\/p>\n<p>Estamos muy agradecidos por su inter\u00e9s en nuestra m\u00e1quina plegadora de papel. Sobre la base de nuestros t\u00e9rminos y condiciones generales de venta, nos complace citarle lo siguiente:<\/p>\n<table>\n<tbody>\n<tr>\n<td colspan=\"2\" width=\"1486\"><strong>Especificaci\u00f3n:<\/strong><\/td>\n<\/tr>\n<tr>\n<td width=\"579\">Modelo<\/td>\n<td width=\"907\"><strong><b>ES-YH350<\/b><\/strong><\/td>\n<\/tr>\n<tr>\n<td width=\"579\">M\u00e9todo de trabajo<\/td>\n<td width=\"907\">Pliegue y l\u00ednea punteada<\/td>\n<\/tr>\n<tr>\n<td width=\"579\">Grosor del papel<\/td>\n<td width=\"907\">60~450g (arrugado) 60~300g (l\u00ednea de puntos)<\/td>\n<\/tr>\n<tr>\n<td width=\"579\">N\u00fameros de arrugas por cada papel<\/td>\n<td width=\"907\">0~32 veces<\/td>\n<\/tr>\n<tr>\n<td width=\"579\">Tama\u00f1o de papel<\/td>\n<td width=\"907\">50~90mm\u2014-340*900mm<\/td>\n<\/tr>\n<tr>\n<td width=\"579\">Velocidad de plegado (una vez en papel A4)<\/td>\n<td width=\"907\">2400 piezas\/hora<\/td>\n<\/tr>\n<tr>\n<td width=\"579\">Fuerza<\/td>\n<td width=\"907\">220V\/50HZ o 110V\/60HZ<\/td>\n<\/tr>\n<tr>\n<td width=\"579\">Dimensi\u00f3n de la m\u00e1quina<\/td>\n<td width=\"907\">1170*520*410mm<\/td>\n<\/tr>\n<tr>\n<td width=\"579\">Tama\u00f1o de embalaje<\/td>\n<td width=\"907\">62*62*52cm<\/td>\n<\/tr>\n<tr>\n<td width=\"579\">GN\/GW<\/td>\n<td width=\"907\">42 kg\/46 kg<\/td>\n<\/tr>\n<tr>\n<td width=\"579\">Tipos de papel<\/td>\n<td width=\"907\">papel estucado, papel laminado<\/td>\n<\/tr>\n<\/tbody>\n<\/table>","protected":false},"excerpt":{"rendered":"<p>ES-YH350 Digital Paper Creasing Machine\u00a0 We are highly thankful to you for your interested in our\u00a0paper creasing machine. On the basis of our general terms and conditions of sale, we have pleasure to quote you as followings: Specification: Model ES-YH350 Working Method Creasing and dotted line Paper thickness 60~450g(creasing) 60~300g(dotted line) Numbers of creasing per [&hellip;]<\/p>","protected":false},"featured_media":703,"template":"","meta":{"site-sidebar-layout":"default","site-content-layout":"default","ast-site-content-layout":"default","site-content-style":"default","site-sidebar-style":"default","ast-global-header-display":"","ast-banner-title-visibility":"","ast-main-header-display":"","ast-hfb-above-header-display":"","ast-hfb-below-header-display":"","ast-hfb-mobile-header-display":"","site-post-title":"","ast-breadcrumbs-content":"","ast-featured-img":"","footer-sml-layout":"","theme-transparent-header-meta":"default","adv-header-id-meta":"","stick-header-meta":"","header-above-stick-meta":"","header-main-stick-meta":"","header-below-stick-meta":"","astra-migrate-meta-layouts":"default","ast-page-background-enabled":"default","ast-page-background-meta":{"desktop":{"background-color":"","background-image":"","background-repeat":"repeat","background-position":"center center","background-size":"auto","background-attachment":"scroll","background-type":"","background-media":"","overlay-type":"","overlay-color":"","overlay-opacity":"","overlay-gradient":""},"tablet":{"background-color":"","background-image":"","background-repeat":"repeat","background-position":"center center","background-size":"auto","background-attachment":"scroll","background-type":"","background-media":"","overlay-type":"","overlay-color":"","overlay-opacity":"","overlay-gradient":""},"mobile":{"background-color":"","background-image":"","background-repeat":"repeat","background-position":"center center","background-size":"auto","background-attachment":"scroll","background-type":"","background-media":"","overlay-type":"","overlay-color":"","overlay-opacity":"","overlay-gradient":""}},"ast-content-background-meta":{"desktop":{"background-color":"var(--ast-global-color-5)","background-image":"","background-repeat":"repeat","background-position":"center center","background-size":"auto","background-attachment":"scroll","background-type":"","background-media":"","overlay-type":"","overlay-color":"","overlay-opacity":"","overlay-gradient":""},"tablet":{"background-color":"var(--ast-global-color-5)","background-image":"","background-repeat":"repeat","background-position":"center center","background-size":"auto","background-attachment":"scroll","background-type":"","background-media":"","overlay-type":"","overlay-color":"","overlay-opacity":"","overlay-gradient":""},"mobile":{"background-color":"var(--ast-global-color-5)","background-image":"","background-repeat":"repeat","background-position":"center center","background-size":"auto","background-attachment":"scroll","background-type":"","background-media":"","overlay-type":"","overlay-color":"","overlay-opacity":"","overlay-gradient":""}}},"product_brand":[],"product_cat":[53],"product_tag":[],"class_list":{"0":"post-702","1":"product","2":"type-product","3":"status-publish","4":"has-post-thumbnail","6":"product_cat-creasing-machine","7":"desktop-align-center","8":"tablet-align-left","9":"mobile-align-left","11":"first","12":"instock","13":"shipping-taxable","14":"product-type-simple"},"_links":{"self":[{"href":"https:\/\/estarmachinery.com\/es\/wp-json\/wp\/v2\/product\/702","targetHints":{"allow":["GET"]}}],"collection":[{"href":"https:\/\/estarmachinery.com\/es\/wp-json\/wp\/v2\/product"}],"about":[{"href":"https:\/\/estarmachinery.com\/es\/wp-json\/wp\/v2\/types\/product"}],"wp:featuredmedia":[{"embeddable":true,"href":"https:\/\/estarmachinery.com\/es\/wp-json\/wp\/v2\/media\/703"}],"wp:attachment":[{"href":"https:\/\/estarmachinery.com\/es\/wp-json\/wp\/v2\/media?parent=702"}],"wp:term":[{"taxonomy":"product_brand","embeddable":true,"href":"https:\/\/estarmachinery.com\/es\/wp-json\/wp\/v2\/product_brand?post=702"},{"taxonomy":"product_cat","embeddable":true,"href":"https:\/\/estarmachinery.com\/es\/wp-json\/wp\/v2\/product_cat?post=702"},{"taxonomy":"product_tag","embeddable":true,"href":"https:\/\/estarmachinery.com\/es\/wp-json\/wp\/v2\/product_tag?post=702"}],"curies":[{"name":"wp","href":"https:\/\/api.w.org\/{rel}","templated":true}]}}