{"id":707,"date":"2023-06-19T01:50:07","date_gmt":"2023-06-19T01:50:07","guid":{"rendered":"https:\/\/estarmachinery.com\/?post_type=product&#038;p=707"},"modified":"2023-07-06T07:13:42","modified_gmt":"2023-07-06T07:13:42","slug":"paper-lamination-machine","status":"publish","type":"product","link":"https:\/\/estarmachinery.com\/es\/producto\/paper-lamination-machine\/","title":{"rendered":"M\u00e1quina de laminaci\u00f3n de papel"},"content":{"rendered":"<p style=\"text-align: center;\"><strong><b>M\u00e1quina de laminaci\u00f3n de papel<\/b><\/strong><\/p>\n<p><img fetchpriority=\"high\" decoding=\"async\" class=\"size-full wp-image-711 aligncenter\" src=\"https:\/\/estarmachinery.com\/wp-content\/uploads\/2023\/06\/\u4e3b\u56fe6-2.jpg\" alt=\"Paper Lamination Machine\" width=\"800\" height=\"800\" srcset=\"https:\/\/estarmachinery.com\/wp-content\/uploads\/2023\/06\/\u4e3b\u56fe6-2.jpg 800w, https:\/\/estarmachinery.com\/wp-content\/uploads\/2023\/06\/\u4e3b\u56fe6-2-300x300.jpg 300w, https:\/\/estarmachinery.com\/wp-content\/uploads\/2023\/06\/\u4e3b\u56fe6-2-150x150.jpg 150w, https:\/\/estarmachinery.com\/wp-content\/uploads\/2023\/06\/\u4e3b\u56fe6-2-768x768.jpg 768w, https:\/\/estarmachinery.com\/wp-content\/uploads\/2023\/06\/\u4e3b\u56fe6-2-600x600.jpg 600w, https:\/\/estarmachinery.com\/wp-content\/uploads\/2023\/06\/\u4e3b\u56fe6-2-100x100.jpg 100w\" sizes=\"(max-width: 800px) 100vw, 800px\" \/><\/p>\n<p>Estamos muy agradecidos por su inter\u00e9s en nuestra m\u00e1quina laminadora de papel. Sobre la base de nuestros t\u00e9rminos y condiciones generales de venta, nos complace citarle lo siguiente:<\/p>\n<table>\n<tbody>\n<tr>\n<td colspan=\"2\" width=\"1486\"><strong>Especificaci\u00f3n:<\/strong><\/td>\n<\/tr>\n<tr>\n<td width=\"559\">Modelo<\/td>\n<td width=\"926\"><strong><b>ES-FM380 \u00a0<\/b><\/strong><\/td>\n<\/tr>\n<tr>\n<td width=\"559\">Ancho de laminaci\u00f3n m\u00e1x.<\/td>\n<td width=\"926\">360 mm<\/td>\n<\/tr>\n<tr>\n<td width=\"559\">Espesor m\u00e1ximo de laminaci\u00f3n<\/td>\n<td width=\"926\">5 mm<\/td>\n<\/tr>\n<tr>\n<td width=\"559\">Velocidad<\/td>\n<td width=\"926\">0,2~1,6 m\/min<\/td>\n<\/tr>\n<tr>\n<td width=\"559\">Temperatura de laminaci\u00f3n<\/td>\n<td width=\"926\">0~160\u2103<\/td>\n<\/tr>\n<tr>\n<td width=\"559\">Potencia de la l\u00e1mpara<\/td>\n<td width=\"926\">650w<\/td>\n<\/tr>\n<tr>\n<td width=\"559\">Fuerza de motor<\/td>\n<td width=\"926\">30w<\/td>\n<\/tr>\n<tr>\n<td width=\"559\">Fuente de alimentaci\u00f3n<\/td>\n<td width=\"926\">AC220V(110V)\u00b110%50HZ(60HZ)<\/td>\n<\/tr>\n<tr>\n<td width=\"559\">GW<\/td>\n<td width=\"926\">40kg<\/td>\n<\/tr>\n<tr>\n<td width=\"559\">Dimensiones<\/td>\n<td width=\"926\">730*600*900mm<\/td>\n<\/tr>\n<\/tbody>\n<\/table>\n<p>&nbsp;<\/p>","protected":false},"excerpt":{"rendered":"<p>Paper Lamination Machine We are highly thankful to you for your interested in our\u00a0paper \u00a0lamination machine. On the basis of our general terms and conditions of sale, we have pleasure to quote you as followings: Specification: Model ES-FM380 \u00a0 Max.lamination width 360mm Max.lamination thickness 5mm Speed 0.2~1.6m\/min Lamination temperature 0~160\u2103 Lamp power 650w Motor power [&hellip;]<\/p>","protected":false},"featured_media":710,"template":"","meta":{"site-sidebar-layout":"default","site-content-layout":"default","ast-site-content-layout":"default","site-content-style":"default","site-sidebar-style":"default","ast-global-header-display":"","ast-banner-title-visibility":"","ast-main-header-display":"","ast-hfb-above-header-display":"","ast-hfb-below-header-display":"","ast-hfb-mobile-header-display":"","site-post-title":"","ast-breadcrumbs-content":"","ast-featured-img":"","footer-sml-layout":"","theme-transparent-header-meta":"default","adv-header-id-meta":"","stick-header-meta":"","header-above-stick-meta":"","header-main-stick-meta":"","header-below-stick-meta":"","astra-migrate-meta-layouts":"default","ast-page-background-enabled":"default","ast-page-background-meta":{"desktop":{"background-color":"","background-image":"","background-repeat":"repeat","background-position":"center center","background-size":"auto","background-attachment":"scroll","background-type":"","background-media":"","overlay-type":"","overlay-color":"","overlay-opacity":"","overlay-gradient":""},"tablet":{"background-color":"","background-image":"","background-repeat":"repeat","background-position":"center center","background-size":"auto","background-attachment":"scroll","background-type":"","background-media":"","overlay-type":"","overlay-color":"","overlay-opacity":"","overlay-gradient":""},"mobile":{"background-color":"","background-image":"","background-repeat":"repeat","background-position":"center center","background-size":"auto","background-attachment":"scroll","background-type":"","background-media":"","overlay-type":"","overlay-color":"","overlay-opacity":"","overlay-gradient":""}},"ast-content-background-meta":{"desktop":{"background-color":"var(--ast-global-color-5)","background-image":"","background-repeat":"repeat","background-position":"center center","background-size":"auto","background-attachment":"scroll","background-type":"","background-media":"","overlay-type":"","overlay-color":"","overlay-opacity":"","overlay-gradient":""},"tablet":{"background-color":"var(--ast-global-color-5)","background-image":"","background-repeat":"repeat","background-position":"center center","background-size":"auto","background-attachment":"scroll","background-type":"","background-media":"","overlay-type":"","overlay-color":"","overlay-opacity":"","overlay-gradient":""},"mobile":{"background-color":"var(--ast-global-color-5)","background-image":"","background-repeat":"repeat","background-position":"center center","background-size":"auto","background-attachment":"scroll","background-type":"","background-media":"","overlay-type":"","overlay-color":"","overlay-opacity":"","overlay-gradient":""}}},"product_brand":[],"product_cat":[48],"product_tag":[],"class_list":{"0":"post-707","1":"product","2":"type-product","3":"status-publish","4":"has-post-thumbnail","6":"product_cat-laminating-machine","7":"desktop-align-center","8":"tablet-align-left","9":"mobile-align-left","11":"first","12":"instock","13":"shipping-taxable","14":"product-type-simple"},"_links":{"self":[{"href":"https:\/\/estarmachinery.com\/es\/wp-json\/wp\/v2\/product\/707","targetHints":{"allow":["GET"]}}],"collection":[{"href":"https:\/\/estarmachinery.com\/es\/wp-json\/wp\/v2\/product"}],"about":[{"href":"https:\/\/estarmachinery.com\/es\/wp-json\/wp\/v2\/types\/product"}],"wp:featuredmedia":[{"embeddable":true,"href":"https:\/\/estarmachinery.com\/es\/wp-json\/wp\/v2\/media\/710"}],"wp:attachment":[{"href":"https:\/\/estarmachinery.com\/es\/wp-json\/wp\/v2\/media?parent=707"}],"wp:term":[{"taxonomy":"product_brand","embeddable":true,"href":"https:\/\/estarmachinery.com\/es\/wp-json\/wp\/v2\/product_brand?post=707"},{"taxonomy":"product_cat","embeddable":true,"href":"https:\/\/estarmachinery.com\/es\/wp-json\/wp\/v2\/product_cat?post=707"},{"taxonomy":"product_tag","embeddable":true,"href":"https:\/\/estarmachinery.com\/es\/wp-json\/wp\/v2\/product_tag?post=707"}],"curies":[{"name":"wp","href":"https:\/\/api.w.org\/{rel}","templated":true}]}}