{"id":727,"date":"2023-06-19T02:02:47","date_gmt":"2023-06-19T02:02:47","guid":{"rendered":"https:\/\/estarmachinery.com\/?post_type=product&#038;p=727"},"modified":"2023-07-06T07:11:28","modified_gmt":"2023-07-06T07:11:28","slug":"es-520-double-wire-book-binding-machine-with-hanger","status":"publish","type":"product","link":"https:\/\/estarmachinery.com\/es\/producto\/es-520-double-wire-book-binding-machine-with-hanger\/","title":{"rendered":"ES-520 Encuadernadora de doble hilo con colgador"},"content":{"rendered":"<p style=\"text-align: center;\"><strong>ES<\/strong><strong>-520 m\u00e1quina de encuadernaci\u00f3n de libros de doble hilo<\/strong><strong>\u00a0con percha<\/strong><\/p>\n<p><img fetchpriority=\"high\" decoding=\"async\" class=\"size-full wp-image-729 aligncenter\" src=\"https:\/\/estarmachinery.com\/wp-content\/uploads\/2023\/06\/O1CN01LKXJrd1JXRlCA4qyS_6000000001038-0-cib.jpg\" alt=\"ES-520 double wire book binding machine with hanger \" width=\"800\" height=\"800\" srcset=\"https:\/\/estarmachinery.com\/wp-content\/uploads\/2023\/06\/O1CN01LKXJrd1JXRlCA4qyS_6000000001038-0-cib.jpg 800w, https:\/\/estarmachinery.com\/wp-content\/uploads\/2023\/06\/O1CN01LKXJrd1JXRlCA4qyS_6000000001038-0-cib-300x300.jpg 300w, https:\/\/estarmachinery.com\/wp-content\/uploads\/2023\/06\/O1CN01LKXJrd1JXRlCA4qyS_6000000001038-0-cib-150x150.jpg 150w, https:\/\/estarmachinery.com\/wp-content\/uploads\/2023\/06\/O1CN01LKXJrd1JXRlCA4qyS_6000000001038-0-cib-768x768.jpg 768w, https:\/\/estarmachinery.com\/wp-content\/uploads\/2023\/06\/O1CN01LKXJrd1JXRlCA4qyS_6000000001038-0-cib-600x600.jpg 600w, https:\/\/estarmachinery.com\/wp-content\/uploads\/2023\/06\/O1CN01LKXJrd1JXRlCA4qyS_6000000001038-0-cib-100x100.jpg 100w\" sizes=\"(max-width: 800px) 100vw, 800px\" \/><\/p>\n<table>\n<tbody>\n<tr>\n<td width=\"744\">m\u00e1x. ancho del papel<\/td>\n<td width=\"744\">520 mm<\/td>\n<\/tr>\n<tr>\n<td width=\"744\">m\u00e1x. ancho de encuadernaci\u00f3n<\/td>\n<td width=\"744\">507 mm<\/td>\n<\/tr>\n<tr>\n<td width=\"744\">m\u00edn. longitud del papel<\/td>\n<td width=\"744\">75 mm<\/td>\n<\/tr>\n<tr>\n<td width=\"744\">Di\u00e1metro del cable<\/td>\n<td width=\"744\">1\/4\u2033 5\/16\u2033 3\/8\u2033 7\/16\u2033 1\/2\u2033 9\/16\u20335\/8\u2033 Paso 3:1<\/p>\n<p>5\/8\u2033 3\/4\u2033 7\/8\u2033 paso 2:1<\/td>\n<\/tr>\n<tr>\n<td width=\"744\">Velocidad de trabajo<\/td>\n<td width=\"744\">800-2000 libros\/hora<\/td>\n<\/tr>\n<tr>\n<td width=\"744\">Tama\u00f1o de la mesa de trabajo (WxD)<\/td>\n<td width=\"744\">660x300mm<\/td>\n<\/tr>\n<tr>\n<td width=\"744\">Fuente de alimentaci\u00f3n<\/td>\n<td width=\"744\">220V 50HZ<\/td>\n<\/tr>\n<tr>\n<td width=\"744\">Compresor de aire (no incluido)<\/td>\n<td width=\"744\">1.5KW<\/td>\n<\/tr>\n<tr>\n<td width=\"744\">Presi\u00f3n del aire<\/td>\n<td width=\"744\">6-8<\/td>\n<\/tr>\n<tr>\n<td width=\"744\">Dimensiones de la m\u00e1quina (An. x Pr. x Al.)<\/td>\n<td width=\"744\">1800x760x1230mm<\/td>\n<\/tr>\n<tr>\n<td width=\"744\">Peso neto (sin paquete de energ\u00eda)<\/td>\n<td width=\"744\">380KG<\/td>\n<\/tr>\n<tr>\n<td width=\"744\">Dimensi\u00f3n de la unidad Py-off<\/td>\n<td width=\"744\">490x760x1230mm<\/td>\n<\/tr>\n<tr>\n<td width=\"744\">Peso de la unidad Py-off<\/td>\n<td width=\"744\">65KG<\/td>\n<\/tr>\n<tr>\n<td colspan=\"2\" width=\"1488\">corte autom\u00e1tico, encuadernaci\u00f3n autom\u00e1tica, cierre autom\u00e1tico<\/p>\n<p>Accesorio de suspensi\u00f3n autom\u00e1tica<\/p>\n<p>Modo de alimentaci\u00f3n manual<\/p>\n<p>Manipulaci\u00f3n de alambre doble Corte, inserci\u00f3n y cierre autom\u00e1ticos<\/p>\n<p>Especificaciones del cable Di\u00e1metro 1\/4\u2033-3\/4\u2033 Paso 3:1, 2:1<\/td>\n<\/tr>\n<\/tbody>\n<\/table>","protected":false},"excerpt":{"rendered":"<p>ES-520 double wire book binding machine\u00a0with hanger Max. paper width 520mm Max. binding width 507mm Min. paper length 75mm Wire diameter 1\/4&#8243; 5\/16&#8243; 3\/8&#8243; 7\/16&#8243; 1\/2&#8243; 9\/16&#8243;5\/8&#8243; pitch 3:1 5\/8&#8243; 3\/4&#8243; 7\/8&#8243; pitch 2:1 Working speed 800-2000 books\/h Size of worktable(WxD) 660x300mm Power supply 220V 50HZ Air compressor(not included) 1.5KW Air pressure 6-8 Machine dimensions(WxDxH) [&hellip;]<\/p>","protected":false},"featured_media":732,"template":"","meta":{"site-sidebar-layout":"default","site-content-layout":"default","ast-site-content-layout":"default","site-content-style":"default","site-sidebar-style":"default","ast-global-header-display":"","ast-banner-title-visibility":"","ast-main-header-display":"","ast-hfb-above-header-display":"","ast-hfb-below-header-display":"","ast-hfb-mobile-header-display":"","site-post-title":"","ast-breadcrumbs-content":"","ast-featured-img":"","footer-sml-layout":"","theme-transparent-header-meta":"default","adv-header-id-meta":"","stick-header-meta":"","header-above-stick-meta":"","header-main-stick-meta":"","header-below-stick-meta":"","astra-migrate-meta-layouts":"default","ast-page-background-enabled":"default","ast-page-background-meta":{"desktop":{"background-color":"","background-image":"","background-repeat":"repeat","background-position":"center center","background-size":"auto","background-attachment":"scroll","background-type":"","background-media":"","overlay-type":"","overlay-color":"","overlay-opacity":"","overlay-gradient":""},"tablet":{"background-color":"","background-image":"","background-repeat":"repeat","background-position":"center center","background-size":"auto","background-attachment":"scroll","background-type":"","background-media":"","overlay-type":"","overlay-color":"","overlay-opacity":"","overlay-gradient":""},"mobile":{"background-color":"","background-image":"","background-repeat":"repeat","background-position":"center center","background-size":"auto","background-attachment":"scroll","background-type":"","background-media":"","overlay-type":"","overlay-color":"","overlay-opacity":"","overlay-gradient":""}},"ast-content-background-meta":{"desktop":{"background-color":"var(--ast-global-color-5)","background-image":"","background-repeat":"repeat","background-position":"center center","background-size":"auto","background-attachment":"scroll","background-type":"","background-media":"","overlay-type":"","overlay-color":"","overlay-opacity":"","overlay-gradient":""},"tablet":{"background-color":"var(--ast-global-color-5)","background-image":"","background-repeat":"repeat","background-position":"center center","background-size":"auto","background-attachment":"scroll","background-type":"","background-media":"","overlay-type":"","overlay-color":"","overlay-opacity":"","overlay-gradient":""},"mobile":{"background-color":"var(--ast-global-color-5)","background-image":"","background-repeat":"repeat","background-position":"center center","background-size":"auto","background-attachment":"scroll","background-type":"","background-media":"","overlay-type":"","overlay-color":"","overlay-opacity":"","overlay-gradient":""}}},"product_brand":[],"product_cat":[54],"product_tag":[],"class_list":{"0":"post-727","1":"product","2":"type-product","3":"status-publish","4":"has-post-thumbnail","6":"product_cat-stitching-machine","7":"desktop-align-center","8":"tablet-align-left","9":"mobile-align-left","11":"first","12":"instock","13":"shipping-taxable","14":"product-type-simple"},"_links":{"self":[{"href":"https:\/\/estarmachinery.com\/es\/wp-json\/wp\/v2\/product\/727","targetHints":{"allow":["GET"]}}],"collection":[{"href":"https:\/\/estarmachinery.com\/es\/wp-json\/wp\/v2\/product"}],"about":[{"href":"https:\/\/estarmachinery.com\/es\/wp-json\/wp\/v2\/types\/product"}],"wp:featuredmedia":[{"embeddable":true,"href":"https:\/\/estarmachinery.com\/es\/wp-json\/wp\/v2\/media\/732"}],"wp:attachment":[{"href":"https:\/\/estarmachinery.com\/es\/wp-json\/wp\/v2\/media?parent=727"}],"wp:term":[{"taxonomy":"product_brand","embeddable":true,"href":"https:\/\/estarmachinery.com\/es\/wp-json\/wp\/v2\/product_brand?post=727"},{"taxonomy":"product_cat","embeddable":true,"href":"https:\/\/estarmachinery.com\/es\/wp-json\/wp\/v2\/product_cat?post=727"},{"taxonomy":"product_tag","embeddable":true,"href":"https:\/\/estarmachinery.com\/es\/wp-json\/wp\/v2\/product_tag?post=727"}],"curies":[{"name":"wp","href":"https:\/\/api.w.org\/{rel}","templated":true}]}}