{"id":1357,"date":"2023-08-22T03:59:57","date_gmt":"2023-08-22T03:59:57","guid":{"rendered":"https:\/\/estarmachinery.com\/?post_type=product&#038;p=1357"},"modified":"2023-08-22T04:02:13","modified_gmt":"2023-08-22T04:02:13","slug":"automatic-high-speed-paper-counter-paper-counting-machine","status":"publish","type":"product","link":"https:\/\/estarmachinery.com\/fr\/produit\/automatic-high-speed-paper-counter-paper-counting-machine\/","title":{"rendered":"Compteur de papier automatique \u00e0 grande vitesse Machine de comptage de papier"},"content":{"rendered":"<p>Compteur de papier automatique \u00e0 grande vitesse Machine de comptage de papier<\/p>\n<h3 class=\"magic-2\" data-spm-anchor-id=\"a2700.details.0.i28.5bf366fcvlprgS\">Caract\u00e9ristiques:<\/h3>\n<div class=\"magic-3\">\n<div class=\"magic-4\">\n<div class=\"magic-5\" data-spm-anchor-id=\"a2700.details.0.i26.5bf366fcvlprgS\"><span data-spm-anchor-id=\"a2700.details.0.i27.5bf366fcvlprgS\">Il existe 2 modes de fonctionnement\u00a0: 1. Mode de comptage\u00a0: Dans ce mode, la machine compte la pile de papier, sans insertion d&#039;onglets. 2. Mode de comptage par lots\u00a0: Dans ce mode, la machine peut compter certaines feuilles avec insertion d&#039;onglets. Petite taille de machine, la vitesse de comptage est de 1 000 feuilles par minute, la machine fonctionne de mani\u00e8re stable et pr\u00e9cise. Contr\u00f4le par \u00e9cran tactile, facile \u00e0 utiliser.<\/span><\/div>\n<div data-spm-anchor-id=\"a2700.details.0.i26.5bf366fcvlprgS\">\n<div class=\"J_module\">\n<div class=\"icbu-pc-detailManyImage magic-7\">\n<div class=\"magic-8\"><a href=\"https:\/\/estarmachinery.com\/fr\/categorie-produit\/counting-machine\/\"><img decoding=\"async\" class=\"magic-9\" src=\"https:\/\/sc04.alicdn.com\/kf\/Hb0cf1eeb6df74cf8a7a546d480d397e7t\/268582949\/Hb0cf1eeb6df74cf8a7a546d480d397e7t.jpg\" data-src=\"\/\/sc04.alicdn.com\/kf\/Hb0cf1eeb6df74cf8a7a546d480d397e7t\/268582949\/Hb0cf1eeb6df74cf8a7a546d480d397e7t.jpg\" data-spm-anchor-id=\"a2700.details.0.i35.5bf366fcZaPXIF\" \/><\/a><\/div>\n<div class=\"magic-8\"><img decoding=\"async\" class=\"magic-9\" src=\"https:\/\/sc04.alicdn.com\/kf\/H34eb45d6c7a642cdb51a44545b4e3877u\/268582949\/H34eb45d6c7a642cdb51a44545b4e3877u.jpg\" data-src=\"\/\/sc04.alicdn.com\/kf\/H34eb45d6c7a642cdb51a44545b4e3877u\/268582949\/H34eb45d6c7a642cdb51a44545b4e3877u.jpg\" \/><\/div>\n<div class=\"magic-8\"><img decoding=\"async\" class=\"magic-9\" src=\"https:\/\/sc04.alicdn.com\/kf\/H8c7a2d46bb124d21afe838c14592ddb9O\/268582949\/H8c7a2d46bb124d21afe838c14592ddb9O.jpg\" data-src=\"\/\/sc04.alicdn.com\/kf\/H8c7a2d46bb124d21afe838c14592ddb9O\/268582949\/H8c7a2d46bb124d21afe838c14592ddb9O.jpg\" \/><\/div>\n<div class=\"magic-8\"><img decoding=\"async\" class=\"magic-9\" src=\"https:\/\/sc04.alicdn.com\/kf\/H4ae702e9d59943e480ad0325476d82c84\/268582949\/H4ae702e9d59943e480ad0325476d82c84.jpg\" data-src=\"\/\/sc04.alicdn.com\/kf\/H4ae702e9d59943e480ad0325476d82c84\/268582949\/H4ae702e9d59943e480ad0325476d82c84.jpg\" \/><\/div>\n<div class=\"magic-8\"><img decoding=\"async\" class=\"magic-9\" src=\"https:\/\/sc04.alicdn.com\/kf\/H5dc6e58c079e4cf8af3a6de80ac55cb29\/268582949\/H5dc6e58c079e4cf8af3a6de80ac55cb29.jpg\" data-src=\"\/\/sc04.alicdn.com\/kf\/H5dc6e58c079e4cf8af3a6de80ac55cb29\/268582949\/H5dc6e58c079e4cf8af3a6de80ac55cb29.jpg\" \/><\/div>\n<\/div>\n<\/div>\n<div class=\"J_module\">\n<div id=\"ali-anchor-AliMagic-g9orjj\" class=\"magic-0\" data-section=\"AliMagic-g9orjj\" data-section-title=\"PRODUCT SPECIFICATIONS\">SP\u00c9CIFICATIONS DU PRODUIT<\/div>\n<\/div>\n<div class=\"J_module\">\n<div class=\"ife-detail-decorate-table\">\n<table class=\"all magic-10\">\n<tbody>\n<tr>\n<td colspan=\"1\" rowspan=\"1\">\n<div class=\"magic-11\">Non.<\/div>\n<\/td>\n<td colspan=\"1\" rowspan=\"1\">\n<div class=\"magic-12\">Mod\u00e8le<\/div>\n<\/td>\n<td colspan=\"3\" rowspan=\"1\">\n<div class=\"magic-13\">ES-Y3<\/div>\n<\/td>\n<\/tr>\n<tr>\n<td colspan=\"1\" rowspan=\"1\">\n<div class=\"magic-11\">1<\/div>\n<\/td>\n<td colspan=\"1\" rowspan=\"1\">\n<div class=\"magic-12\">\u00c9paisseur du papier<\/div>\n<\/td>\n<td colspan=\"3\" rowspan=\"1\">\n<div class=\"magic-13\">45-120 g\/m\u00b2<\/div>\n<\/td>\n<\/tr>\n<tr>\n<td colspan=\"1\" rowspan=\"1\">\n<div class=\"magic-11\">2<\/div>\n<\/td>\n<td colspan=\"1\" rowspan=\"1\">\n<div class=\"magic-12\">Min. taille de papier<\/div>\n<\/td>\n<td colspan=\"3\" rowspan=\"1\">\n<div class=\"magic-13\">100 mm (L) * 150 mm (L)<\/div>\n<\/td>\n<\/tr>\n<tr>\n<td colspan=\"1\" rowspan=\"1\">\n<div class=\"magic-11\">3<\/div>\n<\/td>\n<td colspan=\"1\" rowspan=\"1\">\n<div class=\"magic-12\">Max. taille de papier<\/div>\n<\/td>\n<td colspan=\"3\" rowspan=\"1\">\n<div class=\"magic-13\">420 mm (L) x 297 mm (L)<\/div>\n<\/td>\n<\/tr>\n<tr>\n<td colspan=\"1\" rowspan=\"1\">\n<div class=\"magic-11\">4<\/div>\n<\/td>\n<td colspan=\"1\" rowspan=\"1\">\n<div class=\"magic-12\">Vitesse de comptage<\/div>\n<\/td>\n<td colspan=\"3\" rowspan=\"1\">\n<div class=\"magic-13\">0 ~ 1000 pi\u00e8ces\/min<\/div>\n<\/td>\n<\/tr>\n<tr>\n<td colspan=\"1\" rowspan=\"1\">\n<div class=\"magic-11\">5<\/div>\n<\/td>\n<td colspan=\"1\" rowspan=\"1\">\n<div class=\"magic-12\">Max. hauteur de chargement<\/div>\n<\/td>\n<td colspan=\"3\" rowspan=\"1\">\n<div class=\"magic-16\">70mm<\/div>\n<\/td>\n<\/tr>\n<tr>\n<td colspan=\"1\" rowspan=\"1\">\n<div class=\"magic-11\">6<\/div>\n<\/td>\n<td colspan=\"1\" rowspan=\"1\">\n<div class=\"magic-12\">Source de courant<\/div>\n<\/td>\n<td colspan=\"3\" rowspan=\"1\">\n<div class=\"magic-16\">AC240 VCA, 50\/60 Hz<\/div>\n<\/td>\n<\/tr>\n<tr>\n<td colspan=\"1\" rowspan=\"1\">\n<div class=\"magic-11\">7<\/div>\n<\/td>\n<td colspan=\"1\" rowspan=\"1\">\n<div class=\"magic-12\">Hauteur de la table de chargement<\/div>\n<\/td>\n<td colspan=\"3\" rowspan=\"1\">\n<div class=\"magic-16\">200 mm<\/div>\n<\/td>\n<\/tr>\n<tr>\n<td colspan=\"1\" rowspan=\"1\">\n<div class=\"magic-11\">8<\/div>\n<\/td>\n<td colspan=\"1\" rowspan=\"1\">\n<div class=\"magic-12\">Taille de l&#039;appareil<\/div>\n<\/td>\n<td colspan=\"3\" rowspan=\"1\">\n<div class=\"magic-16\">670*510*480mm<\/div>\n<\/td>\n<\/tr>\n<tr>\n<td colspan=\"1\" rowspan=\"1\">\n<div class=\"magic-11\">9<\/div>\n<\/td>\n<td colspan=\"1\" rowspan=\"1\">\n<div class=\"magic-12\">Poids net<\/div>\n<\/td>\n<td colspan=\"3\" rowspan=\"1\">\n<div class=\"magic-16\">37 kg<\/div>\n<\/td>\n<\/tr>\n<tr>\n<td colspan=\"1\" rowspan=\"1\">\n<div class=\"magic-11\">10<\/div>\n<\/td>\n<td colspan=\"1\" rowspan=\"1\">\n<div class=\"magic-12\">Taille d&#039;emballage de la caisse en bois<\/div>\n<\/td>\n<td colspan=\"3\" rowspan=\"1\">\n<div class=\"magic-16\">720*550*660mm<\/div>\n<\/td>\n<\/tr>\n<tr>\n<td colspan=\"1\" rowspan=\"1\">\n<div class=\"magic-11\">11<\/div>\n<\/td>\n<td colspan=\"1\" rowspan=\"1\">\n<div class=\"magic-12\">Poids brut<\/div>\n<\/td>\n<td colspan=\"3\" rowspan=\"1\">\n<div class=\"magic-16\">62 kg<\/div>\n<\/td>\n<\/tr>\n<\/tbody>\n<\/table>\n<\/div>\n<\/div>\n<div class=\"J_module\">\n<div id=\"ali-anchor-AliMagic-zg4wzr\" class=\"magic-0\" data-section=\"AliMagic-zg4wzr\" data-section-title=\"WORKSHOP\">ATELIER<\/div>\n<\/div>\n<div class=\"J_module\">\n<div class=\"icbu-pc-images magic-18\">\n<div>\n<div class=\"flex-layout-v\">\n<div class=\"flex-layout-h magic-18\">\n<div class=\"magic-19\"><img decoding=\"async\" class=\"magic-20\" src=\"https:\/\/sc04.alicdn.com\/kf\/H53c5539da9f54fc98503099731715de19\/268582949\/H53c5539da9f54fc98503099731715de19.png\" data-src=\"\/\/sc04.alicdn.com\/kf\/H53c5539da9f54fc98503099731715de19\/268582949\/H53c5539da9f54fc98503099731715de19.png\" \/><\/div>\n<\/div>\n<\/div>\n<\/div>\n<\/div>\n<\/div>\n<div class=\"J_module\">\n<div id=\"ali-anchor-AliMagic-falkf2\" class=\"magic-0\" data-section=\"AliMagic-falkf2\" data-section-title=\"PACKAGE&amp;SHIPPING\">Colis et exp\u00e9dition<\/div>\n<\/div>\n<div class=\"J_module\">\n<div class=\"icbu-pc-images magic-18\">\n<div>\n<div class=\"flex-layout-v\">\n<div class=\"flex-layout-h magic-18\">\n<div class=\"magic-21\"><img decoding=\"async\" class=\"magic-22\" src=\"https:\/\/sc04.alicdn.com\/kf\/H8ecfd130278d427f87ab8f67ddba18f5T\/268582949\/H8ecfd130278d427f87ab8f67ddba18f5T.jpg\" data-src=\"\/\/sc04.alicdn.com\/kf\/H8ecfd130278d427f87ab8f67ddba18f5T\/268582949\/H8ecfd130278d427f87ab8f67ddba18f5T.jpg\" \/><\/div>\n<\/div>\n<\/div>\n<\/div>\n<\/div>\n<\/div>\n<div class=\"J_module\">\n<div class=\"icbu-pc-images magic-18\">\n<div>\n<div class=\"flex-layout-v\">\n<div class=\"flex-layout-h magic-18\">\n<div class=\"magic-23\"><img decoding=\"async\" class=\"magic-24\" src=\"https:\/\/sc04.alicdn.com\/kf\/H19f81f822d1b4fd296a73dab12402779B\/268582949\/H19f81f822d1b4fd296a73dab12402779B.jpg\" data-src=\"\/\/sc04.alicdn.com\/kf\/H19f81f822d1b4fd296a73dab12402779B\/268582949\/H19f81f822d1b4fd296a73dab12402779B.jpg\" \/><\/div>\n<\/div>\n<\/div>\n<\/div>\n<\/div>\n<\/div>\n<div class=\"J_module\">\n<div id=\"ali-anchor-AliMagic-b3jszr\" class=\"magic-0\" data-section=\"AliMagic-b3jszr\" data-section-title=\"FAQ\">FAQ<\/div>\n<\/div>\n<div class=\"J_module\">\n<div class=\"detail-decorate-json-renderer-container\">\n<div class=\"magic-1\">\n<div class=\"magic-3\">\n<div class=\"magic-4\">\n<div class=\"magic-5\">\n<p>Q1\u00a0:\u00a0\u00cates-vous un fabricant ou une soci\u00e9t\u00e9 commerciale\u00a0?<\/p>\n<div>A1\u00a0:\u00a0Nous sommes fabricant.<\/div>\n<div>Q2\u00a0:\u00a0Quelle est la condition de prix\u00a0?<br \/>\nA2\u00a0:\u00a0Le prix indiqu\u00e9 est FOB. Il peut y avoir des frais de transitaires suppl\u00e9mentaires en fonction des diff\u00e9rents transitaires et exp\u00e9ditions.<\/div>\n<div>\n<p>m\u00e9thode. Le prix peut fluctuer en raison du co\u00fbt des mat\u00e9riaux\/du co\u00fbt de la main-d&#039;\u0153uvre\/du changement du taux de change. Veuillez consulter nos vendeurs avant de confirmer une commande.<\/p>\n<p>Q3\u00a0:\u00a0Combien de temps avez-vous besoin pour fabriquer les produits\u00a0?<br \/>\nA3\u00a0:\u00a0Nous organisons l\u2019exp\u00e9dition dans 7 \u00e0 15 jours.<\/p>\n<p>Q4 : Comment passer commande et organiser le paiement ?<br \/>\nA4 : si vous achetez notre produit RTS, vous pouvez contacter nos ventes pour r\u00e9diger une commande PI ou une commande d&#039;assurance commerciale pour vous ou vous pouvez appuyer sur le bouton \u00ab\u00a0commencer \u00e0 commander\u00a0\u00bb sur Alibaba.<\/p>\n<p>Q5 : Quels documents fournissez-vous ?<br \/>\nA5\u00a0:\u00a0Nous fournissons une facture commerciale, une liste de colisage, une facture de chargement, un certificat d&#039;origine, un certificat de fumigation. Si vos march\u00e9s ont des exigences particuli\u00e8res telles que SONCAP, PVOC, veuillez nous en informer.<\/p>\n<p>Q6\u00a0:\u00a0Quelles sont les conditions de paiement\u00a0? Comment puis-je organiser le paiement ?<br \/>\nA6: nous acceptons le paiement TT\/LC\/assurance commerciale.<\/p>\n<p>Q7\u00a0:\u00a0Quel est le port de chargement\u00a0?<br \/>\nA7\u00a0:\u00a0C\u2019est g\u00e9n\u00e9ralement Shanghai, Qingdao. Nous pouvons livrer les marchandises au port d\u00e9sign\u00e9 par le client.<\/p>\n<p>8. Si vous avez d&#039;autres questions ou des doutes sur la personnalisation, veuillez cliquer sur \u00ab Discuter maintenant \u00bb \u00e0 droite ou envoyez-nous un e-mail, nous vous offrons 24 heures.<\/p>\n<\/div>\n<\/div>\n<\/div>\n<\/div>\n<\/div>\n<\/div>\n<\/div>\n<\/div>\n<\/div>\n<\/div>","protected":false},"excerpt":{"rendered":"<p>Automatic High Speed Paper Counter Paper Counting Machine Features: There are 2 operation modes: 1. Counting mode: Under this mode, machine count the paper stack, no tab insert 2. Batch counting mode: Under this mode, machine can count certain nos sheets with tab insert. Small machine size, counting speed is 1000 sheets per min, the [&hellip;]<\/p>","protected":false},"featured_media":1364,"template":"","meta":{"site-sidebar-layout":"default","site-content-layout":"default","ast-site-content-layout":"default","site-content-style":"default","site-sidebar-style":"default","ast-global-header-display":"","ast-banner-title-visibility":"","ast-main-header-display":"","ast-hfb-above-header-display":"","ast-hfb-below-header-display":"","ast-hfb-mobile-header-display":"","site-post-title":"","ast-breadcrumbs-content":"","ast-featured-img":"","footer-sml-layout":"","ast-disable-related-posts":"","theme-transparent-header-meta":"default","adv-header-id-meta":"","stick-header-meta":"","header-above-stick-meta":"","header-main-stick-meta":"","header-below-stick-meta":"","astra-migrate-meta-layouts":"default","ast-page-background-enabled":"default","ast-page-background-meta":{"desktop":{"background-color":"","background-image":"","background-repeat":"repeat","background-position":"center center","background-size":"auto","background-attachment":"scroll","background-type":"","background-media":"","overlay-type":"","overlay-color":"","overlay-opacity":"","overlay-gradient":""},"tablet":{"background-color":"","background-image":"","background-repeat":"repeat","background-position":"center center","background-size":"auto","background-attachment":"scroll","background-type":"","background-media":"","overlay-type":"","overlay-color":"","overlay-opacity":"","overlay-gradient":""},"mobile":{"background-color":"","background-image":"","background-repeat":"repeat","background-position":"center center","background-size":"auto","background-attachment":"scroll","background-type":"","background-media":"","overlay-type":"","overlay-color":"","overlay-opacity":"","overlay-gradient":""}},"ast-content-background-meta":{"desktop":{"background-color":"var(--ast-global-color-5)","background-image":"","background-repeat":"repeat","background-position":"center center","background-size":"auto","background-attachment":"scroll","background-type":"","background-media":"","overlay-type":"","overlay-color":"","overlay-opacity":"","overlay-gradient":""},"tablet":{"background-color":"var(--ast-global-color-5)","background-image":"","background-repeat":"repeat","background-position":"center center","background-size":"auto","background-attachment":"scroll","background-type":"","background-media":"","overlay-type":"","overlay-color":"","overlay-opacity":"","overlay-gradient":""},"mobile":{"background-color":"var(--ast-global-color-5)","background-image":"","background-repeat":"repeat","background-position":"center center","background-size":"auto","background-attachment":"scroll","background-type":"","background-media":"","overlay-type":"","overlay-color":"","overlay-opacity":"","overlay-gradient":""}}},"product_brand":[],"product_cat":[49],"product_tag":[],"class_list":{"0":"post-1357","1":"product","2":"type-product","3":"status-publish","4":"has-post-thumbnail","6":"product_cat-counting-machine","7":"desktop-align-center","8":"tablet-align-left","9":"mobile-align-left","11":"first","12":"instock","13":"shipping-taxable","14":"product-type-simple"},"_links":{"self":[{"href":"https:\/\/estarmachinery.com\/fr\/wp-json\/wp\/v2\/product\/1357","targetHints":{"allow":["GET"]}}],"collection":[{"href":"https:\/\/estarmachinery.com\/fr\/wp-json\/wp\/v2\/product"}],"about":[{"href":"https:\/\/estarmachinery.com\/fr\/wp-json\/wp\/v2\/types\/product"}],"wp:featuredmedia":[{"embeddable":true,"href":"https:\/\/estarmachinery.com\/fr\/wp-json\/wp\/v2\/media\/1364"}],"wp:attachment":[{"href":"https:\/\/estarmachinery.com\/fr\/wp-json\/wp\/v2\/media?parent=1357"}],"wp:term":[{"taxonomy":"product_brand","embeddable":true,"href":"https:\/\/estarmachinery.com\/fr\/wp-json\/wp\/v2\/product_brand?post=1357"},{"taxonomy":"product_cat","embeddable":true,"href":"https:\/\/estarmachinery.com\/fr\/wp-json\/wp\/v2\/product_cat?post=1357"},{"taxonomy":"product_tag","embeddable":true,"href":"https:\/\/estarmachinery.com\/fr\/wp-json\/wp\/v2\/product_tag?post=1357"}],"curies":[{"name":"wp","href":"https:\/\/api.w.org\/{rel}","templated":true}]}}