{"id":585,"date":"2023-06-18T17:31:30","date_gmt":"2023-06-18T17:31:30","guid":{"rendered":"https:\/\/estarmachinery.com\/?post_type=product&#038;p=585"},"modified":"2023-07-13T08:52:15","modified_gmt":"2023-07-13T08:52:15","slug":"es-8800-8801-round-corner-cutter-quotation-sheet","status":"publish","type":"product","link":"https:\/\/estarmachinery.com\/fr\/produit\/es-8800-8801-round-corner-cutter-quotation-sheet\/","title":{"rendered":"ES-8800 8801 Coupeur \u00e0 coins arrondis Fiche de devis"},"content":{"rendered":"<p>&nbsp;<\/p>\n<table>\n<tbody>\n<tr>\n<td style=\"text-align: center;\" colspan=\"3\" width=\"1486\"><strong>Coupeur de coin rond \u00a0<\/strong><\/td>\n<\/tr>\n<tr>\n<td colspan=\"2\" width=\"743\"><strong>ES<\/strong><strong>&#8211;<\/strong><strong>RC8800 <\/strong>Coupeuse manuelle \u00e0 coins arrondis<\/td>\n<td width=\"743\"><strong>ES<\/strong><strong>&#8211;<\/strong><strong>RC8801 <\/strong>Coupeur de coin rond \u00e9lectrique<\/td>\n<\/tr>\n<tr>\n<td colspan=\"3\" width=\"1486\">Nous vous sommes tr\u00e8s reconnaissants de votre int\u00e9r\u00eat pour notre coupeuse manuelle \u00e0 coins arrondis. Sur la base de nos conditions g\u00e9n\u00e9rales de vente, nous avons le plaisir de vous citer comme suit :<\/p>\n<p><strong><b>Sp\u00e9cification:<\/b><\/strong><\/td>\n<\/tr>\n<tr>\n<td width=\"559\">Mod\u00e8le<\/td>\n<td colspan=\"2\" width=\"926\"><strong>ES<\/strong><strong>&#8211;<\/strong><strong>RC8800 \u00a0<\/strong>Coupeuse manuelle \u00e0 coins arrondis<\/td>\n<\/tr>\n<tr>\n<td width=\"559\">Max. \u00c9paisseur de coupe<\/td>\n<td colspan=\"2\" width=\"926\">30mm<\/td>\n<\/tr>\n<tr>\n<td width=\"559\">Dimensions de la machine<\/td>\n<td colspan=\"2\" width=\"926\">320x220x230mm<\/td>\n<\/tr>\n<tr>\n<td width=\"559\">Poids de la machine<\/td>\n<td colspan=\"2\" width=\"926\">7,5 kg<\/td>\n<\/tr>\n<tr>\n<td colspan=\"3\" width=\"1486\"><strong><b>Caract\u00e9ristiques:<\/b><\/strong><\/p>\n<p>Il est utilis\u00e9 pour couper les coins arrondis des certificats, des cartes, des livrets bancaires, des films et des livres.<\/td>\n<\/tr>\n<\/tbody>\n<\/table>\n<p>&nbsp;<\/p>\n<p>&nbsp;<\/p>\n<table>\n<tbody>\n<tr>\n<td width=\"559\">Mod\u00e8le<\/td>\n<td width=\"926\"><strong>ES<\/strong><strong>&#8211;<\/strong><strong>RC8801 <\/strong>Coupeur de coin rond \u00e9lectrique<\/td>\n<\/tr>\n<tr>\n<td width=\"559\">Max. Angle<\/td>\n<td width=\"926\">R10<\/td>\n<\/tr>\n<tr>\n<td width=\"559\">Min.Angle<\/td>\n<td width=\"926\">R3<\/td>\n<\/tr>\n<tr>\n<td width=\"559\">Hauteur de coupe max.<\/td>\n<td width=\"926\">70mm<\/td>\n<\/tr>\n<tr>\n<td width=\"559\">Fr\u00e9quence de travail<\/td>\n<td width=\"926\">60 fois\/min<\/td>\n<\/tr>\n<tr>\n<td width=\"559\">Source de courant<\/td>\n<td width=\"926\">220V\/180W<\/td>\n<\/tr>\n<tr>\n<td width=\"559\">Taille d&#039;emballage<\/td>\n<td width=\"926\">450*340*660mm<\/td>\n<\/tr>\n<tr>\n<td width=\"559\">Poids de la machine<\/td>\n<td width=\"926\">45kgs<\/td>\n<\/tr>\n<tr>\n<td colspan=\"2\" width=\"1486\"><strong><b>Caract\u00e9ristiques:<\/b><\/strong><\/p>\n<p>1. Il y a sept couteaux de R3, R4, R5, R6, R8, R9, R10<\/p>\n<p>2. P\u00e9dale \u00e9lectrique, op\u00e9ration facile, \u00e9conomie de travail, haute efficacit\u00e9.<\/p>\n<p>3. Ajout du tableau de position du couteau, de l&#039;interrupteur d&#039;approche, du couvercle de protection de style nouveau et de la plate-forme augment\u00e9e.<\/p>\n<p>4. Cette machine est le meilleur choix dans l&#039;industrie nationale de la coupe \u00e0 coins arrondis.<\/p>\n<p>5. Il est utilis\u00e9 pour les cartes nominatives, les \u00e9tiquettes \u00e0 main, les cahiers, les films plastiques, les PVC, les panneaux de densit\u00e9, etc.<\/td>\n<\/tr>\n<\/tbody>\n<\/table>\n<p>&nbsp;<\/p>","protected":false},"excerpt":{"rendered":"<p>&nbsp; Round-Corner Cutter \u00a0 ES&#8211;RC8800 Manual Round-Corner Cutter ES&#8211;RC8801 Electric\u00a0Round-Corner Cutter We are highly thankful to you for your interested in our\u00a0Manual Round-Corner Cutter.\u00a0On the basis of our general terms and conditions of sale, we have pleasure to quote you as followings: Specification: Model ES&#8211;RC8800 \u00a0Manual Round-Corner Cutter Max. Cutting thickness 30mm Machine Dimension 320x220x230mm [&hellip;]<\/p>","protected":false},"featured_media":587,"template":"","meta":{"site-sidebar-layout":"default","site-content-layout":"default","ast-site-content-layout":"default","site-content-style":"default","site-sidebar-style":"default","ast-global-header-display":"","ast-banner-title-visibility":"","ast-main-header-display":"","ast-hfb-above-header-display":"","ast-hfb-below-header-display":"","ast-hfb-mobile-header-display":"","site-post-title":"","ast-breadcrumbs-content":"","ast-featured-img":"","footer-sml-layout":"","theme-transparent-header-meta":"default","adv-header-id-meta":"","stick-header-meta":"","header-above-stick-meta":"","header-main-stick-meta":"","header-below-stick-meta":"","astra-migrate-meta-layouts":"default","ast-page-background-enabled":"default","ast-page-background-meta":{"desktop":{"background-color":"","background-image":"","background-repeat":"repeat","background-position":"center center","background-size":"auto","background-attachment":"scroll","background-type":"","background-media":"","overlay-type":"","overlay-color":"","overlay-opacity":"","overlay-gradient":""},"tablet":{"background-color":"","background-image":"","background-repeat":"repeat","background-position":"center center","background-size":"auto","background-attachment":"scroll","background-type":"","background-media":"","overlay-type":"","overlay-color":"","overlay-opacity":"","overlay-gradient":""},"mobile":{"background-color":"","background-image":"","background-repeat":"repeat","background-position":"center center","background-size":"auto","background-attachment":"scroll","background-type":"","background-media":"","overlay-type":"","overlay-color":"","overlay-opacity":"","overlay-gradient":""}},"ast-content-background-meta":{"desktop":{"background-color":"var(--ast-global-color-5)","background-image":"","background-repeat":"repeat","background-position":"center center","background-size":"auto","background-attachment":"scroll","background-type":"","background-media":"","overlay-type":"","overlay-color":"","overlay-opacity":"","overlay-gradient":""},"tablet":{"background-color":"var(--ast-global-color-5)","background-image":"","background-repeat":"repeat","background-position":"center center","background-size":"auto","background-attachment":"scroll","background-type":"","background-media":"","overlay-type":"","overlay-color":"","overlay-opacity":"","overlay-gradient":""},"mobile":{"background-color":"var(--ast-global-color-5)","background-image":"","background-repeat":"repeat","background-position":"center center","background-size":"auto","background-attachment":"scroll","background-type":"","background-media":"","overlay-type":"","overlay-color":"","overlay-opacity":"","overlay-gradient":""}}},"product_brand":[],"product_cat":[45,60],"product_tag":[],"class_list":{"0":"post-585","1":"product","2":"type-product","3":"status-publish","4":"has-post-thumbnail","6":"product_cat-cutting-machine","7":"product_cat-hot-machine","8":"desktop-align-center","9":"tablet-align-left","10":"mobile-align-left","12":"first","13":"instock","14":"shipping-taxable","15":"product-type-simple"},"_links":{"self":[{"href":"https:\/\/estarmachinery.com\/fr\/wp-json\/wp\/v2\/product\/585","targetHints":{"allow":["GET"]}}],"collection":[{"href":"https:\/\/estarmachinery.com\/fr\/wp-json\/wp\/v2\/product"}],"about":[{"href":"https:\/\/estarmachinery.com\/fr\/wp-json\/wp\/v2\/types\/product"}],"wp:featuredmedia":[{"embeddable":true,"href":"https:\/\/estarmachinery.com\/fr\/wp-json\/wp\/v2\/media\/587"}],"wp:attachment":[{"href":"https:\/\/estarmachinery.com\/fr\/wp-json\/wp\/v2\/media?parent=585"}],"wp:term":[{"taxonomy":"product_brand","embeddable":true,"href":"https:\/\/estarmachinery.com\/fr\/wp-json\/wp\/v2\/product_brand?post=585"},{"taxonomy":"product_cat","embeddable":true,"href":"https:\/\/estarmachinery.com\/fr\/wp-json\/wp\/v2\/product_cat?post=585"},{"taxonomy":"product_tag","embeddable":true,"href":"https:\/\/estarmachinery.com\/fr\/wp-json\/wp\/v2\/product_tag?post=585"}],"curies":[{"name":"wp","href":"https:\/\/api.w.org\/{rel}","templated":true}]}}