{"id":592,"date":"2023-06-18T17:35:24","date_gmt":"2023-06-18T17:35:24","guid":{"rendered":"https:\/\/estarmachinery.com\/?post_type=product&#038;p=592"},"modified":"2023-07-13T08:52:40","modified_gmt":"2023-07-13T08:52:40","slug":"book-corner-cutting-machine","status":"publish","type":"product","link":"https:\/\/estarmachinery.com\/fr\/produit\/book-corner-cutting-machine\/","title":{"rendered":"Machine de d\u00e9coupe de coin de livre"},"content":{"rendered":"<p style=\"text-align: center;\"><strong><b>Machine \u00e0 arrondir les coins de livres<\/b><\/strong><\/p>\n<p><img fetchpriority=\"high\" decoding=\"async\" class=\"alignnone size-medium wp-image-593\" src=\"https:\/\/estarmachinery.com\/wp-content\/uploads\/2023\/06\/16e0622d586880820dc185eb45f432d-300x200.jpg\" alt=\"Book corner rounding machine\" width=\"300\" height=\"200\" srcset=\"https:\/\/estarmachinery.com\/wp-content\/uploads\/2023\/06\/16e0622d586880820dc185eb45f432d-300x200.jpg 300w, https:\/\/estarmachinery.com\/wp-content\/uploads\/2023\/06\/16e0622d586880820dc185eb45f432d-1024x683.jpg 1024w, https:\/\/estarmachinery.com\/wp-content\/uploads\/2023\/06\/16e0622d586880820dc185eb45f432d-768x512.jpg 768w, https:\/\/estarmachinery.com\/wp-content\/uploads\/2023\/06\/16e0622d586880820dc185eb45f432d-1536x1024.jpg 1536w, https:\/\/estarmachinery.com\/wp-content\/uploads\/2023\/06\/16e0622d586880820dc185eb45f432d-600x400.jpg 600w, https:\/\/estarmachinery.com\/wp-content\/uploads\/2023\/06\/16e0622d586880820dc185eb45f432d.jpg 1920w\" sizes=\"(max-width: 300px) 100vw, 300px\" \/> <img decoding=\"async\" class=\"size-medium wp-image-594 alignright\" src=\"https:\/\/estarmachinery.com\/wp-content\/uploads\/2023\/06\/ac290d84fdb709f0e84150aadeeb42d-300x200.jpg\" alt=\"Book corner rounding machine\" width=\"300\" height=\"200\" srcset=\"https:\/\/estarmachinery.com\/wp-content\/uploads\/2023\/06\/ac290d84fdb709f0e84150aadeeb42d-300x200.jpg 300w, https:\/\/estarmachinery.com\/wp-content\/uploads\/2023\/06\/ac290d84fdb709f0e84150aadeeb42d-1024x683.jpg 1024w, https:\/\/estarmachinery.com\/wp-content\/uploads\/2023\/06\/ac290d84fdb709f0e84150aadeeb42d-768x512.jpg 768w, https:\/\/estarmachinery.com\/wp-content\/uploads\/2023\/06\/ac290d84fdb709f0e84150aadeeb42d-1536x1024.jpg 1536w, https:\/\/estarmachinery.com\/wp-content\/uploads\/2023\/06\/ac290d84fdb709f0e84150aadeeb42d-600x400.jpg 600w, https:\/\/estarmachinery.com\/wp-content\/uploads\/2023\/06\/ac290d84fdb709f0e84150aadeeb42d.jpg 1920w\" sizes=\"(max-width: 300px) 100vw, 300px\" \/><\/p>\n<p>Nous vous sommes tr\u00e8s reconnaissants de votre int\u00e9r\u00eat pour notre machine \u00e0 arrondir les coins de livres. Sur la base de nos conditions g\u00e9n\u00e9rales de vente, nous avons le plaisir de vous citer comme suit :<\/p>\n<table>\n<tbody>\n<tr>\n<td colspan=\"2\" width=\"1486\"><strong>Sp\u00e9cification:<\/strong><\/td>\n<\/tr>\n<tr>\n<td width=\"559\">Mod\u00e8le<\/td>\n<td width=\"926\"><strong><b>ES460 <\/b><\/strong><\/td>\n<\/tr>\n<tr>\n<td width=\"559\">Vitesse de travail<\/td>\n<td width=\"926\">18 coupes\/min<\/td>\n<\/tr>\n<tr>\n<td width=\"559\">Taille maximale du produit de coupe<\/td>\n<td width=\"926\">460mm<\/td>\n<\/tr>\n<tr>\n<td width=\"559\">Taille de produit min.cutting<\/td>\n<td width=\"926\">130 mm, 100 mm (mode manuel)<\/td>\n<\/tr>\n<tr>\n<td width=\"559\">Hauteur de coupe max.<\/td>\n<td width=\"926\">80mm<\/td>\n<\/tr>\n<tr>\n<td width=\"559\">Puissance de pression d&#039;air\/pression d&#039;air<\/td>\n<td width=\"926\">2.5kw\/ 6-8bar<\/td>\n<\/tr>\n<tr>\n<td width=\"559\">Largeur du ruban<\/td>\n<td width=\"926\">220V\/1KW<\/td>\n<\/tr>\n<tr>\n<td width=\"559\">Dimension hors tout<\/td>\n<td width=\"926\">(courroie de r\u00e9ception 1100+1500)\u00d7730\u00d71430mm<\/td>\n<\/tr>\n<tr>\n<td width=\"559\">Lester<\/td>\n<td width=\"926\">300 kg<\/td>\n<\/tr>\n<tr>\n<td colspan=\"2\" width=\"1486\">Caract\u00e9ristiques:<\/p>\n<p>1. Alignement et pouss\u00e9e automatiques, arrondi automatique \u00e0 deux coins, alimentation automatique vers la bande de r\u00e9ception. Pas besoin d&#039;alignement manuel et de pouss\u00e9e, efficacit\u00e9 de production \u00e9lev\u00e9e.<\/p>\n<p>2. Contr\u00f4le du programme PLC, arrondi pr\u00e9cis des coins<\/p>\n<p>3. En utilisant des lames en acier chrom\u00e9, l&#039;incision est plate et sans r\u00e9sidu, durable<\/p>\n<p>Proc\u00e9dures d&#039;exploitation\u00a0:<\/p>\n<p>1. Alimentation manuelle<\/p>\n<p>2. Alignement automatique avant et arri\u00e8re<\/p>\n<p>3. Arrondissement automatique des coins des deux c\u00f4t\u00e9s<\/p>\n<p>4. Pouss\u00e9e automatique du produit pour recevoir la plaque \u00e0 billes sur la droite<\/td>\n<\/tr>\n<\/tbody>\n<\/table>","protected":false},"excerpt":{"rendered":"<p>Book corner rounding machine We are highly thankful to you for your interested in our\u00a0book corner rounding machine. On the basis of our general terms and conditions of sale, we have pleasure to quote you as followings: Specification: Model ES460 Working speed 18cuts\/min Max.cutting product size 460mm Min.cutting product size 130mm, 100mm(manual mode) Max.cutting height [&hellip;]<\/p>","protected":false},"featured_media":596,"template":"","meta":{"site-sidebar-layout":"default","site-content-layout":"default","ast-site-content-layout":"default","site-content-style":"default","site-sidebar-style":"default","ast-global-header-display":"","ast-banner-title-visibility":"","ast-main-header-display":"","ast-hfb-above-header-display":"","ast-hfb-below-header-display":"","ast-hfb-mobile-header-display":"","site-post-title":"","ast-breadcrumbs-content":"","ast-featured-img":"","footer-sml-layout":"","ast-disable-related-posts":"","theme-transparent-header-meta":"default","adv-header-id-meta":"","stick-header-meta":"","header-above-stick-meta":"","header-main-stick-meta":"","header-below-stick-meta":"","astra-migrate-meta-layouts":"default","ast-page-background-enabled":"default","ast-page-background-meta":{"desktop":{"background-color":"","background-image":"","background-repeat":"repeat","background-position":"center center","background-size":"auto","background-attachment":"scroll","background-type":"","background-media":"","overlay-type":"","overlay-color":"","overlay-opacity":"","overlay-gradient":""},"tablet":{"background-color":"","background-image":"","background-repeat":"repeat","background-position":"center center","background-size":"auto","background-attachment":"scroll","background-type":"","background-media":"","overlay-type":"","overlay-color":"","overlay-opacity":"","overlay-gradient":""},"mobile":{"background-color":"","background-image":"","background-repeat":"repeat","background-position":"center center","background-size":"auto","background-attachment":"scroll","background-type":"","background-media":"","overlay-type":"","overlay-color":"","overlay-opacity":"","overlay-gradient":""}},"ast-content-background-meta":{"desktop":{"background-color":"var(--ast-global-color-5)","background-image":"","background-repeat":"repeat","background-position":"center center","background-size":"auto","background-attachment":"scroll","background-type":"","background-media":"","overlay-type":"","overlay-color":"","overlay-opacity":"","overlay-gradient":""},"tablet":{"background-color":"var(--ast-global-color-5)","background-image":"","background-repeat":"repeat","background-position":"center center","background-size":"auto","background-attachment":"scroll","background-type":"","background-media":"","overlay-type":"","overlay-color":"","overlay-opacity":"","overlay-gradient":""},"mobile":{"background-color":"var(--ast-global-color-5)","background-image":"","background-repeat":"repeat","background-position":"center center","background-size":"auto","background-attachment":"scroll","background-type":"","background-media":"","overlay-type":"","overlay-color":"","overlay-opacity":"","overlay-gradient":""}}},"product_brand":[],"product_cat":[45,60],"product_tag":[],"class_list":{"0":"post-592","1":"product","2":"type-product","3":"status-publish","4":"has-post-thumbnail","6":"product_cat-cutting-machine","7":"product_cat-hot-machine","8":"desktop-align-center","9":"tablet-align-left","10":"mobile-align-left","12":"first","13":"instock","14":"shipping-taxable","15":"product-type-simple"},"_links":{"self":[{"href":"https:\/\/estarmachinery.com\/fr\/wp-json\/wp\/v2\/product\/592","targetHints":{"allow":["GET"]}}],"collection":[{"href":"https:\/\/estarmachinery.com\/fr\/wp-json\/wp\/v2\/product"}],"about":[{"href":"https:\/\/estarmachinery.com\/fr\/wp-json\/wp\/v2\/types\/product"}],"wp:featuredmedia":[{"embeddable":true,"href":"https:\/\/estarmachinery.com\/fr\/wp-json\/wp\/v2\/media\/596"}],"wp:attachment":[{"href":"https:\/\/estarmachinery.com\/fr\/wp-json\/wp\/v2\/media?parent=592"}],"wp:term":[{"taxonomy":"product_brand","embeddable":true,"href":"https:\/\/estarmachinery.com\/fr\/wp-json\/wp\/v2\/product_brand?post=592"},{"taxonomy":"product_cat","embeddable":true,"href":"https:\/\/estarmachinery.com\/fr\/wp-json\/wp\/v2\/product_cat?post=592"},{"taxonomy":"product_tag","embeddable":true,"href":"https:\/\/estarmachinery.com\/fr\/wp-json\/wp\/v2\/product_tag?post=592"}],"curies":[{"name":"wp","href":"https:\/\/api.w.org\/{rel}","templated":true}]}}