{"id":607,"date":"2023-06-18T17:46:01","date_gmt":"2023-06-18T17:46:01","guid":{"rendered":"https:\/\/estarmachinery.com\/?post_type=product&#038;p=607"},"modified":"2023-07-07T03:49:53","modified_gmt":"2023-07-07T03:49:53","slug":"es-jd8500-paper-slitting-machine","status":"publish","type":"product","link":"https:\/\/estarmachinery.com\/fr\/produit\/es-jd8500-paper-slitting-machine\/","title":{"rendered":"Machine \u00e0 refendre le papier ES-JD8500"},"content":{"rendered":"<p style=\"text-align: center;\"><strong><b>Papier <\/b><\/strong><strong><b>Refendage<\/b><\/strong><strong><b>\u00a0Machine<\/b><\/strong><\/p>\n<p><img fetchpriority=\"high\" decoding=\"async\" class=\"alignnone size-medium wp-image-613\" src=\"https:\/\/estarmachinery.com\/wp-content\/uploads\/2023\/06\/linotype-machine-3-1-300x300.jpg\" alt=\"Paper Slitting Machine\" width=\"300\" height=\"300\" srcset=\"https:\/\/estarmachinery.com\/wp-content\/uploads\/2023\/06\/linotype-machine-3-1-300x300.jpg 300w, https:\/\/estarmachinery.com\/wp-content\/uploads\/2023\/06\/linotype-machine-3-1-150x150.jpg 150w, https:\/\/estarmachinery.com\/wp-content\/uploads\/2023\/06\/linotype-machine-3-1-768x768.jpg 768w, https:\/\/estarmachinery.com\/wp-content\/uploads\/2023\/06\/linotype-machine-3-1-600x600.jpg 600w, https:\/\/estarmachinery.com\/wp-content\/uploads\/2023\/06\/linotype-machine-3-1-100x100.jpg 100w, https:\/\/estarmachinery.com\/wp-content\/uploads\/2023\/06\/linotype-machine-3-1.jpg 800w\" sizes=\"(max-width: 300px) 100vw, 300px\" \/>\u00a0 \u00a0 \u00a0 \u00a0 \u00a0 \u00a0\u00a0 <img decoding=\"async\" class=\"alignnone size-medium wp-image-614\" src=\"https:\/\/estarmachinery.com\/wp-content\/uploads\/2023\/06\/Paper-Slitting-Machine-1-300x225.jpg\" alt=\"Paper Slitting Machine\" width=\"300\" height=\"225\" srcset=\"https:\/\/estarmachinery.com\/wp-content\/uploads\/2023\/06\/Paper-Slitting-Machine-1-300x225.jpg 300w, https:\/\/estarmachinery.com\/wp-content\/uploads\/2023\/06\/Paper-Slitting-Machine-1.jpg 600w\" sizes=\"(max-width: 300px) 100vw, 300px\" \/>\u00a0 \u00a0 \u00a0 \u00a0 \u00a0 \u00a0 \u00a0\u00a0 <img decoding=\"async\" class=\"alignnone size-medium wp-image-615\" src=\"https:\/\/estarmachinery.com\/wp-content\/uploads\/2023\/06\/Paper-Slitting-Machine-1-300x225.png\" alt=\"Paper Slitting Machine\" width=\"300\" height=\"225\" srcset=\"https:\/\/estarmachinery.com\/wp-content\/uploads\/2023\/06\/Paper-Slitting-Machine-1-300x225.png 300w, https:\/\/estarmachinery.com\/wp-content\/uploads\/2023\/06\/Paper-Slitting-Machine-1.png 600w\" sizes=\"(max-width: 300px) 100vw, 300px\" \/><\/p>\n<p>Nous vous sommes tr\u00e8s reconnaissants de votre int\u00e9r\u00eat pour notre machine \u00e0 refendre le papier. Sur la base de nos conditions g\u00e9n\u00e9rales de vente, nous avons le plaisir de vous citer comme suit :<\/p>\n<table>\n<tbody>\n<tr>\n<td width=\"561\">Mod\u00e8le<\/td>\n<td width=\"924\"><strong><b>ES-S8500<\/b><\/strong><\/td>\n<\/tr>\n<tr>\n<td width=\"561\">Largeur maximale<\/td>\n<td width=\"924\">500mm<\/td>\n<\/tr>\n<tr>\n<td width=\"561\">M\u00e9langer. Distance de coupe<\/td>\n<td width=\"924\">10mm<\/td>\n<\/tr>\n<tr>\n<td width=\"561\">Vitesse de l&#039;arbre du tambour<\/td>\n<td width=\"924\">80\u00a0tours\/minute<\/td>\n<\/tr>\n<tr>\n<td width=\"561\">Pouvoir<\/td>\n<td width=\"924\">220v<\/td>\n<\/tr>\n<tr>\n<td width=\"561\">Taille d&#039;emballage<\/td>\n<td width=\"924\">590*370*240mm<\/td>\n<\/tr>\n<tr>\n<td width=\"561\">Poids de la machine<\/td>\n<td width=\"924\">13kgs<\/td>\n<\/tr>\n<tr>\n<td colspan=\"2\" width=\"1486\"><strong>\u00a0<\/strong><\/p>\n<p><strong>Caract\u00e9ristiques des machines :<\/strong><\/p>\n<p>1. En utilisant la technologie de coupe par roulement \u00e0 couteau rond, il est utilis\u00e9 pour la s\u00e9paration de surface des produits auto-adh\u00e9sifs dans l&#039;industrie de l&#039;impression<\/p>\n<p>2.Facile \u00e0 utiliser, de haute qualit\u00e9 et \u00e0 haut rendement, c&#039;est un nouveau type d&#039;\u00e9quipement dans l&#039;industrie de l&#039;impression.<\/p>\n<p>3.Coupe de couteau ronde, positionnement et d\u00e9placement faciles du porte-couteau, taille de segmentation pr\u00e9cise, qualit\u00e9 de coupe stable et fiable, et la lame n&#039;est pas facile \u00e0 porter.<\/p>\n<p>4. Les lames rondes peuvent \u00eatre utilis\u00e9es \u00e0 plusieurs reprises pour r\u00e9duire les co\u00fbts.<\/td>\n<\/tr>\n<\/tbody>\n<\/table>","protected":false},"excerpt":{"rendered":"<p>Paper Slitting\u00a0Machine \u00a0 \u00a0 \u00a0 \u00a0 \u00a0 \u00a0\u00a0 \u00a0 \u00a0 \u00a0 \u00a0 \u00a0 \u00a0 \u00a0\u00a0 We are highly thankful to you for your interested in our paper slitting machine. On the basis of our general terms and conditions of sale, we have pleasure to quote you as followings: Model ES-S8500 Max.Width 500mm Mix. Cutting distance [&hellip;]<\/p>","protected":false},"featured_media":610,"template":"","meta":{"site-sidebar-layout":"default","site-content-layout":"default","ast-site-content-layout":"default","site-content-style":"default","site-sidebar-style":"default","ast-global-header-display":"","ast-banner-title-visibility":"","ast-main-header-display":"","ast-hfb-above-header-display":"","ast-hfb-below-header-display":"","ast-hfb-mobile-header-display":"","site-post-title":"","ast-breadcrumbs-content":"","ast-featured-img":"","footer-sml-layout":"","ast-disable-related-posts":"","theme-transparent-header-meta":"default","adv-header-id-meta":"","stick-header-meta":"","header-above-stick-meta":"","header-main-stick-meta":"","header-below-stick-meta":"","astra-migrate-meta-layouts":"default","ast-page-background-enabled":"default","ast-page-background-meta":{"desktop":{"background-color":"","background-image":"","background-repeat":"repeat","background-position":"center center","background-size":"auto","background-attachment":"scroll","background-type":"","background-media":"","overlay-type":"","overlay-color":"","overlay-opacity":"","overlay-gradient":""},"tablet":{"background-color":"","background-image":"","background-repeat":"repeat","background-position":"center center","background-size":"auto","background-attachment":"scroll","background-type":"","background-media":"","overlay-type":"","overlay-color":"","overlay-opacity":"","overlay-gradient":""},"mobile":{"background-color":"","background-image":"","background-repeat":"repeat","background-position":"center center","background-size":"auto","background-attachment":"scroll","background-type":"","background-media":"","overlay-type":"","overlay-color":"","overlay-opacity":"","overlay-gradient":""}},"ast-content-background-meta":{"desktop":{"background-color":"var(--ast-global-color-5)","background-image":"","background-repeat":"repeat","background-position":"center center","background-size":"auto","background-attachment":"scroll","background-type":"","background-media":"","overlay-type":"","overlay-color":"","overlay-opacity":"","overlay-gradient":""},"tablet":{"background-color":"var(--ast-global-color-5)","background-image":"","background-repeat":"repeat","background-position":"center center","background-size":"auto","background-attachment":"scroll","background-type":"","background-media":"","overlay-type":"","overlay-color":"","overlay-opacity":"","overlay-gradient":""},"mobile":{"background-color":"var(--ast-global-color-5)","background-image":"","background-repeat":"repeat","background-position":"center center","background-size":"auto","background-attachment":"scroll","background-type":"","background-media":"","overlay-type":"","overlay-color":"","overlay-opacity":"","overlay-gradient":""}}},"product_brand":[],"product_cat":[45],"product_tag":[],"class_list":{"0":"post-607","1":"product","2":"type-product","3":"status-publish","4":"has-post-thumbnail","6":"product_cat-cutting-machine","7":"desktop-align-center","8":"tablet-align-left","9":"mobile-align-left","11":"first","12":"instock","13":"shipping-taxable","14":"product-type-simple"},"_links":{"self":[{"href":"https:\/\/estarmachinery.com\/fr\/wp-json\/wp\/v2\/product\/607","targetHints":{"allow":["GET"]}}],"collection":[{"href":"https:\/\/estarmachinery.com\/fr\/wp-json\/wp\/v2\/product"}],"about":[{"href":"https:\/\/estarmachinery.com\/fr\/wp-json\/wp\/v2\/types\/product"}],"wp:featuredmedia":[{"embeddable":true,"href":"https:\/\/estarmachinery.com\/fr\/wp-json\/wp\/v2\/media\/610"}],"wp:attachment":[{"href":"https:\/\/estarmachinery.com\/fr\/wp-json\/wp\/v2\/media?parent=607"}],"wp:term":[{"taxonomy":"product_brand","embeddable":true,"href":"https:\/\/estarmachinery.com\/fr\/wp-json\/wp\/v2\/product_brand?post=607"},{"taxonomy":"product_cat","embeddable":true,"href":"https:\/\/estarmachinery.com\/fr\/wp-json\/wp\/v2\/product_cat?post=607"},{"taxonomy":"product_tag","embeddable":true,"href":"https:\/\/estarmachinery.com\/fr\/wp-json\/wp\/v2\/product_tag?post=607"}],"curies":[{"name":"wp","href":"https:\/\/api.w.org\/{rel}","templated":true}]}}