{"id":625,"date":"2023-06-18T17:56:44","date_gmt":"2023-06-18T17:56:44","guid":{"rendered":"https:\/\/estarmachinery.com\/?post_type=product&#038;p=625"},"modified":"2023-07-13T08:53:26","modified_gmt":"2023-07-13T08:53:26","slug":"625","status":"publish","type":"product","link":"https:\/\/estarmachinery.com\/fr\/produit\/625\/","title":{"rendered":"Film de laminage"},"content":{"rendered":"<p><strong>INTRODUCTION:<\/strong><\/p>\n<p>Non toxique, sans pollution, haute transparence et brillance, faible statique, r\u00e9sistance \u00e0 l&#039;usure, long vieillissement de la couronne, peu de d\u00e9fauts et bonne d\u00e9chirure.<\/p>\n<p>Ce produit est principalement utilis\u00e9 pour la composition de l&#039;impression, de la fabrication de sacs, de la production de ruban adh\u00e9sif et d&#039;autres mat\u00e9riaux de base.<\/p>\n<p>Forte absorption de la poudre et possibilit\u00e9 de formation de cloques et de film apr\u00e8s avoir \u00e9t\u00e9 concave ou en saillie.<\/p>\n<p>Le film de laminage mat convient au vitrage partiellement UV apr\u00e8s le laminage du film, l&#039;estampage \u00e0 chaud, la s\u00e9rigraphie et les processus de d\u00e9poli. Ce produit est facile \u00e0 utiliser une fois que la temp\u00e9rature du rouleau chaud r\u00e9pond aux exigences, le laminage du film peut \u00eatre effectu\u00e9 \u00e0 tout moment, sans avoir besoin de comp\u00e9tences professionnelles.<\/p>\n<table>\n<tbody>\n<tr>\n<td>1<\/td>\n<td>Nom du produit<\/td>\n<td>film de laminage<\/td>\n<\/tr>\n<tr>\n<td>2<\/td>\n<td>Taper<\/td>\n<td>brillant, mat, toucher doux, anti-rayures, film num\u00e9rique<\/td>\n<\/tr>\n<tr>\n<td>3<\/td>\n<td>Application<\/td>\n<td>utilis\u00e9 sur machine \u00e0 plastifier<\/td>\n<\/tr>\n<tr>\n<td>4<\/td>\n<td>C\u0153ur<\/td>\n<td>1 pouce, 3 pouces au choix<\/td>\n<\/tr>\n<tr>\n<td>5<\/td>\n<td>\u00c9paisseur<\/td>\n<td>18mic, 20mic, 25mic, 27mic, etc. Personnalis\u00e9.<\/td>\n<\/tr>\n<tr>\n<td>6<\/td>\n<td>Largeur du film<\/td>\n<td>personnalis\u00e9<\/td>\n<\/tr>\n<tr>\n<td>7<\/td>\n<td>Dur\u00e9e du film<\/td>\n<td>200-5000m, personnalis\u00e9<\/td>\n<\/tr>\n<tr>\n<td>8<\/td>\n<td>Lieu d&#039;origine<\/td>\n<td>CN<\/td>\n<\/tr>\n<tr>\n<td>9<\/td>\n<td>Mat\u00e9riel<\/td>\n<td>BOPP PET<\/td>\n<\/tr>\n<tr>\n<td>10<\/td>\n<td>Go\u00fbter<\/td>\n<td>Disponible (\u00e9chantillon gratuit)<\/td>\n<\/tr>\n<tr>\n<td>11<\/td>\n<td>Duret\u00e9<\/td>\n<td>doux<\/td>\n<\/tr>\n<\/tbody>\n<\/table>\n<p><img fetchpriority=\"high\" decoding=\"async\" class=\"aligncenter wp-image-630\" src=\"https:\/\/estarmachinery.com\/wp-content\/uploads\/2023\/06\/\u56fe\u72471.png\" alt=\"Lamination film\" width=\"1200\" height=\"519\" srcset=\"https:\/\/estarmachinery.com\/wp-content\/uploads\/2023\/06\/\u56fe\u72471.png 745w, https:\/\/estarmachinery.com\/wp-content\/uploads\/2023\/06\/\u56fe\u72471-300x130.png 300w, https:\/\/estarmachinery.com\/wp-content\/uploads\/2023\/06\/\u56fe\u72471-600x259.png 600w\" sizes=\"(max-width: 1200px) 100vw, 1200px\" \/><\/p>","protected":false},"excerpt":{"rendered":"<p>INTRODUCTION: Non-toxic,pollution-free,high transparency and gloss,low static,wear resistance,long ageing of corona,few defects and good tearing off. This product is mainly used for the composition of printing,bag making,adhesive tape production and other base materials. Strong powder absorption and can blister and film release after being concaved or protruded. Matte lamination film is suitable for partially UV glazing [&hellip;]<\/p>","protected":false},"featured_media":629,"template":"","meta":{"site-sidebar-layout":"default","site-content-layout":"default","ast-site-content-layout":"default","site-content-style":"default","site-sidebar-style":"default","ast-global-header-display":"","ast-banner-title-visibility":"","ast-main-header-display":"","ast-hfb-above-header-display":"","ast-hfb-below-header-display":"","ast-hfb-mobile-header-display":"","site-post-title":"","ast-breadcrumbs-content":"","ast-featured-img":"","footer-sml-layout":"","ast-disable-related-posts":"","theme-transparent-header-meta":"default","adv-header-id-meta":"","stick-header-meta":"","header-above-stick-meta":"","header-main-stick-meta":"","header-below-stick-meta":"","astra-migrate-meta-layouts":"default","ast-page-background-enabled":"default","ast-page-background-meta":{"desktop":{"background-color":"","background-image":"","background-repeat":"repeat","background-position":"center center","background-size":"auto","background-attachment":"scroll","background-type":"","background-media":"","overlay-type":"","overlay-color":"","overlay-opacity":"","overlay-gradient":""},"tablet":{"background-color":"","background-image":"","background-repeat":"repeat","background-position":"center center","background-size":"auto","background-attachment":"scroll","background-type":"","background-media":"","overlay-type":"","overlay-color":"","overlay-opacity":"","overlay-gradient":""},"mobile":{"background-color":"","background-image":"","background-repeat":"repeat","background-position":"center center","background-size":"auto","background-attachment":"scroll","background-type":"","background-media":"","overlay-type":"","overlay-color":"","overlay-opacity":"","overlay-gradient":""}},"ast-content-background-meta":{"desktop":{"background-color":"var(--ast-global-color-5)","background-image":"","background-repeat":"repeat","background-position":"center center","background-size":"auto","background-attachment":"scroll","background-type":"","background-media":"","overlay-type":"","overlay-color":"","overlay-opacity":"","overlay-gradient":""},"tablet":{"background-color":"var(--ast-global-color-5)","background-image":"","background-repeat":"repeat","background-position":"center center","background-size":"auto","background-attachment":"scroll","background-type":"","background-media":"","overlay-type":"","overlay-color":"","overlay-opacity":"","overlay-gradient":""},"mobile":{"background-color":"var(--ast-global-color-5)","background-image":"","background-repeat":"repeat","background-position":"center center","background-size":"auto","background-attachment":"scroll","background-type":"","background-media":"","overlay-type":"","overlay-color":"","overlay-opacity":"","overlay-gradient":""}}},"product_brand":[],"product_cat":[60,58],"product_tag":[],"class_list":{"0":"post-625","1":"product","2":"type-product","3":"status-publish","4":"has-post-thumbnail","6":"product_cat-hot-machine","7":"product_cat-raw-material","8":"desktop-align-center","9":"tablet-align-left","10":"mobile-align-left","12":"first","13":"instock","14":"shipping-taxable","15":"product-type-simple"},"_links":{"self":[{"href":"https:\/\/estarmachinery.com\/fr\/wp-json\/wp\/v2\/product\/625","targetHints":{"allow":["GET"]}}],"collection":[{"href":"https:\/\/estarmachinery.com\/fr\/wp-json\/wp\/v2\/product"}],"about":[{"href":"https:\/\/estarmachinery.com\/fr\/wp-json\/wp\/v2\/types\/product"}],"wp:featuredmedia":[{"embeddable":true,"href":"https:\/\/estarmachinery.com\/fr\/wp-json\/wp\/v2\/media\/629"}],"wp:attachment":[{"href":"https:\/\/estarmachinery.com\/fr\/wp-json\/wp\/v2\/media?parent=625"}],"wp:term":[{"taxonomy":"product_brand","embeddable":true,"href":"https:\/\/estarmachinery.com\/fr\/wp-json\/wp\/v2\/product_brand?post=625"},{"taxonomy":"product_cat","embeddable":true,"href":"https:\/\/estarmachinery.com\/fr\/wp-json\/wp\/v2\/product_cat?post=625"},{"taxonomy":"product_tag","embeddable":true,"href":"https:\/\/estarmachinery.com\/fr\/wp-json\/wp\/v2\/product_tag?post=625"}],"curies":[{"name":"wp","href":"https:\/\/api.w.org\/{rel}","templated":true}]}}