{"id":631,"date":"2023-06-18T18:00:32","date_gmt":"2023-06-18T18:00:32","guid":{"rendered":"https:\/\/estarmachinery.com\/?post_type=product&#038;p=631"},"modified":"2023-07-07T03:49:08","modified_gmt":"2023-07-07T03:49:08","slug":"automatic-tag-printer-machine","status":"publish","type":"product","link":"https:\/\/estarmachinery.com\/fr\/produit\/automatic-tag-printer-machine\/","title":{"rendered":"Machine d&#039;impression automatique d&#039;\u00e9tiquettes"},"content":{"rendered":"<p style=\"text-align: center;\"><strong><b>Machine d&#039;impression automatique d&#039;\u00e9tiquettes<\/b><\/strong><\/p>\n<p><img fetchpriority=\"high\" decoding=\"async\" class=\"alignnone wp-image-636 size-large\" src=\"https:\/\/estarmachinery.com\/wp-content\/uploads\/2023\/06\/\u5fae\u4fe1\u622a\u56fe_20230619015936-1024x284.png\" alt=\"Automatic tag printer machine\" width=\"1024\" height=\"284\" srcset=\"https:\/\/estarmachinery.com\/wp-content\/uploads\/2023\/06\/\u5fae\u4fe1\u622a\u56fe_20230619015936-1024x284.png 1024w, https:\/\/estarmachinery.com\/wp-content\/uploads\/2023\/06\/\u5fae\u4fe1\u622a\u56fe_20230619015936-300x83.png 300w, https:\/\/estarmachinery.com\/wp-content\/uploads\/2023\/06\/\u5fae\u4fe1\u622a\u56fe_20230619015936-768x213.png 768w, https:\/\/estarmachinery.com\/wp-content\/uploads\/2023\/06\/\u5fae\u4fe1\u622a\u56fe_20230619015936-600x167.png 600w, https:\/\/estarmachinery.com\/wp-content\/uploads\/2023\/06\/\u5fae\u4fe1\u622a\u56fe_20230619015936.png 1462w\" sizes=\"(max-width: 1024px) 100vw, 1024px\" \/><\/p>\n<p>Nous vous sommes tr\u00e8s reconnaissants de votre int\u00e9r\u00eat pour notre machine d&#039;impression d&#039;\u00e9tiquettes. Sur la base de nos conditions g\u00e9n\u00e9rales de vente, nous avons le plaisir de vous citer comme suit :<\/p>\n<table>\n<tbody>\n<tr>\n<td colspan=\"2\" width=\"1486\"><strong>Sp\u00e9cification:<\/strong><\/td>\n<\/tr>\n<tr>\n<td width=\"559\">Mod\u00e8le<\/td>\n<td width=\"926\"><strong><b>ES-Y1<\/b><\/strong><\/td>\n<\/tr>\n<tr>\n<td width=\"559\">D\u00e9finition<\/td>\n<td width=\"926\">12 points\/min et 24 points\/min (300 dpi et 600 dpi)<\/td>\n<\/tr>\n<tr>\n<td width=\"559\">Vitesse d&#039;impression max.<\/td>\n<td width=\"926\">200 mm\/s<\/td>\n<\/tr>\n<tr>\n<td width=\"559\">Largeur d&#039;impression max.<\/td>\n<td width=\"926\">128mm<\/td>\n<\/tr>\n<tr>\n<td width=\"559\">Longueur d&#039;impression max.<\/td>\n<td width=\"926\">2000min<\/td>\n<\/tr>\n<tr>\n<td width=\"559\">Noyau de ruban encreur<\/td>\n<td width=\"926\">1 pouce<\/td>\n<\/tr>\n<tr>\n<td width=\"559\">Ruban<\/td>\n<td width=\"926\">300m, diam\u00e8tre max. 70mm<\/td>\n<\/tr>\n<tr>\n<td width=\"559\">Largeur du ruban<\/td>\n<td width=\"926\">30~130mm<\/td>\n<\/tr>\n<tr>\n<td width=\"559\">M\u00e9moire<\/td>\n<td width=\"926\">8 Mo de m\u00e9moire flash ROM 64 Mo de SDRAM<\/td>\n<\/tr>\n<tr>\n<td width=\"559\">Lester<\/td>\n<td width=\"926\">40 kg<\/td>\n<\/tr>\n<tr>\n<td width=\"559\">Dimension<\/td>\n<td width=\"926\">400*500*360mm<\/td>\n<\/tr>\n<tr>\n<td width=\"559\">Interface de Communication<\/td>\n<td width=\"926\">USB 2.0, port s\u00e9rie RS-232, Ethernet (alternative)<\/td>\n<\/tr>\n<tr>\n<td width=\"559\">Source de courant<\/td>\n<td width=\"926\">Unit\u00e9 d&#039;alimentation \u00e0 \u00e9change de tension circonscrite int\u00e9gr\u00e9e Entr\u00e9e CA AC100-240VAC, 3A, 47-63Hz Sortie CC:DC24V, 15A, 300W<\/td>\n<\/tr>\n<tr>\n<td width=\"559\">Capteur<\/td>\n<td width=\"926\">R\u00e9fl\u00e9chissant automatique, p\u00e9n\u00e9tration (Alternative)<\/td>\n<\/tr>\n<tr>\n<td width=\"559\">G\u00e9n\u00e9rateur de date\/heure<\/td>\n<td width=\"926\">Standard<\/td>\n<\/tr>\n<tr>\n<td width=\"559\">Type de papier<\/td>\n<td width=\"926\">Impression pi\u00e8ce unique<\/td>\n<\/tr>\n<tr>\n<td width=\"559\">Largeur de balise<\/td>\n<td width=\"926\">25mm-120mm<\/td>\n<\/tr>\n<tr>\n<td width=\"559\">\u00c9paisseur de l&#039;\u00e9tiquette<\/td>\n<td width=\"926\">200-800g<\/td>\n<\/tr>\n<tr>\n<td width=\"559\">Longueur de balise<\/td>\n<td width=\"926\">50~2000mm(1.97&#039;&#039;-78.7&#039;&#039;)<\/td>\n<\/tr>\n<tr>\n<td width=\"559\">\u00c9tat de fonctionnement<\/td>\n<td width=\"926\">0 ~ 40 degr\u00e9s, humidit\u00e9 20%-85%<\/td>\n<\/tr>\n<tr>\n<td colspan=\"2\" width=\"1486\">Caract\u00e9ristiques:<\/p>\n<p>Largement utilis\u00e9 dans diff\u00e9rents domaines, l&#039;industrie du v\u00eatement, les produits \u00e9lectroniques, l&#039;industrie des services publics, l&#039;industrie sid\u00e9rurgique, etc. mat\u00e9riaux d&#039;\u00e9tiquettes aimables (comme le ruban de satin de tissu textile, le taffetas de nylon, le fer sur l&#039;\u00e9tiquette, les \u00e9tiquettes d&#039;entretien en TPU, etc.)<\/p>\n<p>Convient pour de petites quantit\u00e9s de produits une fois, peut \u00eatre r\u00e9gl\u00e9 sur n&#039;importe quelle taille, n&#039;importe quel design selon votre demande.<br \/>\navec une vitesse d&#039;impression \u00e9lev\u00e9e, comme 4 pouces\/sec, 6 pouces\/sec, 10 pouces\/sec, 14 pouces\/sec<br \/>\nConvient pour l&#039;impression monochrome monochrome (mais peut utiliser un ruban d&#039;imprimante de couleur diff\u00e9rente)<\/td>\n<\/tr>\n<\/tbody>\n<\/table>","protected":false},"excerpt":{"rendered":"<p>Automatic tag printer machine We are highly thankful to you for your interested in our\u00a0tag printer machine. On the basis of our general terms and conditions of sale, we have pleasure to quote you as followings: Specification: Model ES-Y1 Definition 12 dots\/min and 24 dots\/min(300dpi and 600dpi) Max.print speed 200mm\/s Max.print width 128mm Max.print length [&hellip;]<\/p>","protected":false},"featured_media":633,"template":"","meta":{"site-sidebar-layout":"default","site-content-layout":"default","ast-site-content-layout":"default","site-content-style":"default","site-sidebar-style":"default","ast-global-header-display":"","ast-banner-title-visibility":"","ast-main-header-display":"","ast-hfb-above-header-display":"","ast-hfb-below-header-display":"","ast-hfb-mobile-header-display":"","site-post-title":"","ast-breadcrumbs-content":"","ast-featured-img":"","footer-sml-layout":"","ast-disable-related-posts":"","theme-transparent-header-meta":"default","adv-header-id-meta":"","stick-header-meta":"","header-above-stick-meta":"","header-main-stick-meta":"","header-below-stick-meta":"","astra-migrate-meta-layouts":"default","ast-page-background-enabled":"default","ast-page-background-meta":{"desktop":{"background-color":"","background-image":"","background-repeat":"repeat","background-position":"center center","background-size":"auto","background-attachment":"scroll","background-type":"","background-media":"","overlay-type":"","overlay-color":"","overlay-opacity":"","overlay-gradient":""},"tablet":{"background-color":"","background-image":"","background-repeat":"repeat","background-position":"center center","background-size":"auto","background-attachment":"scroll","background-type":"","background-media":"","overlay-type":"","overlay-color":"","overlay-opacity":"","overlay-gradient":""},"mobile":{"background-color":"","background-image":"","background-repeat":"repeat","background-position":"center center","background-size":"auto","background-attachment":"scroll","background-type":"","background-media":"","overlay-type":"","overlay-color":"","overlay-opacity":"","overlay-gradient":""}},"ast-content-background-meta":{"desktop":{"background-color":"var(--ast-global-color-5)","background-image":"","background-repeat":"repeat","background-position":"center center","background-size":"auto","background-attachment":"scroll","background-type":"","background-media":"","overlay-type":"","overlay-color":"","overlay-opacity":"","overlay-gradient":""},"tablet":{"background-color":"var(--ast-global-color-5)","background-image":"","background-repeat":"repeat","background-position":"center center","background-size":"auto","background-attachment":"scroll","background-type":"","background-media":"","overlay-type":"","overlay-color":"","overlay-opacity":"","overlay-gradient":""},"mobile":{"background-color":"var(--ast-global-color-5)","background-image":"","background-repeat":"repeat","background-position":"center center","background-size":"auto","background-attachment":"scroll","background-type":"","background-media":"","overlay-type":"","overlay-color":"","overlay-opacity":"","overlay-gradient":""}}},"product_brand":[],"product_cat":[51],"product_tag":[],"class_list":{"0":"post-631","1":"product","2":"type-product","3":"status-publish","4":"has-post-thumbnail","6":"product_cat-printing-machine","7":"desktop-align-center","8":"tablet-align-left","9":"mobile-align-left","11":"first","12":"instock","13":"shipping-taxable","14":"product-type-simple"},"_links":{"self":[{"href":"https:\/\/estarmachinery.com\/fr\/wp-json\/wp\/v2\/product\/631","targetHints":{"allow":["GET"]}}],"collection":[{"href":"https:\/\/estarmachinery.com\/fr\/wp-json\/wp\/v2\/product"}],"about":[{"href":"https:\/\/estarmachinery.com\/fr\/wp-json\/wp\/v2\/types\/product"}],"wp:featuredmedia":[{"embeddable":true,"href":"https:\/\/estarmachinery.com\/fr\/wp-json\/wp\/v2\/media\/633"}],"wp:attachment":[{"href":"https:\/\/estarmachinery.com\/fr\/wp-json\/wp\/v2\/media?parent=631"}],"wp:term":[{"taxonomy":"product_brand","embeddable":true,"href":"https:\/\/estarmachinery.com\/fr\/wp-json\/wp\/v2\/product_brand?post=631"},{"taxonomy":"product_cat","embeddable":true,"href":"https:\/\/estarmachinery.com\/fr\/wp-json\/wp\/v2\/product_cat?post=631"},{"taxonomy":"product_tag","embeddable":true,"href":"https:\/\/estarmachinery.com\/fr\/wp-json\/wp\/v2\/product_tag?post=631"}],"curies":[{"name":"wp","href":"https:\/\/api.w.org\/{rel}","templated":true}]}}