{"id":642,"date":"2023-06-19T00:41:01","date_gmt":"2023-06-19T00:41:01","guid":{"rendered":"https:\/\/estarmachinery.com\/?post_type=product&#038;p=642"},"modified":"2023-07-13T08:53:46","modified_gmt":"2023-07-13T08:53:46","slug":"paper-fan-folding-machine","status":"publish","type":"product","link":"https:\/\/estarmachinery.com\/fr\/produit\/paper-fan-folding-machine\/","title":{"rendered":"Machine de pliage de ventilateur de papier"},"content":{"rendered":"<p style=\"text-align: center;\"><strong><b>Machine de pliage de ventilateur de papier<\/b><\/strong><strong><b>\u00a0<\/b><\/strong><\/p>\n<p><img fetchpriority=\"high\" decoding=\"async\" class=\"alignnone wp-image-647 size-large\" src=\"https:\/\/estarmachinery.com\/wp-content\/uploads\/2023\/06\/Paper-Fan-Folding-machine-1024x458.png\" alt=\"Paper Fan Folding machine \" width=\"1024\" height=\"458\" srcset=\"https:\/\/estarmachinery.com\/wp-content\/uploads\/2023\/06\/Paper-Fan-Folding-machine-1024x458.png 1024w, https:\/\/estarmachinery.com\/wp-content\/uploads\/2023\/06\/Paper-Fan-Folding-machine-300x134.png 300w, https:\/\/estarmachinery.com\/wp-content\/uploads\/2023\/06\/Paper-Fan-Folding-machine-768x343.png 768w, https:\/\/estarmachinery.com\/wp-content\/uploads\/2023\/06\/Paper-Fan-Folding-machine-600x268.png 600w, https:\/\/estarmachinery.com\/wp-content\/uploads\/2023\/06\/Paper-Fan-Folding-machine.png 1103w\" sizes=\"(max-width: 1024px) 100vw, 1024px\" \/><\/p>\n<p>Nous vous sommes tr\u00e8s reconnaissants de l&#039;int\u00e9r\u00eat que vous portez \u00e0 notre plieuse en \u00e9ventail pour papier. Sur la base de nos conditions g\u00e9n\u00e9rales de vente, nous avons le plaisir de vous citer comme suit :<\/p>\n<table>\n<tbody>\n<tr>\n<td colspan=\"2\" width=\"1486\"><strong><b>Sp\u00e9cification:<\/b><\/strong><\/td>\n<\/tr>\n<tr>\n<td width=\"559\">Mod\u00e8le<\/td>\n<td width=\"926\"><strong><b>ES600 <\/b><\/strong><\/td>\n<\/tr>\n<tr>\n<td width=\"559\">Longueur maximale du papier<\/td>\n<td width=\"926\">Peut \u00eatre aussi long que le besoin du client<\/td>\n<\/tr>\n<tr>\n<td width=\"559\">Largeur maximale du papier<\/td>\n<td width=\"926\">620mm<\/td>\n<\/tr>\n<tr>\n<td width=\"559\">Hauteur du papier apr\u00e8s pliage<\/td>\n<td width=\"926\">6~55mm<\/td>\n<\/tr>\n<tr>\n<td width=\"559\">Vitesse max du pliage<\/td>\n<td width=\"926\">0~125 plis\/minute<\/td>\n<\/tr>\n<tr>\n<td width=\"559\">Puissance du moteur<\/td>\n<td width=\"926\">1.1KW<\/td>\n<\/tr>\n<tr>\n<td width=\"559\">Puissance de pr\u00e9chauffage<\/td>\n<td width=\"926\">4KW<\/td>\n<\/tr>\n<tr>\n<td width=\"559\">Pression d&#039;air de travail<\/td>\n<td width=\"926\">0.6Mpa<\/td>\n<\/tr>\n<tr>\n<td width=\"559\">Taille de l&#039;appareil<\/td>\n<td width=\"926\">1270\u00d71560\u00d71240mm<\/td>\n<\/tr>\n<tr>\n<td width=\"559\">Poids net<\/td>\n<td width=\"926\">500KGS<\/td>\n<\/tr>\n<tr>\n<td width=\"559\">Poids brut<\/td>\n<td width=\"926\">550KGS<\/td>\n<\/tr>\n<tr>\n<td colspan=\"2\" width=\"1486\">Caract\u00e9ristiques:<\/p>\n<p>1. Forte polyvalence : petite taille, peut coop\u00e9rer avec le fonctionnement de la ligne de production, facile \u00e0 remplacer les produits.<\/p>\n<p>2. Haute efficacit\u00e9 : la vitesse la plus \u00e9lev\u00e9e peut atteindre 125 fois\/minute.<\/p>\n<p>3. R\u00e9duisez l&#039;intensit\u00e9 de travail des travailleurs : le pliage manuel traditionnel prend beaucoup de temps de travail et d&#039;\u00e9nergie.<\/td>\n<\/tr>\n<\/tbody>\n<\/table>\n<p>&nbsp;<\/p>","protected":false},"excerpt":{"rendered":"<p>Paper Fan Folding machine\u00a0 We are highly thankful to you for your interested in our\u00a0paper fan folding machine. On the basis of our general terms and conditions of sale, we have pleasure to quote you as followings: Specification: Model ES600 Max Length of the Paper Can be as long as customer need Max Width of [&hellip;]<\/p>","protected":false},"featured_media":644,"template":"","meta":{"site-sidebar-layout":"default","site-content-layout":"default","ast-site-content-layout":"default","site-content-style":"default","site-sidebar-style":"default","ast-global-header-display":"","ast-banner-title-visibility":"","ast-main-header-display":"","ast-hfb-above-header-display":"","ast-hfb-below-header-display":"","ast-hfb-mobile-header-display":"","site-post-title":"","ast-breadcrumbs-content":"","ast-featured-img":"","footer-sml-layout":"","ast-disable-related-posts":"","theme-transparent-header-meta":"default","adv-header-id-meta":"","stick-header-meta":"","header-above-stick-meta":"","header-main-stick-meta":"","header-below-stick-meta":"","astra-migrate-meta-layouts":"default","ast-page-background-enabled":"default","ast-page-background-meta":{"desktop":{"background-color":"","background-image":"","background-repeat":"repeat","background-position":"center center","background-size":"auto","background-attachment":"scroll","background-type":"","background-media":"","overlay-type":"","overlay-color":"","overlay-opacity":"","overlay-gradient":""},"tablet":{"background-color":"","background-image":"","background-repeat":"repeat","background-position":"center center","background-size":"auto","background-attachment":"scroll","background-type":"","background-media":"","overlay-type":"","overlay-color":"","overlay-opacity":"","overlay-gradient":""},"mobile":{"background-color":"","background-image":"","background-repeat":"repeat","background-position":"center center","background-size":"auto","background-attachment":"scroll","background-type":"","background-media":"","overlay-type":"","overlay-color":"","overlay-opacity":"","overlay-gradient":""}},"ast-content-background-meta":{"desktop":{"background-color":"var(--ast-global-color-5)","background-image":"","background-repeat":"repeat","background-position":"center center","background-size":"auto","background-attachment":"scroll","background-type":"","background-media":"","overlay-type":"","overlay-color":"","overlay-opacity":"","overlay-gradient":""},"tablet":{"background-color":"var(--ast-global-color-5)","background-image":"","background-repeat":"repeat","background-position":"center center","background-size":"auto","background-attachment":"scroll","background-type":"","background-media":"","overlay-type":"","overlay-color":"","overlay-opacity":"","overlay-gradient":""},"mobile":{"background-color":"var(--ast-global-color-5)","background-image":"","background-repeat":"repeat","background-position":"center center","background-size":"auto","background-attachment":"scroll","background-type":"","background-media":"","overlay-type":"","overlay-color":"","overlay-opacity":"","overlay-gradient":""}}},"product_brand":[],"product_cat":[47,60],"product_tag":[],"class_list":{"0":"post-642","1":"product","2":"type-product","3":"status-publish","4":"has-post-thumbnail","6":"product_cat-folding-machine","7":"product_cat-hot-machine","8":"desktop-align-center","9":"tablet-align-left","10":"mobile-align-left","12":"first","13":"instock","14":"shipping-taxable","15":"product-type-simple"},"_links":{"self":[{"href":"https:\/\/estarmachinery.com\/fr\/wp-json\/wp\/v2\/product\/642","targetHints":{"allow":["GET"]}}],"collection":[{"href":"https:\/\/estarmachinery.com\/fr\/wp-json\/wp\/v2\/product"}],"about":[{"href":"https:\/\/estarmachinery.com\/fr\/wp-json\/wp\/v2\/types\/product"}],"wp:featuredmedia":[{"embeddable":true,"href":"https:\/\/estarmachinery.com\/fr\/wp-json\/wp\/v2\/media\/644"}],"wp:attachment":[{"href":"https:\/\/estarmachinery.com\/fr\/wp-json\/wp\/v2\/media?parent=642"}],"wp:term":[{"taxonomy":"product_brand","embeddable":true,"href":"https:\/\/estarmachinery.com\/fr\/wp-json\/wp\/v2\/product_brand?post=642"},{"taxonomy":"product_cat","embeddable":true,"href":"https:\/\/estarmachinery.com\/fr\/wp-json\/wp\/v2\/product_cat?post=642"},{"taxonomy":"product_tag","embeddable":true,"href":"https:\/\/estarmachinery.com\/fr\/wp-json\/wp\/v2\/product_tag?post=642"}],"curies":[{"name":"wp","href":"https:\/\/api.w.org\/{rel}","templated":true}]}}