{"id":648,"date":"2023-06-19T00:45:38","date_gmt":"2023-06-19T00:45:38","guid":{"rendered":"https:\/\/estarmachinery.com\/?post_type=product&#038;p=648"},"modified":"2023-07-06T07:25:08","modified_gmt":"2023-07-06T07:25:08","slug":"stainless-steel-desktop-gluing-machinecold-glue","status":"publish","type":"product","link":"https:\/\/estarmachinery.com\/fr\/produit\/stainless-steel-desktop-gluing-machinecold-glue\/","title":{"rendered":"Machine de collage de bureau en acier inoxydable (colle froide)"},"content":{"rendered":"<p style=\"text-align: center;\"><strong>Machine de collage de bureau en acier inoxydable (colle froide)<\/strong><\/p>\n<p><img fetchpriority=\"high\" decoding=\"async\" class=\"aligncenter wp-image-649 size-large\" src=\"https:\/\/estarmachinery.com\/wp-content\/uploads\/2023\/06\/1-3-1024x681.png\" alt=\"\" width=\"1024\" height=\"681\" srcset=\"https:\/\/estarmachinery.com\/wp-content\/uploads\/2023\/06\/1-3-1024x681.png 1024w, https:\/\/estarmachinery.com\/wp-content\/uploads\/2023\/06\/1-3-300x200.png 300w, https:\/\/estarmachinery.com\/wp-content\/uploads\/2023\/06\/1-3-768x511.png 768w, https:\/\/estarmachinery.com\/wp-content\/uploads\/2023\/06\/1-3-600x399.png 600w, https:\/\/estarmachinery.com\/wp-content\/uploads\/2023\/06\/1-3.png 1139w\" sizes=\"(max-width: 1024px) 100vw, 1024px\" \/><\/p>\n<p>Nous vous sommes tr\u00e8s reconnaissants de votre int\u00e9r\u00eat pour notre encolleuse. Sur la base de nos conditions g\u00e9n\u00e9rales de vente, nous avons le plaisir de vous citer comme suit :<\/p>\n<table>\n<tbody>\n<tr>\n<td colspan=\"4\" width=\"1486\"><strong><b>Sp\u00e9cification:<\/b><\/strong><\/td>\n<\/tr>\n<tr>\n<td width=\"374\">Mod\u00e8le<\/td>\n<td width=\"394\"><strong><b>ES-380A <\/b><\/strong><\/td>\n<td width=\"362\"><strong><b>ES-600A<\/b><\/strong><\/td>\n<td width=\"354\"><strong><b>ES-720A<\/b><\/strong><\/td>\n<\/tr>\n<tr>\n<td width=\"374\">Largeur de collage max.<\/td>\n<td width=\"394\">380mm<\/td>\n<td width=\"362\">600mm<\/td>\n<td width=\"354\">720mm<\/td>\n<\/tr>\n<tr>\n<td width=\"374\">Vitesse<\/td>\n<td width=\"394\">0~26m\/minute<\/td>\n<td width=\"362\">0~26m\/minute<\/td>\n<td width=\"354\">0~26m\/minute<\/td>\n<\/tr>\n<tr>\n<td width=\"374\">Pouvoir<\/td>\n<td width=\"394\">220V\/50HZ, 120W<\/td>\n<td width=\"362\">220V\/50HZ, 120W<\/td>\n<td width=\"354\">220V\/50HZ, 120W<\/td>\n<\/tr>\n<tr>\n<td width=\"374\">Dimensions de la machine<\/td>\n<td width=\"394\">700x410x360mm<\/td>\n<td width=\"362\">915x410x360mm<\/td>\n<td width=\"354\">1015x410x360mm<\/td>\n<\/tr>\n<tr>\n<td width=\"374\">Poids de la machine<\/td>\n<td width=\"394\">32kg<\/td>\n<td width=\"362\">48kgs<\/td>\n<td width=\"354\">55kgs<\/td>\n<\/tr>\n<tr>\n<td colspan=\"4\" width=\"1486\">Cette machine adopte des composants r\u00e9sistants \u00e0 la corrosion tels que l&#039;acier inoxydable et l&#039;alliage d&#039;aluminium<\/p>\n<p>La partie transmission adopte des roulements, un levage de plaque de colle et d&#039;autres structures, et chaque arbre est enti\u00e8rement en acier inoxydable, en acier 45#.<\/p>\n<p>Moteur de contr\u00f4le de vitesse avanc\u00e9<\/p>\n<p>Fonctionnement simple, faible bruit, efficacit\u00e9 de production \u00e9lev\u00e9e<\/td>\n<\/tr>\n<\/tbody>\n<\/table>","protected":false},"excerpt":{"rendered":"<p>Stainless steel Desktop Gluing Machine(cold glue) We are highly thankful to you for your interested in our\u00a0gluing machine. On the basis of our general terms and conditions of sale, we have pleasure to quote you as followings: Specification: Model ES-380A ES-600A ES-720A Max.gluing width 380mm 600mm 720mm Speed 0~26m\/min 0~26m\/min 0~26m\/min Power 220V\/50HZ, 120W 220V\/50HZ, [&hellip;]<\/p>","protected":false},"featured_media":650,"template":"","meta":{"site-sidebar-layout":"default","site-content-layout":"default","ast-site-content-layout":"default","site-content-style":"default","site-sidebar-style":"default","ast-global-header-display":"","ast-banner-title-visibility":"","ast-main-header-display":"","ast-hfb-above-header-display":"","ast-hfb-below-header-display":"","ast-hfb-mobile-header-display":"","site-post-title":"","ast-breadcrumbs-content":"","ast-featured-img":"","footer-sml-layout":"","ast-disable-related-posts":"","theme-transparent-header-meta":"default","adv-header-id-meta":"","stick-header-meta":"","header-above-stick-meta":"","header-main-stick-meta":"","header-below-stick-meta":"","astra-migrate-meta-layouts":"default","ast-page-background-enabled":"default","ast-page-background-meta":{"desktop":{"background-color":"","background-image":"","background-repeat":"repeat","background-position":"center center","background-size":"auto","background-attachment":"scroll","background-type":"","background-media":"","overlay-type":"","overlay-color":"","overlay-opacity":"","overlay-gradient":""},"tablet":{"background-color":"","background-image":"","background-repeat":"repeat","background-position":"center center","background-size":"auto","background-attachment":"scroll","background-type":"","background-media":"","overlay-type":"","overlay-color":"","overlay-opacity":"","overlay-gradient":""},"mobile":{"background-color":"","background-image":"","background-repeat":"repeat","background-position":"center center","background-size":"auto","background-attachment":"scroll","background-type":"","background-media":"","overlay-type":"","overlay-color":"","overlay-opacity":"","overlay-gradient":""}},"ast-content-background-meta":{"desktop":{"background-color":"var(--ast-global-color-5)","background-image":"","background-repeat":"repeat","background-position":"center center","background-size":"auto","background-attachment":"scroll","background-type":"","background-media":"","overlay-type":"","overlay-color":"","overlay-opacity":"","overlay-gradient":""},"tablet":{"background-color":"var(--ast-global-color-5)","background-image":"","background-repeat":"repeat","background-position":"center center","background-size":"auto","background-attachment":"scroll","background-type":"","background-media":"","overlay-type":"","overlay-color":"","overlay-opacity":"","overlay-gradient":""},"mobile":{"background-color":"var(--ast-global-color-5)","background-image":"","background-repeat":"repeat","background-position":"center center","background-size":"auto","background-attachment":"scroll","background-type":"","background-media":"","overlay-type":"","overlay-color":"","overlay-opacity":"","overlay-gradient":""}}},"product_brand":[],"product_cat":[56],"product_tag":[],"class_list":{"0":"post-648","1":"product","2":"type-product","3":"status-publish","4":"has-post-thumbnail","6":"product_cat-gluing-machine","7":"desktop-align-center","8":"tablet-align-left","9":"mobile-align-left","11":"first","12":"instock","13":"shipping-taxable","14":"product-type-simple"},"_links":{"self":[{"href":"https:\/\/estarmachinery.com\/fr\/wp-json\/wp\/v2\/product\/648","targetHints":{"allow":["GET"]}}],"collection":[{"href":"https:\/\/estarmachinery.com\/fr\/wp-json\/wp\/v2\/product"}],"about":[{"href":"https:\/\/estarmachinery.com\/fr\/wp-json\/wp\/v2\/types\/product"}],"wp:featuredmedia":[{"embeddable":true,"href":"https:\/\/estarmachinery.com\/fr\/wp-json\/wp\/v2\/media\/650"}],"wp:attachment":[{"href":"https:\/\/estarmachinery.com\/fr\/wp-json\/wp\/v2\/media?parent=648"}],"wp:term":[{"taxonomy":"product_brand","embeddable":true,"href":"https:\/\/estarmachinery.com\/fr\/wp-json\/wp\/v2\/product_brand?post=648"},{"taxonomy":"product_cat","embeddable":true,"href":"https:\/\/estarmachinery.com\/fr\/wp-json\/wp\/v2\/product_cat?post=648"},{"taxonomy":"product_tag","embeddable":true,"href":"https:\/\/estarmachinery.com\/fr\/wp-json\/wp\/v2\/product_tag?post=648"}],"curies":[{"name":"wp","href":"https:\/\/api.w.org\/{rel}","templated":true}]}}