{"id":677,"date":"2023-06-19T01:16:26","date_gmt":"2023-06-19T01:16:26","guid":{"rendered":"https:\/\/estarmachinery.com\/?post_type=product&#038;p=677"},"modified":"2023-07-06T07:22:13","modified_gmt":"2023-07-06T07:22:13","slug":"es-4-660-740-four-color-offset-printer","status":"publish","type":"product","link":"https:\/\/estarmachinery.com\/fr\/produit\/es-4-660-740-four-color-offset-printer\/","title":{"rendered":"Imprimante offset quatre couleurs ES-4-660\/740"},"content":{"rendered":"<p style=\"text-align: center;\"><strong><b>ES<\/b><\/strong><strong><b>-Imprimante offset quatre couleurs 4-660\/740<\/b><\/strong><\/p>\n<p><img fetchpriority=\"high\" decoding=\"async\" class=\"alignnone size-large wp-image-678\" src=\"https:\/\/estarmachinery.com\/wp-content\/uploads\/2023\/06\/XH-4-660740-1024x576.jpg\" alt=\"ES-4-660\/740 Four Color Offset Printer\" width=\"1024\" height=\"576\" srcset=\"https:\/\/estarmachinery.com\/wp-content\/uploads\/2023\/06\/XH-4-660740-1024x576.jpg 1024w, https:\/\/estarmachinery.com\/wp-content\/uploads\/2023\/06\/XH-4-660740-300x169.jpg 300w, https:\/\/estarmachinery.com\/wp-content\/uploads\/2023\/06\/XH-4-660740-768x432.jpg 768w, https:\/\/estarmachinery.com\/wp-content\/uploads\/2023\/06\/XH-4-660740-1536x864.jpg 1536w, https:\/\/estarmachinery.com\/wp-content\/uploads\/2023\/06\/XH-4-660740-600x338.jpg 600w, https:\/\/estarmachinery.com\/wp-content\/uploads\/2023\/06\/XH-4-660740.jpg 2000w\" sizes=\"(max-width: 1024px) 100vw, 1024px\" \/><\/p>\n<p><strong>INFORMATIONS TECHNIQUES <\/strong><\/p>\n<ol>\n<li><strong>Param\u00e8tres techniques principaux\u00a0: <\/strong><\/li>\n<\/ol>\n<table>\n<tbody>\n<tr>\n<td width=\"400\">Mod\u00e8le<\/td>\n<td width=\"378\">ES-4-740<\/td>\n<td width=\"453\">ES-4-660<\/td>\n<\/tr>\n<tr>\n<td width=\"400\">Max. Vitesse<\/td>\n<td width=\"378\">12000s\/h<\/td>\n<td width=\"453\">12000s\/h<\/td>\n<\/tr>\n<tr>\n<td width=\"400\">Max. Taille de papier<\/td>\n<td width=\"378\">540\u00d7740mm<\/td>\n<td width=\"453\">540\u00d7660mm<\/td>\n<\/tr>\n<tr>\n<td width=\"400\">Min. Taille de papier<\/td>\n<td width=\"378\">273 \u00d7 393 mm<\/td>\n<td width=\"453\">273 \u00d7 393 mm<\/td>\n<\/tr>\n<tr>\n<td width=\"400\">\u00c9paisseur de la feuille de papier<\/td>\n<td width=\"378\">0,06\uff0d0,6 mm<\/td>\n<td width=\"453\">0,06\uff0d0,6 mm<\/td>\n<\/tr>\n<tr>\n<td width=\"400\">Max. Zone d&#039;impression<\/td>\n<td width=\"378\">528\u00d7730mm<\/td>\n<td width=\"453\">528\u00d7650mm<\/td>\n<\/tr>\n<tr>\n<td width=\"400\">Taille de la plaque<\/td>\n<td width=\"378\">677 \u00d7 755 \u00d7 0,3 mm<\/td>\n<td width=\"453\">677 \u00d7 675 \u00d7 0,3 mm<\/td>\n<\/tr>\n<tr>\n<td width=\"400\">Taille de couverture<\/td>\n<td width=\"378\">740 \u00d7 760 \u00d7 1,9 mm<\/td>\n<td width=\"453\">740 \u00d7 680 \u00d7 1,9 mm<\/td>\n<\/tr>\n<tr>\n<td width=\"400\">Max. Hauteur de la pile d&#039;alimentation<\/td>\n<td width=\"378\">940mm<\/td>\n<td width=\"453\">940mm<\/td>\n<\/tr>\n<tr>\n<td width=\"400\">Max. Hauteur de pile de livraison<\/td>\n<td width=\"378\">780mm<\/td>\n<td width=\"453\">780mm<\/td>\n<\/tr>\n<tr>\n<td width=\"400\">Dimension hors tout de la machine<\/p>\n<p>(LxlxH)<\/td>\n<td width=\"378\">7380\u00d72550\u00d71950mm<\/td>\n<td width=\"453\">7380\u00d72470\u00d71950mm<\/td>\n<\/tr>\n<tr>\n<td width=\"400\">Pouvoir total<\/td>\n<td width=\"378\">23kw, 380V, 50Hz<\/td>\n<td width=\"453\">23kw, 380V, 50Hz<\/td>\n<\/tr>\n<tr>\n<td width=\"400\">Poids brut de la machine<\/td>\n<td width=\"378\">19700kg<\/td>\n<td width=\"453\">18700kg<\/td>\n<\/tr>\n<\/tbody>\n<\/table>\n<p>Selon le d\u00e9veloppement du march\u00e9 de l&#039;impression, une nouvelle g\u00e9n\u00e9ration de machine d&#039;impression offset multicolore construite par un certain nombre de technologies de brevet nationales est adopt\u00e9e, qui adopte un syst\u00e8me de serrage pneumatique automatique, un syst\u00e8me de r\u00e9glage automatique \u00e0 trois axes contr\u00f4l\u00e9 par un aimant permanent DC, et syst\u00e8me pr\u00e9cis de r\u00e9gulation automatique de la pression. Avec le syst\u00e8me de contr\u00f4le \u00e9lectronique de bus de la m\u00e9thode de communication Mitsubishi CC-LINK, il affiche parfaitement les caract\u00e9ristiques d&#039;efficacit\u00e9 intelligente, intelligente et \u00e9lev\u00e9e de la machine d&#039;impression \u00e0 usage intensif. Le gaufrage par pulv\u00e9risation en acier inoxydable et le cylindre de plaque prolongent consid\u00e9rablement la dur\u00e9e de vie de la machine. CIP4 peut \u00eatre utilis\u00e9 pour former un flux de travail num\u00e9rique avec pr\u00e9presse CTP et postpresse, et pour pr\u00e9r\u00e9gler la couleur de l&#039;encre, ce qui r\u00e9duit consid\u00e9rablement l&#039;exp\u00e9rience des usines d&#039;impression pour les techniciens d&#039;impression. Dans certaines conditions, les conditions de fonctionnement et divers changements de param\u00e8tres de la presse \u00e0 imprimer peuvent \u00eatre surveill\u00e9s et contr\u00f4l\u00e9s par INTERNET, et l&#039;impression UV populaire, le vitrage et d&#039;autres proc\u00e9d\u00e9s d&#039;impression ainsi que le lavage automatique des blanchets et le rouleau encreur peuvent \u00eatre install\u00e9s de mani\u00e8re pratique. \u00c9volutivit\u00e9 accrue des fonctionnalit\u00e9s du produit<\/p>\n<p>1.Le semi APC (Automatic Plate Changer) raccourcit le temps de pr\u00e9paration.<\/p>\n<p>2. Pour pr\u00e9r\u00e9gler l&#039;\u00e9paisseur du papier lors de l&#039;impression de diff\u00e9rents types de papier. Pour r\u00e9gler la pression d&#039;impression dans<\/p>\n<p>chaque unit\u00e9 automatiquement, rapidement et de mani\u00e8re synchrone.<\/p>\n<p>3.Avec le chargeur non-stop, les piles sont chang\u00e9es \u00e0 la vitesse de production. Cela fait gagner beaucoup de temps lorsque<\/p>\n<p>l&#039;ex\u00e9cution de papier \u00e9pais et la version longue fonctionnent hors ligne.<\/p>\n<p>4.Il est \u00e9quip\u00e9 du module de bus technologique CC-LINK de Mitsubishi.<\/p>\n<p>5. Le cylindre d&#039;impression \u00e0 double diam\u00e8tre et le tambour de transfert peuvent r\u00e9duire les temps de prise en charge des feuilles<\/p>\n<p>entre les unit\u00e9s d&#039;impression.<\/p>\n<p>6. Le cylindre de plaque peut \u00eatre ajust\u00e9 dans la direction circonf\u00e9rentielle, la direction lat\u00e9rale et la diagonale<\/p>\n<p>direction.<\/p>\n<p>7. Il y a cinq rouleaux sur le cylindre porte-plaque. Il y a un rouleau interm\u00e9diaire dans l&#039;amortissement alcoolique<\/p>\n<p>Syst\u00e8me, qui peut \u00e9liminer l&#039;image &quot;fant\u00f4me&quot;, atteindre l&#039;\u00e9quilibre rapide encre-eau et<\/p>\n<p>r\u00e9duire la consommation de papier.<\/p>\n<p>8. Il y a 23 zones dans un conduit divis\u00e9 (\u00e9chelonn\u00e9).<\/p>\n<p><strong><em><b>Standard<\/b><\/em><\/strong><strong><em><b>\u00a0<\/b><\/em><\/strong><strong><em><b>\u00e9quipement<\/b><\/em><\/strong><strong><em><b>e<\/b><\/em><\/strong><strong><em><b>n<\/b><\/em><\/strong><strong><em><b>t<\/b><\/em><\/strong><strong><em><b>:<\/b><\/em><\/strong><\/p>\n<table>\n<tbody>\n<tr>\n<td width=\"72\">Non.<\/td>\n<td width=\"886\">\u00c9quipement standard<\/td>\n<td width=\"170\">Remarques<\/td>\n<\/tr>\n<tr>\n<td width=\"72\">1<\/td>\n<td width=\"886\">T\u00e9l\u00e9commande d&#039;encre<strong><em><b>(<\/b><\/em><\/strong><strong><em><b>o<\/b><\/em><\/strong><strong><em><b>p<\/b><\/em><\/strong><strong><em><b>t<\/b><\/em><\/strong><strong><em><b>io<\/b><\/em><\/strong><strong><em><b>n \/ A<\/b><\/em><\/strong><strong><em><b>l)<\/b><\/em><\/strong><\/td>\n<td width=\"170\">&nbsp;<\/td>\n<\/tr>\n<tr>\n<td width=\"72\">2<\/td>\n<td width=\"886\">Amortissement \u00e0 l&#039;alcool<\/td>\n<td width=\"170\">&nbsp;<\/td>\n<\/tr>\n<tr>\n<td width=\"72\">3<\/td>\n<td width=\"886\">Porteur par porteur<\/td>\n<td width=\"170\">&nbsp;<\/td>\n<\/tr>\n<tr>\n<td width=\"72\">4<\/td>\n<td width=\"886\">Cylindre d&#039;impression et cylindre de transfert \u00e0 double diam\u00e8tre<\/td>\n<td width=\"170\">&nbsp;<\/td>\n<\/tr>\n<tr>\n<td width=\"72\">5<\/td>\n<td width=\"886\">Traitement sp\u00e9cial sur la surface du cylindre d&#039;impression<\/td>\n<td width=\"170\">&nbsp;<\/td>\n<\/tr>\n<tr>\n<td width=\"72\">6<\/td>\n<td width=\"886\">Traitement sp\u00e9cial sur la surface du cylindre porte-plaque<\/td>\n<td width=\"170\">&nbsp;<\/td>\n<\/tr>\n<tr>\n<td width=\"72\">7<\/td>\n<td width=\"886\">Barre de serrage semi-automatique<\/td>\n<td width=\"170\">&nbsp;<\/td>\n<\/tr>\n<tr>\n<td width=\"72\">8<\/td>\n<td width=\"886\">Registre dans le sens axial et circonf\u00e9rentiel<\/td>\n<td width=\"170\">&nbsp;<\/td>\n<\/tr>\n<tr>\n<td width=\"72\">9<\/td>\n<td width=\"886\">Armement<\/td>\n<td width=\"170\">&nbsp;<\/td>\n<\/tr>\n<tr>\n<td width=\"72\">10<\/td>\n<td width=\"886\">R\u00e9glage automatique de la pression<\/td>\n<td width=\"170\">&nbsp;<\/td>\n<\/tr>\n<tr>\n<td width=\"72\">11<\/td>\n<td width=\"886\">Empreinte pneumatique marche-arr\u00eat<\/td>\n<td width=\"170\">&nbsp;<\/td>\n<\/tr>\n<tr>\n<td width=\"72\">12<\/td>\n<td width=\"886\">Syst\u00e8me de pr\u00e9hension rabattable<\/td>\n<td width=\"170\">&nbsp;<\/td>\n<\/tr>\n<tr>\n<td width=\"72\">13<\/td>\n<td width=\"886\">Pose avant rabattable<\/td>\n<td width=\"170\">&nbsp;<\/td>\n<\/tr>\n<tr>\n<td width=\"72\">14<\/td>\n<td width=\"886\">Pulv\u00e9risateur de poudre \u00e9lectrique<\/td>\n<td width=\"170\">&nbsp;<\/td>\n<\/tr>\n<tr>\n<td width=\"72\">15<\/td>\n<td width=\"886\">Lubrification type douche, lubrification \u00e9paisse partielle<\/td>\n<td width=\"170\">&nbsp;<\/td>\n<\/tr>\n<tr>\n<td width=\"72\">16<\/td>\n<td width=\"886\">Livraison non-stop<\/td>\n<td width=\"170\">&nbsp;<\/td>\n<\/tr>\n<tr>\n<td colspan=\"3\" width=\"1129\"><strong><em><b>Un<\/b><\/em><\/strong><strong><em><b>c<\/b><\/em><\/strong><strong><em><b>je<\/b><\/em><\/strong><strong><em><b>je<\/b><\/em><\/strong><strong><em><b>je<\/b><\/em><\/strong><strong><em><b>un<\/b><\/em><\/strong><strong><em><b>r<\/b><\/em><\/strong><strong><em><b>y<\/b><\/em><\/strong><strong><em><b>\u00a0E<\/b><\/em><\/strong><strong><em><b>quolibet<\/b><\/em><\/strong><strong><em><b>m<\/b><\/em><\/strong><strong><em><b>e<\/b><\/em><\/strong><strong><em><b>NT:<\/b><\/em><\/strong><\/td>\n<\/tr>\n<tr>\n<td width=\"72\">17<\/td>\n<td width=\"886\">Perforateur photo\u00e9lectrique (la plaque peut \u00eatre pli\u00e9e)<\/td>\n<td width=\"170\">&nbsp;<\/td>\n<\/tr>\n<tr>\n<td width=\"72\">18<\/td>\n<td width=\"886\">Pompe \u00e0 air<\/td>\n<td width=\"170\">&nbsp;<\/td>\n<\/tr>\n<tr>\n<td width=\"72\">19<\/td>\n<td width=\"886\">Compresseur d&#039;air<\/td>\n<td width=\"170\">&nbsp;<\/td>\n<\/tr>\n<tr>\n<td width=\"72\">20<\/td>\n<td width=\"886\">Rouleaux amortisseurs<\/td>\n<td width=\"170\">&nbsp;<\/td>\n<\/tr>\n<tr>\n<td width=\"72\">21<\/td>\n<td width=\"886\">Alimentateur sous vide<\/td>\n<td width=\"170\">&nbsp;<\/td>\n<\/tr>\n<tr>\n<td width=\"72\">22<\/td>\n<td width=\"886\">D\u00e9tecteur de double feuille \u00e0 ultrasons<\/td>\n<td width=\"170\">&nbsp;<\/td>\n<\/tr>\n<tr>\n<td colspan=\"3\" width=\"1129\"><strong><em><b>P<\/b><\/em><\/strong><strong><em><b>un<\/b><\/em><\/strong><strong><em><b>ck<\/b><\/em><\/strong><strong><em><b>un<\/b><\/em><\/strong><strong><em><b>g<\/b><\/em><\/strong><strong><em><b>e<\/b><\/em><\/strong><strong><em><b>:<\/b><\/em><\/strong><\/td>\n<\/tr>\n<tr>\n<td width=\"72\">1<\/td>\n<td width=\"886\">Fumigation du bois<\/td>\n<td width=\"170\">&nbsp;<\/td>\n<\/tr>\n<tr>\n<td width=\"72\">2<\/td>\n<td width=\"886\">Instruction manuelle, liste de colisage, livre de pi\u00e8ces de rechange<\/td>\n<td width=\"170\">&nbsp;<\/td>\n<\/tr>\n<\/tbody>\n<\/table>\n<p><strong><em><b>Description:<\/b><\/em><\/strong><\/p>\n<p><img decoding=\"async\" class=\"aligncenter wp-image-685\" src=\"https:\/\/estarmachinery.com\/wp-content\/uploads\/2023\/06\/\u56fe\u72471-1.png\" alt=\"ES-4-660\/740 Four Color Offset Printer\" width=\"500\" height=\"240\" srcset=\"https:\/\/estarmachinery.com\/wp-content\/uploads\/2023\/06\/\u56fe\u72471-1.png 358w, https:\/\/estarmachinery.com\/wp-content\/uploads\/2023\/06\/\u56fe\u72471-1-300x144.png 300w\" sizes=\"(max-width: 500px) 100vw, 500px\" \/><\/p>\n<p>Mangeoire<\/p>\n<p>* Came conjugu\u00e9e. Le m\u00e9canisme de transfert contr\u00f4l\u00e9 par un rail de guidage lin\u00e9aire rend la vitesse de la machine plus rapide et plus stable.<\/p>\n<p>* La vanne rotative avec brevet peut nettoyer automatiquement la poussi\u00e8re de papier et r\u00e9duire le d\u00e9faut.<\/p>\n<p><img decoding=\"async\" class=\"aligncenter wp-image-686\" src=\"https:\/\/estarmachinery.com\/wp-content\/uploads\/2023\/06\/\u56fe\u72472.png\" alt=\"ES-4-660\/740 Four Color Offset Printer\" width=\"500\" height=\"299\" \/><\/p>\n<p>Unit\u00e9s d&#039;impression<\/p>\n<p>* Le cadre et la base sont en fonte int\u00e9grale.<\/p>\n<p>* La trempe \u00e0 haute fr\u00e9quence des engrenages garantit la pr\u00e9cision de la transmission.<\/p>\n<p>* Engrenages h\u00e9lico\u00efdaux, coefficient de chevauchement \u00e9lev\u00e9 et faible bruit<\/p>\n<p><img loading=\"lazy\" decoding=\"async\" class=\"aligncenter wp-image-687\" src=\"https:\/\/estarmachinery.com\/wp-content\/uploads\/2023\/06\/\u56fe\u72473.png\" alt=\"ES-4-660\/740 Four Color Offset Printer\" width=\"500\" height=\"285\" srcset=\"https:\/\/estarmachinery.com\/wp-content\/uploads\/2023\/06\/\u56fe\u72473.png 801w, https:\/\/estarmachinery.com\/wp-content\/uploads\/2023\/06\/\u56fe\u72473-300x171.png 300w, https:\/\/estarmachinery.com\/wp-content\/uploads\/2023\/06\/\u56fe\u72473-768x438.png 768w, https:\/\/estarmachinery.com\/wp-content\/uploads\/2023\/06\/\u56fe\u72473-600x342.png 600w\" sizes=\"(max-width: 500px) 100vw, 500px\" \/><\/p>\n<p>Pr\u00e9henseurs pr\u00e9cis<\/p>\n<p>* Une fois que les tampons en acier \u00e0 haute r\u00e9sistance \u00e0 carreaux ont \u00e9t\u00e9 tremp\u00e9s, leur dur\u00e9e de vie sera plus longue et le remplacement sera plus pratique.<\/p>\n<p>* Les coussinets souples r\u00e9sistants \u00e0 l&#039;usure assurent la stabilit\u00e9 de la remise du papier et la pr\u00e9cision de la transmission du papier.<\/p>\n<p>* Les roulements \u00e0 aiguilles de haute pr\u00e9cision et les roulements d&#039;ouverture am\u00e9liorent la stabilit\u00e9 du syst\u00e8me de pr\u00e9hension.<\/p>\n<p><img loading=\"lazy\" decoding=\"async\" class=\"aligncenter wp-image-688\" src=\"https:\/\/estarmachinery.com\/wp-content\/uploads\/2023\/06\/\u56fe\u72474.png\" alt=\"ES-4-660\/740 Four Color Offset Printer\" width=\"500\" height=\"282\" srcset=\"https:\/\/estarmachinery.com\/wp-content\/uploads\/2023\/06\/\u56fe\u72474.png 417w, https:\/\/estarmachinery.com\/wp-content\/uploads\/2023\/06\/\u56fe\u72474-300x169.png 300w\" sizes=\"(max-width: 500px) 100vw, 500px\" \/><\/p>\n<p>Dispositif automatique de r\u00e9glage de l&#039;\u00e9paisseur du papier<\/p>\n<p>* Il est \u00e9quip\u00e9 d&#039;engrenages entra\u00een\u00e9s. La distance entre les cylindres peut recevoir des r\u00e9troactions \u00e0 l&#039;\u00e9cran par potentiom\u00e8tre automatiquement.<\/p>\n<p>* Le g\u00e9n\u00e9rateur magn\u00e9tique permanent entra\u00een\u00e9 peut assurer la stabilit\u00e9 de la pression d&#039;impression, en raison de la grande torsion et de l&#039;auto-verrouillage fort.<\/p>\n<p>* Il est plus facile et plus pratique de saisir directement l&#039;\u00e9paisseur du papier sur l&#039;\u00e9cran.<\/p>\n<p><img loading=\"lazy\" decoding=\"async\" class=\"aligncenter wp-image-689\" src=\"https:\/\/estarmachinery.com\/wp-content\/uploads\/2023\/06\/\u56fe\u72475.png\" alt=\"ES-4-660\/740 Four Color Offset Printer\" width=\"500\" height=\"315\" srcset=\"https:\/\/estarmachinery.com\/wp-content\/uploads\/2023\/06\/\u56fe\u72475.png 383w, https:\/\/estarmachinery.com\/wp-content\/uploads\/2023\/06\/\u56fe\u72475-300x189.png 300w\" sizes=\"(max-width: 500px) 100vw, 500px\" \/><\/p>\n<p>Table d&#039;alimentation par aspiration sous vide<\/p>\n<p>* Pompe \u00e0 air import\u00e9e avec un grand volume<\/p>\n<p>* Il convient automatiquement \u00e0 tous les papiers de tous types ou de toutes tailles, afin de changer de format de papier plus rapidement et plus facilement.<\/p>\n<p>* Le d\u00e9tecteur \u00e0 ultrasons \u00e0 double feuille peut mieux prot\u00e9ger les cylindres.<\/p>\n<p><img loading=\"lazy\" decoding=\"async\" class=\"aligncenter wp-image-690\" src=\"https:\/\/estarmachinery.com\/wp-content\/uploads\/2023\/06\/\u56fe\u72476.png\" alt=\"ES-4-660\/740 Four Color Offset Printer\" width=\"500\" height=\"245\" srcset=\"https:\/\/estarmachinery.com\/wp-content\/uploads\/2023\/06\/\u56fe\u72476.png 474w, https:\/\/estarmachinery.com\/wp-content\/uploads\/2023\/06\/\u56fe\u72476-300x147.png 300w\" sizes=\"(max-width: 500px) 100vw, 500px\" \/><\/p>\n<p>Cylindres<\/p>\n<p>* La surface des cylindres d&#039;impression et des cylindres de plaque est en acier inoxydable pulv\u00e9ris\u00e9 afin de mieux prolonger la dur\u00e9e de vie de la presse.<\/p>\n<p>* La conception de l&#039;\u00e9quilibre dynamique peut r\u00e9duire les vibrations lors de l&#039;impression.<\/p>\n<p><img loading=\"lazy\" decoding=\"async\" class=\"wp-image-691 aligncenter\" src=\"https:\/\/estarmachinery.com\/wp-content\/uploads\/2023\/06\/\u56fe\u72477.png\" alt=\"ES-4-660\/740 Four Color Offset Printer\" width=\"500\" height=\"332\" srcset=\"https:\/\/estarmachinery.com\/wp-content\/uploads\/2023\/06\/\u56fe\u72477.png 494w, https:\/\/estarmachinery.com\/wp-content\/uploads\/2023\/06\/\u56fe\u72477-300x199.png 300w\" sizes=\"(max-width: 500px) 100vw, 500px\" \/><\/p>\n<p>Barre de serrage pneumatique, changement de plaque sans outils<\/p>\n<p>* La tension de la barre de serrage est contr\u00f4l\u00e9e par des flexibles import\u00e9s et des ressorts \u00e0 disque, de sorte qu&#039;elle est plus flexible pour le fonctionnement.<\/p>\n<p>* Les coins des cylindres sont contr\u00f4l\u00e9s par un encodeur de haute pr\u00e9cision. Les plaques seront install\u00e9es et d\u00e9mont\u00e9es automatiquement par programme. Ainsi, il peut r\u00e9pondre \u00e0 la version longue et \u00e0 la version courte des besoins de l&#039;entreprise d&#039;impression.<\/p>\n<p>* La queue de la barre de serrage est s\u00e9par\u00e9e, de sorte qu&#039;elle puisse rendre le papier plus lisse.<\/p>\n<p><img loading=\"lazy\" decoding=\"async\" class=\"aligncenter wp-image-692\" src=\"https:\/\/estarmachinery.com\/wp-content\/uploads\/2023\/06\/\u56fe\u72478.png\" alt=\"ES-4-660\/740 Four Color Offset Printer\" width=\"500\" height=\"406\" srcset=\"https:\/\/estarmachinery.com\/wp-content\/uploads\/2023\/06\/\u56fe\u72478.png 409w, https:\/\/estarmachinery.com\/wp-content\/uploads\/2023\/06\/\u56fe\u72478-300x244.png 300w\" sizes=\"(max-width: 500px) 100vw, 500px\" \/><\/p>\n<p>Console<\/p>\n<p>* La m\u00e9moire de la presse ou la carte m\u00e9moire de travail (disque) peut enregistrer le travail en cours. Les modifications et r\u00e9glages apport\u00e9s au travail en cours sont transf\u00e9r\u00e9s \u00e0 la presse. En mode d&#039;impression, vous pouvez entrer les valeurs de pr\u00e9r\u00e9glage pour le travail suivant dans la m\u00e9moire de la presse ou stock\u00e9es sur un disque.<\/p>\n<p>* CIP3\/CIP4<\/p>\n<p><img loading=\"lazy\" decoding=\"async\" class=\"aligncenter wp-image-693\" src=\"https:\/\/estarmachinery.com\/wp-content\/uploads\/2023\/06\/\u56fe\u72479.png\" alt=\"ES-4-660\/740 Four Color Offset Printer\" width=\"500\" height=\"333\" srcset=\"https:\/\/estarmachinery.com\/wp-content\/uploads\/2023\/06\/\u56fe\u72479.png 494w, https:\/\/estarmachinery.com\/wp-content\/uploads\/2023\/06\/\u56fe\u72479-300x200.png 300w\" sizes=\"(max-width: 500px) 100vw, 500px\" \/><\/p>\n<p>Console de contr\u00f4le de la quantit\u00e9 d&#039;encre (<strong><b>O<\/b><\/strong><strong><b>p<\/b><\/strong><strong><b>tio<\/b><\/strong><strong><b>n<\/b><\/strong><strong><b>un<\/b><\/strong><strong><b>je<\/b><\/strong>)<\/p>\n<p>* Chaque cl\u00e9 d&#039;encre de chaque unit\u00e9 peut \u00eatre r\u00e9gl\u00e9e par console.<\/p>\n<p>* La quantit\u00e9 d&#039;encre peut \u00eatre affich\u00e9e en num\u00e9rique et peut \u00eatre enregistr\u00e9e.<\/p>\n<p>&nbsp;<\/p>\n<p><strong><em><b>Str<\/b><\/em><\/strong><strong><em><b>tu<\/b><\/em><\/strong><strong><em><b>Dia<\/b><\/em><\/strong><strong><em><b>g<\/b><\/em><\/strong><strong><em><b>r<\/b><\/em><\/strong><strong><em><b>un<\/b><\/em><\/strong><strong><em><b>m<\/b><\/em><\/strong><\/p>\n<p><img loading=\"lazy\" decoding=\"async\" class=\"aligncenter wp-image-694\" src=\"https:\/\/estarmachinery.com\/wp-content\/uploads\/2023\/06\/\u56fe\u724710.png\" alt=\"ES-4-660\/740 Four Color Offset Printer\" width=\"500\" height=\"140\" srcset=\"https:\/\/estarmachinery.com\/wp-content\/uploads\/2023\/06\/\u56fe\u724710.png 748w, https:\/\/estarmachinery.com\/wp-content\/uploads\/2023\/06\/\u56fe\u724710-300x84.png 300w, https:\/\/estarmachinery.com\/wp-content\/uploads\/2023\/06\/\u56fe\u724710-600x168.png 600w\" sizes=\"(max-width: 500px) 100vw, 500px\" \/><\/p>\n<p><strong><em><b>Fe<\/b><\/em><\/strong><strong><em><b>un<\/b><\/em><\/strong><strong><em><b>t<\/b><\/em><\/strong><strong><em><b>tu<\/b><\/em><\/strong><strong><em><b>r<\/b><\/em><\/strong><strong><em><b>es\u00a0:<\/b><\/em><\/strong><\/p>\n<ol>\n<li>\u00a0Le semiAPC (Automatic Plate Changer) raccourcit le temps de calage.<\/li>\n<li>Pour pr\u00e9r\u00e9gler l&#039;\u00e9paisseur du papier lors de l&#039;impression de diff\u00e9rents types de papier. Pour ajuster la pression d&#039;impression dans chaque unit\u00e9 automatiquement, rapidement et de mani\u00e8re synchrone.<\/li>\n<li>\u00a0Avec le chargeur non-stop, les piles sont chang\u00e9es \u00e0 la vitesse de production. Cela permet de gagner beaucoup de temps lors de l&#039;ex\u00e9cution de papier \u00e9pais et de versions longues hors ligne.<\/li>\n<li>\u00a0Il est \u00e9quip\u00e9 du module de bus technologique CC-LINK de Mitsubishi.<\/li>\n<li>\u00a0Le cylindre d&#039;impression \u00e0 double diam\u00e8tre et le tambour de transfert peuvent r\u00e9duire les temps de prise en charge des feuilles entre les unit\u00e9s d&#039;impression.<\/li>\n<li>\u00a0Le cylindre porte-plaque peut \u00eatre ajust\u00e9 dans la direction circonf\u00e9rentielle, la direction lat\u00e9rale et la direction diagonale.<\/li>\n<li>\u00a0Il y a cinq rouleaux sur le cylindre porte-plaque. Il y a un rouleau interm\u00e9diaire dans le syst\u00e8me d&#039;amortissement alcoolique, qui peut \u00e9liminer l&#039;image &quot;fant\u00f4me&quot;, atteindre l&#039;\u00e9quilibre rapide encre-eau et r\u00e9duire la consommation de papier.<\/li>\n<\/ol>","protected":false},"excerpt":{"rendered":"<p>ES-4-660\/740 Four Color Offset Printer TECHNICAL INFORMAITON Main Technical Parameters: Model ES-4-740 ES-4-660 Max. Speed 12000s\/h 12000s\/h Max. Paper Size 540\u00d7740mm 540\u00d7660mm Min. Paper Size 273\u00d7393mm 273\u00d7393mm Paper Sheet Thickness 0.06\uff0d0.6mm 0.06\uff0d0.6mm Max. Printing Area 528\u00d7730mm 528\u00d7650mm Plate Size 677\u00d7755\u00d70.3mm 677\u00d7675\u00d70.3mm Blanket Size 740\u00d7760\u00d71.9mm 740\u00d7680\u00d71.9mm Max. Feeder Pile Height 940mm 940mm Max. Delivery Pile Height [&hellip;]<\/p>","protected":false},"featured_media":684,"template":"","meta":{"site-sidebar-layout":"default","site-content-layout":"default","ast-site-content-layout":"default","site-content-style":"default","site-sidebar-style":"default","ast-global-header-display":"","ast-banner-title-visibility":"","ast-main-header-display":"","ast-hfb-above-header-display":"","ast-hfb-below-header-display":"","ast-hfb-mobile-header-display":"","site-post-title":"","ast-breadcrumbs-content":"","ast-featured-img":"","footer-sml-layout":"","ast-disable-related-posts":"","theme-transparent-header-meta":"default","adv-header-id-meta":"","stick-header-meta":"","header-above-stick-meta":"","header-main-stick-meta":"","header-below-stick-meta":"","astra-migrate-meta-layouts":"default","ast-page-background-enabled":"default","ast-page-background-meta":{"desktop":{"background-color":"","background-image":"","background-repeat":"repeat","background-position":"center center","background-size":"auto","background-attachment":"scroll","background-type":"","background-media":"","overlay-type":"","overlay-color":"","overlay-opacity":"","overlay-gradient":""},"tablet":{"background-color":"","background-image":"","background-repeat":"repeat","background-position":"center center","background-size":"auto","background-attachment":"scroll","background-type":"","background-media":"","overlay-type":"","overlay-color":"","overlay-opacity":"","overlay-gradient":""},"mobile":{"background-color":"","background-image":"","background-repeat":"repeat","background-position":"center center","background-size":"auto","background-attachment":"scroll","background-type":"","background-media":"","overlay-type":"","overlay-color":"","overlay-opacity":"","overlay-gradient":""}},"ast-content-background-meta":{"desktop":{"background-color":"var(--ast-global-color-5)","background-image":"","background-repeat":"repeat","background-position":"center center","background-size":"auto","background-attachment":"scroll","background-type":"","background-media":"","overlay-type":"","overlay-color":"","overlay-opacity":"","overlay-gradient":""},"tablet":{"background-color":"var(--ast-global-color-5)","background-image":"","background-repeat":"repeat","background-position":"center center","background-size":"auto","background-attachment":"scroll","background-type":"","background-media":"","overlay-type":"","overlay-color":"","overlay-opacity":"","overlay-gradient":""},"mobile":{"background-color":"var(--ast-global-color-5)","background-image":"","background-repeat":"repeat","background-position":"center center","background-size":"auto","background-attachment":"scroll","background-type":"","background-media":"","overlay-type":"","overlay-color":"","overlay-opacity":"","overlay-gradient":""}}},"product_brand":[],"product_cat":[53],"product_tag":[],"class_list":{"0":"post-677","1":"product","2":"type-product","3":"status-publish","4":"has-post-thumbnail","6":"product_cat-creasing-machine","7":"desktop-align-center","8":"tablet-align-left","9":"mobile-align-left","11":"first","12":"instock","13":"shipping-taxable","14":"product-type-simple"},"_links":{"self":[{"href":"https:\/\/estarmachinery.com\/fr\/wp-json\/wp\/v2\/product\/677","targetHints":{"allow":["GET"]}}],"collection":[{"href":"https:\/\/estarmachinery.com\/fr\/wp-json\/wp\/v2\/product"}],"about":[{"href":"https:\/\/estarmachinery.com\/fr\/wp-json\/wp\/v2\/types\/product"}],"wp:featuredmedia":[{"embeddable":true,"href":"https:\/\/estarmachinery.com\/fr\/wp-json\/wp\/v2\/media\/684"}],"wp:attachment":[{"href":"https:\/\/estarmachinery.com\/fr\/wp-json\/wp\/v2\/media?parent=677"}],"wp:term":[{"taxonomy":"product_brand","embeddable":true,"href":"https:\/\/estarmachinery.com\/fr\/wp-json\/wp\/v2\/product_brand?post=677"},{"taxonomy":"product_cat","embeddable":true,"href":"https:\/\/estarmachinery.com\/fr\/wp-json\/wp\/v2\/product_cat?post=677"},{"taxonomy":"product_tag","embeddable":true,"href":"https:\/\/estarmachinery.com\/fr\/wp-json\/wp\/v2\/product_tag?post=677"}],"curies":[{"name":"wp","href":"https:\/\/api.w.org\/{rel}","templated":true}]}}