{"id":695,"date":"2023-06-19T01:38:53","date_gmt":"2023-06-19T01:38:53","guid":{"rendered":"https:\/\/estarmachinery.com\/?post_type=product&#038;p=695"},"modified":"2023-07-13T08:54:40","modified_gmt":"2023-07-13T08:54:40","slug":"es-yh958-high-speed-paper-creasing-machine","status":"publish","type":"product","link":"https:\/\/estarmachinery.com\/fr\/produit\/es-yh958-high-speed-paper-creasing-machine\/","title":{"rendered":"Machine de rainage de papier \u00e0 grande vitesse ES-YH958"},"content":{"rendered":"<p style=\"text-align: center;\"><strong><b>Machine de rainage de papier \u00e0 grande vitesse ES-YH958<\/b><\/strong><strong><b>\u00a0<\/b><\/strong><\/p>\n<p><img fetchpriority=\"high\" decoding=\"async\" class=\"alignnone size-full wp-image-699 aligncenter\" src=\"https:\/\/estarmachinery.com\/wp-content\/uploads\/2023\/06\/\u4e3b\u56fe1-4.jpg\" alt=\"High Speed Paper Creasing Machine\" width=\"800\" height=\"800\" srcset=\"https:\/\/estarmachinery.com\/wp-content\/uploads\/2023\/06\/\u4e3b\u56fe1-4.jpg 800w, https:\/\/estarmachinery.com\/wp-content\/uploads\/2023\/06\/\u4e3b\u56fe1-4-300x300.jpg 300w, https:\/\/estarmachinery.com\/wp-content\/uploads\/2023\/06\/\u4e3b\u56fe1-4-150x150.jpg 150w, https:\/\/estarmachinery.com\/wp-content\/uploads\/2023\/06\/\u4e3b\u56fe1-4-768x768.jpg 768w, https:\/\/estarmachinery.com\/wp-content\/uploads\/2023\/06\/\u4e3b\u56fe1-4-600x600.jpg 600w, https:\/\/estarmachinery.com\/wp-content\/uploads\/2023\/06\/\u4e3b\u56fe1-4-100x100.jpg 100w\" sizes=\"(max-width: 800px) 100vw, 800px\" \/><\/p>\n<p>Nous vous sommes tr\u00e8s reconnaissants de votre int\u00e9r\u00eat pour notre machine \u00e0 rainer le papier. Sur la base de nos conditions g\u00e9n\u00e9rales de vente, nous avons le plaisir de vous citer comme suit :<\/p>\n<table>\n<tbody>\n<tr>\n<td colspan=\"2\" width=\"1486\">Sp\u00e9cification:<\/td>\n<\/tr>\n<tr>\n<td width=\"579\">Mod\u00e8le<\/td>\n<td width=\"907\"><strong><b>ES-YH958<\/b><\/strong><\/td>\n<\/tr>\n<tr>\n<td width=\"579\">\u00c9paisseur du papier<\/td>\n<td width=\"907\">108 ~ 350 g (pli) 108 ~ 300 g (ligne pointill\u00e9e)<\/td>\n<\/tr>\n<tr>\n<td width=\"579\">Nombre de rainages par papier<\/td>\n<td width=\"907\">0~32 fois<\/td>\n<\/tr>\n<tr>\n<td width=\"579\">M\u00e9thode d&#039;affichage<\/td>\n<td width=\"907\">\u00e9cran tactile 7 pouces<\/td>\n<\/tr>\n<tr>\n<td width=\"579\">Quantit\u00e9 de papier(\u653e\u7eb8\u91cf\uff09<\/td>\n<td width=\"907\">100mm<\/td>\n<\/tr>\n<tr>\n<td width=\"579\">Longueur du papier<\/td>\n<td width=\"907\">150~900mm<\/td>\n<\/tr>\n<tr>\n<td width=\"579\">Alimentation papier<\/td>\n<td width=\"907\">Alimentation papier par aspiration sup\u00e9rieure<\/td>\n<\/tr>\n<tr>\n<td width=\"579\">Largeur du papier<\/td>\n<td width=\"907\">140~330mm<\/td>\n<\/tr>\n<tr>\n<td width=\"579\">Meuble bas mobile<\/td>\n<td width=\"907\">Oui<\/td>\n<\/tr>\n<tr>\n<td width=\"579\">Vitesse de pliage (une fois sur papier A4)<\/td>\n<td width=\"907\">8200 pi\u00e8ces\/heure<\/td>\n<\/tr>\n<tr>\n<td width=\"579\">Pouvoir<\/td>\n<td width=\"907\">220V\/50HZ ou 110V\/60HZ 600W<\/td>\n<\/tr>\n<tr>\n<td width=\"579\">Min.distance de rainage<\/td>\n<td width=\"907\">1mm<\/td>\n<\/tr>\n<tr>\n<td width=\"579\">Distance minimale entre le premier rainage et le haut du papier<\/td>\n<td width=\"907\">3mm<\/td>\n<\/tr>\n<tr>\n<td width=\"579\">Distance minimale entre le premier pli et le bas du papier<\/td>\n<td width=\"907\">3mm<\/td>\n<\/tr>\n<tr>\n<td width=\"579\">Pr\u00e9cision d&#039;indentation<\/td>\n<td width=\"907\">\u00b13 mm<\/td>\n<\/tr>\n<tr>\n<td width=\"579\">Dimension machine<\/td>\n<td width=\"907\">2040*560*1140mm<\/td>\n<\/tr>\n<tr>\n<td width=\"579\">Taille d&#039;emballage<\/td>\n<td width=\"907\">76*68*53cm<\/td>\n<\/tr>\n<tr>\n<td width=\"579\">GN\/GW<\/td>\n<td width=\"907\">120KGS\/140KGS<\/td>\n<\/tr>\n<\/tbody>\n<\/table>","protected":false},"excerpt":{"rendered":"<p>ES-YH958 High Speed Paper Creasing Machine\u00a0 We are highly thankful to you for your interested in our\u00a0paper creasing machine. On the basis of our general terms and conditions of sale, we have pleasure to quote you as followings: Specification: Model ES-YH958 Paper thickness 108~350g(creasing) 108~300g(dotted line) Numbers of creasing per every paper 0~32 times Display [&hellip;]<\/p>","protected":false},"featured_media":696,"template":"","meta":{"site-sidebar-layout":"default","site-content-layout":"default","ast-site-content-layout":"default","site-content-style":"default","site-sidebar-style":"default","ast-global-header-display":"","ast-banner-title-visibility":"","ast-main-header-display":"","ast-hfb-above-header-display":"","ast-hfb-below-header-display":"","ast-hfb-mobile-header-display":"","site-post-title":"","ast-breadcrumbs-content":"","ast-featured-img":"","footer-sml-layout":"","theme-transparent-header-meta":"default","adv-header-id-meta":"","stick-header-meta":"","header-above-stick-meta":"","header-main-stick-meta":"","header-below-stick-meta":"","astra-migrate-meta-layouts":"default","ast-page-background-enabled":"default","ast-page-background-meta":{"desktop":{"background-color":"","background-image":"","background-repeat":"repeat","background-position":"center center","background-size":"auto","background-attachment":"scroll","background-type":"","background-media":"","overlay-type":"","overlay-color":"","overlay-opacity":"","overlay-gradient":""},"tablet":{"background-color":"","background-image":"","background-repeat":"repeat","background-position":"center center","background-size":"auto","background-attachment":"scroll","background-type":"","background-media":"","overlay-type":"","overlay-color":"","overlay-opacity":"","overlay-gradient":""},"mobile":{"background-color":"","background-image":"","background-repeat":"repeat","background-position":"center center","background-size":"auto","background-attachment":"scroll","background-type":"","background-media":"","overlay-type":"","overlay-color":"","overlay-opacity":"","overlay-gradient":""}},"ast-content-background-meta":{"desktop":{"background-color":"var(--ast-global-color-5)","background-image":"","background-repeat":"repeat","background-position":"center center","background-size":"auto","background-attachment":"scroll","background-type":"","background-media":"","overlay-type":"","overlay-color":"","overlay-opacity":"","overlay-gradient":""},"tablet":{"background-color":"var(--ast-global-color-5)","background-image":"","background-repeat":"repeat","background-position":"center center","background-size":"auto","background-attachment":"scroll","background-type":"","background-media":"","overlay-type":"","overlay-color":"","overlay-opacity":"","overlay-gradient":""},"mobile":{"background-color":"var(--ast-global-color-5)","background-image":"","background-repeat":"repeat","background-position":"center center","background-size":"auto","background-attachment":"scroll","background-type":"","background-media":"","overlay-type":"","overlay-color":"","overlay-opacity":"","overlay-gradient":""}}},"product_brand":[],"product_cat":[53,60],"product_tag":[],"class_list":{"0":"post-695","1":"product","2":"type-product","3":"status-publish","4":"has-post-thumbnail","6":"product_cat-creasing-machine","7":"product_cat-hot-machine","8":"desktop-align-center","9":"tablet-align-left","10":"mobile-align-left","12":"first","13":"instock","14":"shipping-taxable","15":"product-type-simple"},"_links":{"self":[{"href":"https:\/\/estarmachinery.com\/fr\/wp-json\/wp\/v2\/product\/695","targetHints":{"allow":["GET"]}}],"collection":[{"href":"https:\/\/estarmachinery.com\/fr\/wp-json\/wp\/v2\/product"}],"about":[{"href":"https:\/\/estarmachinery.com\/fr\/wp-json\/wp\/v2\/types\/product"}],"wp:featuredmedia":[{"embeddable":true,"href":"https:\/\/estarmachinery.com\/fr\/wp-json\/wp\/v2\/media\/696"}],"wp:attachment":[{"href":"https:\/\/estarmachinery.com\/fr\/wp-json\/wp\/v2\/media?parent=695"}],"wp:term":[{"taxonomy":"product_brand","embeddable":true,"href":"https:\/\/estarmachinery.com\/fr\/wp-json\/wp\/v2\/product_brand?post=695"},{"taxonomy":"product_cat","embeddable":true,"href":"https:\/\/estarmachinery.com\/fr\/wp-json\/wp\/v2\/product_cat?post=695"},{"taxonomy":"product_tag","embeddable":true,"href":"https:\/\/estarmachinery.com\/fr\/wp-json\/wp\/v2\/product_tag?post=695"}],"curies":[{"name":"wp","href":"https:\/\/api.w.org\/{rel}","templated":true}]}}