{"id":702,"date":"2023-06-19T01:39:28","date_gmt":"2023-06-19T01:39:28","guid":{"rendered":"https:\/\/estarmachinery.com\/?post_type=product&#038;p=702"},"modified":"2023-07-06T07:20:27","modified_gmt":"2023-07-06T07:20:27","slug":"es-yh350-digital-paper-creasing-machine","status":"publish","type":"product","link":"https:\/\/estarmachinery.com\/fr\/produit\/es-yh350-digital-paper-creasing-machine\/","title":{"rendered":"Machine de rainage de papier num\u00e9rique ES-YH350"},"content":{"rendered":"<p style=\"text-align: center;\"><strong><b>Machine de rainage de papier num\u00e9rique ES-YH350<\/b><\/strong><strong><b>\u00a0<\/b><\/strong><\/p>\n<p><img fetchpriority=\"high\" decoding=\"async\" class=\"size-full wp-image-703 aligncenter\" src=\"https:\/\/estarmachinery.com\/wp-content\/uploads\/2023\/06\/\u56fe\u72471-2.png\" alt=\"ES-YH350 Digital Paper Creasing Machine \" width=\"563\" height=\"516\" srcset=\"https:\/\/estarmachinery.com\/wp-content\/uploads\/2023\/06\/\u56fe\u72471-2.png 563w, https:\/\/estarmachinery.com\/wp-content\/uploads\/2023\/06\/\u56fe\u72471-2-300x275.png 300w\" sizes=\"(max-width: 563px) 100vw, 563px\" \/><\/p>\n<p>Nous vous sommes tr\u00e8s reconnaissants de votre int\u00e9r\u00eat pour notre machine \u00e0 rainer le papier. Sur la base de nos conditions g\u00e9n\u00e9rales de vente, nous avons le plaisir de vous citer comme suit :<\/p>\n<table>\n<tbody>\n<tr>\n<td colspan=\"2\" width=\"1486\"><strong>Sp\u00e9cification:<\/strong><\/td>\n<\/tr>\n<tr>\n<td width=\"579\">Mod\u00e8le<\/td>\n<td width=\"907\"><strong><b>ES-YH350<\/b><\/strong><\/td>\n<\/tr>\n<tr>\n<td width=\"579\">M\u00e9thode de travail<\/td>\n<td width=\"907\">Pliage et ligne pointill\u00e9e<\/td>\n<\/tr>\n<tr>\n<td width=\"579\">\u00c9paisseur du papier<\/td>\n<td width=\"907\">60 ~ 450 g (pli) 60 ~ 300 g (ligne pointill\u00e9e)<\/td>\n<\/tr>\n<tr>\n<td width=\"579\">Nombre de rainages par papier<\/td>\n<td width=\"907\">0~32 fois<\/td>\n<\/tr>\n<tr>\n<td width=\"579\">Taille de papier<\/td>\n<td width=\"907\">50~90mm\u2014-340*900mm<\/td>\n<\/tr>\n<tr>\n<td width=\"579\">Vitesse de pliage (une fois sur papier A4)<\/td>\n<td width=\"907\">2400 pi\u00e8ces\/heure<\/td>\n<\/tr>\n<tr>\n<td width=\"579\">Pouvoir<\/td>\n<td width=\"907\">220V\/50HZ ou 110V\/60HZ<\/td>\n<\/tr>\n<tr>\n<td width=\"579\">Dimension machine<\/td>\n<td width=\"907\">1170*520*410mm<\/td>\n<\/tr>\n<tr>\n<td width=\"579\">Taille d&#039;emballage<\/td>\n<td width=\"907\">62*62*52cm<\/td>\n<\/tr>\n<tr>\n<td width=\"579\">GN\/GW<\/td>\n<td width=\"907\">42KGS\/46KGS<\/td>\n<\/tr>\n<tr>\n<td width=\"579\">Types de papier<\/td>\n<td width=\"907\">papier couch\u00e9, papier lamin\u00e9<\/td>\n<\/tr>\n<\/tbody>\n<\/table>","protected":false},"excerpt":{"rendered":"<p>ES-YH350 Digital Paper Creasing Machine\u00a0 We are highly thankful to you for your interested in our\u00a0paper creasing machine. On the basis of our general terms and conditions of sale, we have pleasure to quote you as followings: Specification: Model ES-YH350 Working Method Creasing and dotted line Paper thickness 60~450g(creasing) 60~300g(dotted line) Numbers of creasing per [&hellip;]<\/p>","protected":false},"featured_media":703,"template":"","meta":{"site-sidebar-layout":"default","site-content-layout":"default","ast-site-content-layout":"default","site-content-style":"default","site-sidebar-style":"default","ast-global-header-display":"","ast-banner-title-visibility":"","ast-main-header-display":"","ast-hfb-above-header-display":"","ast-hfb-below-header-display":"","ast-hfb-mobile-header-display":"","site-post-title":"","ast-breadcrumbs-content":"","ast-featured-img":"","footer-sml-layout":"","ast-disable-related-posts":"","theme-transparent-header-meta":"default","adv-header-id-meta":"","stick-header-meta":"","header-above-stick-meta":"","header-main-stick-meta":"","header-below-stick-meta":"","astra-migrate-meta-layouts":"default","ast-page-background-enabled":"default","ast-page-background-meta":{"desktop":{"background-color":"","background-image":"","background-repeat":"repeat","background-position":"center center","background-size":"auto","background-attachment":"scroll","background-type":"","background-media":"","overlay-type":"","overlay-color":"","overlay-opacity":"","overlay-gradient":""},"tablet":{"background-color":"","background-image":"","background-repeat":"repeat","background-position":"center center","background-size":"auto","background-attachment":"scroll","background-type":"","background-media":"","overlay-type":"","overlay-color":"","overlay-opacity":"","overlay-gradient":""},"mobile":{"background-color":"","background-image":"","background-repeat":"repeat","background-position":"center center","background-size":"auto","background-attachment":"scroll","background-type":"","background-media":"","overlay-type":"","overlay-color":"","overlay-opacity":"","overlay-gradient":""}},"ast-content-background-meta":{"desktop":{"background-color":"var(--ast-global-color-5)","background-image":"","background-repeat":"repeat","background-position":"center center","background-size":"auto","background-attachment":"scroll","background-type":"","background-media":"","overlay-type":"","overlay-color":"","overlay-opacity":"","overlay-gradient":""},"tablet":{"background-color":"var(--ast-global-color-5)","background-image":"","background-repeat":"repeat","background-position":"center center","background-size":"auto","background-attachment":"scroll","background-type":"","background-media":"","overlay-type":"","overlay-color":"","overlay-opacity":"","overlay-gradient":""},"mobile":{"background-color":"var(--ast-global-color-5)","background-image":"","background-repeat":"repeat","background-position":"center center","background-size":"auto","background-attachment":"scroll","background-type":"","background-media":"","overlay-type":"","overlay-color":"","overlay-opacity":"","overlay-gradient":""}}},"product_brand":[],"product_cat":[53],"product_tag":[],"class_list":{"0":"post-702","1":"product","2":"type-product","3":"status-publish","4":"has-post-thumbnail","6":"product_cat-creasing-machine","7":"desktop-align-center","8":"tablet-align-left","9":"mobile-align-left","11":"first","12":"instock","13":"shipping-taxable","14":"product-type-simple"},"_links":{"self":[{"href":"https:\/\/estarmachinery.com\/fr\/wp-json\/wp\/v2\/product\/702","targetHints":{"allow":["GET"]}}],"collection":[{"href":"https:\/\/estarmachinery.com\/fr\/wp-json\/wp\/v2\/product"}],"about":[{"href":"https:\/\/estarmachinery.com\/fr\/wp-json\/wp\/v2\/types\/product"}],"wp:featuredmedia":[{"embeddable":true,"href":"https:\/\/estarmachinery.com\/fr\/wp-json\/wp\/v2\/media\/703"}],"wp:attachment":[{"href":"https:\/\/estarmachinery.com\/fr\/wp-json\/wp\/v2\/media?parent=702"}],"wp:term":[{"taxonomy":"product_brand","embeddable":true,"href":"https:\/\/estarmachinery.com\/fr\/wp-json\/wp\/v2\/product_brand?post=702"},{"taxonomy":"product_cat","embeddable":true,"href":"https:\/\/estarmachinery.com\/fr\/wp-json\/wp\/v2\/product_cat?post=702"},{"taxonomy":"product_tag","embeddable":true,"href":"https:\/\/estarmachinery.com\/fr\/wp-json\/wp\/v2\/product_tag?post=702"}],"curies":[{"name":"wp","href":"https:\/\/api.w.org\/{rel}","templated":true}]}}