{"id":712,"date":"2023-06-19T01:53:40","date_gmt":"2023-06-19T01:53:40","guid":{"rendered":"https:\/\/estarmachinery.com\/?post_type=product&#038;p=712"},"modified":"2023-07-06T07:13:17","modified_gmt":"2023-07-06T07:13:17","slug":"auto-drawing-folding-machine","status":"publish","type":"product","link":"https:\/\/estarmachinery.com\/fr\/produit\/auto-drawing-folding-machine\/","title":{"rendered":"Machine de pliage de dessin automatique"},"content":{"rendered":"<p style=\"text-align: center;\"><strong><b>Machine de pliage de dessin automatique<\/b><\/strong><\/p>\n<p><img fetchpriority=\"high\" decoding=\"async\" class=\"size-full wp-image-716 aligncenter\" src=\"https:\/\/estarmachinery.com\/wp-content\/uploads\/2023\/06\/\u4e3b\u56fe6-3.jpg\" alt=\"Auto Drawing Folding Machine\" width=\"800\" height=\"800\" srcset=\"https:\/\/estarmachinery.com\/wp-content\/uploads\/2023\/06\/\u4e3b\u56fe6-3.jpg 800w, https:\/\/estarmachinery.com\/wp-content\/uploads\/2023\/06\/\u4e3b\u56fe6-3-300x300.jpg 300w, https:\/\/estarmachinery.com\/wp-content\/uploads\/2023\/06\/\u4e3b\u56fe6-3-150x150.jpg 150w, https:\/\/estarmachinery.com\/wp-content\/uploads\/2023\/06\/\u4e3b\u56fe6-3-768x768.jpg 768w, https:\/\/estarmachinery.com\/wp-content\/uploads\/2023\/06\/\u4e3b\u56fe6-3-600x600.jpg 600w, https:\/\/estarmachinery.com\/wp-content\/uploads\/2023\/06\/\u4e3b\u56fe6-3-100x100.jpg 100w\" sizes=\"(max-width: 800px) 100vw, 800px\" \/><\/p>\n<p>Nous vous sommes tr\u00e8s reconnaissants de votre int\u00e9r\u00eat pour notre machine \u00e0 dessiner automatique. Sur la base de nos conditions g\u00e9n\u00e9rales de vente, nous avons le plaisir de vous citer comme suit :<\/p>\n<table>\n<tbody>\n<tr>\n<td colspan=\"2\" width=\"1486\"><strong>Sp\u00e9cification:<\/strong><\/td>\n<\/tr>\n<tr>\n<td width=\"559\">Mod\u00e8le<\/td>\n<td width=\"926\"><strong><b>ES-A0<\/b><\/strong><\/td>\n<\/tr>\n<tr>\n<td width=\"559\">Panneau de commande<\/td>\n<td width=\"926\">Contr\u00f4le d&#039;\u00e9cran tactile industriel de haute pr\u00e9cision<\/td>\n<\/tr>\n<tr>\n<td width=\"559\">Vitesse de pliage<\/td>\n<td width=\"926\">26m\/min, r\u00e9glable<\/td>\n<\/tr>\n<tr>\n<td width=\"559\">Largeur de pliage max.<\/td>\n<td width=\"926\">Dessin au format A0<\/td>\n<\/tr>\n<tr>\n<td width=\"559\">Longueur de pliage max.<\/td>\n<td width=\"926\">Max.3.5meter (Longueur illimit\u00e9e uniquement lorsqu&#039;il est pli\u00e9 horizontalement)<\/td>\n<\/tr>\n<tr>\n<td width=\"559\">\u00c9paisseur du papier<\/td>\n<td width=\"926\">60~90gsm<\/td>\n<\/tr>\n<tr>\n<td width=\"559\">Type de papier<\/td>\n<td width=\"926\">Papier de copie d&#039;ing\u00e9nierie, papier de plan, dessin standard, papier de couche, papier de dessin de couleur<\/td>\n<\/tr>\n<tr>\n<td width=\"559\">Source de courant<\/td>\n<td width=\"926\">AC220V\u00b110, 50\/60hz<\/td>\n<\/tr>\n<tr>\n<td width=\"559\">Pouvoir<\/td>\n<td width=\"926\">2500W<\/td>\n<\/tr>\n<tr>\n<td width=\"559\">Temp\u00e9rature de fonctionnement<\/td>\n<td width=\"926\">5-38\u2103<\/td>\n<\/tr>\n<tr>\n<td width=\"559\">Dimensions<\/td>\n<td width=\"926\">1145*1180*1060mm<\/td>\n<\/tr>\n<tr>\n<td width=\"559\">Lester<\/td>\n<td width=\"926\">330kg<\/td>\n<\/tr>\n<\/tbody>\n<\/table>","protected":false},"excerpt":{"rendered":"<p>Auto Drawing Folding Machine We are highly thankful to you for your interested in our\u00a0auto drawing machine. On the basis of our general terms and conditions of sale, we have pleasure to quote you as followings: Specification: Model ES-A0 Operation panel High precision industrial touch screen control Folding speed 26m\/min, adjustable Max.folding width A0 size [&hellip;]<\/p>","protected":false},"featured_media":715,"template":"","meta":{"site-sidebar-layout":"default","site-content-layout":"default","ast-site-content-layout":"default","site-content-style":"default","site-sidebar-style":"default","ast-global-header-display":"","ast-banner-title-visibility":"","ast-main-header-display":"","ast-hfb-above-header-display":"","ast-hfb-below-header-display":"","ast-hfb-mobile-header-display":"","site-post-title":"","ast-breadcrumbs-content":"","ast-featured-img":"","footer-sml-layout":"","theme-transparent-header-meta":"default","adv-header-id-meta":"","stick-header-meta":"","header-above-stick-meta":"","header-main-stick-meta":"","header-below-stick-meta":"","astra-migrate-meta-layouts":"default","ast-page-background-enabled":"default","ast-page-background-meta":{"desktop":{"background-color":"","background-image":"","background-repeat":"repeat","background-position":"center center","background-size":"auto","background-attachment":"scroll","background-type":"","background-media":"","overlay-type":"","overlay-color":"","overlay-opacity":"","overlay-gradient":""},"tablet":{"background-color":"","background-image":"","background-repeat":"repeat","background-position":"center center","background-size":"auto","background-attachment":"scroll","background-type":"","background-media":"","overlay-type":"","overlay-color":"","overlay-opacity":"","overlay-gradient":""},"mobile":{"background-color":"","background-image":"","background-repeat":"repeat","background-position":"center center","background-size":"auto","background-attachment":"scroll","background-type":"","background-media":"","overlay-type":"","overlay-color":"","overlay-opacity":"","overlay-gradient":""}},"ast-content-background-meta":{"desktop":{"background-color":"var(--ast-global-color-5)","background-image":"","background-repeat":"repeat","background-position":"center center","background-size":"auto","background-attachment":"scroll","background-type":"","background-media":"","overlay-type":"","overlay-color":"","overlay-opacity":"","overlay-gradient":""},"tablet":{"background-color":"var(--ast-global-color-5)","background-image":"","background-repeat":"repeat","background-position":"center center","background-size":"auto","background-attachment":"scroll","background-type":"","background-media":"","overlay-type":"","overlay-color":"","overlay-opacity":"","overlay-gradient":""},"mobile":{"background-color":"var(--ast-global-color-5)","background-image":"","background-repeat":"repeat","background-position":"center center","background-size":"auto","background-attachment":"scroll","background-type":"","background-media":"","overlay-type":"","overlay-color":"","overlay-opacity":"","overlay-gradient":""}}},"product_brand":[],"product_cat":[47],"product_tag":[],"class_list":{"0":"post-712","1":"product","2":"type-product","3":"status-publish","4":"has-post-thumbnail","6":"product_cat-folding-machine","7":"desktop-align-center","8":"tablet-align-left","9":"mobile-align-left","11":"first","12":"instock","13":"shipping-taxable","14":"product-type-simple"},"_links":{"self":[{"href":"https:\/\/estarmachinery.com\/fr\/wp-json\/wp\/v2\/product\/712","targetHints":{"allow":["GET"]}}],"collection":[{"href":"https:\/\/estarmachinery.com\/fr\/wp-json\/wp\/v2\/product"}],"about":[{"href":"https:\/\/estarmachinery.com\/fr\/wp-json\/wp\/v2\/types\/product"}],"wp:featuredmedia":[{"embeddable":true,"href":"https:\/\/estarmachinery.com\/fr\/wp-json\/wp\/v2\/media\/715"}],"wp:attachment":[{"href":"https:\/\/estarmachinery.com\/fr\/wp-json\/wp\/v2\/media?parent=712"}],"wp:term":[{"taxonomy":"product_brand","embeddable":true,"href":"https:\/\/estarmachinery.com\/fr\/wp-json\/wp\/v2\/product_brand?post=712"},{"taxonomy":"product_cat","embeddable":true,"href":"https:\/\/estarmachinery.com\/fr\/wp-json\/wp\/v2\/product_cat?post=712"},{"taxonomy":"product_tag","embeddable":true,"href":"https:\/\/estarmachinery.com\/fr\/wp-json\/wp\/v2\/product_tag?post=712"}],"curies":[{"name":"wp","href":"https:\/\/api.w.org\/{rel}","templated":true}]}}