{"id":733,"date":"2023-06-19T02:13:28","date_gmt":"2023-06-19T02:13:28","guid":{"rendered":"https:\/\/estarmachinery.com\/?post_type=product&#038;p=733"},"modified":"2023-07-06T07:10:41","modified_gmt":"2023-07-06T07:10:41","slug":"6-trays-10-trays-12-trays-digital-paper-collator-machine","status":"publish","type":"product","link":"https:\/\/estarmachinery.com\/fr\/produit\/6-trays-10-trays-12-trays-digital-paper-collator-machine\/","title":{"rendered":"6 plateaux\/10 plateaux\/12 plateaux Assembleuse de papier num\u00e9rique"},"content":{"rendered":"<p style=\"text-align: center;\"><strong><b>6 plateaux\/10 plateaux\/12 plateaux <\/b><\/strong><strong><b>Machine d&#039;assemblage de papier num\u00e9rique<\/b><\/strong><\/p>\n<p><img fetchpriority=\"high\" decoding=\"async\" class=\"size-full wp-image-738 aligncenter\" src=\"https:\/\/estarmachinery.com\/wp-content\/uploads\/2023\/06\/\u5fae\u4fe1\u622a\u56fe_20230619101142.png\" alt=\"6 trays\/10 trays\/12 trays Digital Paper Collator Machine \" width=\"776\" height=\"399\" srcset=\"https:\/\/estarmachinery.com\/wp-content\/uploads\/2023\/06\/\u5fae\u4fe1\u622a\u56fe_20230619101142.png 776w, https:\/\/estarmachinery.com\/wp-content\/uploads\/2023\/06\/\u5fae\u4fe1\u622a\u56fe_20230619101142-300x154.png 300w, https:\/\/estarmachinery.com\/wp-content\/uploads\/2023\/06\/\u5fae\u4fe1\u622a\u56fe_20230619101142-768x395.png 768w, https:\/\/estarmachinery.com\/wp-content\/uploads\/2023\/06\/\u5fae\u4fe1\u622a\u56fe_20230619101142-600x309.png 600w\" sizes=\"(max-width: 776px) 100vw, 776px\" \/><\/p>\n<table>\n<tbody>\n<tr>\n<td width=\"229\">Mod\u00e8le<\/td>\n<td width=\"415\">ES-P6<\/td>\n<td width=\"434\">ES-P10<\/td>\n<td width=\"431\">ES-P12<\/td>\n<\/tr>\n<tr>\n<td width=\"229\">Gare<\/td>\n<td width=\"415\">6<\/td>\n<td width=\"434\">10<\/td>\n<td width=\"431\">12<\/td>\n<\/tr>\n<tr>\n<td width=\"229\">Vitesse<\/td>\n<td width=\"415\">2800 feuilles\/heure (papier au format A4)<\/p>\n<p>2200 feuilles\/heure (papier au format A3)<\/td>\n<td width=\"434\">3000 feuilles\/heure (papier au format A4)<\/p>\n<p>2500 feuilles\/heure (papier au format A3)<\/td>\n<td width=\"431\">3800 feuilles\/heure (papier au format A4)<\/p>\n<p>3000 feuilles\/heure (papier au format A3)<\/td>\n<\/tr>\n<tr>\n<td width=\"229\">Taille de papier<\/td>\n<td colspan=\"3\" width=\"1282\">A3-A5<\/td>\n<\/tr>\n<tr>\n<td width=\"229\">Qualit\u00e9 du papier<\/td>\n<td colspan=\"3\" width=\"1282\">40-210g\/m\u00b2 (la premi\u00e8re feuille et la derni\u00e8re feuille)<\/p>\n<p>55 \u2013 120 g\/m\u00b2 (les feuilles du milieu)<\/td>\n<\/tr>\n<tr>\n<td width=\"229\">Capacit\u00e9 de la gare<\/td>\n<td colspan=\"3\" width=\"1282\">250 feuilles<\/td>\n<\/tr>\n<tr>\n<td width=\"229\">Capacit\u00e9 d&#039;empilage<\/td>\n<td colspan=\"3\" width=\"1282\">600 feuilles<\/td>\n<\/tr>\n<tr>\n<td width=\"229\">Dispositif d&#039;empilage<\/td>\n<td colspan=\"3\" width=\"1282\">assemblage crois\u00e9<\/td>\n<\/tr>\n<tr>\n<td width=\"229\">Affichage d&#039;erreur<\/td>\n<td colspan=\"3\" width=\"1282\">Double alimentation papier, bourrage papier, papier \u00e9puis\u00e9, pas de papier, bac de sortie plein, manque d&#039;alimentation papier, porte arri\u00e8re ouverte.<\/td>\n<\/tr>\n<tr>\n<td width=\"229\">Pouvoir<\/td>\n<td colspan=\"3\" width=\"1282\">AC220V 180W<\/td>\n<\/tr>\n<tr>\n<td width=\"229\">Poids net<\/td>\n<td width=\"415\">environ 63 kg<\/td>\n<td width=\"434\">73 kg<\/td>\n<td width=\"431\">90 kg<\/td>\n<\/tr>\n<tr>\n<td width=\"229\">Poids brut<\/td>\n<td width=\"415\">environ 78 kg<\/td>\n<td width=\"434\">93 kg<\/td>\n<td width=\"431\">110 kg<\/td>\n<\/tr>\n<tr>\n<td width=\"229\">Volume<\/td>\n<td colspan=\"3\" width=\"1282\">\u00a0\u00a0900*710*970mm(XH-C6) 1270*710*970mm(XH-C10) 1300*710*970mm(XH-C12)<\/td>\n<\/tr>\n<tr>\n<td colspan=\"4\" width=\"1512\"><strong>PERFORMANCES ET CARACT\u00c9RISTIQUES <\/strong><\/p>\n<p>Le nombre pr\u00e9d\u00e9fini de copies est disponible.<\/p>\n<p>Affichage d&#039;arr\u00eat automatique en cas d&#039;erreur, telle qu&#039;une double alimentation de feuilles, un bourrage papier, un manque de papier, un bac \u00e0 papier plein, etc.<\/p>\n<p>Fourni deux modes d&#039;empilement\u00a0: mode d&#039;empilement crois\u00e9, mode d&#039;empilement droit<\/p>\n<p><strong>INTERFACE UNIQUE<\/strong><\/p>\n<p>L&#039;assembleuse de papier num\u00e9rique XSHEEN est \u00e9quip\u00e9e d&#039;un \u00e9cran \u00e0 cristaux liquides doux au toucher, facile et simple \u00e0 utiliser<\/p>\n<p><strong>MODE DE COMPTAGE FLEXIBLE <\/strong><\/p>\n<p>L&#039;assembleuse de papier num\u00e9rique XSHEEN propose deux modes de comptage\u00a0:<\/p>\n<p>Mode compte \u00e0 rebours et mode compte \u00e0 rebours<\/p>\n<p>Mode compte \u00e0 rebours\u00a0: d\u00e9finissez le nombre d&#039;assemblages souhait\u00e9 avant le d\u00e9marrage. La machine \u00e0 assembler compte \u00e0 rebours. La machine s&#039;arr\u00eate automatiquement lorsque le nombre passe \u00e0 z\u00e9ro.<\/p>\n<p>Mode de comptage en avant\u00a0: la machine \u00e0 assembler compte en avant toutes les feuilles imprim\u00e9es sont compl\u00e8tement assembl\u00e9es.<\/td>\n<\/tr>\n<\/tbody>\n<\/table>","protected":false},"excerpt":{"rendered":"<p>6 trays\/10 trays\/12 trays Digital Paper Collator Machine Model ES-P6 ES-P10 ES-P12 Station 6 10 12 Speed 2800shets\/hour\u00a0(A4\u00a0size paper) 2200sheets\/hour (A3 size paper) 3000shets\/hour\u00a0(A4\u00a0size paper) 2500sheets\/hour (A3 size paper) 3800shets\/hour\u00a0(A4\u00a0size paper) 3000sheets\/hour (A3 size paper) Paper size A3-A5 Paper\u00a0quality 40-210g\/m\u00b2 \uff08the first sheet and the last sheet \uff09 55 \u2013 120 gsm ( the middle [&hellip;]<\/p>","protected":false},"featured_media":736,"template":"","meta":{"site-sidebar-layout":"default","site-content-layout":"default","ast-site-content-layout":"default","site-content-style":"default","site-sidebar-style":"default","ast-global-header-display":"","ast-banner-title-visibility":"","ast-main-header-display":"","ast-hfb-above-header-display":"","ast-hfb-below-header-display":"","ast-hfb-mobile-header-display":"","site-post-title":"","ast-breadcrumbs-content":"","ast-featured-img":"","footer-sml-layout":"","ast-disable-related-posts":"","theme-transparent-header-meta":"default","adv-header-id-meta":"","stick-header-meta":"","header-above-stick-meta":"","header-main-stick-meta":"","header-below-stick-meta":"","astra-migrate-meta-layouts":"default","ast-page-background-enabled":"default","ast-page-background-meta":{"desktop":{"background-color":"","background-image":"","background-repeat":"repeat","background-position":"center center","background-size":"auto","background-attachment":"scroll","background-type":"","background-media":"","overlay-type":"","overlay-color":"","overlay-opacity":"","overlay-gradient":""},"tablet":{"background-color":"","background-image":"","background-repeat":"repeat","background-position":"center center","background-size":"auto","background-attachment":"scroll","background-type":"","background-media":"","overlay-type":"","overlay-color":"","overlay-opacity":"","overlay-gradient":""},"mobile":{"background-color":"","background-image":"","background-repeat":"repeat","background-position":"center center","background-size":"auto","background-attachment":"scroll","background-type":"","background-media":"","overlay-type":"","overlay-color":"","overlay-opacity":"","overlay-gradient":""}},"ast-content-background-meta":{"desktop":{"background-color":"var(--ast-global-color-5)","background-image":"","background-repeat":"repeat","background-position":"center center","background-size":"auto","background-attachment":"scroll","background-type":"","background-media":"","overlay-type":"","overlay-color":"","overlay-opacity":"","overlay-gradient":""},"tablet":{"background-color":"var(--ast-global-color-5)","background-image":"","background-repeat":"repeat","background-position":"center center","background-size":"auto","background-attachment":"scroll","background-type":"","background-media":"","overlay-type":"","overlay-color":"","overlay-opacity":"","overlay-gradient":""},"mobile":{"background-color":"var(--ast-global-color-5)","background-image":"","background-repeat":"repeat","background-position":"center center","background-size":"auto","background-attachment":"scroll","background-type":"","background-media":"","overlay-type":"","overlay-color":"","overlay-opacity":"","overlay-gradient":""}}},"product_brand":[],"product_cat":[46],"product_tag":[],"class_list":{"0":"post-733","1":"product","2":"type-product","3":"status-publish","4":"has-post-thumbnail","6":"product_cat-paper-collator","7":"desktop-align-center","8":"tablet-align-left","9":"mobile-align-left","11":"first","12":"instock","13":"shipping-taxable","14":"product-type-simple"},"_links":{"self":[{"href":"https:\/\/estarmachinery.com\/fr\/wp-json\/wp\/v2\/product\/733","targetHints":{"allow":["GET"]}}],"collection":[{"href":"https:\/\/estarmachinery.com\/fr\/wp-json\/wp\/v2\/product"}],"about":[{"href":"https:\/\/estarmachinery.com\/fr\/wp-json\/wp\/v2\/types\/product"}],"wp:featuredmedia":[{"embeddable":true,"href":"https:\/\/estarmachinery.com\/fr\/wp-json\/wp\/v2\/media\/736"}],"wp:attachment":[{"href":"https:\/\/estarmachinery.com\/fr\/wp-json\/wp\/v2\/media?parent=733"}],"wp:term":[{"taxonomy":"product_brand","embeddable":true,"href":"https:\/\/estarmachinery.com\/fr\/wp-json\/wp\/v2\/product_brand?post=733"},{"taxonomy":"product_cat","embeddable":true,"href":"https:\/\/estarmachinery.com\/fr\/wp-json\/wp\/v2\/product_cat?post=733"},{"taxonomy":"product_tag","embeddable":true,"href":"https:\/\/estarmachinery.com\/fr\/wp-json\/wp\/v2\/product_tag?post=733"}],"curies":[{"name":"wp","href":"https:\/\/api.w.org\/{rel}","templated":true}]}}