{"id":739,"date":"2023-06-19T02:16:07","date_gmt":"2023-06-19T02:16:07","guid":{"rendered":"https:\/\/estarmachinery.com\/?post_type=product&#038;p=739"},"modified":"2023-07-13T08:55:36","modified_gmt":"2023-07-13T08:55:36","slug":"digital-paper-collator-machine","status":"publish","type":"product","link":"https:\/\/estarmachinery.com\/fr\/produit\/digital-paper-collator-machine\/","title":{"rendered":"Machine d&#039;assemblage de papier num\u00e9rique"},"content":{"rendered":"<p style=\"text-align: center;\"><strong><b>Machine d&#039;assemblage de papier num\u00e9rique<\/b><\/strong><\/p>\n<p><img fetchpriority=\"high\" decoding=\"async\" class=\"size-full wp-image-742 aligncenter\" src=\"https:\/\/estarmachinery.com\/wp-content\/uploads\/2023\/06\/e9dc6efbbb44751d22fbe67b9d81593.jpg\" alt=\"Digital Paper Collator Machine\" width=\"800\" height=\"800\" srcset=\"https:\/\/estarmachinery.com\/wp-content\/uploads\/2023\/06\/e9dc6efbbb44751d22fbe67b9d81593.jpg 800w, https:\/\/estarmachinery.com\/wp-content\/uploads\/2023\/06\/e9dc6efbbb44751d22fbe67b9d81593-300x300.jpg 300w, https:\/\/estarmachinery.com\/wp-content\/uploads\/2023\/06\/e9dc6efbbb44751d22fbe67b9d81593-150x150.jpg 150w, https:\/\/estarmachinery.com\/wp-content\/uploads\/2023\/06\/e9dc6efbbb44751d22fbe67b9d81593-768x768.jpg 768w, https:\/\/estarmachinery.com\/wp-content\/uploads\/2023\/06\/e9dc6efbbb44751d22fbe67b9d81593-600x600.jpg 600w, https:\/\/estarmachinery.com\/wp-content\/uploads\/2023\/06\/e9dc6efbbb44751d22fbe67b9d81593-100x100.jpg 100w\" sizes=\"(max-width: 800px) 100vw, 800px\" \/><\/p>\n<table>\n<tbody>\n<tr>\n<td width=\"329\">Mod\u00e8le<\/td>\n<td width=\"376\">ES-P4-440<\/td>\n<td width=\"301\">ES-P6-560<\/td>\n<td colspan=\"2\" width=\"478\">ES-P14-650<\/td>\n<\/tr>\n<tr>\n<td width=\"329\">Max. taille de papier<\/td>\n<td width=\"376\">440*300mm<\/td>\n<td width=\"301\">560*400mm<\/td>\n<td colspan=\"2\" width=\"478\">650*450mm<\/td>\n<\/tr>\n<tr>\n<td colspan=\"5\" width=\"1486\">PS : la partie couture est facultative, le co\u00fbt est de 6 000 USD pour une partie couture suppl\u00e9mentaire.<\/td>\n<\/tr>\n<tr>\n<td width=\"329\">Min. taille de papier<\/td>\n<td colspan=\"4\" width=\"1156\">297*210mm<\/td>\n<\/tr>\n<tr>\n<td width=\"329\">\u00c9paisseur du papier<\/td>\n<td colspan=\"4\" width=\"1156\">30-1000GSM<\/td>\n<\/tr>\n<tr>\n<td width=\"329\">Hauteur de chargement max.<\/td>\n<td colspan=\"4\" width=\"1156\">450mm<\/td>\n<\/tr>\n<tr>\n<td width=\"329\">Max. vitesse<\/td>\n<td colspan=\"4\" width=\"1156\">2000 feuilles\/heure<\/td>\n<\/tr>\n<tr>\n<td width=\"329\">Pouvoir<\/td>\n<td width=\"376\">380V 50Hz 5.5kw<\/td>\n<td colspan=\"2\" width=\"348\">380V 50Hz 6.8kw<\/td>\n<td width=\"430\">380V 50Hz 10kw<\/td>\n<\/tr>\n<tr>\n<td width=\"329\">Dimensions<\/td>\n<td width=\"376\">3200x1700x1300mm<\/td>\n<td colspan=\"2\" width=\"348\">3800x1400x1300mm<\/td>\n<td width=\"430\">8500x1900x1400mm<\/td>\n<\/tr>\n<tr>\n<td width=\"329\">Lester<\/td>\n<td width=\"376\">800 kg<\/td>\n<td colspan=\"2\" width=\"348\">1000kg<\/td>\n<td width=\"430\">1700kg<\/td>\n<\/tr>\n<tr>\n<td colspan=\"5\" width=\"1486\"><strong>Caract\u00e9ristiques des machines :<\/strong><\/p>\n<p>1.La machine a une structure compacte, un faible encombrement. Il peut \u00eatre personnalis\u00e9 pour assembler plus de pages sans affecter la vitesse d&#039;assemblage.<\/p>\n<p>2. Contr\u00f4le avanc\u00e9 de l&#039;\u00e9cran tactile PLC<\/p>\n<p>3. Alimentation du papier dans le sens vertical et transport du papier dans le sens horizontal par un dispositif de transport \u00e0 courroie synchrone pr\u00e9cis. Le papier est collect\u00e9 par vibration pour assurer l&#039;ordre des pages finales assembl\u00e9es.<\/p>\n<p>4. \u00c9quip\u00e9 d&#039;un dispositif de d\u00e9tection de papier tr\u00e8s avanc\u00e9 tel que la page manquante soit automatiquement remplie, d&#039;un dispositif d&#039;alarme \u00e0 double feuille, etc.<\/p>\n<p>5. La partie de couture de livre ou la partie de couture de livre est facultative.<\/td>\n<\/tr>\n<\/tbody>\n<\/table>","protected":false},"excerpt":{"rendered":"<p>Digital Paper Collator Machine Model ES-P4-440 ES-P6-560 ES-P14-650 Max. paper size 440*300mm 560*400mm 650*450mm PS: The sewing part is optional, the cost is USD6000 for extra sewing part Min. paper size 297*210mm Paper thickness 30-1000GSM Max .loading height 450mm Max. speed 2000 sheets\/hour Power 380V 50Hz 5.5kw 380V 50Hz 6.8kw 380V 50Hz 10kw Dimensions 3200x1700x1300mm [&hellip;]<\/p>","protected":false},"featured_media":740,"template":"","meta":{"site-sidebar-layout":"default","site-content-layout":"default","ast-site-content-layout":"default","site-content-style":"default","site-sidebar-style":"default","ast-global-header-display":"","ast-banner-title-visibility":"","ast-main-header-display":"","ast-hfb-above-header-display":"","ast-hfb-below-header-display":"","ast-hfb-mobile-header-display":"","site-post-title":"","ast-breadcrumbs-content":"","ast-featured-img":"","footer-sml-layout":"","ast-disable-related-posts":"","theme-transparent-header-meta":"default","adv-header-id-meta":"","stick-header-meta":"","header-above-stick-meta":"","header-main-stick-meta":"","header-below-stick-meta":"","astra-migrate-meta-layouts":"default","ast-page-background-enabled":"default","ast-page-background-meta":{"desktop":{"background-color":"","background-image":"","background-repeat":"repeat","background-position":"center center","background-size":"auto","background-attachment":"scroll","background-type":"","background-media":"","overlay-type":"","overlay-color":"","overlay-opacity":"","overlay-gradient":""},"tablet":{"background-color":"","background-image":"","background-repeat":"repeat","background-position":"center center","background-size":"auto","background-attachment":"scroll","background-type":"","background-media":"","overlay-type":"","overlay-color":"","overlay-opacity":"","overlay-gradient":""},"mobile":{"background-color":"","background-image":"","background-repeat":"repeat","background-position":"center center","background-size":"auto","background-attachment":"scroll","background-type":"","background-media":"","overlay-type":"","overlay-color":"","overlay-opacity":"","overlay-gradient":""}},"ast-content-background-meta":{"desktop":{"background-color":"var(--ast-global-color-5)","background-image":"","background-repeat":"repeat","background-position":"center center","background-size":"auto","background-attachment":"scroll","background-type":"","background-media":"","overlay-type":"","overlay-color":"","overlay-opacity":"","overlay-gradient":""},"tablet":{"background-color":"var(--ast-global-color-5)","background-image":"","background-repeat":"repeat","background-position":"center center","background-size":"auto","background-attachment":"scroll","background-type":"","background-media":"","overlay-type":"","overlay-color":"","overlay-opacity":"","overlay-gradient":""},"mobile":{"background-color":"var(--ast-global-color-5)","background-image":"","background-repeat":"repeat","background-position":"center center","background-size":"auto","background-attachment":"scroll","background-type":"","background-media":"","overlay-type":"","overlay-color":"","overlay-opacity":"","overlay-gradient":""}}},"product_brand":[],"product_cat":[60,46],"product_tag":[],"class_list":{"0":"post-739","1":"product","2":"type-product","3":"status-publish","4":"has-post-thumbnail","6":"product_cat-hot-machine","7":"product_cat-paper-collator","8":"desktop-align-center","9":"tablet-align-left","10":"mobile-align-left","12":"first","13":"instock","14":"shipping-taxable","15":"product-type-simple"},"_links":{"self":[{"href":"https:\/\/estarmachinery.com\/fr\/wp-json\/wp\/v2\/product\/739","targetHints":{"allow":["GET"]}}],"collection":[{"href":"https:\/\/estarmachinery.com\/fr\/wp-json\/wp\/v2\/product"}],"about":[{"href":"https:\/\/estarmachinery.com\/fr\/wp-json\/wp\/v2\/types\/product"}],"wp:featuredmedia":[{"embeddable":true,"href":"https:\/\/estarmachinery.com\/fr\/wp-json\/wp\/v2\/media\/740"}],"wp:attachment":[{"href":"https:\/\/estarmachinery.com\/fr\/wp-json\/wp\/v2\/media?parent=739"}],"wp:term":[{"taxonomy":"product_brand","embeddable":true,"href":"https:\/\/estarmachinery.com\/fr\/wp-json\/wp\/v2\/product_brand?post=739"},{"taxonomy":"product_cat","embeddable":true,"href":"https:\/\/estarmachinery.com\/fr\/wp-json\/wp\/v2\/product_cat?post=739"},{"taxonomy":"product_tag","embeddable":true,"href":"https:\/\/estarmachinery.com\/fr\/wp-json\/wp\/v2\/product_tag?post=739"}],"curies":[{"name":"wp","href":"https:\/\/api.w.org\/{rel}","templated":true}]}}