{"id":765,"date":"2023-06-19T02:39:29","date_gmt":"2023-06-19T02:39:29","guid":{"rendered":"https:\/\/estarmachinery.com\/?post_type=product&#038;p=765"},"modified":"2023-07-13T08:56:45","modified_gmt":"2023-07-13T08:56:45","slug":"electric-paper-cutter-size-460mm","status":"publish","type":"product","link":"https:\/\/estarmachinery.com\/fr\/produit\/electric-paper-cutter-size-460mm\/","title":{"rendered":"Taille du coupe-papier \u00e9lectrique\u00a0: 460\u00a0mm"},"content":{"rendered":"<p style=\"text-align: center;\"><strong>Taille du coupe-papier \u00e9lectrique\u00a0: 460\u00a0mm<\/strong><\/p>\n<p><img fetchpriority=\"high\" decoding=\"async\" class=\"alignnone size-large wp-image-769\" src=\"https:\/\/estarmachinery.com\/wp-content\/uploads\/2023\/06\/1-1024x480.png\" alt=\"Electric Paper Cutter size: 460mm\" width=\"1024\" height=\"480\" srcset=\"https:\/\/estarmachinery.com\/wp-content\/uploads\/2023\/06\/1-1024x480.png 1024w, https:\/\/estarmachinery.com\/wp-content\/uploads\/2023\/06\/1-300x141.png 300w, https:\/\/estarmachinery.com\/wp-content\/uploads\/2023\/06\/1-768x360.png 768w, https:\/\/estarmachinery.com\/wp-content\/uploads\/2023\/06\/1-600x281.png 600w, https:\/\/estarmachinery.com\/wp-content\/uploads\/2023\/06\/1.png 1506w\" sizes=\"(max-width: 1024px) 100vw, 1024px\" \/><\/p>\n<table>\n<tbody>\n<tr>\n<td colspan=\"3\" width=\"1486\"><strong><b>Sp\u00e9cification:<\/b><\/strong><\/td>\n<\/tr>\n<tr>\n<td width=\"559\">Mod\u00e8le<\/td>\n<td width=\"460\"><strong>Contr\u00f4le LCD ES-460S \u00a0<\/strong><\/td>\n<td width=\"466\"><strong>Contr\u00f4le de l&#039;\u00e9cran tactile ES-460Y \u00a0<\/strong><\/td>\n<\/tr>\n<tr>\n<td width=\"559\">Max. Taille de coupe<\/td>\n<td width=\"460\">460x460mm<\/td>\n<td width=\"466\">460x460mm<\/td>\n<\/tr>\n<tr>\n<td width=\"559\">Taille de coupe min.<\/td>\n<td width=\"460\">40mm<\/td>\n<td width=\"466\">40mm<\/td>\n<\/tr>\n<tr>\n<td width=\"559\">\u00c9paisseur de coupe<\/td>\n<td width=\"460\">60mm<\/td>\n<td width=\"466\">60mm<\/td>\n<\/tr>\n<tr>\n<td width=\"559\">Pr\u00e9cision de coupe<\/td>\n<td width=\"460\">\u00b10.3mm<\/td>\n<td width=\"466\">\u00b10.3mm<\/td>\n<\/tr>\n<tr>\n<td width=\"559\">Pouvoir<\/td>\n<td width=\"460\">220V\/50HZ\/1.3KW<\/td>\n<td width=\"466\">220V\/50HZ\/1.3KW<\/td>\n<\/tr>\n<tr>\n<td width=\"559\">Taille de l&#039;appareil<\/td>\n<td width=\"460\">830x680x1220mm<\/td>\n<td width=\"466\">830x680x1220mm<\/td>\n<\/tr>\n<tr>\n<td width=\"559\">Lester<\/td>\n<td width=\"460\">135 kg<\/td>\n<td width=\"466\">135 kg<\/td>\n<\/tr>\n<tr>\n<td colspan=\"3\" width=\"1486\"><strong><b>Caract\u00e9ristiques:<\/b><\/strong><\/p>\n<p>La double barre de guidage pousse le papier plus facilement.<\/p>\n<p>Protection de s\u00e9curit\u00e9 de grille \u00e0 6 voies<\/p>\n<p>Affichage du code d&#039;erreur<\/p>\n<p>Pousser la fonction de compensation d&#039;erreur de papier<\/td>\n<\/tr>\n<\/tbody>\n<\/table>","protected":false},"excerpt":{"rendered":"<p>Electric Paper Cutter size: 460mm Specification: Model ES-460S LCD Control \u00a0 ES-460Y Touch screen Control \u00a0 Max. Cutting size 460x460mm 460x460mm Min.cutting size 40mm 40mm Cutting thickness 60mm 60mm Cutting precision \u00b10.3mm \u00b10.3mm Power 220V\/50HZ\/1.3KW 220V\/50HZ\/1.3KW Machine size 830x680x1220mm 830x680x1220mm Weight 135kg 135kg Features: Double guide bar pushes paper more smoothly. 6 way grating safety [&hellip;]<\/p>","protected":false},"featured_media":766,"template":"","meta":{"site-sidebar-layout":"default","site-content-layout":"default","ast-site-content-layout":"default","site-content-style":"default","site-sidebar-style":"default","ast-global-header-display":"","ast-banner-title-visibility":"","ast-main-header-display":"","ast-hfb-above-header-display":"","ast-hfb-below-header-display":"","ast-hfb-mobile-header-display":"","site-post-title":"","ast-breadcrumbs-content":"","ast-featured-img":"","footer-sml-layout":"","theme-transparent-header-meta":"default","adv-header-id-meta":"","stick-header-meta":"","header-above-stick-meta":"","header-main-stick-meta":"","header-below-stick-meta":"","astra-migrate-meta-layouts":"default","ast-page-background-enabled":"default","ast-page-background-meta":{"desktop":{"background-color":"","background-image":"","background-repeat":"repeat","background-position":"center center","background-size":"auto","background-attachment":"scroll","background-type":"","background-media":"","overlay-type":"","overlay-color":"","overlay-opacity":"","overlay-gradient":""},"tablet":{"background-color":"","background-image":"","background-repeat":"repeat","background-position":"center center","background-size":"auto","background-attachment":"scroll","background-type":"","background-media":"","overlay-type":"","overlay-color":"","overlay-opacity":"","overlay-gradient":""},"mobile":{"background-color":"","background-image":"","background-repeat":"repeat","background-position":"center center","background-size":"auto","background-attachment":"scroll","background-type":"","background-media":"","overlay-type":"","overlay-color":"","overlay-opacity":"","overlay-gradient":""}},"ast-content-background-meta":{"desktop":{"background-color":"var(--ast-global-color-5)","background-image":"","background-repeat":"repeat","background-position":"center center","background-size":"auto","background-attachment":"scroll","background-type":"","background-media":"","overlay-type":"","overlay-color":"","overlay-opacity":"","overlay-gradient":""},"tablet":{"background-color":"var(--ast-global-color-5)","background-image":"","background-repeat":"repeat","background-position":"center center","background-size":"auto","background-attachment":"scroll","background-type":"","background-media":"","overlay-type":"","overlay-color":"","overlay-opacity":"","overlay-gradient":""},"mobile":{"background-color":"var(--ast-global-color-5)","background-image":"","background-repeat":"repeat","background-position":"center center","background-size":"auto","background-attachment":"scroll","background-type":"","background-media":"","overlay-type":"","overlay-color":"","overlay-opacity":"","overlay-gradient":""}}},"product_brand":[],"product_cat":[45,60],"product_tag":[],"class_list":{"0":"post-765","1":"product","2":"type-product","3":"status-publish","4":"has-post-thumbnail","6":"product_cat-cutting-machine","7":"product_cat-hot-machine","8":"desktop-align-center","9":"tablet-align-left","10":"mobile-align-left","12":"first","13":"instock","14":"shipping-taxable","15":"product-type-simple"},"_links":{"self":[{"href":"https:\/\/estarmachinery.com\/fr\/wp-json\/wp\/v2\/product\/765","targetHints":{"allow":["GET"]}}],"collection":[{"href":"https:\/\/estarmachinery.com\/fr\/wp-json\/wp\/v2\/product"}],"about":[{"href":"https:\/\/estarmachinery.com\/fr\/wp-json\/wp\/v2\/types\/product"}],"wp:featuredmedia":[{"embeddable":true,"href":"https:\/\/estarmachinery.com\/fr\/wp-json\/wp\/v2\/media\/766"}],"wp:attachment":[{"href":"https:\/\/estarmachinery.com\/fr\/wp-json\/wp\/v2\/media?parent=765"}],"wp:term":[{"taxonomy":"product_brand","embeddable":true,"href":"https:\/\/estarmachinery.com\/fr\/wp-json\/wp\/v2\/product_brand?post=765"},{"taxonomy":"product_cat","embeddable":true,"href":"https:\/\/estarmachinery.com\/fr\/wp-json\/wp\/v2\/product_cat?post=765"},{"taxonomy":"product_tag","embeddable":true,"href":"https:\/\/estarmachinery.com\/fr\/wp-json\/wp\/v2\/product_tag?post=765"}],"curies":[{"name":"wp","href":"https:\/\/api.w.org\/{rel}","templated":true}]}}