{"id":677,"date":"2023-06-19T01:16:26","date_gmt":"2023-06-19T01:16:26","guid":{"rendered":"https:\/\/estarmachinery.com\/?post_type=product&#038;p=677"},"modified":"2023-07-06T07:22:13","modified_gmt":"2023-07-06T07:22:13","slug":"es-4-660-740-four-color-offset-printer","status":"publish","type":"product","link":"https:\/\/estarmachinery.com\/id\/produk\/es-4-660-740-four-color-offset-printer\/","title":{"rendered":"ES-4-660\/740 Printer Offset Empat Warna"},"content":{"rendered":"<p style=\"text-align: center;\"><strong><b>ES<\/b><\/strong><strong><b>-4-660\/740 Printer Offset Empat Warna<\/b><\/strong><\/p>\n<p><img fetchpriority=\"high\" decoding=\"async\" class=\"alignnone size-large wp-image-678\" src=\"https:\/\/estarmachinery.com\/wp-content\/uploads\/2023\/06\/XH-4-660740-1024x576.jpg\" alt=\"ES-4-660\/740 Four Color Offset Printer\" width=\"1024\" height=\"576\" srcset=\"https:\/\/estarmachinery.com\/wp-content\/uploads\/2023\/06\/XH-4-660740-1024x576.jpg 1024w, https:\/\/estarmachinery.com\/wp-content\/uploads\/2023\/06\/XH-4-660740-300x169.jpg 300w, https:\/\/estarmachinery.com\/wp-content\/uploads\/2023\/06\/XH-4-660740-768x432.jpg 768w, https:\/\/estarmachinery.com\/wp-content\/uploads\/2023\/06\/XH-4-660740-1536x864.jpg 1536w, https:\/\/estarmachinery.com\/wp-content\/uploads\/2023\/06\/XH-4-660740-600x338.jpg 600w, https:\/\/estarmachinery.com\/wp-content\/uploads\/2023\/06\/XH-4-660740.jpg 2000w\" sizes=\"(max-width: 1024px) 100vw, 1024px\" \/><\/p>\n<p><strong>INFORMASI TEKNIS <\/strong><\/p>\n<ol>\n<li><strong>Parameter Teknis Utama: <\/strong><\/li>\n<\/ol>\n<table>\n<tbody>\n<tr>\n<td width=\"400\">Model<\/td>\n<td width=\"378\">ES-4-740<\/td>\n<td width=\"453\">ES-4-660<\/td>\n<\/tr>\n<tr>\n<td width=\"400\">Maks. Kecepatan<\/td>\n<td width=\"378\">12000 detik\/jam<\/td>\n<td width=\"453\">12000 detik\/jam<\/td>\n<\/tr>\n<tr>\n<td width=\"400\">Maks. Ukuran kertas<\/td>\n<td width=\"378\">540\u00d7740mm<\/td>\n<td width=\"453\">540\u00d7660mm<\/td>\n<\/tr>\n<tr>\n<td width=\"400\">Min. Ukuran kertas<\/td>\n<td width=\"378\">273\u00d7393mm<\/td>\n<td width=\"453\">273\u00d7393mm<\/td>\n<\/tr>\n<tr>\n<td width=\"400\">Ketebalan Lembaran Kertas<\/td>\n<td width=\"378\">0,06\uff0d0,6mm<\/td>\n<td width=\"453\">0,06\uff0d0,6mm<\/td>\n<\/tr>\n<tr>\n<td width=\"400\">Maks. Area Percetakan<\/td>\n<td width=\"378\">528\u00d7730mm<\/td>\n<td width=\"453\">528\u00d7650mm<\/td>\n<\/tr>\n<tr>\n<td width=\"400\">Ukuran Plat<\/td>\n<td width=\"378\">677\u00d7755\u00d70.3mm<\/td>\n<td width=\"453\">677\u00d7675\u00d70.3mm<\/td>\n<\/tr>\n<tr>\n<td width=\"400\">Ukuran Selimut<\/td>\n<td width=\"378\">740\u00d7760\u00d71.9mm<\/td>\n<td width=\"453\">740\u00d7680\u00d71.9mm<\/td>\n<\/tr>\n<tr>\n<td width=\"400\">Maks. Tinggi Tumpukan Pengumpan<\/td>\n<td width=\"378\">940mm<\/td>\n<td width=\"453\">940mm<\/td>\n<\/tr>\n<tr>\n<td width=\"400\">Maks. Tinggi Tumpukan Pengiriman<\/td>\n<td width=\"378\">780mm<\/td>\n<td width=\"453\">780mm<\/td>\n<\/tr>\n<tr>\n<td width=\"400\">Dimensi Keseluruhan Mesin<\/p>\n<p>(PxLxT)<\/td>\n<td width=\"378\">7380\u00d72550\u00d71950mm<\/td>\n<td width=\"453\">7380\u00d72470\u00d71950mm<\/td>\n<\/tr>\n<tr>\n<td width=\"400\">Kekuatan Total<\/td>\n<td width=\"378\">23kw,380V,50Hz<\/td>\n<td width=\"453\">23kw,380V,50Hz<\/td>\n<\/tr>\n<tr>\n<td width=\"400\">Berat Kotor Mesin<\/td>\n<td width=\"378\">19700kg<\/td>\n<td width=\"453\">18700kg<\/td>\n<\/tr>\n<\/tbody>\n<\/table>\n<p>Menurut perkembangan pasar pencetakan, generasi baru mesin cetak offset multi-warna yang dibangun oleh sejumlah teknologi paten nasional diadopsi, yang mengadopsi sistem penjepitan pneumatik otomatis, sistem penyesuaian tiga sumbu otomatis yang dikendalikan oleh magnet permanen DC, dan sistem pengatur tekanan otomatis yang tepat. Dengan sistem kontrol elektronik bus dari metode komunikasi Mitsubishi CC-LINK, ini dengan sempurna menampilkan karakteristik cerdas, cerdas, dan efisiensi tinggi dari mesin cetak tugas berat. Timbul semprotan stainless steel dan silinder pelat sangat memperpanjang umur alat berat. CIP4 dapat digunakan untuk membentuk alur kerja digital dengan prepress CTP dan postpress, dan untuk mengatur warna tinta, yang sangat mengurangi pengalaman pabrik percetakan untuk teknisi percetakan. Dalam kondisi tertentu, kondisi pengoperasian dan berbagai perubahan parameter mesin cetak dapat dipantau dan dikontrol oleh INTERNET, dan pencetakan UV yang populer, kaca dan proses pencetakan lainnya serta pencucian selimut otomatis dan rol tinta dapat dipasang dengan nyaman. Peningkatan skalabilitas fitur produk<\/p>\n<p>1. Semi APC (Automatic Plate Changer) mempersingkat waktu persiapan.<\/p>\n<p>2.Untuk mengatur ketebalan kertas saat mencetak berbagai jenis kertas. Untuk mengatur tekanan cetak masuk<\/p>\n<p>setiap unit secara otomatis, cepat dan sinkron.<\/p>\n<p>3. Dengan pengumpan tanpa henti, tumpukan diubah pada kecepatan produksi. Ini menghemat banyak waktu ketika<\/p>\n<p>menjalankan kertas tebal dan versi panjang berfungsi offline.<\/p>\n<p>4. Dilengkapi dengan modul bus teknologi CC-LINK dari Mitsubishi.<\/p>\n<p>5. Silinder impresi berdiameter ganda dan drum transfer dapat mengurangi waktu pengambilan lembaran<\/p>\n<p>antar unit cetak.<\/p>\n<p>6. Silinder pelat dapat disesuaikan dengan arah melingkar, arah lateral dan diagonal<\/p>\n<p>arah.<\/p>\n<p>7. Ada lima rol pada silinder pelat. Ada roller perantara dalam redaman alkohol<\/p>\n<p>sistem, yang dapat menghilangkan gambar &quot;hantu&quot;, mencapai keseimbangan tinta-air yang cepat dan<\/p>\n<p>mengurangi konsumsi kertas.<\/p>\n<p>8.Ada 23 zona di split (terhuyung-huyung) ductor.<\/p>\n<p><strong><em><b>Standar<\/b><\/em><\/strong><strong><em><b>\u00a0<\/b><\/em><\/strong><strong><em><b>peralatan<\/b><\/em><\/strong><strong><em><b>e<\/b><\/em><\/strong><strong><em><b>N<\/b><\/em><\/strong><strong><em><b>T<\/b><\/em><\/strong><strong><em><b>:<\/b><\/em><\/strong><\/p>\n<table>\n<tbody>\n<tr>\n<td width=\"72\">TIDAK.<\/td>\n<td width=\"886\">Peralatan standar<\/td>\n<td width=\"170\">Perkataan<\/td>\n<\/tr>\n<tr>\n<td width=\"72\">1<\/td>\n<td width=\"886\">Remote kontrol tinta<strong><em><b>(<\/b><\/em><\/strong><strong><em><b>Hai<\/b><\/em><\/strong><strong><em><b>P<\/b><\/em><\/strong><strong><em><b>T<\/b><\/em><\/strong><strong><em><b>io<\/b><\/em><\/strong><strong><em><b>na<\/b><\/em><\/strong><strong><em><b>l)<\/b><\/em><\/strong><\/td>\n<td width=\"170\">&nbsp;<\/td>\n<\/tr>\n<tr>\n<td width=\"72\">2<\/td>\n<td width=\"886\">Peredam alkohol<\/td>\n<td width=\"170\">&nbsp;<\/td>\n<\/tr>\n<tr>\n<td width=\"72\">3<\/td>\n<td width=\"886\">Pembawa demi pembawa<\/td>\n<td width=\"170\">&nbsp;<\/td>\n<\/tr>\n<tr>\n<td width=\"72\">4<\/td>\n<td width=\"886\">Silinder impresi berdiameter ganda dan silinder transfer<\/td>\n<td width=\"170\">&nbsp;<\/td>\n<\/tr>\n<tr>\n<td width=\"72\">5<\/td>\n<td width=\"886\">Perlakuan khusus pada permukaan silinder impresi<\/td>\n<td width=\"170\">&nbsp;<\/td>\n<\/tr>\n<tr>\n<td width=\"72\">6<\/td>\n<td width=\"886\">Perlakuan khusus pada permukaan silinder pelat<\/td>\n<td width=\"170\">&nbsp;<\/td>\n<\/tr>\n<tr>\n<td width=\"72\">7<\/td>\n<td width=\"886\">Bilah penjepit semi-otomatis<\/td>\n<td width=\"170\">&nbsp;<\/td>\n<\/tr>\n<tr>\n<td width=\"72\">8<\/td>\n<td width=\"886\">Daftarkan dalam arah aksial dan keliling<\/td>\n<td width=\"170\">&nbsp;<\/td>\n<\/tr>\n<tr>\n<td width=\"72\">9<\/td>\n<td width=\"886\">Cocking<\/td>\n<td width=\"170\">&nbsp;<\/td>\n<\/tr>\n<tr>\n<td width=\"72\">10<\/td>\n<td width=\"886\">Penyesuaian tekanan otomatis<\/td>\n<td width=\"170\">&nbsp;<\/td>\n<\/tr>\n<tr>\n<td width=\"72\">11<\/td>\n<td width=\"886\">Kesan pneumatik hidup-mati<\/td>\n<td width=\"170\">&nbsp;<\/td>\n<\/tr>\n<tr>\n<td width=\"72\">12<\/td>\n<td width=\"886\">Sistem gripper ayun ke bawah<\/td>\n<td width=\"170\">&nbsp;<\/td>\n<\/tr>\n<tr>\n<td width=\"72\">13<\/td>\n<td width=\"886\">Ayunan depan berbaring<\/td>\n<td width=\"170\">&nbsp;<\/td>\n<\/tr>\n<tr>\n<td width=\"72\">14<\/td>\n<td width=\"886\">Penyemprot bubuk listrik<\/td>\n<td width=\"170\">&nbsp;<\/td>\n<\/tr>\n<tr>\n<td width=\"72\">15<\/td>\n<td width=\"886\">Pelumasan seperti shower, pelumasan kental sebagian<\/td>\n<td width=\"170\">&nbsp;<\/td>\n<\/tr>\n<tr>\n<td width=\"72\">16<\/td>\n<td width=\"886\">Pengiriman tanpa henti<\/td>\n<td width=\"170\">&nbsp;<\/td>\n<\/tr>\n<tr>\n<td colspan=\"3\" width=\"1129\"><strong><em><b>Sebuah<\/b><\/em><\/strong><strong><em><b>C<\/b><\/em><\/strong><strong><em><b>Saya<\/b><\/em><\/strong><strong><em><b>l<\/b><\/em><\/strong><strong><em><b>l<\/b><\/em><\/strong><strong><em><b>A<\/b><\/em><\/strong><strong><em><b>R<\/b><\/em><\/strong><strong><em><b>y<\/b><\/em><\/strong><strong><em><b>\u00a0e<\/b><\/em><\/strong><strong><em><b>menyindir<\/b><\/em><\/strong><strong><em><b>M<\/b><\/em><\/strong><strong><em><b>e<\/b><\/em><\/strong><strong><em><b>t:<\/b><\/em><\/strong><\/td>\n<\/tr>\n<tr>\n<td width=\"72\">17<\/td>\n<td width=\"886\">Pons fotolistrik \uff08Plat bisa ditekuk)<\/td>\n<td width=\"170\">&nbsp;<\/td>\n<\/tr>\n<tr>\n<td width=\"72\">18<\/td>\n<td width=\"886\">Pompa angin<\/td>\n<td width=\"170\">&nbsp;<\/td>\n<\/tr>\n<tr>\n<td width=\"72\">19<\/td>\n<td width=\"886\">Kompresor udara<\/td>\n<td width=\"170\">&nbsp;<\/td>\n<\/tr>\n<tr>\n<td width=\"72\">20<\/td>\n<td width=\"886\">Rol peredam<\/td>\n<td width=\"170\">&nbsp;<\/td>\n<\/tr>\n<tr>\n<td width=\"72\">21<\/td>\n<td width=\"886\">Pengumpan vakum<\/td>\n<td width=\"170\">&nbsp;<\/td>\n<\/tr>\n<tr>\n<td width=\"72\">22<\/td>\n<td width=\"886\">Detektor lembar ganda ultrasonik<\/td>\n<td width=\"170\">&nbsp;<\/td>\n<\/tr>\n<tr>\n<td colspan=\"3\" width=\"1129\"><strong><em><b>P<\/b><\/em><\/strong><strong><em><b>A<\/b><\/em><\/strong><strong><em><b>ck<\/b><\/em><\/strong><strong><em><b>A<\/b><\/em><\/strong><strong><em><b>G<\/b><\/em><\/strong><strong><em><b>e<\/b><\/em><\/strong><strong><em><b>:<\/b><\/em><\/strong><\/td>\n<\/tr>\n<tr>\n<td width=\"72\">1<\/td>\n<td width=\"886\">Fumigasi kayu<\/td>\n<td width=\"170\">&nbsp;<\/td>\n<\/tr>\n<tr>\n<td width=\"72\">2<\/td>\n<td width=\"886\">Instruksi manual, Daftar kemasan, buku suku cadang<\/td>\n<td width=\"170\">&nbsp;<\/td>\n<\/tr>\n<\/tbody>\n<\/table>\n<p><strong><em><b>Keterangan:<\/b><\/em><\/strong><\/p>\n<p><img decoding=\"async\" class=\"aligncenter wp-image-685\" src=\"https:\/\/estarmachinery.com\/wp-content\/uploads\/2023\/06\/\u56fe\u72471-1.png\" alt=\"ES-4-660\/740 Four Color Offset Printer\" width=\"500\" height=\"240\" srcset=\"https:\/\/estarmachinery.com\/wp-content\/uploads\/2023\/06\/\u56fe\u72471-1.png 358w, https:\/\/estarmachinery.com\/wp-content\/uploads\/2023\/06\/\u56fe\u72471-1-300x144.png 300w\" sizes=\"(max-width: 500px) 100vw, 500px\" \/><\/p>\n<p>Pengumpan<\/p>\n<p>* Kamera terkonjugasi. Mekanisme penerusan yang dikendalikan oleh rel pemandu linier membuat kecepatan alat berat lebih cepat dan lebih stabil.<\/p>\n<p>* Katup putar dengan paten dapat membersihkan debu kertas secara otomatis dan mengurangi kesalahan.<\/p>\n<p><img decoding=\"async\" class=\"aligncenter wp-image-686\" src=\"https:\/\/estarmachinery.com\/wp-content\/uploads\/2023\/06\/\u56fe\u72472.png\" alt=\"ES-4-660\/740 Four Color Offset Printer\" width=\"500\" height=\"299\" \/><\/p>\n<p>Unit Percetakan<\/p>\n<p>* Baik rangka dan alas merupakan pengecoran integral.<\/p>\n<p>* Pendinginan gigi berfrekuensi tinggi menjamin akurasi transmisi.<\/p>\n<p>* Roda gigi heliks, koefisien tumpang tindih tinggi dan kebisingan rendah<\/p>\n<p><img loading=\"lazy\" decoding=\"async\" class=\"aligncenter wp-image-687\" src=\"https:\/\/estarmachinery.com\/wp-content\/uploads\/2023\/06\/\u56fe\u72473.png\" alt=\"ES-4-660\/740 Four Color Offset Printer\" width=\"500\" height=\"285\" srcset=\"https:\/\/estarmachinery.com\/wp-content\/uploads\/2023\/06\/\u56fe\u72473.png 801w, https:\/\/estarmachinery.com\/wp-content\/uploads\/2023\/06\/\u56fe\u72473-300x171.png 300w, https:\/\/estarmachinery.com\/wp-content\/uploads\/2023\/06\/\u56fe\u72473-768x438.png 768w, https:\/\/estarmachinery.com\/wp-content\/uploads\/2023\/06\/\u56fe\u72473-600x342.png 600w\" sizes=\"(max-width: 500px) 100vw, 500px\" \/><\/p>\n<p>Gripper yang akurat<\/p>\n<p>* Setelah bantalan baja berkekuatan tinggi kotak-kotak telah dipadamkan, masa pakainya akan lebih lama dan penggantiannya akan lebih nyaman.<\/p>\n<p>* Bantalan lunak tahan aus memastikan stabilitas serah terima kertas dan ketepatan transmisi kertas.<\/p>\n<p>* Bantalan rol jarum presisi tinggi dan bantalan pembuka meningkatkan stabilitas sistem gripper.<\/p>\n<p><img loading=\"lazy\" decoding=\"async\" class=\"aligncenter wp-image-688\" src=\"https:\/\/estarmachinery.com\/wp-content\/uploads\/2023\/06\/\u56fe\u72474.png\" alt=\"ES-4-660\/740 Four Color Offset Printer\" width=\"500\" height=\"282\" srcset=\"https:\/\/estarmachinery.com\/wp-content\/uploads\/2023\/06\/\u56fe\u72474.png 417w, https:\/\/estarmachinery.com\/wp-content\/uploads\/2023\/06\/\u56fe\u72474-300x169.png 300w\" sizes=\"(max-width: 500px) 100vw, 500px\" \/><\/p>\n<p>Perangkat otomatis untuk menyesuaikan ketebalan kertas<\/p>\n<p>* Dilengkapi dengan penggerak roda gigi. Jarak antar silinder dapat diberikan umpan balik ke layar dengan potensiometer secara otomatis.<\/p>\n<p>* Penggerak generator magnet permanen dapat memastikan stabilitas tekanan pencetakan, karena torsi besar dan penguncian diri yang kuat.<\/p>\n<p>* Lebih mudah dan nyaman untuk memasukkan ketebalan kertas di layar secara langsung.<\/p>\n<p><img loading=\"lazy\" decoding=\"async\" class=\"aligncenter wp-image-689\" src=\"https:\/\/estarmachinery.com\/wp-content\/uploads\/2023\/06\/\u56fe\u72475.png\" alt=\"ES-4-660\/740 Four Color Offset Printer\" width=\"500\" height=\"315\" srcset=\"https:\/\/estarmachinery.com\/wp-content\/uploads\/2023\/06\/\u56fe\u72475.png 383w, https:\/\/estarmachinery.com\/wp-content\/uploads\/2023\/06\/\u56fe\u72475-300x189.png 300w\" sizes=\"(max-width: 500px) 100vw, 500px\" \/><\/p>\n<p>Meja pengumpan hisap vakum<\/p>\n<p>* Impor pompa udara dengan volume besar<\/p>\n<p>* Cocok untuk semua kertas dalam berbagai jenis atau ukuran secara otomatis, sehingga dapat mengubah format kertas dengan lebih cepat dan mudah.<\/p>\n<p>* Detektor lembar ganda ultrasonik dapat melindungi silinder dengan lebih baik.<\/p>\n<p><img loading=\"lazy\" decoding=\"async\" class=\"aligncenter wp-image-690\" src=\"https:\/\/estarmachinery.com\/wp-content\/uploads\/2023\/06\/\u56fe\u72476.png\" alt=\"ES-4-660\/740 Four Color Offset Printer\" width=\"500\" height=\"245\" srcset=\"https:\/\/estarmachinery.com\/wp-content\/uploads\/2023\/06\/\u56fe\u72476.png 474w, https:\/\/estarmachinery.com\/wp-content\/uploads\/2023\/06\/\u56fe\u72476-300x147.png 300w\" sizes=\"(max-width: 500px) 100vw, 500px\" \/><\/p>\n<p>Silinder<\/p>\n<p>* Permukaan pada silinder cetak dan silinder plat disemprot stainless steel sehingga dapat memperpanjang umur tekan dengan lebih baik.<\/p>\n<p>* Desain keseimbangan dinamis dapat mengurangi getaran selama pencetakan.<\/p>\n<p><img loading=\"lazy\" decoding=\"async\" class=\"wp-image-691 aligncenter\" src=\"https:\/\/estarmachinery.com\/wp-content\/uploads\/2023\/06\/\u56fe\u72477.png\" alt=\"ES-4-660\/740 Four Color Offset Printer\" width=\"500\" height=\"332\" srcset=\"https:\/\/estarmachinery.com\/wp-content\/uploads\/2023\/06\/\u56fe\u72477.png 494w, https:\/\/estarmachinery.com\/wp-content\/uploads\/2023\/06\/\u56fe\u72477-300x199.png 300w\" sizes=\"(max-width: 500px) 100vw, 500px\" \/><\/p>\n<p>Bilah penjepit pneumatik, Ganti pelat tanpa alat<\/p>\n<p>* Ketegangan batang klem dikendalikan oleh selang impor dan pegas cakram, sehingga lebih fleksibel untuk pengoperasian.<\/p>\n<p>* Sudut silinder dikendalikan oleh encoder presisi tinggi. Pelat akan dipasang dan dilepas oleh program secara otomatis. Dengan demikian dapat memenuhi kebutuhan usaha percetakan versi panjang dan pendek.<\/p>\n<p>* Ujung batang penjepit dipisahkan, sehingga dapat membantu kertas lebih halus.<\/p>\n<p><img loading=\"lazy\" decoding=\"async\" class=\"aligncenter wp-image-692\" src=\"https:\/\/estarmachinery.com\/wp-content\/uploads\/2023\/06\/\u56fe\u72478.png\" alt=\"ES-4-660\/740 Four Color Offset Printer\" width=\"500\" height=\"406\" srcset=\"https:\/\/estarmachinery.com\/wp-content\/uploads\/2023\/06\/\u56fe\u72478.png 409w, https:\/\/estarmachinery.com\/wp-content\/uploads\/2023\/06\/\u56fe\u72478-300x244.png 300w\" sizes=\"(max-width: 500px) 100vw, 500px\" \/><\/p>\n<p>Menghibur<\/p>\n<p>* Memori pers atau kartu memori pekerjaan (disk) dapat menyimpan pekerjaan saat ini. Perubahan dan pengaturan yang dilakukan pada pekerjaan saat ini ditransfer ke pers. Saat dalam mode pencetakan, Anda dapat memasukkan nilai prasetel untuk pekerjaan berikutnya ke dalam memori pers atau disimpan ke disk.<\/p>\n<p>* CIP3\/CIP4<\/p>\n<p><img loading=\"lazy\" decoding=\"async\" class=\"aligncenter wp-image-693\" src=\"https:\/\/estarmachinery.com\/wp-content\/uploads\/2023\/06\/\u56fe\u72479.png\" alt=\"ES-4-660\/740 Four Color Offset Printer\" width=\"500\" height=\"333\" srcset=\"https:\/\/estarmachinery.com\/wp-content\/uploads\/2023\/06\/\u56fe\u72479.png 494w, https:\/\/estarmachinery.com\/wp-content\/uploads\/2023\/06\/\u56fe\u72479-300x200.png 300w\" sizes=\"(max-width: 500px) 100vw, 500px\" \/><\/p>\n<p>Konsol kontrol jumlah tinta (<strong><b>HAI<\/b><\/strong><strong><b>P<\/b><\/strong><strong><b>tio<\/b><\/strong><strong><b>N<\/b><\/strong><strong><b>A<\/b><\/strong><strong><b>l<\/b><\/strong>)<\/p>\n<p>* Setiap kunci tinta di setiap unit dapat diatur oleh konsol.<\/p>\n<p>* Jumlah tinta dapat ditampilkan secara digital dan dapat disimpan.<\/p>\n<p>&nbsp;<\/p>\n<p><strong><em><b>Str<\/b><\/em><\/strong><strong><em><b>kamu<\/b><\/em><\/strong><strong><em><b>cture Dia<\/b><\/em><\/strong><strong><em><b>G<\/b><\/em><\/strong><strong><em><b>R<\/b><\/em><\/strong><strong><em><b>A<\/b><\/em><\/strong><strong><em><b>M<\/b><\/em><\/strong><\/p>\n<p><img loading=\"lazy\" decoding=\"async\" class=\"aligncenter wp-image-694\" src=\"https:\/\/estarmachinery.com\/wp-content\/uploads\/2023\/06\/\u56fe\u724710.png\" alt=\"ES-4-660\/740 Four Color Offset Printer\" width=\"500\" height=\"140\" srcset=\"https:\/\/estarmachinery.com\/wp-content\/uploads\/2023\/06\/\u56fe\u724710.png 748w, https:\/\/estarmachinery.com\/wp-content\/uploads\/2023\/06\/\u56fe\u724710-300x84.png 300w, https:\/\/estarmachinery.com\/wp-content\/uploads\/2023\/06\/\u56fe\u724710-600x168.png 600w\" sizes=\"(max-width: 500px) 100vw, 500px\" \/><\/p>\n<p><strong><em><b>Fe<\/b><\/em><\/strong><strong><em><b>A<\/b><\/em><\/strong><strong><em><b>T<\/b><\/em><\/strong><strong><em><b>kamu<\/b><\/em><\/strong><strong><em><b>R<\/b><\/em><\/strong><strong><em><b>es:<\/b><\/em><\/strong><\/p>\n<ol>\n<li>\u00a0SemiAPC (Automatic Plate Changer) mempersingkat waktu persiapan.<\/li>\n<li>Atur ketebalan kertas saat mencetak berbagai jenis kertas. Untuk mengatur tekanan cetak di setiap unit secara otomatis, cepat dan sinkron.<\/li>\n<li>\u00a0Dengan non-stopfeeder, tumpukan diubah pada kecepatan produksi. Menghemat banyak waktu saat menjalankan kertas tebal dan versi panjang bekerja secara offline.<\/li>\n<li>\u00a0Dilengkapi dengan modul bus berteknologi CC-LINK dari Mitsubishi.<\/li>\n<li>\u00a0Silinder impresi berdiameter ganda dan drum transfer dapat mengurangi waktu pengambilan lembaran antar unit cetak.<\/li>\n<li>\u00a0Silinder pelat dapat disesuaikan dengan arah keliling, arah lateral, dan arah diagonal.<\/li>\n<li>\u00a0Ada lima rol pada silinder pelat. Ada rol perantara dalam sistem redaman alkohol, yang dapat menghilangkan gambar &quot;hantu&quot;, mencapai keseimbangan tinta-air yang cepat, dan mengurangi konsumsi kertas.<\/li>\n<\/ol>","protected":false},"excerpt":{"rendered":"<p>ES-4-660\/740 Four Color Offset Printer TECHNICAL INFORMAITON Main Technical Parameters: Model ES-4-740 ES-4-660 Max. Speed 12000s\/h 12000s\/h Max. Paper Size 540\u00d7740mm 540\u00d7660mm Min. Paper Size 273\u00d7393mm 273\u00d7393mm Paper Sheet Thickness 0.06\uff0d0.6mm 0.06\uff0d0.6mm Max. Printing Area 528\u00d7730mm 528\u00d7650mm Plate Size 677\u00d7755\u00d70.3mm 677\u00d7675\u00d70.3mm Blanket Size 740\u00d7760\u00d71.9mm 740\u00d7680\u00d71.9mm Max. Feeder Pile Height 940mm 940mm Max. Delivery Pile Height [&hellip;]<\/p>","protected":false},"featured_media":684,"template":"","meta":{"site-sidebar-layout":"default","site-content-layout":"default","ast-site-content-layout":"default","site-content-style":"default","site-sidebar-style":"default","ast-global-header-display":"","ast-banner-title-visibility":"","ast-main-header-display":"","ast-hfb-above-header-display":"","ast-hfb-below-header-display":"","ast-hfb-mobile-header-display":"","site-post-title":"","ast-breadcrumbs-content":"","ast-featured-img":"","footer-sml-layout":"","ast-disable-related-posts":"","theme-transparent-header-meta":"default","adv-header-id-meta":"","stick-header-meta":"","header-above-stick-meta":"","header-main-stick-meta":"","header-below-stick-meta":"","astra-migrate-meta-layouts":"default","ast-page-background-enabled":"default","ast-page-background-meta":{"desktop":{"background-color":"","background-image":"","background-repeat":"repeat","background-position":"center center","background-size":"auto","background-attachment":"scroll","background-type":"","background-media":"","overlay-type":"","overlay-color":"","overlay-opacity":"","overlay-gradient":""},"tablet":{"background-color":"","background-image":"","background-repeat":"repeat","background-position":"center center","background-size":"auto","background-attachment":"scroll","background-type":"","background-media":"","overlay-type":"","overlay-color":"","overlay-opacity":"","overlay-gradient":""},"mobile":{"background-color":"","background-image":"","background-repeat":"repeat","background-position":"center center","background-size":"auto","background-attachment":"scroll","background-type":"","background-media":"","overlay-type":"","overlay-color":"","overlay-opacity":"","overlay-gradient":""}},"ast-content-background-meta":{"desktop":{"background-color":"var(--ast-global-color-5)","background-image":"","background-repeat":"repeat","background-position":"center center","background-size":"auto","background-attachment":"scroll","background-type":"","background-media":"","overlay-type":"","overlay-color":"","overlay-opacity":"","overlay-gradient":""},"tablet":{"background-color":"var(--ast-global-color-5)","background-image":"","background-repeat":"repeat","background-position":"center center","background-size":"auto","background-attachment":"scroll","background-type":"","background-media":"","overlay-type":"","overlay-color":"","overlay-opacity":"","overlay-gradient":""},"mobile":{"background-color":"var(--ast-global-color-5)","background-image":"","background-repeat":"repeat","background-position":"center center","background-size":"auto","background-attachment":"scroll","background-type":"","background-media":"","overlay-type":"","overlay-color":"","overlay-opacity":"","overlay-gradient":""}}},"product_brand":[],"product_cat":[53],"product_tag":[],"class_list":{"0":"post-677","1":"product","2":"type-product","3":"status-publish","4":"has-post-thumbnail","6":"product_cat-creasing-machine","7":"desktop-align-center","8":"tablet-align-left","9":"mobile-align-left","11":"first","12":"instock","13":"shipping-taxable","14":"product-type-simple"},"_links":{"self":[{"href":"https:\/\/estarmachinery.com\/id\/wp-json\/wp\/v2\/product\/677","targetHints":{"allow":["GET"]}}],"collection":[{"href":"https:\/\/estarmachinery.com\/id\/wp-json\/wp\/v2\/product"}],"about":[{"href":"https:\/\/estarmachinery.com\/id\/wp-json\/wp\/v2\/types\/product"}],"wp:featuredmedia":[{"embeddable":true,"href":"https:\/\/estarmachinery.com\/id\/wp-json\/wp\/v2\/media\/684"}],"wp:attachment":[{"href":"https:\/\/estarmachinery.com\/id\/wp-json\/wp\/v2\/media?parent=677"}],"wp:term":[{"taxonomy":"product_brand","embeddable":true,"href":"https:\/\/estarmachinery.com\/id\/wp-json\/wp\/v2\/product_brand?post=677"},{"taxonomy":"product_cat","embeddable":true,"href":"https:\/\/estarmachinery.com\/id\/wp-json\/wp\/v2\/product_cat?post=677"},{"taxonomy":"product_tag","embeddable":true,"href":"https:\/\/estarmachinery.com\/id\/wp-json\/wp\/v2\/product_tag?post=677"}],"curies":[{"name":"wp","href":"https:\/\/api.w.org\/{rel}","templated":true}]}}