{"id":1067,"date":"2023-06-29T09:09:01","date_gmt":"2023-06-29T09:09:01","guid":{"rendered":"https:\/\/estarmachinery.com\/environmental-protection-program-copy\/"},"modified":"2023-07-03T15:07:34","modified_gmt":"2023-07-03T15:07:34","slug":"small-customer-support","status":"publish","type":"page","link":"https:\/\/estarmachinery.com\/pt\/small-customer-support\/","title":{"rendered":"Suporte ao cliente pequeno"},"content":{"rendered":"<div data-elementor-type=\"wp-page\" data-elementor-id=\"1067\" class=\"elementor elementor-1067\" data-elementor-post-type=\"page\">\n\t\t\t\t\t\t<section class=\"elementor-section elementor-top-section elementor-element elementor-element-6d2dc94 elementor-section-boxed elementor-section-height-default elementor-section-height-default\" data-id=\"6d2dc94\" data-element_type=\"section\" data-settings=\"{&quot;background_background&quot;:&quot;classic&quot;}\">\n\t\t\t\t\t\t\t<div class=\"elementor-background-overlay\"><\/div>\n\t\t\t\t\t\t\t<div class=\"elementor-container elementor-column-gap-no\">\n\t\t\t\t\t<div class=\"elementor-column elementor-col-100 elementor-top-column elementor-element elementor-element-659f007\" data-id=\"659f007\" data-element_type=\"column\">\n\t\t\t<div class=\"elementor-widget-wrap elementor-element-populated\">\n\t\t\t\t\t\t<div class=\"elementor-element elementor-element-643376d elementor-widget-divider--view-line elementor-widget elementor-widget-divider\" data-id=\"643376d\" data-element_type=\"widget\" data-widget_type=\"divider.default\">\n\t\t\t\t<div class=\"elementor-widget-container\">\n\t\t\t\t\t\t\t<div class=\"elementor-divider\">\n\t\t\t<span class=\"elementor-divider-separator\">\n\t\t\t\t\t\t<\/span>\n\t\t<\/div>\n\t\t\t\t\t\t<\/div>\n\t\t\t\t<\/div>\n\t\t\t\t<div class=\"elementor-element elementor-element-2cc000c elementor-widget elementor-widget-heading\" data-id=\"2cc000c\" data-element_type=\"widget\" data-widget_type=\"heading.default\">\n\t\t\t\t<div class=\"elementor-widget-container\">\n\t\t\t\t\t<h2 class=\"elementor-heading-title elementor-size-default\">Suporte ao cliente pequeno<\/h2>\t\t\t\t<\/div>\n\t\t\t\t<\/div>\n\t\t\t\t\t<\/div>\n\t\t<\/div>\n\t\t\t\t\t<\/div>\n\t\t<\/section>\n\t\t\t\t<section class=\"elementor-section elementor-top-section elementor-element elementor-element-50ng0pq elementor-section-boxed elementor-section-height-default elementor-section-height-default\" data-id=\"50ng0pq\" data-element_type=\"section\" data-settings=\"{&quot;background_background&quot;:&quot;classic&quot;}\">\n\t\t\t\t\t\t<div class=\"elementor-container elementor-column-gap-default\">\n\t\t\t\t\t<div class=\"elementor-column elementor-col-100 elementor-top-column elementor-element elementor-element-6dbaeeb\" data-id=\"6dbaeeb\" data-element_type=\"column\">\n\t\t\t<div class=\"elementor-widget-wrap elementor-element-populated\">\n\t\t\t\t\t\t<div class=\"elementor-element elementor-element-9c6ad29 elementor-widget elementor-widget-heading\" data-id=\"9c6ad29\" data-element_type=\"widget\" data-widget_type=\"heading.default\">\n\t\t\t\t<div class=\"elementor-widget-container\">\n\t\t\t\t\t<h2 class=\"elementor-heading-title elementor-size-default\">Suporte ao cliente pequeno<\/h2>\t\t\t\t<\/div>\n\t\t\t\t<\/div>\n\t\t\t\t<div class=\"elementor-element elementor-element-56c35a0 elementor-widget elementor-widget-text-editor\" data-id=\"56c35a0\" data-element_type=\"widget\" data-widget_type=\"text-editor.default\">\n\t\t\t\t<div class=\"elementor-widget-container\">\n\t\t\t\t\t\t\t\t\t<p>M\u00e1quinas Easystar Co. de Xangai, Ltd.<\/p>\t\t\t\t\t\t\t\t<\/div>\n\t\t\t\t<\/div>\n\t\t\t\t\t<\/div>\n\t\t<\/div>\n\t\t\t\t\t<\/div>\n\t\t<\/section>\n\t\t\t\t<section class=\"elementor-section elementor-top-section elementor-element elementor-element-k4rpo7d elementor-section-content-middle elementor-section-boxed elementor-section-height-default elementor-section-height-default\" data-id=\"k4rpo7d\" data-element_type=\"section\" data-settings=\"{&quot;background_background&quot;:&quot;classic&quot;}\">\n\t\t\t\t\t\t<div class=\"elementor-container elementor-column-gap-no\">\n\t\t\t\t\t<div class=\"elementor-column elementor-col-100 elementor-top-column elementor-element elementor-element-dc3e9cf\" data-id=\"dc3e9cf\" data-element_type=\"column\">\n\t\t\t<div class=\"elementor-widget-wrap elementor-element-populated\">\n\t\t\t\t\t\t<section class=\"elementor-section elementor-inner-section elementor-element elementor-element-b02d6fd elementor-section-boxed elementor-section-height-default elementor-section-height-default\" data-id=\"b02d6fd\" data-element_type=\"section\">\n\t\t\t\t\t\t<div class=\"elementor-container elementor-column-gap-default\">\n\t\t\t\t\t<div class=\"elementor-column elementor-col-33 elementor-inner-column elementor-element elementor-element-fbed5e8\" data-id=\"fbed5e8\" data-element_type=\"column\" data-settings=\"{&quot;background_background&quot;:&quot;classic&quot;}\">\n\t\t\t<div class=\"elementor-widget-wrap elementor-element-populated\">\n\t\t\t\t\t<div class=\"elementor-background-overlay\"><\/div>\n\t\t\t\t\t\t<div class=\"elementor-element elementor-element-285514c elementor-view-stacked elementor-shape-circle elementor-position-top elementor-mobile-position-top elementor-widget elementor-widget-icon-box\" data-id=\"285514c\" data-element_type=\"widget\" data-widget_type=\"icon-box.default\">\n\t\t\t\t<div class=\"elementor-widget-container\">\n\t\t\t\t\t\t\t<div class=\"elementor-icon-box-wrapper\">\n\n\t\t\t\t\t\t<div class=\"elementor-icon-box-icon\">\n\t\t\t\t<span  class=\"elementor-icon\">\n\t\t\t\t<i aria-hidden=\"true\" class=\"far fa-keyboard\"><\/i>\t\t\t\t<\/span>\n\t\t\t<\/div>\n\t\t\t\n\t\t\t\t\t\t<div class=\"elementor-icon-box-content\">\n\n\t\t\t\t\t\t\t\t\t<h3 class=\"elementor-icon-box-title\">\n\t\t\t\t\t\t<span  >\n\t\t\t\t\t\t\tQuantidade m\u00ednima\t\t\t\t\t\t<\/span>\n\t\t\t\t\t<\/h3>\n\t\t\t\t\n\t\t\t\t\t\t\t\t\t<p class=\"elementor-icon-box-description\">\n\t\t\t\t\t\t1 conjunto\t\t\t\t\t<\/p>\n\t\t\t\t\n\t\t\t<\/div>\n\t\t\t\n\t\t<\/div>\n\t\t\t\t\t\t<\/div>\n\t\t\t\t<\/div>\n\t\t\t\t\t<\/div>\n\t\t<\/div>\n\t\t\t\t<div class=\"elementor-column elementor-col-33 elementor-inner-column elementor-element elementor-element-854262a\" data-id=\"854262a\" data-element_type=\"column\" data-settings=\"{&quot;background_background&quot;:&quot;classic&quot;}\">\n\t\t\t<div class=\"elementor-widget-wrap elementor-element-populated\">\n\t\t\t\t\t<div class=\"elementor-background-overlay\"><\/div>\n\t\t\t\t\t\t<div class=\"elementor-element elementor-element-58bb9de elementor-view-stacked elementor-shape-circle elementor-position-top elementor-mobile-position-top elementor-widget elementor-widget-icon-box\" data-id=\"58bb9de\" data-element_type=\"widget\" data-widget_type=\"icon-box.default\">\n\t\t\t\t<div class=\"elementor-widget-container\">\n\t\t\t\t\t\t\t<div class=\"elementor-icon-box-wrapper\">\n\n\t\t\t\t\t\t<div class=\"elementor-icon-box-icon\">\n\t\t\t\t<span  class=\"elementor-icon\">\n\t\t\t\t<i aria-hidden=\"true\" class=\"far fa-id-badge\"><\/i>\t\t\t\t<\/span>\n\t\t\t<\/div>\n\t\t\t\n\t\t\t\t\t\t<div class=\"elementor-icon-box-content\">\n\n\t\t\t\t\t\t\t\t\t<h3 class=\"elementor-icon-box-title\">\n\t\t\t\t\t\t<span  >\n\t\t\t\t\t\t\tFrete\t\t\t\t\t\t<\/span>\n\t\t\t\t\t<\/h3>\n\t\t\t\t\n\t\t\t\t\t\t\t\t\t<p class=\"elementor-icon-box-description\">\n\t\t\t\t\t\tO cliente suporta ou n\u00f3s suportamos, dependendo da situa\u00e7\u00e3o real.\t\t\t\t\t<\/p>\n\t\t\t\t\n\t\t\t<\/div>\n\t\t\t\n\t\t<\/div>\n\t\t\t\t\t\t<\/div>\n\t\t\t\t<\/div>\n\t\t\t\t\t<\/div>\n\t\t<\/div>\n\t\t\t\t<div class=\"elementor-column elementor-col-33 elementor-inner-column elementor-element elementor-element-572bf51\" data-id=\"572bf51\" data-element_type=\"column\" data-settings=\"{&quot;background_background&quot;:&quot;classic&quot;}\">\n\t\t\t<div class=\"elementor-widget-wrap elementor-element-populated\">\n\t\t\t\t\t<div class=\"elementor-background-overlay\"><\/div>\n\t\t\t\t\t\t<div class=\"elementor-element elementor-element-660580d elementor-view-stacked elementor-shape-circle elementor-position-top elementor-mobile-position-top elementor-widget elementor-widget-icon-box\" data-id=\"660580d\" data-element_type=\"widget\" data-widget_type=\"icon-box.default\">\n\t\t\t\t<div class=\"elementor-widget-container\">\n\t\t\t\t\t\t\t<div class=\"elementor-icon-box-wrapper\">\n\n\t\t\t\t\t\t<div class=\"elementor-icon-box-icon\">\n\t\t\t\t<span  class=\"elementor-icon\">\n\t\t\t\t<i aria-hidden=\"true\" class=\"far fa-newspaper\"><\/i>\t\t\t\t<\/span>\n\t\t\t<\/div>\n\t\t\t\n\t\t\t\t\t\t<div class=\"elementor-icon-box-content\">\n\n\t\t\t\t\t\t\t\t\t<h3 class=\"elementor-icon-box-title\">\n\t\t\t\t\t\t<span  >\n\t\t\t\t\t\t\tDepois das vendas\t\t\t\t\t\t<\/span>\n\t\t\t\t\t<\/h3>\n\t\t\t\t\n\t\t\t\t\t\t\t\t\t<p class=\"elementor-icon-box-description\">\n\t\t\t\t\t\tOrienta\u00e7\u00e3o por v\u00eddeo on-line ou opera\u00e7\u00e3o de orienta\u00e7\u00e3o remota\t\t\t\t\t<\/p>\n\t\t\t\t\n\t\t\t<\/div>\n\t\t\t\n\t\t<\/div>\n\t\t\t\t\t\t<\/div>\n\t\t\t\t<\/div>\n\t\t\t\t\t<\/div>\n\t\t<\/div>\n\t\t\t\t\t<\/div>\n\t\t<\/section>\n\t\t\t\t<div class=\"elementor-element elementor-element-dd9c03b elementor-widget elementor-widget-heading\" data-id=\"dd9c03b\" data-element_type=\"widget\" data-widget_type=\"heading.default\">\n\t\t\t\t<div class=\"elementor-widget-container\">\n\t\t\t\t\t<h5 class=\"elementor-heading-title elementor-size-default\">Produtos quentes<\/h5>\t\t\t\t<\/div>\n\t\t\t\t<\/div>\n\t\t\t\t<div class=\"elementor-element elementor-element-a4c7d4e elementor-grid-mobile-1 elementor-product-loop-item--align-center elementor-grid-4 elementor-grid-tablet-3 elementor-products-grid elementor-wc-products elementor-show-pagination-border-yes elementor-widget elementor-widget-woocommerce-products\" data-id=\"a4c7d4e\" data-element_type=\"widget\" data-widget_type=\"woocommerce-products.default\">\n\t\t\t\t<div class=\"elementor-widget-container\">\n\t\t\t\t\t<div class=\"woocommerce columns-4\"><div class=\"woocommerce-notices-wrapper\"><\/div><ul class=\"products elementor-grid columns-4\">\n<li class=\"desktop-align-center tablet-align-left mobile-align-left product type-product post-1213 status-publish first instock product_cat-hot-machine product_cat-raw-material has-post-thumbnail shipping-taxable product-type-simple\">\n\t<a href=\"https:\/\/estarmachinery.com\/pt\/produto\/wire\/\" class=\"woocommerce-LoopProduct-link woocommerce-loop-product__link\"><img fetchpriority=\"high\" decoding=\"async\" width=\"300\" height=\"300\" src=\"https:\/\/estarmachinery.com\/wp-content\/uploads\/2023\/07\/WIRE-300x300.jpg\" class=\"attachment-woocommerce_thumbnail size-woocommerce_thumbnail\" alt=\"WIRE\" srcset=\"https:\/\/estarmachinery.com\/wp-content\/uploads\/2023\/07\/WIRE-300x300.jpg 300w, https:\/\/estarmachinery.com\/wp-content\/uploads\/2023\/07\/WIRE-150x150.jpg 150w, https:\/\/estarmachinery.com\/wp-content\/uploads\/2023\/07\/WIRE-12x12.jpg 12w, https:\/\/estarmachinery.com\/wp-content\/uploads\/2023\/07\/WIRE-100x100.jpg 100w, https:\/\/estarmachinery.com\/wp-content\/uploads\/2023\/07\/WIRE.jpg 500w\" sizes=\"(max-width: 300px) 100vw, 300px\" \/><h2 class=\"woocommerce-loop-product__title\">Arame<\/h2>\n<\/a><div class=\"woocommerce-loop-product__buttons\"><a href=\"https:\/\/estarmachinery.com\/pt\/produto\/wire\/\" aria-describedby=\"woocommerce_loop_add_to_cart_link_describedby_1213\" data-quantity=\"1\" class=\"button product_type_simple\" data-product_id=\"1213\" data-product_sku=\"\" aria-label=\"Leia mais sobre \u201cWire\u201d\" rel=\"nofollow\" data-success_message=\"\" data-no-translation=\"\" data-trp-gettext=\"\" data-no-translation-aria-label=\"\">Consulte Mais informa\u00e7\u00e3o<\/a><\/div>\t<span id=\"woocommerce_loop_add_to_cart_link_describedby_1213\" class=\"screen-reader-text\">\n\t\t\t<\/span>\n<\/li>\n<li class=\"desktop-align-center tablet-align-left mobile-align-left product type-product post-765 status-publish instock product_cat-cutting-machine product_cat-hot-machine has-post-thumbnail shipping-taxable product-type-simple\">\n\t<a href=\"https:\/\/estarmachinery.com\/pt\/produto\/electric-paper-cutter-size-460mm\/\" class=\"woocommerce-LoopProduct-link woocommerce-loop-product__link\"><img decoding=\"async\" width=\"300\" height=\"300\" src=\"https:\/\/estarmachinery.com\/wp-content\/uploads\/2023\/06\/E\u4e3b\u56fe1-3-300x300.jpg\" class=\"attachment-woocommerce_thumbnail size-woocommerce_thumbnail\" alt=\"Electric Paper Cutter size: 460mm\" srcset=\"https:\/\/estarmachinery.com\/wp-content\/uploads\/2023\/06\/E\u4e3b\u56fe1-3-300x300.jpg 300w, https:\/\/estarmachinery.com\/wp-content\/uploads\/2023\/06\/E\u4e3b\u56fe1-3-150x150.jpg 150w, https:\/\/estarmachinery.com\/wp-content\/uploads\/2023\/06\/E\u4e3b\u56fe1-3-768x768.jpg 768w, https:\/\/estarmachinery.com\/wp-content\/uploads\/2023\/06\/E\u4e3b\u56fe1-3-600x600.jpg 600w, https:\/\/estarmachinery.com\/wp-content\/uploads\/2023\/06\/E\u4e3b\u56fe1-3-100x100.jpg 100w, https:\/\/estarmachinery.com\/wp-content\/uploads\/2023\/06\/E\u4e3b\u56fe1-3.jpg 800w\" sizes=\"(max-width: 300px) 100vw, 300px\" \/><h2 class=\"woocommerce-loop-product__title\">Tamanho el\u00e9trico do cortador de papel: 460 mm<\/h2>\n<\/a><div class=\"woocommerce-loop-product__buttons\"><a href=\"https:\/\/estarmachinery.com\/pt\/produto\/electric-paper-cutter-size-460mm\/\" aria-describedby=\"woocommerce_loop_add_to_cart_link_describedby_765\" data-quantity=\"1\" class=\"button product_type_simple\" data-product_id=\"765\" data-product_sku=\"\" aria-label=\"Leia mais sobre \u201cElectric Paper Cutter size: 460mm\u201d\" rel=\"nofollow\" data-success_message=\"\" data-no-translation=\"\" data-trp-gettext=\"\" data-no-translation-aria-label=\"\">Consulte Mais informa\u00e7\u00e3o<\/a><\/div>\t<span id=\"woocommerce_loop_add_to_cart_link_describedby_765\" class=\"screen-reader-text\">\n\t\t\t<\/span>\n<\/li>\n<li class=\"desktop-align-center tablet-align-left mobile-align-left product type-product post-757 status-publish instock product_cat-folding-machine product_cat-hot-machine has-post-thumbnail shipping-taxable product-type-simple\">\n\t<a href=\"https:\/\/estarmachinery.com\/pt\/produto\/xh2fc-a4-desktop-paper-folding-machine\/\" class=\"woocommerce-LoopProduct-link woocommerce-loop-product__link\"><img decoding=\"async\" width=\"300\" height=\"300\" src=\"https:\/\/estarmachinery.com\/wp-content\/uploads\/2023\/06\/\u516d\u68b3\u673a\u6b63\u9762\u56fe-300x300.jpg\" class=\"attachment-woocommerce_thumbnail size-woocommerce_thumbnail\" alt=\"XH2FC-A4 Desktop paper folding machine\" srcset=\"https:\/\/estarmachinery.com\/wp-content\/uploads\/2023\/06\/\u516d\u68b3\u673a\u6b63\u9762\u56fe-300x300.jpg 300w, https:\/\/estarmachinery.com\/wp-content\/uploads\/2023\/06\/\u516d\u68b3\u673a\u6b63\u9762\u56fe-150x150.jpg 150w, https:\/\/estarmachinery.com\/wp-content\/uploads\/2023\/06\/\u516d\u68b3\u673a\u6b63\u9762\u56fe-768x768.jpg 768w, https:\/\/estarmachinery.com\/wp-content\/uploads\/2023\/06\/\u516d\u68b3\u673a\u6b63\u9762\u56fe-600x600.jpg 600w, https:\/\/estarmachinery.com\/wp-content\/uploads\/2023\/06\/\u516d\u68b3\u673a\u6b63\u9762\u56fe-100x100.jpg 100w, https:\/\/estarmachinery.com\/wp-content\/uploads\/2023\/06\/\u516d\u68b3\u673a\u6b63\u9762\u56fe.jpg 800w\" sizes=\"(max-width: 300px) 100vw, 300px\" \/><h2 class=\"woocommerce-loop-product__title\">M\u00e1quina dobr\u00e1vel de papel de mesa XH2FC-A4<\/h2>\n<\/a><div class=\"woocommerce-loop-product__buttons\"><a href=\"https:\/\/estarmachinery.com\/pt\/produto\/xh2fc-a4-desktop-paper-folding-machine\/\" aria-describedby=\"woocommerce_loop_add_to_cart_link_describedby_757\" data-quantity=\"1\" class=\"button product_type_simple\" data-product_id=\"757\" data-product_sku=\"\" aria-label=\"Leia mais sobre \u201cXH2FC-A4 Desktop paper folding machine\u201d\" rel=\"nofollow\" data-success_message=\"\" data-no-translation=\"\" data-trp-gettext=\"\" data-no-translation-aria-label=\"\">Consulte Mais informa\u00e7\u00e3o<\/a><\/div>\t<span id=\"woocommerce_loop_add_to_cart_link_describedby_757\" class=\"screen-reader-text\">\n\t\t\t<\/span>\n<\/li>\n<li class=\"desktop-align-center tablet-align-left mobile-align-left product type-product post-739 status-publish last instock product_cat-hot-machine product_cat-paper-collator has-post-thumbnail shipping-taxable product-type-simple\">\n\t<a href=\"https:\/\/estarmachinery.com\/pt\/produto\/digital-paper-collator-machine\/\" class=\"woocommerce-LoopProduct-link woocommerce-loop-product__link\"><img loading=\"lazy\" decoding=\"async\" width=\"300\" height=\"300\" src=\"https:\/\/estarmachinery.com\/wp-content\/uploads\/2023\/06\/10-stations-300x300.png\" class=\"attachment-woocommerce_thumbnail size-woocommerce_thumbnail\" alt=\"Digital Paper Collator Machine\" srcset=\"https:\/\/estarmachinery.com\/wp-content\/uploads\/2023\/06\/10-stations-300x300.png 300w, https:\/\/estarmachinery.com\/wp-content\/uploads\/2023\/06\/10-stations-150x150.png 150w, https:\/\/estarmachinery.com\/wp-content\/uploads\/2023\/06\/10-stations-768x768.png 768w, https:\/\/estarmachinery.com\/wp-content\/uploads\/2023\/06\/10-stations-600x600.png 600w, https:\/\/estarmachinery.com\/wp-content\/uploads\/2023\/06\/10-stations-100x100.png 100w, https:\/\/estarmachinery.com\/wp-content\/uploads\/2023\/06\/10-stations.png 800w\" sizes=\"(max-width: 300px) 100vw, 300px\" \/><h2 class=\"woocommerce-loop-product__title\">M\u00e1quina classificadora de papel digital<\/h2>\n<\/a><div class=\"woocommerce-loop-product__buttons\"><a href=\"https:\/\/estarmachinery.com\/pt\/produto\/digital-paper-collator-machine\/\" aria-describedby=\"woocommerce_loop_add_to_cart_link_describedby_739\" data-quantity=\"1\" class=\"button product_type_simple\" data-product_id=\"739\" data-product_sku=\"\" aria-label=\"Leia mais sobre \u201cDigital Paper Collator Machine\u201d\" rel=\"nofollow\" data-success_message=\"\" data-no-translation=\"\" data-trp-gettext=\"\" data-no-translation-aria-label=\"\">Consulte Mais informa\u00e7\u00e3o<\/a><\/div>\t<span id=\"woocommerce_loop_add_to_cart_link_describedby_739\" class=\"screen-reader-text\">\n\t\t\t<\/span>\n<\/li>\n<\/ul>\n<nav class=\"woocommerce-pagination\" aria-label=\"Pagina\u00e7\u00e3o do produto\" data-no-translation-aria-label=\"\">\n\t<ul class='page-numbers'>\n\t<li><span aria-label=\"P\u00e1gina 1\" aria-current=\"page\" class=\"page-numbers current\" data-no-translation-aria-label=\"\">1<\/span><\/li>\n\t<li><a aria-label=\"P\u00e1gina 2\" class=\"page-numbers\" href=\"\/pt\/wp-json\/wp\/v2\/pages\/1067?product-page=2\" data-no-translation-aria-label=\"\">2<\/a><\/li>\n\t<li><a aria-label=\"P\u00e1gina 3\" class=\"page-numbers\" href=\"\/pt\/wp-json\/wp\/v2\/pages\/1067?product-page=3\" data-no-translation-aria-label=\"\">3<\/a><\/li>\n\t<li><a class=\"next page-numbers\" href=\"\/pt\/wp-json\/wp\/v2\/pages\/1067?product-page=2\">\u2192<\/a><\/li>\n<\/ul>\n<\/nav>\n<\/div>\t\t\t\t<\/div>\n\t\t\t\t<\/div>\n\t\t\t\t\t<\/div>\n\t\t<\/div>\n\t\t\t\t\t<\/div>\n\t\t<\/section>\n\t\t\t\t<\/div>","protected":false},"excerpt":{"rendered":"<p>Small Customer Support Small Customer Support Shanghai Easystar Machinery Co.,ltd. MOQ 1 set Freight The customer bears it or we bear it,depending on the actual situaiton. After-sales Online video guidance or remote guidance operation Hot Products<\/p>","protected":false},"author":1,"featured_media":0,"parent":0,"menu_order":0,"comment_status":"closed","ping_status":"closed","template":"","meta":{"site-sidebar-layout":"no-sidebar","site-content-layout":"page-builder","ast-site-content-layout":"default","site-content-style":"default","site-sidebar-style":"default","ast-global-header-display":"","ast-banner-title-visibility":"","ast-main-header-display":"","ast-hfb-above-header-display":"","ast-hfb-below-header-display":"","ast-hfb-mobile-header-display":"","site-post-title":"disabled","ast-breadcrumbs-content":"disabled","ast-featured-img":"disabled","footer-sml-layout":"","theme-transparent-header-meta":"enabled","adv-header-id-meta":"","stick-header-meta":"","header-above-stick-meta":"","header-main-stick-meta":"","header-below-stick-meta":"","astra-migrate-meta-layouts":"default","ast-page-background-enabled":"default","ast-page-background-meta":{"desktop":{"background-color":"","background-image":"","background-repeat":"repeat","background-position":"center center","background-size":"auto","background-attachment":"scroll","background-type":"","background-media":"","overlay-type":"","overlay-color":"","overlay-opacity":"","overlay-gradient":""},"tablet":{"background-color":"","background-image":"","background-repeat":"repeat","background-position":"center center","background-size":"auto","background-attachment":"scroll","background-type":"","background-media":"","overlay-type":"","overlay-color":"","overlay-opacity":"","overlay-gradient":""},"mobile":{"background-color":"","background-image":"","background-repeat":"repeat","background-position":"center center","background-size":"auto","background-attachment":"scroll","background-type":"","background-media":"","overlay-type":"","overlay-color":"","overlay-opacity":"","overlay-gradient":""}},"ast-content-background-meta":{"desktop":{"background-color":"var(--ast-global-color-5)","background-image":"","background-repeat":"repeat","background-position":"center center","background-size":"auto","background-attachment":"scroll","background-type":"","background-media":"","overlay-type":"","overlay-color":"","overlay-opacity":"","overlay-gradient":""},"tablet":{"background-color":"var(--ast-global-color-5)","background-image":"","background-repeat":"repeat","background-position":"center center","background-size":"auto","background-attachment":"scroll","background-type":"","background-media":"","overlay-type":"","overlay-color":"","overlay-opacity":"","overlay-gradient":""},"mobile":{"background-color":"var(--ast-global-color-5)","background-image":"","background-repeat":"repeat","background-position":"center center","background-size":"auto","background-attachment":"scroll","background-type":"","background-media":"","overlay-type":"","overlay-color":"","overlay-opacity":"","overlay-gradient":""}},"footnotes":""},"class_list":["post-1067","page","type-page","status-publish","hentry"],"_links":{"self":[{"href":"https:\/\/estarmachinery.com\/pt\/wp-json\/wp\/v2\/pages\/1067","targetHints":{"allow":["GET"]}}],"collection":[{"href":"https:\/\/estarmachinery.com\/pt\/wp-json\/wp\/v2\/pages"}],"about":[{"href":"https:\/\/estarmachinery.com\/pt\/wp-json\/wp\/v2\/types\/page"}],"author":[{"embeddable":true,"href":"https:\/\/estarmachinery.com\/pt\/wp-json\/wp\/v2\/users\/1"}],"replies":[{"embeddable":true,"href":"https:\/\/estarmachinery.com\/pt\/wp-json\/wp\/v2\/comments?post=1067"}],"version-history":[{"count":3,"href":"https:\/\/estarmachinery.com\/pt\/wp-json\/wp\/v2\/pages\/1067\/revisions"}],"predecessor-version":[{"id":1305,"href":"https:\/\/estarmachinery.com\/pt\/wp-json\/wp\/v2\/pages\/1067\/revisions\/1305"}],"wp:attachment":[{"href":"https:\/\/estarmachinery.com\/pt\/wp-json\/wp\/v2\/media?parent=1067"}],"curies":[{"name":"wp","href":"https:\/\/api.w.org\/{rel}","templated":true}]}}