{"id":1357,"date":"2023-08-22T03:59:57","date_gmt":"2023-08-22T03:59:57","guid":{"rendered":"https:\/\/estarmachinery.com\/?post_type=product&#038;p=1357"},"modified":"2023-08-22T04:02:13","modified_gmt":"2023-08-22T04:02:13","slug":"automatic-high-speed-paper-counter-paper-counting-machine","status":"publish","type":"product","link":"https:\/\/estarmachinery.com\/pt\/produto\/automatic-high-speed-paper-counter-paper-counting-machine\/","title":{"rendered":"M\u00e1quina autom\u00e1tica de contagem de papel de alta velocidade"},"content":{"rendered":"<p>M\u00e1quina autom\u00e1tica de contagem de papel de alta velocidade<\/p>\n<h3 class=\"magic-2\" data-spm-anchor-id=\"a2700.details.0.i28.5bf366fcvlprgS\">Caracter\u00edsticas:<\/h3>\n<div class=\"magic-3\">\n<div class=\"magic-4\">\n<div class=\"magic-5\" data-spm-anchor-id=\"a2700.details.0.i26.5bf366fcvlprgS\"><span data-spm-anchor-id=\"a2700.details.0.i27.5bf366fcvlprgS\">Existem 2 modos de opera\u00e7\u00e3o: 1. Modo de contagem: Neste modo, a m\u00e1quina conta a pilha de papel, sem inser\u00e7\u00e3o de aba. 2. Modo de contagem de lote: Neste modo, a m\u00e1quina pode contar certas folhas com inser\u00e7\u00e3o de aba. Tamanho pequeno da m\u00e1quina, velocidade de contagem \u00e9 de 1000 folhas por minuto, a m\u00e1quina funciona de forma est\u00e1vel e contagem precisa. Controle de tela sens\u00edvel ao toque, f\u00e1cil de operar.<\/span><\/div>\n<div data-spm-anchor-id=\"a2700.details.0.i26.5bf366fcvlprgS\">\n<div class=\"J_module\">\n<div class=\"icbu-pc-detailManyImage magic-7\">\n<div class=\"magic-8\"><a href=\"https:\/\/estarmachinery.com\/pt\/categoria-produto\/counting-machine\/\"><img decoding=\"async\" class=\"magic-9\" src=\"https:\/\/sc04.alicdn.com\/kf\/Hb0cf1eeb6df74cf8a7a546d480d397e7t\/268582949\/Hb0cf1eeb6df74cf8a7a546d480d397e7t.jpg\" data-src=\"\/\/sc04.alicdn.com\/kf\/Hb0cf1eeb6df74cf8a7a546d480d397e7t\/268582949\/Hb0cf1eeb6df74cf8a7a546d480d397e7t.jpg\" data-spm-anchor-id=\"a2700.details.0.i35.5bf366fcZaPXIF\" \/><\/a><\/div>\n<div class=\"magic-8\"><img decoding=\"async\" class=\"magic-9\" src=\"https:\/\/sc04.alicdn.com\/kf\/H34eb45d6c7a642cdb51a44545b4e3877u\/268582949\/H34eb45d6c7a642cdb51a44545b4e3877u.jpg\" data-src=\"\/\/sc04.alicdn.com\/kf\/H34eb45d6c7a642cdb51a44545b4e3877u\/268582949\/H34eb45d6c7a642cdb51a44545b4e3877u.jpg\" \/><\/div>\n<div class=\"magic-8\"><img decoding=\"async\" class=\"magic-9\" src=\"https:\/\/sc04.alicdn.com\/kf\/H8c7a2d46bb124d21afe838c14592ddb9O\/268582949\/H8c7a2d46bb124d21afe838c14592ddb9O.jpg\" data-src=\"\/\/sc04.alicdn.com\/kf\/H8c7a2d46bb124d21afe838c14592ddb9O\/268582949\/H8c7a2d46bb124d21afe838c14592ddb9O.jpg\" \/><\/div>\n<div class=\"magic-8\"><img decoding=\"async\" class=\"magic-9\" src=\"https:\/\/sc04.alicdn.com\/kf\/H4ae702e9d59943e480ad0325476d82c84\/268582949\/H4ae702e9d59943e480ad0325476d82c84.jpg\" data-src=\"\/\/sc04.alicdn.com\/kf\/H4ae702e9d59943e480ad0325476d82c84\/268582949\/H4ae702e9d59943e480ad0325476d82c84.jpg\" \/><\/div>\n<div class=\"magic-8\"><img decoding=\"async\" class=\"magic-9\" src=\"https:\/\/sc04.alicdn.com\/kf\/H5dc6e58c079e4cf8af3a6de80ac55cb29\/268582949\/H5dc6e58c079e4cf8af3a6de80ac55cb29.jpg\" data-src=\"\/\/sc04.alicdn.com\/kf\/H5dc6e58c079e4cf8af3a6de80ac55cb29\/268582949\/H5dc6e58c079e4cf8af3a6de80ac55cb29.jpg\" \/><\/div>\n<\/div>\n<\/div>\n<div class=\"J_module\">\n<div id=\"ali-anchor-AliMagic-g9orjj\" class=\"magic-0\" data-section=\"AliMagic-g9orjj\" data-section-title=\"PRODUCT SPECIFICATIONS\">ESPECIFICA\u00c7\u00d5ES DO PRODUTO<\/div>\n<\/div>\n<div class=\"J_module\">\n<div class=\"ife-detail-decorate-table\">\n<table class=\"all magic-10\">\n<tbody>\n<tr>\n<td colspan=\"1\" rowspan=\"1\">\n<div class=\"magic-11\">N\u00e3o.<\/div>\n<\/td>\n<td colspan=\"1\" rowspan=\"1\">\n<div class=\"magic-12\">Modelo<\/div>\n<\/td>\n<td colspan=\"3\" rowspan=\"1\">\n<div class=\"magic-13\">ES-Y3<\/div>\n<\/td>\n<\/tr>\n<tr>\n<td colspan=\"1\" rowspan=\"1\">\n<div class=\"magic-11\">1<\/div>\n<\/td>\n<td colspan=\"1\" rowspan=\"1\">\n<div class=\"magic-12\">Espessura do papel<\/div>\n<\/td>\n<td colspan=\"3\" rowspan=\"1\">\n<div class=\"magic-13\">45-120 g\/m\u00b2<\/div>\n<\/td>\n<\/tr>\n<tr>\n<td colspan=\"1\" rowspan=\"1\">\n<div class=\"magic-11\">2<\/div>\n<\/td>\n<td colspan=\"1\" rowspan=\"1\">\n<div class=\"magic-12\">Min. Tamanho do papel<\/div>\n<\/td>\n<td colspan=\"3\" rowspan=\"1\">\n<div class=\"magic-13\">100 mm (L) * 150 mm (C)<\/div>\n<\/td>\n<\/tr>\n<tr>\n<td colspan=\"1\" rowspan=\"1\">\n<div class=\"magic-11\">3<\/div>\n<\/td>\n<td colspan=\"1\" rowspan=\"1\">\n<div class=\"magic-12\">M\u00e1x. Tamanho do papel<\/div>\n<\/td>\n<td colspan=\"3\" rowspan=\"1\">\n<div class=\"magic-13\">420 mm (L) x 297 mm (C)<\/div>\n<\/td>\n<\/tr>\n<tr>\n<td colspan=\"1\" rowspan=\"1\">\n<div class=\"magic-11\">4<\/div>\n<\/td>\n<td colspan=\"1\" rowspan=\"1\">\n<div class=\"magic-12\">Velocidade de contagem<\/div>\n<\/td>\n<td colspan=\"3\" rowspan=\"1\">\n<div class=\"magic-13\">0~1000 unidades\/min<\/div>\n<\/td>\n<\/tr>\n<tr>\n<td colspan=\"1\" rowspan=\"1\">\n<div class=\"magic-11\">5<\/div>\n<\/td>\n<td colspan=\"1\" rowspan=\"1\">\n<div class=\"magic-12\">M\u00e1x. altura de carregamento<\/div>\n<\/td>\n<td colspan=\"3\" rowspan=\"1\">\n<div class=\"magic-16\">70 mm<\/div>\n<\/td>\n<\/tr>\n<tr>\n<td colspan=\"1\" rowspan=\"1\">\n<div class=\"magic-11\">6<\/div>\n<\/td>\n<td colspan=\"1\" rowspan=\"1\">\n<div class=\"magic-12\">Fonte de energia<\/div>\n<\/td>\n<td colspan=\"3\" rowspan=\"1\">\n<div class=\"magic-16\">AC240 VCA, 50\/60 Hz<\/div>\n<\/td>\n<\/tr>\n<tr>\n<td colspan=\"1\" rowspan=\"1\">\n<div class=\"magic-11\">7<\/div>\n<\/td>\n<td colspan=\"1\" rowspan=\"1\">\n<div class=\"magic-12\">Carregando altura da mesa<\/div>\n<\/td>\n<td colspan=\"3\" rowspan=\"1\">\n<div class=\"magic-16\">200mm<\/div>\n<\/td>\n<\/tr>\n<tr>\n<td colspan=\"1\" rowspan=\"1\">\n<div class=\"magic-11\">8<\/div>\n<\/td>\n<td colspan=\"1\" rowspan=\"1\">\n<div class=\"magic-12\">Tamanho da m\u00e1quina<\/div>\n<\/td>\n<td colspan=\"3\" rowspan=\"1\">\n<div class=\"magic-16\">670*510*480mm<\/div>\n<\/td>\n<\/tr>\n<tr>\n<td colspan=\"1\" rowspan=\"1\">\n<div class=\"magic-11\">9<\/div>\n<\/td>\n<td colspan=\"1\" rowspan=\"1\">\n<div class=\"magic-12\">Peso l\u00edquido<\/div>\n<\/td>\n<td colspan=\"3\" rowspan=\"1\">\n<div class=\"magic-16\">37kg<\/div>\n<\/td>\n<\/tr>\n<tr>\n<td colspan=\"1\" rowspan=\"1\">\n<div class=\"magic-11\">10<\/div>\n<\/td>\n<td colspan=\"1\" rowspan=\"1\">\n<div class=\"magic-12\">Tamanho da embalagem da caixa de madeira<\/div>\n<\/td>\n<td colspan=\"3\" rowspan=\"1\">\n<div class=\"magic-16\">720*550*660mm<\/div>\n<\/td>\n<\/tr>\n<tr>\n<td colspan=\"1\" rowspan=\"1\">\n<div class=\"magic-11\">11<\/div>\n<\/td>\n<td colspan=\"1\" rowspan=\"1\">\n<div class=\"magic-12\">Peso bruto<\/div>\n<\/td>\n<td colspan=\"3\" rowspan=\"1\">\n<div class=\"magic-16\">62kg<\/div>\n<\/td>\n<\/tr>\n<\/tbody>\n<\/table>\n<\/div>\n<\/div>\n<div class=\"J_module\">\n<div id=\"ali-anchor-AliMagic-zg4wzr\" class=\"magic-0\" data-section=\"AliMagic-zg4wzr\" data-section-title=\"WORKSHOP\">OFICINA<\/div>\n<\/div>\n<div class=\"J_module\">\n<div class=\"icbu-pc-images magic-18\">\n<div>\n<div class=\"flex-layout-v\">\n<div class=\"flex-layout-h magic-18\">\n<div class=\"magic-19\"><img decoding=\"async\" class=\"magic-20\" src=\"https:\/\/sc04.alicdn.com\/kf\/H53c5539da9f54fc98503099731715de19\/268582949\/H53c5539da9f54fc98503099731715de19.png\" data-src=\"\/\/sc04.alicdn.com\/kf\/H53c5539da9f54fc98503099731715de19\/268582949\/H53c5539da9f54fc98503099731715de19.png\" \/><\/div>\n<\/div>\n<\/div>\n<\/div>\n<\/div>\n<\/div>\n<div class=\"J_module\">\n<div id=\"ali-anchor-AliMagic-falkf2\" class=\"magic-0\" data-section=\"AliMagic-falkf2\" data-section-title=\"PACKAGE&amp;SHIPPING\">PACOTE E ENVIO<\/div>\n<\/div>\n<div class=\"J_module\">\n<div class=\"icbu-pc-images magic-18\">\n<div>\n<div class=\"flex-layout-v\">\n<div class=\"flex-layout-h magic-18\">\n<div class=\"magic-21\"><img decoding=\"async\" class=\"magic-22\" src=\"https:\/\/sc04.alicdn.com\/kf\/H8ecfd130278d427f87ab8f67ddba18f5T\/268582949\/H8ecfd130278d427f87ab8f67ddba18f5T.jpg\" data-src=\"\/\/sc04.alicdn.com\/kf\/H8ecfd130278d427f87ab8f67ddba18f5T\/268582949\/H8ecfd130278d427f87ab8f67ddba18f5T.jpg\" \/><\/div>\n<\/div>\n<\/div>\n<\/div>\n<\/div>\n<\/div>\n<div class=\"J_module\">\n<div class=\"icbu-pc-images magic-18\">\n<div>\n<div class=\"flex-layout-v\">\n<div class=\"flex-layout-h magic-18\">\n<div class=\"magic-23\"><img decoding=\"async\" class=\"magic-24\" src=\"https:\/\/sc04.alicdn.com\/kf\/H19f81f822d1b4fd296a73dab12402779B\/268582949\/H19f81f822d1b4fd296a73dab12402779B.jpg\" data-src=\"\/\/sc04.alicdn.com\/kf\/H19f81f822d1b4fd296a73dab12402779B\/268582949\/H19f81f822d1b4fd296a73dab12402779B.jpg\" \/><\/div>\n<\/div>\n<\/div>\n<\/div>\n<\/div>\n<\/div>\n<div class=\"J_module\">\n<div id=\"ali-anchor-AliMagic-b3jszr\" class=\"magic-0\" data-section=\"AliMagic-b3jszr\" data-section-title=\"FAQ\">Perguntas frequentes<\/div>\n<\/div>\n<div class=\"J_module\">\n<div class=\"detail-decorate-json-renderer-container\">\n<div class=\"magic-1\">\n<div class=\"magic-3\">\n<div class=\"magic-4\">\n<div class=\"magic-5\">\n<p>Q1:Voc\u00ea \u00e9 fabricante ou empresa comercial?<\/p>\n<div>A1:N\u00f3s somos fabricantes.<\/div>\n<div>Q2:Qual \u00e9 o prazo de pre\u00e7o?<br \/>\nA2: O pre\u00e7o listado \u00e9 FOB. Pode haver custos adicionais de despachante dependendo de diferentes despachantes e remessas<\/div>\n<div>\n<p>m\u00e9todo. O pre\u00e7o pode flutuar devido ao custo do material\/custo do trabalho\/altera\u00e7\u00e3o da taxa de c\u00e2mbio. Consulte nossos vendedores antes de confirmar um pedido.<\/p>\n<p>Q3:Quanto tempo voc\u00ea precisa para produzir os produtos?<br \/>\nA3: Organizamos o envio em 7 a 15 dias.<\/p>\n<p>Q4:Como fazer o pedido e providenciar o pagamento?<br \/>\nA4: Se voc\u00ea comprar nosso produto RTS, poder\u00e1 entrar em contato com nossas vendas para elaborar um pedido de PI ou de garantia comercial para voc\u00ea ou pode pressionar o bot\u00e3o &quot;iniciar pedido&quot; no Alibaba.<\/p>\n<p>Q5:Quais documentos voc\u00ea fornece?<br \/>\nA5: Fornecemos fatura comercial, lista de embalagem, conhecimento de carregamento, certificado de origem, certificado de fumiga\u00e7\u00e3o. Se seus mercados tiverem algum requisito especial, como SONCAP, PVOC, informe-nos.<\/p>\n<p>Q6:Qual \u00e9 o prazo de pagamento? Como posso organizar o pagamento?<br \/>\nA6:Aceitamos pagamento TT \/ LC \/ Trade Assurance.<\/p>\n<p>Q7: Qual \u00e9 a porta de carregamento?<br \/>\nA7: Geralmente \u00e9 Xangai, Qingdao. Podemos entregar mercadorias no porto indicado pelo cliente.<\/p>\n<p>8. Se voc\u00ea tiver alguma outra d\u00favida ou d\u00favida sobre customiza\u00e7\u00e3o, clique em \u201cConverse Agora\u201d \u00e0 direita ou envie-nos um e-mail, disponibilizamos 24 horas para voc\u00ea.<\/p>\n<\/div>\n<\/div>\n<\/div>\n<\/div>\n<\/div>\n<\/div>\n<\/div>\n<\/div>\n<\/div>\n<\/div>","protected":false},"excerpt":{"rendered":"<p>Automatic High Speed Paper Counter Paper Counting Machine Features: There are 2 operation modes: 1. Counting mode: Under this mode, machine count the paper stack, no tab insert 2. Batch counting mode: Under this mode, machine can count certain nos sheets with tab insert. Small machine size, counting speed is 1000 sheets per min, the [&hellip;]<\/p>","protected":false},"featured_media":1364,"template":"","meta":{"site-sidebar-layout":"default","site-content-layout":"default","ast-site-content-layout":"default","site-content-style":"default","site-sidebar-style":"default","ast-global-header-display":"","ast-banner-title-visibility":"","ast-main-header-display":"","ast-hfb-above-header-display":"","ast-hfb-below-header-display":"","ast-hfb-mobile-header-display":"","site-post-title":"","ast-breadcrumbs-content":"","ast-featured-img":"","footer-sml-layout":"","ast-disable-related-posts":"","theme-transparent-header-meta":"default","adv-header-id-meta":"","stick-header-meta":"","header-above-stick-meta":"","header-main-stick-meta":"","header-below-stick-meta":"","astra-migrate-meta-layouts":"default","ast-page-background-enabled":"default","ast-page-background-meta":{"desktop":{"background-color":"","background-image":"","background-repeat":"repeat","background-position":"center center","background-size":"auto","background-attachment":"scroll","background-type":"","background-media":"","overlay-type":"","overlay-color":"","overlay-opacity":"","overlay-gradient":""},"tablet":{"background-color":"","background-image":"","background-repeat":"repeat","background-position":"center center","background-size":"auto","background-attachment":"scroll","background-type":"","background-media":"","overlay-type":"","overlay-color":"","overlay-opacity":"","overlay-gradient":""},"mobile":{"background-color":"","background-image":"","background-repeat":"repeat","background-position":"center center","background-size":"auto","background-attachment":"scroll","background-type":"","background-media":"","overlay-type":"","overlay-color":"","overlay-opacity":"","overlay-gradient":""}},"ast-content-background-meta":{"desktop":{"background-color":"var(--ast-global-color-5)","background-image":"","background-repeat":"repeat","background-position":"center center","background-size":"auto","background-attachment":"scroll","background-type":"","background-media":"","overlay-type":"","overlay-color":"","overlay-opacity":"","overlay-gradient":""},"tablet":{"background-color":"var(--ast-global-color-5)","background-image":"","background-repeat":"repeat","background-position":"center center","background-size":"auto","background-attachment":"scroll","background-type":"","background-media":"","overlay-type":"","overlay-color":"","overlay-opacity":"","overlay-gradient":""},"mobile":{"background-color":"var(--ast-global-color-5)","background-image":"","background-repeat":"repeat","background-position":"center center","background-size":"auto","background-attachment":"scroll","background-type":"","background-media":"","overlay-type":"","overlay-color":"","overlay-opacity":"","overlay-gradient":""}}},"product_brand":[],"product_cat":[49],"product_tag":[],"class_list":{"0":"post-1357","1":"product","2":"type-product","3":"status-publish","4":"has-post-thumbnail","6":"product_cat-counting-machine","7":"desktop-align-center","8":"tablet-align-left","9":"mobile-align-left","11":"first","12":"instock","13":"shipping-taxable","14":"product-type-simple"},"_links":{"self":[{"href":"https:\/\/estarmachinery.com\/pt\/wp-json\/wp\/v2\/product\/1357","targetHints":{"allow":["GET"]}}],"collection":[{"href":"https:\/\/estarmachinery.com\/pt\/wp-json\/wp\/v2\/product"}],"about":[{"href":"https:\/\/estarmachinery.com\/pt\/wp-json\/wp\/v2\/types\/product"}],"wp:featuredmedia":[{"embeddable":true,"href":"https:\/\/estarmachinery.com\/pt\/wp-json\/wp\/v2\/media\/1364"}],"wp:attachment":[{"href":"https:\/\/estarmachinery.com\/pt\/wp-json\/wp\/v2\/media?parent=1357"}],"wp:term":[{"taxonomy":"product_brand","embeddable":true,"href":"https:\/\/estarmachinery.com\/pt\/wp-json\/wp\/v2\/product_brand?post=1357"},{"taxonomy":"product_cat","embeddable":true,"href":"https:\/\/estarmachinery.com\/pt\/wp-json\/wp\/v2\/product_cat?post=1357"},{"taxonomy":"product_tag","embeddable":true,"href":"https:\/\/estarmachinery.com\/pt\/wp-json\/wp\/v2\/product_tag?post=1357"}],"curies":[{"name":"wp","href":"https:\/\/api.w.org\/{rel}","templated":true}]}}