{"id":585,"date":"2023-06-18T17:31:30","date_gmt":"2023-06-18T17:31:30","guid":{"rendered":"https:\/\/estarmachinery.com\/?post_type=product&#038;p=585"},"modified":"2023-07-13T08:52:15","modified_gmt":"2023-07-13T08:52:15","slug":"es-8800-8801-round-corner-cutter-quotation-sheet","status":"publish","type":"product","link":"https:\/\/estarmachinery.com\/pt\/produto\/es-8800-8801-round-corner-cutter-quotation-sheet\/","title":{"rendered":"Folha de cota\u00e7\u00e3o do cortador de canto redondo ES-8800 8801"},"content":{"rendered":"<p>&nbsp;<\/p>\n<table>\n<tbody>\n<tr>\n<td style=\"text-align: center;\" colspan=\"3\" width=\"1486\"><strong>Cortador de canto redondo \u00a0<\/strong><\/td>\n<\/tr>\n<tr>\n<td colspan=\"2\" width=\"743\"><strong>ES<\/strong><strong>&#8211;<\/strong><strong>RC8800 <\/strong>Cortador manual de cantos redondos<\/td>\n<td width=\"743\"><strong>ES<\/strong><strong>&#8211;<\/strong><strong>RC8801 <\/strong>Cortador el\u00e9trico de canto redondo<\/td>\n<\/tr>\n<tr>\n<td colspan=\"3\" width=\"1486\">Estamos muito gratos a voc\u00ea pelo seu interesse em nosso cortador manual de cantos redondos. Com base nos nossos termos e condi\u00e7\u00f5es gerais de venda, temos o prazer de cit\u00e1-lo da seguinte forma:<\/p>\n<p><strong><b>Especifica\u00e7\u00e3o:<\/b><\/strong><\/td>\n<\/tr>\n<tr>\n<td width=\"559\">Modelo<\/td>\n<td colspan=\"2\" width=\"926\"><strong>ES<\/strong><strong>&#8211;<\/strong><strong>RC8800 \u00a0<\/strong>Cortador manual de cantos redondos<\/td>\n<\/tr>\n<tr>\n<td width=\"559\">M\u00e1x. Espessura de corte<\/td>\n<td colspan=\"2\" width=\"926\">30mm<\/td>\n<\/tr>\n<tr>\n<td width=\"559\">Dimens\u00e3o da M\u00e1quina<\/td>\n<td colspan=\"2\" width=\"926\">320x220x230mm<\/td>\n<\/tr>\n<tr>\n<td width=\"559\">Peso da m\u00e1quina<\/td>\n<td colspan=\"2\" width=\"926\">7,5kg<\/td>\n<\/tr>\n<tr>\n<td colspan=\"3\" width=\"1486\"><strong><b>Caracter\u00edsticas:<\/b><\/strong><\/p>\n<p>\u00c9 usado para cortar cantos arredondados para certificados, cart\u00f5es, cadernetas, filmes e livros.<\/td>\n<\/tr>\n<\/tbody>\n<\/table>\n<p>&nbsp;<\/p>\n<p>&nbsp;<\/p>\n<table>\n<tbody>\n<tr>\n<td width=\"559\">Modelo<\/td>\n<td width=\"926\"><strong>ES<\/strong><strong>&#8211;<\/strong><strong>RC8801 <\/strong>Cortador el\u00e9trico de canto redondo<\/td>\n<\/tr>\n<tr>\n<td width=\"559\">M\u00e1x. \u00c2ngulo<\/td>\n<td width=\"926\">R10<\/td>\n<\/tr>\n<tr>\n<td width=\"559\">\u00c2ngulo m\u00ednimo<\/td>\n<td width=\"926\">R3<\/td>\n<\/tr>\n<tr>\n<td width=\"559\">Altura m\u00e1xima de corte<\/td>\n<td width=\"926\">70 mm<\/td>\n<\/tr>\n<tr>\n<td width=\"559\">Frequ\u00eancia de trabalho<\/td>\n<td width=\"926\">60 vezes\/min<\/td>\n<\/tr>\n<tr>\n<td width=\"559\">Fonte de energia<\/td>\n<td width=\"926\">220V\/180W<\/td>\n<\/tr>\n<tr>\n<td width=\"559\">Tamanho da embalagem<\/td>\n<td width=\"926\">450*340*660mm<\/td>\n<\/tr>\n<tr>\n<td width=\"559\">Peso da m\u00e1quina<\/td>\n<td width=\"926\">45kg<\/td>\n<\/tr>\n<tr>\n<td colspan=\"2\" width=\"1486\"><strong><b>Caracter\u00edsticas:<\/b><\/strong><\/p>\n<p>1. Existem sete facas de R3, R4, R5, R6, R8, R9, R10<\/p>\n<p>2. Interruptor de p\u00e9 el\u00e9trico, opera\u00e7\u00e3o f\u00e1cil, economia de trabalho, alta efici\u00eancia.<\/p>\n<p>3. Adicionando a placa de posi\u00e7\u00e3o da faca, interruptor de avan\u00e7o, capa protetora de novo estilo e plataforma aumentada.<\/p>\n<p>4. Esta m\u00e1quina \u00e9 a melhor escolha na ind\u00fastria nacional de corte de cantos redondos.<\/p>\n<p>5. \u00c9 usado para cart\u00e3o de visita, etiqueta manual, notebook, filme pl\u00e1stico, PVC, placa de densidade e assim por diante.<\/td>\n<\/tr>\n<\/tbody>\n<\/table>\n<p>&nbsp;<\/p>","protected":false},"excerpt":{"rendered":"<p>&nbsp; Round-Corner Cutter \u00a0 ES&#8211;RC8800 Manual Round-Corner Cutter ES&#8211;RC8801 Electric\u00a0Round-Corner Cutter We are highly thankful to you for your interested in our\u00a0Manual Round-Corner Cutter.\u00a0On the basis of our general terms and conditions of sale, we have pleasure to quote you as followings: Specification: Model ES&#8211;RC8800 \u00a0Manual Round-Corner Cutter Max. Cutting thickness 30mm Machine Dimension 320x220x230mm [&hellip;]<\/p>","protected":false},"featured_media":587,"template":"","meta":{"site-sidebar-layout":"default","site-content-layout":"default","ast-site-content-layout":"default","site-content-style":"default","site-sidebar-style":"default","ast-global-header-display":"","ast-banner-title-visibility":"","ast-main-header-display":"","ast-hfb-above-header-display":"","ast-hfb-below-header-display":"","ast-hfb-mobile-header-display":"","site-post-title":"","ast-breadcrumbs-content":"","ast-featured-img":"","footer-sml-layout":"","theme-transparent-header-meta":"default","adv-header-id-meta":"","stick-header-meta":"","header-above-stick-meta":"","header-main-stick-meta":"","header-below-stick-meta":"","astra-migrate-meta-layouts":"default","ast-page-background-enabled":"default","ast-page-background-meta":{"desktop":{"background-color":"","background-image":"","background-repeat":"repeat","background-position":"center center","background-size":"auto","background-attachment":"scroll","background-type":"","background-media":"","overlay-type":"","overlay-color":"","overlay-opacity":"","overlay-gradient":""},"tablet":{"background-color":"","background-image":"","background-repeat":"repeat","background-position":"center center","background-size":"auto","background-attachment":"scroll","background-type":"","background-media":"","overlay-type":"","overlay-color":"","overlay-opacity":"","overlay-gradient":""},"mobile":{"background-color":"","background-image":"","background-repeat":"repeat","background-position":"center center","background-size":"auto","background-attachment":"scroll","background-type":"","background-media":"","overlay-type":"","overlay-color":"","overlay-opacity":"","overlay-gradient":""}},"ast-content-background-meta":{"desktop":{"background-color":"var(--ast-global-color-5)","background-image":"","background-repeat":"repeat","background-position":"center center","background-size":"auto","background-attachment":"scroll","background-type":"","background-media":"","overlay-type":"","overlay-color":"","overlay-opacity":"","overlay-gradient":""},"tablet":{"background-color":"var(--ast-global-color-5)","background-image":"","background-repeat":"repeat","background-position":"center center","background-size":"auto","background-attachment":"scroll","background-type":"","background-media":"","overlay-type":"","overlay-color":"","overlay-opacity":"","overlay-gradient":""},"mobile":{"background-color":"var(--ast-global-color-5)","background-image":"","background-repeat":"repeat","background-position":"center center","background-size":"auto","background-attachment":"scroll","background-type":"","background-media":"","overlay-type":"","overlay-color":"","overlay-opacity":"","overlay-gradient":""}}},"product_brand":[],"product_cat":[45,60],"product_tag":[],"class_list":{"0":"post-585","1":"product","2":"type-product","3":"status-publish","4":"has-post-thumbnail","6":"product_cat-cutting-machine","7":"product_cat-hot-machine","8":"desktop-align-center","9":"tablet-align-left","10":"mobile-align-left","12":"first","13":"instock","14":"shipping-taxable","15":"product-type-simple"},"_links":{"self":[{"href":"https:\/\/estarmachinery.com\/pt\/wp-json\/wp\/v2\/product\/585","targetHints":{"allow":["GET"]}}],"collection":[{"href":"https:\/\/estarmachinery.com\/pt\/wp-json\/wp\/v2\/product"}],"about":[{"href":"https:\/\/estarmachinery.com\/pt\/wp-json\/wp\/v2\/types\/product"}],"wp:featuredmedia":[{"embeddable":true,"href":"https:\/\/estarmachinery.com\/pt\/wp-json\/wp\/v2\/media\/587"}],"wp:attachment":[{"href":"https:\/\/estarmachinery.com\/pt\/wp-json\/wp\/v2\/media?parent=585"}],"wp:term":[{"taxonomy":"product_brand","embeddable":true,"href":"https:\/\/estarmachinery.com\/pt\/wp-json\/wp\/v2\/product_brand?post=585"},{"taxonomy":"product_cat","embeddable":true,"href":"https:\/\/estarmachinery.com\/pt\/wp-json\/wp\/v2\/product_cat?post=585"},{"taxonomy":"product_tag","embeddable":true,"href":"https:\/\/estarmachinery.com\/pt\/wp-json\/wp\/v2\/product_tag?post=585"}],"curies":[{"name":"wp","href":"https:\/\/api.w.org\/{rel}","templated":true}]}}