{"id":592,"date":"2023-06-18T17:35:24","date_gmt":"2023-06-18T17:35:24","guid":{"rendered":"https:\/\/estarmachinery.com\/?post_type=product&#038;p=592"},"modified":"2023-07-13T08:52:40","modified_gmt":"2023-07-13T08:52:40","slug":"book-corner-cutting-machine","status":"publish","type":"product","link":"https:\/\/estarmachinery.com\/pt\/produto\/book-corner-cutting-machine\/","title":{"rendered":"M\u00e1quina de corte de canto de livro"},"content":{"rendered":"<p style=\"text-align: center;\"><strong><b>M\u00e1quina para arredondar cantos de livros<\/b><\/strong><\/p>\n<p><img fetchpriority=\"high\" decoding=\"async\" class=\"alignnone size-medium wp-image-593\" src=\"https:\/\/estarmachinery.com\/wp-content\/uploads\/2023\/06\/16e0622d586880820dc185eb45f432d-300x200.jpg\" alt=\"Book corner rounding machine\" width=\"300\" height=\"200\" srcset=\"https:\/\/estarmachinery.com\/wp-content\/uploads\/2023\/06\/16e0622d586880820dc185eb45f432d-300x200.jpg 300w, https:\/\/estarmachinery.com\/wp-content\/uploads\/2023\/06\/16e0622d586880820dc185eb45f432d-1024x683.jpg 1024w, https:\/\/estarmachinery.com\/wp-content\/uploads\/2023\/06\/16e0622d586880820dc185eb45f432d-768x512.jpg 768w, https:\/\/estarmachinery.com\/wp-content\/uploads\/2023\/06\/16e0622d586880820dc185eb45f432d-1536x1024.jpg 1536w, https:\/\/estarmachinery.com\/wp-content\/uploads\/2023\/06\/16e0622d586880820dc185eb45f432d-600x400.jpg 600w, https:\/\/estarmachinery.com\/wp-content\/uploads\/2023\/06\/16e0622d586880820dc185eb45f432d.jpg 1920w\" sizes=\"(max-width: 300px) 100vw, 300px\" \/> <img decoding=\"async\" class=\"size-medium wp-image-594 alignright\" src=\"https:\/\/estarmachinery.com\/wp-content\/uploads\/2023\/06\/ac290d84fdb709f0e84150aadeeb42d-300x200.jpg\" alt=\"Book corner rounding machine\" width=\"300\" height=\"200\" srcset=\"https:\/\/estarmachinery.com\/wp-content\/uploads\/2023\/06\/ac290d84fdb709f0e84150aadeeb42d-300x200.jpg 300w, https:\/\/estarmachinery.com\/wp-content\/uploads\/2023\/06\/ac290d84fdb709f0e84150aadeeb42d-1024x683.jpg 1024w, https:\/\/estarmachinery.com\/wp-content\/uploads\/2023\/06\/ac290d84fdb709f0e84150aadeeb42d-768x512.jpg 768w, https:\/\/estarmachinery.com\/wp-content\/uploads\/2023\/06\/ac290d84fdb709f0e84150aadeeb42d-1536x1024.jpg 1536w, https:\/\/estarmachinery.com\/wp-content\/uploads\/2023\/06\/ac290d84fdb709f0e84150aadeeb42d-600x400.jpg 600w, https:\/\/estarmachinery.com\/wp-content\/uploads\/2023\/06\/ac290d84fdb709f0e84150aadeeb42d.jpg 1920w\" sizes=\"(max-width: 300px) 100vw, 300px\" \/><\/p>\n<p>Estamos muito gratos a voc\u00ea pelo seu interesse em nossa m\u00e1quina para arredondar cantos de livros. Com base nos nossos termos e condi\u00e7\u00f5es gerais de venda, temos o prazer de cit\u00e1-lo da seguinte forma:<\/p>\n<table>\n<tbody>\n<tr>\n<td colspan=\"2\" width=\"1486\"><strong>Especifica\u00e7\u00e3o:<\/strong><\/td>\n<\/tr>\n<tr>\n<td width=\"559\">Modelo<\/td>\n<td width=\"926\"><strong><b>ES460 <\/b><\/strong><\/td>\n<\/tr>\n<tr>\n<td width=\"559\">Velocidade de trabalho<\/td>\n<td width=\"926\">18 cortes\/min<\/td>\n<\/tr>\n<tr>\n<td width=\"559\">Tamanho m\u00e1ximo do produto de corte<\/td>\n<td width=\"926\">460 mm<\/td>\n<\/tr>\n<tr>\n<td width=\"559\">Tamanho m\u00ednimo do produto de corte<\/td>\n<td width=\"926\">130 mm, 100 mm (modo manual)<\/td>\n<\/tr>\n<tr>\n<td width=\"559\">Altura m\u00e1xima de corte<\/td>\n<td width=\"926\">80mm<\/td>\n<\/tr>\n<tr>\n<td width=\"559\">Pot\u00eancia de press\u00e3o de ar\/press\u00e3o de ar<\/td>\n<td width=\"926\">2,5 kw\/6-8bar<\/td>\n<\/tr>\n<tr>\n<td width=\"559\">Largura da fita<\/td>\n<td width=\"926\">220V\/1KW<\/td>\n<\/tr>\n<tr>\n<td width=\"559\">Dimens\u00e3o global<\/td>\n<td width=\"926\">(1100+1500correia de recep\u00e7\u00e3o)\u00d7730\u00d71430mm<\/td>\n<\/tr>\n<tr>\n<td width=\"559\">Peso<\/td>\n<td width=\"926\">300kg<\/td>\n<\/tr>\n<tr>\n<td colspan=\"2\" width=\"1486\">Caracter\u00edsticas:<\/p>\n<p>1. Alinhamento e empurr\u00e3o autom\u00e1ticos, arredondamento autom\u00e1tico de dois cantos, alimenta\u00e7\u00e3o autom\u00e1tica para a correia receptora. N\u00e3o h\u00e1 necessidade de alinhamento manual e empurr\u00e3o, alta efici\u00eancia de produ\u00e7\u00e3o.<\/p>\n<p>2. Controle do programa PLC, arredondamento preciso dos cantos<\/p>\n<p>3. Usando l\u00e2minas de a\u00e7o cromado, a incis\u00e3o \u00e9 plana e sem res\u00edduos, dur\u00e1vel<\/p>\n<p>Procedimentos de opera\u00e7\u00e3o:<\/p>\n<p>1. Alimenta\u00e7\u00e3o manual<\/p>\n<p>2. Alinhamento autom\u00e1tico dianteiro e traseiro<\/p>\n<p>3. Arredondamento autom\u00e1tico de cantos em ambos os lados<\/p>\n<p>4. Empurrar automaticamente o produto para a placa esf\u00e9rica receptora \u00e0 direita<\/td>\n<\/tr>\n<\/tbody>\n<\/table>","protected":false},"excerpt":{"rendered":"<p>Book corner rounding machine We are highly thankful to you for your interested in our\u00a0book corner rounding machine. On the basis of our general terms and conditions of sale, we have pleasure to quote you as followings: Specification: Model ES460 Working speed 18cuts\/min Max.cutting product size 460mm Min.cutting product size 130mm, 100mm(manual mode) Max.cutting height [&hellip;]<\/p>","protected":false},"featured_media":596,"template":"","meta":{"site-sidebar-layout":"default","site-content-layout":"default","ast-site-content-layout":"default","site-content-style":"default","site-sidebar-style":"default","ast-global-header-display":"","ast-banner-title-visibility":"","ast-main-header-display":"","ast-hfb-above-header-display":"","ast-hfb-below-header-display":"","ast-hfb-mobile-header-display":"","site-post-title":"","ast-breadcrumbs-content":"","ast-featured-img":"","footer-sml-layout":"","ast-disable-related-posts":"","theme-transparent-header-meta":"default","adv-header-id-meta":"","stick-header-meta":"","header-above-stick-meta":"","header-main-stick-meta":"","header-below-stick-meta":"","astra-migrate-meta-layouts":"default","ast-page-background-enabled":"default","ast-page-background-meta":{"desktop":{"background-color":"","background-image":"","background-repeat":"repeat","background-position":"center center","background-size":"auto","background-attachment":"scroll","background-type":"","background-media":"","overlay-type":"","overlay-color":"","overlay-opacity":"","overlay-gradient":""},"tablet":{"background-color":"","background-image":"","background-repeat":"repeat","background-position":"center center","background-size":"auto","background-attachment":"scroll","background-type":"","background-media":"","overlay-type":"","overlay-color":"","overlay-opacity":"","overlay-gradient":""},"mobile":{"background-color":"","background-image":"","background-repeat":"repeat","background-position":"center center","background-size":"auto","background-attachment":"scroll","background-type":"","background-media":"","overlay-type":"","overlay-color":"","overlay-opacity":"","overlay-gradient":""}},"ast-content-background-meta":{"desktop":{"background-color":"var(--ast-global-color-5)","background-image":"","background-repeat":"repeat","background-position":"center center","background-size":"auto","background-attachment":"scroll","background-type":"","background-media":"","overlay-type":"","overlay-color":"","overlay-opacity":"","overlay-gradient":""},"tablet":{"background-color":"var(--ast-global-color-5)","background-image":"","background-repeat":"repeat","background-position":"center center","background-size":"auto","background-attachment":"scroll","background-type":"","background-media":"","overlay-type":"","overlay-color":"","overlay-opacity":"","overlay-gradient":""},"mobile":{"background-color":"var(--ast-global-color-5)","background-image":"","background-repeat":"repeat","background-position":"center center","background-size":"auto","background-attachment":"scroll","background-type":"","background-media":"","overlay-type":"","overlay-color":"","overlay-opacity":"","overlay-gradient":""}}},"product_brand":[],"product_cat":[45,60],"product_tag":[],"class_list":{"0":"post-592","1":"product","2":"type-product","3":"status-publish","4":"has-post-thumbnail","6":"product_cat-cutting-machine","7":"product_cat-hot-machine","8":"desktop-align-center","9":"tablet-align-left","10":"mobile-align-left","12":"first","13":"instock","14":"shipping-taxable","15":"product-type-simple"},"_links":{"self":[{"href":"https:\/\/estarmachinery.com\/pt\/wp-json\/wp\/v2\/product\/592","targetHints":{"allow":["GET"]}}],"collection":[{"href":"https:\/\/estarmachinery.com\/pt\/wp-json\/wp\/v2\/product"}],"about":[{"href":"https:\/\/estarmachinery.com\/pt\/wp-json\/wp\/v2\/types\/product"}],"wp:featuredmedia":[{"embeddable":true,"href":"https:\/\/estarmachinery.com\/pt\/wp-json\/wp\/v2\/media\/596"}],"wp:attachment":[{"href":"https:\/\/estarmachinery.com\/pt\/wp-json\/wp\/v2\/media?parent=592"}],"wp:term":[{"taxonomy":"product_brand","embeddable":true,"href":"https:\/\/estarmachinery.com\/pt\/wp-json\/wp\/v2\/product_brand?post=592"},{"taxonomy":"product_cat","embeddable":true,"href":"https:\/\/estarmachinery.com\/pt\/wp-json\/wp\/v2\/product_cat?post=592"},{"taxonomy":"product_tag","embeddable":true,"href":"https:\/\/estarmachinery.com\/pt\/wp-json\/wp\/v2\/product_tag?post=592"}],"curies":[{"name":"wp","href":"https:\/\/api.w.org\/{rel}","templated":true}]}}