{"id":607,"date":"2023-06-18T17:46:01","date_gmt":"2023-06-18T17:46:01","guid":{"rendered":"https:\/\/estarmachinery.com\/?post_type=product&#038;p=607"},"modified":"2023-07-07T03:49:53","modified_gmt":"2023-07-07T03:49:53","slug":"es-jd8500-paper-slitting-machine","status":"publish","type":"product","link":"https:\/\/estarmachinery.com\/pt\/produto\/es-jd8500-paper-slitting-machine\/","title":{"rendered":"M\u00e1quina de corte de papel ES-JD8500"},"content":{"rendered":"<p style=\"text-align: center;\"><strong><b>Papel <\/b><\/strong><strong><b>Corte<\/b><\/strong><strong><b>\u00a0M\u00e1quina<\/b><\/strong><\/p>\n<p><img fetchpriority=\"high\" decoding=\"async\" class=\"alignnone size-medium wp-image-613\" src=\"https:\/\/estarmachinery.com\/wp-content\/uploads\/2023\/06\/linotype-machine-3-1-300x300.jpg\" alt=\"Paper Slitting Machine\" width=\"300\" height=\"300\" srcset=\"https:\/\/estarmachinery.com\/wp-content\/uploads\/2023\/06\/linotype-machine-3-1-300x300.jpg 300w, https:\/\/estarmachinery.com\/wp-content\/uploads\/2023\/06\/linotype-machine-3-1-150x150.jpg 150w, https:\/\/estarmachinery.com\/wp-content\/uploads\/2023\/06\/linotype-machine-3-1-768x768.jpg 768w, https:\/\/estarmachinery.com\/wp-content\/uploads\/2023\/06\/linotype-machine-3-1-600x600.jpg 600w, https:\/\/estarmachinery.com\/wp-content\/uploads\/2023\/06\/linotype-machine-3-1-100x100.jpg 100w, https:\/\/estarmachinery.com\/wp-content\/uploads\/2023\/06\/linotype-machine-3-1.jpg 800w\" sizes=\"(max-width: 300px) 100vw, 300px\" \/>\u00a0 \u00a0 \u00a0 \u00a0 \u00a0 \u00a0\u00a0 <img decoding=\"async\" class=\"alignnone size-medium wp-image-614\" src=\"https:\/\/estarmachinery.com\/wp-content\/uploads\/2023\/06\/Paper-Slitting-Machine-1-300x225.jpg\" alt=\"Paper Slitting Machine\" width=\"300\" height=\"225\" srcset=\"https:\/\/estarmachinery.com\/wp-content\/uploads\/2023\/06\/Paper-Slitting-Machine-1-300x225.jpg 300w, https:\/\/estarmachinery.com\/wp-content\/uploads\/2023\/06\/Paper-Slitting-Machine-1.jpg 600w\" sizes=\"(max-width: 300px) 100vw, 300px\" \/>\u00a0 \u00a0 \u00a0 \u00a0 \u00a0 \u00a0 \u00a0\u00a0 <img decoding=\"async\" class=\"alignnone size-medium wp-image-615\" src=\"https:\/\/estarmachinery.com\/wp-content\/uploads\/2023\/06\/Paper-Slitting-Machine-1-300x225.png\" alt=\"Paper Slitting Machine\" width=\"300\" height=\"225\" srcset=\"https:\/\/estarmachinery.com\/wp-content\/uploads\/2023\/06\/Paper-Slitting-Machine-1-300x225.png 300w, https:\/\/estarmachinery.com\/wp-content\/uploads\/2023\/06\/Paper-Slitting-Machine-1.png 600w\" sizes=\"(max-width: 300px) 100vw, 300px\" \/><\/p>\n<p>Estamos muito gratos a voc\u00ea pelo seu interesse em nossa m\u00e1quina de corte de papel. Com base nos nossos termos e condi\u00e7\u00f5es gerais de venda, temos o prazer de cit\u00e1-lo da seguinte forma:<\/p>\n<table>\n<tbody>\n<tr>\n<td width=\"561\">Modelo<\/td>\n<td width=\"924\"><strong><b>ES-S8500<\/b><\/strong><\/td>\n<\/tr>\n<tr>\n<td width=\"561\">Largura m\u00e1xima<\/td>\n<td width=\"924\">500 mm<\/td>\n<\/tr>\n<tr>\n<td width=\"561\">Misturar. Dist\u00e2ncia de corte<\/td>\n<td width=\"924\">10mm<\/td>\n<\/tr>\n<tr>\n<td width=\"561\">Velocidade do eixo do tambor<\/td>\n<td width=\"924\">80 rota\u00e7\u00f5es\/minuto<\/td>\n<\/tr>\n<tr>\n<td width=\"561\">Poder<\/td>\n<td width=\"924\">220v<\/td>\n<\/tr>\n<tr>\n<td width=\"561\">Tamanho da embalagem<\/td>\n<td width=\"924\">590*370*240mm<\/td>\n<\/tr>\n<tr>\n<td width=\"561\">Peso da m\u00e1quina<\/td>\n<td width=\"924\">13kg<\/td>\n<\/tr>\n<tr>\n<td colspan=\"2\" width=\"1486\"><strong>\u00a0<\/strong><\/p>\n<p><strong>Recursos da m\u00e1quina:<\/strong><\/p>\n<p>1. Usando a tecnologia de corte por lamina\u00e7\u00e3o de faca redonda, ela \u00e9 usada para separa\u00e7\u00e3o de superf\u00edcie de produtos autoadesivos na ind\u00fastria de impress\u00e3o<\/p>\n<p>2.F\u00e1cil de operar, de alta qualidade e alta efici\u00eancia, \u00e9 um novo tipo de equipamento na ind\u00fastria gr\u00e1fica.<\/p>\n<p>3. Fresagem de faca redonda, f\u00e1cil posicionamento e movimenta\u00e7\u00e3o do porta-faca, tamanho de segmenta\u00e7\u00e3o preciso, qualidade de corte est\u00e1vel e confi\u00e1vel e a l\u00e2mina n\u00e3o \u00e9 f\u00e1cil de usar.<\/p>\n<p>4.As l\u00e2minas redondas podem ser usadas repetidamente para reduzir custos.<\/td>\n<\/tr>\n<\/tbody>\n<\/table>","protected":false},"excerpt":{"rendered":"<p>Paper Slitting\u00a0Machine \u00a0 \u00a0 \u00a0 \u00a0 \u00a0 \u00a0\u00a0 \u00a0 \u00a0 \u00a0 \u00a0 \u00a0 \u00a0 \u00a0\u00a0 We are highly thankful to you for your interested in our paper slitting machine. On the basis of our general terms and conditions of sale, we have pleasure to quote you as followings: Model ES-S8500 Max.Width 500mm Mix. Cutting distance [&hellip;]<\/p>","protected":false},"featured_media":610,"template":"","meta":{"site-sidebar-layout":"default","site-content-layout":"default","ast-site-content-layout":"default","site-content-style":"default","site-sidebar-style":"default","ast-global-header-display":"","ast-banner-title-visibility":"","ast-main-header-display":"","ast-hfb-above-header-display":"","ast-hfb-below-header-display":"","ast-hfb-mobile-header-display":"","site-post-title":"","ast-breadcrumbs-content":"","ast-featured-img":"","footer-sml-layout":"","ast-disable-related-posts":"","theme-transparent-header-meta":"default","adv-header-id-meta":"","stick-header-meta":"","header-above-stick-meta":"","header-main-stick-meta":"","header-below-stick-meta":"","astra-migrate-meta-layouts":"default","ast-page-background-enabled":"default","ast-page-background-meta":{"desktop":{"background-color":"","background-image":"","background-repeat":"repeat","background-position":"center center","background-size":"auto","background-attachment":"scroll","background-type":"","background-media":"","overlay-type":"","overlay-color":"","overlay-opacity":"","overlay-gradient":""},"tablet":{"background-color":"","background-image":"","background-repeat":"repeat","background-position":"center center","background-size":"auto","background-attachment":"scroll","background-type":"","background-media":"","overlay-type":"","overlay-color":"","overlay-opacity":"","overlay-gradient":""},"mobile":{"background-color":"","background-image":"","background-repeat":"repeat","background-position":"center center","background-size":"auto","background-attachment":"scroll","background-type":"","background-media":"","overlay-type":"","overlay-color":"","overlay-opacity":"","overlay-gradient":""}},"ast-content-background-meta":{"desktop":{"background-color":"var(--ast-global-color-5)","background-image":"","background-repeat":"repeat","background-position":"center center","background-size":"auto","background-attachment":"scroll","background-type":"","background-media":"","overlay-type":"","overlay-color":"","overlay-opacity":"","overlay-gradient":""},"tablet":{"background-color":"var(--ast-global-color-5)","background-image":"","background-repeat":"repeat","background-position":"center center","background-size":"auto","background-attachment":"scroll","background-type":"","background-media":"","overlay-type":"","overlay-color":"","overlay-opacity":"","overlay-gradient":""},"mobile":{"background-color":"var(--ast-global-color-5)","background-image":"","background-repeat":"repeat","background-position":"center center","background-size":"auto","background-attachment":"scroll","background-type":"","background-media":"","overlay-type":"","overlay-color":"","overlay-opacity":"","overlay-gradient":""}}},"product_brand":[],"product_cat":[45],"product_tag":[],"class_list":{"0":"post-607","1":"product","2":"type-product","3":"status-publish","4":"has-post-thumbnail","6":"product_cat-cutting-machine","7":"desktop-align-center","8":"tablet-align-left","9":"mobile-align-left","11":"first","12":"instock","13":"shipping-taxable","14":"product-type-simple"},"_links":{"self":[{"href":"https:\/\/estarmachinery.com\/pt\/wp-json\/wp\/v2\/product\/607","targetHints":{"allow":["GET"]}}],"collection":[{"href":"https:\/\/estarmachinery.com\/pt\/wp-json\/wp\/v2\/product"}],"about":[{"href":"https:\/\/estarmachinery.com\/pt\/wp-json\/wp\/v2\/types\/product"}],"wp:featuredmedia":[{"embeddable":true,"href":"https:\/\/estarmachinery.com\/pt\/wp-json\/wp\/v2\/media\/610"}],"wp:attachment":[{"href":"https:\/\/estarmachinery.com\/pt\/wp-json\/wp\/v2\/media?parent=607"}],"wp:term":[{"taxonomy":"product_brand","embeddable":true,"href":"https:\/\/estarmachinery.com\/pt\/wp-json\/wp\/v2\/product_brand?post=607"},{"taxonomy":"product_cat","embeddable":true,"href":"https:\/\/estarmachinery.com\/pt\/wp-json\/wp\/v2\/product_cat?post=607"},{"taxonomy":"product_tag","embeddable":true,"href":"https:\/\/estarmachinery.com\/pt\/wp-json\/wp\/v2\/product_tag?post=607"}],"curies":[{"name":"wp","href":"https:\/\/api.w.org\/{rel}","templated":true}]}}