{"id":625,"date":"2023-06-18T17:56:44","date_gmt":"2023-06-18T17:56:44","guid":{"rendered":"https:\/\/estarmachinery.com\/?post_type=product&#038;p=625"},"modified":"2023-07-13T08:53:26","modified_gmt":"2023-07-13T08:53:26","slug":"625","status":"publish","type":"product","link":"https:\/\/estarmachinery.com\/pt\/produto\/625\/","title":{"rendered":"Filme de lamina\u00e7\u00e3o"},"content":{"rendered":"<p><strong>INTRODU\u00c7\u00c3O:<\/strong><\/p>\n<p>N\u00e3o t\u00f3xico, livre de polui\u00e7\u00e3o, alta transpar\u00eancia e brilho, baixa est\u00e1tica, resist\u00eancia ao desgaste, longo envelhecimento da corona, poucos defeitos e bom rasgo.<\/p>\n<p>Este produto \u00e9 usado principalmente para composi\u00e7\u00e3o de impress\u00e3o, fabrica\u00e7\u00e3o de sacolas, produ\u00e7\u00e3o de fita adesiva e outros materiais b\u00e1sicos.<\/p>\n<p>Forte absor\u00e7\u00e3o de p\u00f3 e pode formar bolhas e liberar filme ap\u00f3s ser c\u00f4ncavo ou saliente.<\/p>\n<p>O filme de lamina\u00e7\u00e3o fosca \u00e9 adequado para envidra\u00e7amento parcialmente UV ap\u00f3s lamina\u00e7\u00e3o de filme, estampagem a quente, serigrafia e processos foscos. Este produto \u00e9 f\u00e1cil de operar, uma vez que a temperatura do rolo quente atende aos requisitos, a lamina\u00e7\u00e3o do filme pode ser feita a qualquer momento, sem necessidade de habilidade profissional.<\/p>\n<table>\n<tbody>\n<tr>\n<td>1<\/td>\n<td>Nome do Produto<\/td>\n<td>filme de lamina\u00e7\u00e3o<\/td>\n<\/tr>\n<tr>\n<td>2<\/td>\n<td>Tipo<\/td>\n<td>brilhante, mate, toque suave, anti-riscos, filme digital<\/td>\n<\/tr>\n<tr>\n<td>3<\/td>\n<td>Aplicativo<\/td>\n<td>usado em m\u00e1quina de lamina\u00e7\u00e3o<\/td>\n<\/tr>\n<tr>\n<td>4<\/td>\n<td>Essencial<\/td>\n<td>1 polegada, 3 polegadas para escolha<\/td>\n<\/tr>\n<tr>\n<td>5<\/td>\n<td>Grossura<\/td>\n<td>18mic, 20mic, 25mic, 27mic, etc. Personalizado.<\/td>\n<\/tr>\n<tr>\n<td>6<\/td>\n<td>Largura do filme<\/td>\n<td>personalizado<\/td>\n<\/tr>\n<tr>\n<td>7<\/td>\n<td>Dura\u00e7\u00e3o do filme<\/td>\n<td>200-5000m, personalizado<\/td>\n<\/tr>\n<tr>\n<td>8<\/td>\n<td>Lugar de origem<\/td>\n<td>NC<\/td>\n<\/tr>\n<tr>\n<td>9<\/td>\n<td>Material<\/td>\n<td>BOPP PET<\/td>\n<\/tr>\n<tr>\n<td>10<\/td>\n<td>Amostra<\/td>\n<td>Dispon\u00edvel (amostra gr\u00e1tis)<\/td>\n<\/tr>\n<tr>\n<td>11<\/td>\n<td>Dureza<\/td>\n<td>macio<\/td>\n<\/tr>\n<\/tbody>\n<\/table>\n<p><img fetchpriority=\"high\" decoding=\"async\" class=\"aligncenter wp-image-630\" src=\"https:\/\/estarmachinery.com\/wp-content\/uploads\/2023\/06\/\u56fe\u72471.png\" alt=\"Lamination film\" width=\"1200\" height=\"519\" srcset=\"https:\/\/estarmachinery.com\/wp-content\/uploads\/2023\/06\/\u56fe\u72471.png 745w, https:\/\/estarmachinery.com\/wp-content\/uploads\/2023\/06\/\u56fe\u72471-300x130.png 300w, https:\/\/estarmachinery.com\/wp-content\/uploads\/2023\/06\/\u56fe\u72471-600x259.png 600w\" sizes=\"(max-width: 1200px) 100vw, 1200px\" \/><\/p>","protected":false},"excerpt":{"rendered":"<p>INTRODUCTION: Non-toxic,pollution-free,high transparency and gloss,low static,wear resistance,long ageing of corona,few defects and good tearing off. This product is mainly used for the composition of printing,bag making,adhesive tape production and other base materials. Strong powder absorption and can blister and film release after being concaved or protruded. Matte lamination film is suitable for partially UV glazing [&hellip;]<\/p>","protected":false},"featured_media":629,"template":"","meta":{"site-sidebar-layout":"default","site-content-layout":"default","ast-site-content-layout":"default","site-content-style":"default","site-sidebar-style":"default","ast-global-header-display":"","ast-banner-title-visibility":"","ast-main-header-display":"","ast-hfb-above-header-display":"","ast-hfb-below-header-display":"","ast-hfb-mobile-header-display":"","site-post-title":"","ast-breadcrumbs-content":"","ast-featured-img":"","footer-sml-layout":"","ast-disable-related-posts":"","theme-transparent-header-meta":"default","adv-header-id-meta":"","stick-header-meta":"","header-above-stick-meta":"","header-main-stick-meta":"","header-below-stick-meta":"","astra-migrate-meta-layouts":"default","ast-page-background-enabled":"default","ast-page-background-meta":{"desktop":{"background-color":"","background-image":"","background-repeat":"repeat","background-position":"center center","background-size":"auto","background-attachment":"scroll","background-type":"","background-media":"","overlay-type":"","overlay-color":"","overlay-opacity":"","overlay-gradient":""},"tablet":{"background-color":"","background-image":"","background-repeat":"repeat","background-position":"center center","background-size":"auto","background-attachment":"scroll","background-type":"","background-media":"","overlay-type":"","overlay-color":"","overlay-opacity":"","overlay-gradient":""},"mobile":{"background-color":"","background-image":"","background-repeat":"repeat","background-position":"center center","background-size":"auto","background-attachment":"scroll","background-type":"","background-media":"","overlay-type":"","overlay-color":"","overlay-opacity":"","overlay-gradient":""}},"ast-content-background-meta":{"desktop":{"background-color":"var(--ast-global-color-5)","background-image":"","background-repeat":"repeat","background-position":"center center","background-size":"auto","background-attachment":"scroll","background-type":"","background-media":"","overlay-type":"","overlay-color":"","overlay-opacity":"","overlay-gradient":""},"tablet":{"background-color":"var(--ast-global-color-5)","background-image":"","background-repeat":"repeat","background-position":"center center","background-size":"auto","background-attachment":"scroll","background-type":"","background-media":"","overlay-type":"","overlay-color":"","overlay-opacity":"","overlay-gradient":""},"mobile":{"background-color":"var(--ast-global-color-5)","background-image":"","background-repeat":"repeat","background-position":"center center","background-size":"auto","background-attachment":"scroll","background-type":"","background-media":"","overlay-type":"","overlay-color":"","overlay-opacity":"","overlay-gradient":""}}},"product_brand":[],"product_cat":[60,58],"product_tag":[],"class_list":{"0":"post-625","1":"product","2":"type-product","3":"status-publish","4":"has-post-thumbnail","6":"product_cat-hot-machine","7":"product_cat-raw-material","8":"desktop-align-center","9":"tablet-align-left","10":"mobile-align-left","12":"first","13":"instock","14":"shipping-taxable","15":"product-type-simple"},"_links":{"self":[{"href":"https:\/\/estarmachinery.com\/pt\/wp-json\/wp\/v2\/product\/625","targetHints":{"allow":["GET"]}}],"collection":[{"href":"https:\/\/estarmachinery.com\/pt\/wp-json\/wp\/v2\/product"}],"about":[{"href":"https:\/\/estarmachinery.com\/pt\/wp-json\/wp\/v2\/types\/product"}],"wp:featuredmedia":[{"embeddable":true,"href":"https:\/\/estarmachinery.com\/pt\/wp-json\/wp\/v2\/media\/629"}],"wp:attachment":[{"href":"https:\/\/estarmachinery.com\/pt\/wp-json\/wp\/v2\/media?parent=625"}],"wp:term":[{"taxonomy":"product_brand","embeddable":true,"href":"https:\/\/estarmachinery.com\/pt\/wp-json\/wp\/v2\/product_brand?post=625"},{"taxonomy":"product_cat","embeddable":true,"href":"https:\/\/estarmachinery.com\/pt\/wp-json\/wp\/v2\/product_cat?post=625"},{"taxonomy":"product_tag","embeddable":true,"href":"https:\/\/estarmachinery.com\/pt\/wp-json\/wp\/v2\/product_tag?post=625"}],"curies":[{"name":"wp","href":"https:\/\/api.w.org\/{rel}","templated":true}]}}