{"id":631,"date":"2023-06-18T18:00:32","date_gmt":"2023-06-18T18:00:32","guid":{"rendered":"https:\/\/estarmachinery.com\/?post_type=product&#038;p=631"},"modified":"2023-07-07T03:49:08","modified_gmt":"2023-07-07T03:49:08","slug":"automatic-tag-printer-machine","status":"publish","type":"product","link":"https:\/\/estarmachinery.com\/pt\/produto\/automatic-tag-printer-machine\/","title":{"rendered":"M\u00e1quina impressora autom\u00e1tica de etiquetas"},"content":{"rendered":"<p style=\"text-align: center;\"><strong><b>M\u00e1quina impressora autom\u00e1tica de etiquetas<\/b><\/strong><\/p>\n<p><img fetchpriority=\"high\" decoding=\"async\" class=\"alignnone wp-image-636 size-large\" src=\"https:\/\/estarmachinery.com\/wp-content\/uploads\/2023\/06\/\u5fae\u4fe1\u622a\u56fe_20230619015936-1024x284.png\" alt=\"Automatic tag printer machine\" width=\"1024\" height=\"284\" srcset=\"https:\/\/estarmachinery.com\/wp-content\/uploads\/2023\/06\/\u5fae\u4fe1\u622a\u56fe_20230619015936-1024x284.png 1024w, https:\/\/estarmachinery.com\/wp-content\/uploads\/2023\/06\/\u5fae\u4fe1\u622a\u56fe_20230619015936-300x83.png 300w, https:\/\/estarmachinery.com\/wp-content\/uploads\/2023\/06\/\u5fae\u4fe1\u622a\u56fe_20230619015936-768x213.png 768w, https:\/\/estarmachinery.com\/wp-content\/uploads\/2023\/06\/\u5fae\u4fe1\u622a\u56fe_20230619015936-600x167.png 600w, https:\/\/estarmachinery.com\/wp-content\/uploads\/2023\/06\/\u5fae\u4fe1\u622a\u56fe_20230619015936.png 1462w\" sizes=\"(max-width: 1024px) 100vw, 1024px\" \/><\/p>\n<p>Estamos muito gratos a voc\u00ea pelo seu interesse em nossa m\u00e1quina impressora de etiquetas. Com base nos nossos termos e condi\u00e7\u00f5es gerais de venda, temos o prazer de cit\u00e1-lo da seguinte forma:<\/p>\n<table>\n<tbody>\n<tr>\n<td colspan=\"2\" width=\"1486\"><strong>Especifica\u00e7\u00e3o:<\/strong><\/td>\n<\/tr>\n<tr>\n<td width=\"559\">Modelo<\/td>\n<td width=\"926\"><strong><b>ES-Y1<\/b><\/strong><\/td>\n<\/tr>\n<tr>\n<td width=\"559\">Defini\u00e7\u00e3o<\/td>\n<td width=\"926\">12 pontos\/min e 24 pontos\/min (300 dpi e 600 dpi)<\/td>\n<\/tr>\n<tr>\n<td width=\"559\">Velocidade m\u00e1xima de impress\u00e3o<\/td>\n<td width=\"926\">200 mm\/s<\/td>\n<\/tr>\n<tr>\n<td width=\"559\">Largura m\u00e1xima de impress\u00e3o<\/td>\n<td width=\"926\">128 mm<\/td>\n<\/tr>\n<tr>\n<td width=\"559\">Comprimento m\u00e1ximo de impress\u00e3o<\/td>\n<td width=\"926\">2.000 minutos<\/td>\n<\/tr>\n<tr>\n<td width=\"559\">N\u00facleo de fita de tinta<\/td>\n<td width=\"926\">1 polegada<\/td>\n<\/tr>\n<tr>\n<td width=\"559\">Fita<\/td>\n<td width=\"926\">300m, di\u00e2metro m\u00e1ximo 70mm<\/td>\n<\/tr>\n<tr>\n<td width=\"559\">Largura da fita<\/td>\n<td width=\"926\">30~130mm<\/td>\n<\/tr>\n<tr>\n<td width=\"559\">Mem\u00f3ria<\/td>\n<td width=\"926\">8 MB de mem\u00f3ria flash e 64 MB de SDRAM<\/td>\n<\/tr>\n<tr>\n<td width=\"559\">Peso<\/td>\n<td width=\"926\">40kg<\/td>\n<\/tr>\n<tr>\n<td width=\"559\">Dimens\u00e3o<\/td>\n<td width=\"926\">400*500*360mm<\/td>\n<\/tr>\n<tr>\n<td width=\"559\">Interface de comunica\u00e7\u00e3o<\/td>\n<td width=\"926\">USB 2.0, porta serial RS-232, Ethernet (alternativa)<\/td>\n<\/tr>\n<tr>\n<td width=\"559\">Fonte de energia<\/td>\n<td width=\"926\">Unidade de fonte de alimenta\u00e7\u00e3o de troca de tens\u00e3o circunscrita constru\u00edda, entrada CA AC100-240VAC, 3A, 47-63Hz Sa\u00edda CC:DC24V, 15A, 300W<\/td>\n<\/tr>\n<tr>\n<td width=\"559\">Sensor<\/td>\n<td width=\"926\">Reflexivo autom\u00e1tico, penetra\u00e7\u00e3o (Alternativa)<\/td>\n<\/tr>\n<tr>\n<td width=\"559\">Gerador de data\/hora<\/td>\n<td width=\"926\">Padr\u00e3o<\/td>\n<\/tr>\n<tr>\n<td width=\"559\">Tipo de papel<\/td>\n<td width=\"926\">Impress\u00e3o de pe\u00e7a \u00fanica<\/td>\n<\/tr>\n<tr>\n<td width=\"559\">Largura da etiqueta<\/td>\n<td width=\"926\">25mm-120mm<\/td>\n<\/tr>\n<tr>\n<td width=\"559\">Espessura da etiqueta<\/td>\n<td width=\"926\">200-800g<\/td>\n<\/tr>\n<tr>\n<td width=\"559\">Comprimento da etiqueta<\/td>\n<td width=\"926\">50~2000mm(1,97&#039;&#039;-78,7&#039;&#039;)<\/td>\n<\/tr>\n<tr>\n<td width=\"559\">Condi\u00e7\u00e3o de funcionamento<\/td>\n<td width=\"926\">0 ~ 40 graus, umidade 20%-85%<\/td>\n<\/tr>\n<tr>\n<td colspan=\"2\" width=\"1486\">Caracter\u00edsticas:<\/p>\n<p>Amplamente utilizado em diferentes campos, ind\u00fastria de vestu\u00e1rio, produtos eletr\u00f4nicos, ind\u00fastria de servi\u00e7os p\u00fablicos, ind\u00fastria sider\u00fargica, etc. Este tipo de impressora de etiquetas de c\u00f3digo de barras \u00e9 adequado para muitos tipos diferentes de impress\u00e3o de substratos de etiquetas, como etiquetas adesivas de papel, etiquetas sint\u00e9ticas, etiquetas penduradas de papel\u00e3o ou diferentes materiais de etiqueta gentis (como fita de cetim de tecido t\u00eaxtil, tafet\u00e1 de n\u00e1ilon, etiqueta de ferro, etiquetas de cuidado de TPU, etc.)<\/p>\n<p>Ternos para produtos de pequenas quantidades uma vez, podem ser configurados para qualquer tamanho, qualquer design conforme sua solicita\u00e7\u00e3o.<br \/>\ncom alta velocidade de impress\u00e3o, como 4 polegadas\/seg, 6 polegadas\/seg, 10 polegadas\/seg, 14 polegadas\/seg<br \/>\nTernos para impress\u00e3o monocrom\u00e1tica em uma \u00fanica cor (mas pode usar fita de impressora de cores diferentes)<\/td>\n<\/tr>\n<\/tbody>\n<\/table>","protected":false},"excerpt":{"rendered":"<p>Automatic tag printer machine We are highly thankful to you for your interested in our\u00a0tag printer machine. On the basis of our general terms and conditions of sale, we have pleasure to quote you as followings: Specification: Model ES-Y1 Definition 12 dots\/min and 24 dots\/min(300dpi and 600dpi) Max.print speed 200mm\/s Max.print width 128mm Max.print length [&hellip;]<\/p>","protected":false},"featured_media":633,"template":"","meta":{"site-sidebar-layout":"default","site-content-layout":"default","ast-site-content-layout":"default","site-content-style":"default","site-sidebar-style":"default","ast-global-header-display":"","ast-banner-title-visibility":"","ast-main-header-display":"","ast-hfb-above-header-display":"","ast-hfb-below-header-display":"","ast-hfb-mobile-header-display":"","site-post-title":"","ast-breadcrumbs-content":"","ast-featured-img":"","footer-sml-layout":"","ast-disable-related-posts":"","theme-transparent-header-meta":"default","adv-header-id-meta":"","stick-header-meta":"","header-above-stick-meta":"","header-main-stick-meta":"","header-below-stick-meta":"","astra-migrate-meta-layouts":"default","ast-page-background-enabled":"default","ast-page-background-meta":{"desktop":{"background-color":"","background-image":"","background-repeat":"repeat","background-position":"center center","background-size":"auto","background-attachment":"scroll","background-type":"","background-media":"","overlay-type":"","overlay-color":"","overlay-opacity":"","overlay-gradient":""},"tablet":{"background-color":"","background-image":"","background-repeat":"repeat","background-position":"center center","background-size":"auto","background-attachment":"scroll","background-type":"","background-media":"","overlay-type":"","overlay-color":"","overlay-opacity":"","overlay-gradient":""},"mobile":{"background-color":"","background-image":"","background-repeat":"repeat","background-position":"center center","background-size":"auto","background-attachment":"scroll","background-type":"","background-media":"","overlay-type":"","overlay-color":"","overlay-opacity":"","overlay-gradient":""}},"ast-content-background-meta":{"desktop":{"background-color":"var(--ast-global-color-5)","background-image":"","background-repeat":"repeat","background-position":"center center","background-size":"auto","background-attachment":"scroll","background-type":"","background-media":"","overlay-type":"","overlay-color":"","overlay-opacity":"","overlay-gradient":""},"tablet":{"background-color":"var(--ast-global-color-5)","background-image":"","background-repeat":"repeat","background-position":"center center","background-size":"auto","background-attachment":"scroll","background-type":"","background-media":"","overlay-type":"","overlay-color":"","overlay-opacity":"","overlay-gradient":""},"mobile":{"background-color":"var(--ast-global-color-5)","background-image":"","background-repeat":"repeat","background-position":"center center","background-size":"auto","background-attachment":"scroll","background-type":"","background-media":"","overlay-type":"","overlay-color":"","overlay-opacity":"","overlay-gradient":""}}},"product_brand":[],"product_cat":[51],"product_tag":[],"class_list":{"0":"post-631","1":"product","2":"type-product","3":"status-publish","4":"has-post-thumbnail","6":"product_cat-printing-machine","7":"desktop-align-center","8":"tablet-align-left","9":"mobile-align-left","11":"first","12":"instock","13":"shipping-taxable","14":"product-type-simple"},"_links":{"self":[{"href":"https:\/\/estarmachinery.com\/pt\/wp-json\/wp\/v2\/product\/631","targetHints":{"allow":["GET"]}}],"collection":[{"href":"https:\/\/estarmachinery.com\/pt\/wp-json\/wp\/v2\/product"}],"about":[{"href":"https:\/\/estarmachinery.com\/pt\/wp-json\/wp\/v2\/types\/product"}],"wp:featuredmedia":[{"embeddable":true,"href":"https:\/\/estarmachinery.com\/pt\/wp-json\/wp\/v2\/media\/633"}],"wp:attachment":[{"href":"https:\/\/estarmachinery.com\/pt\/wp-json\/wp\/v2\/media?parent=631"}],"wp:term":[{"taxonomy":"product_brand","embeddable":true,"href":"https:\/\/estarmachinery.com\/pt\/wp-json\/wp\/v2\/product_brand?post=631"},{"taxonomy":"product_cat","embeddable":true,"href":"https:\/\/estarmachinery.com\/pt\/wp-json\/wp\/v2\/product_cat?post=631"},{"taxonomy":"product_tag","embeddable":true,"href":"https:\/\/estarmachinery.com\/pt\/wp-json\/wp\/v2\/product_tag?post=631"}],"curies":[{"name":"wp","href":"https:\/\/api.w.org\/{rel}","templated":true}]}}