{"id":642,"date":"2023-06-19T00:41:01","date_gmt":"2023-06-19T00:41:01","guid":{"rendered":"https:\/\/estarmachinery.com\/?post_type=product&#038;p=642"},"modified":"2023-07-13T08:53:46","modified_gmt":"2023-07-13T08:53:46","slug":"paper-fan-folding-machine","status":"publish","type":"product","link":"https:\/\/estarmachinery.com\/pt\/produto\/paper-fan-folding-machine\/","title":{"rendered":"M\u00e1quina dobr\u00e1vel de ventilador de papel"},"content":{"rendered":"<p style=\"text-align: center;\"><strong><b>M\u00e1quina dobr\u00e1vel de ventilador de papel<\/b><\/strong><strong><b>\u00a0<\/b><\/strong><\/p>\n<p><img fetchpriority=\"high\" decoding=\"async\" class=\"alignnone wp-image-647 size-large\" src=\"https:\/\/estarmachinery.com\/wp-content\/uploads\/2023\/06\/Paper-Fan-Folding-machine-1024x458.png\" alt=\"Paper Fan Folding machine \" width=\"1024\" height=\"458\" srcset=\"https:\/\/estarmachinery.com\/wp-content\/uploads\/2023\/06\/Paper-Fan-Folding-machine-1024x458.png 1024w, https:\/\/estarmachinery.com\/wp-content\/uploads\/2023\/06\/Paper-Fan-Folding-machine-300x134.png 300w, https:\/\/estarmachinery.com\/wp-content\/uploads\/2023\/06\/Paper-Fan-Folding-machine-768x343.png 768w, https:\/\/estarmachinery.com\/wp-content\/uploads\/2023\/06\/Paper-Fan-Folding-machine-600x268.png 600w, https:\/\/estarmachinery.com\/wp-content\/uploads\/2023\/06\/Paper-Fan-Folding-machine.png 1103w\" sizes=\"(max-width: 1024px) 100vw, 1024px\" \/><\/p>\n<p>Estamos muito gratos a voc\u00ea pelo seu interesse em nossa m\u00e1quina dobr\u00e1vel em leque de papel. Com base nos nossos termos e condi\u00e7\u00f5es gerais de venda, temos o prazer de cit\u00e1-lo da seguinte forma:<\/p>\n<table>\n<tbody>\n<tr>\n<td colspan=\"2\" width=\"1486\"><strong><b>Especifica\u00e7\u00e3o:<\/b><\/strong><\/td>\n<\/tr>\n<tr>\n<td width=\"559\">Modelo<\/td>\n<td width=\"926\"><strong><b>ES600 <\/b><\/strong><\/td>\n<\/tr>\n<tr>\n<td width=\"559\">Comprimento m\u00e1ximo do papel<\/td>\n<td width=\"926\">Pode durar o tempo que o cliente precisar<\/td>\n<\/tr>\n<tr>\n<td width=\"559\">Largura m\u00e1xima do papel<\/td>\n<td width=\"926\">620mm<\/td>\n<\/tr>\n<tr>\n<td width=\"559\">Altura do papel ap\u00f3s dobrar<\/td>\n<td width=\"926\">6~55mm<\/td>\n<\/tr>\n<tr>\n<td width=\"559\">Velocidade m\u00e1xima de dobramento<\/td>\n<td width=\"926\">0~125 dobras\/minuto<\/td>\n<\/tr>\n<tr>\n<td width=\"559\">Pot\u00eancia do motor<\/td>\n<td width=\"926\">1,1 kW<\/td>\n<\/tr>\n<tr>\n<td width=\"559\">Pot\u00eancia para pr\u00e9-aquecimento<\/td>\n<td width=\"926\">4KW<\/td>\n<\/tr>\n<tr>\n<td width=\"559\">Press\u00e3o de ar de trabalho<\/td>\n<td width=\"926\">0,6 MPa<\/td>\n<\/tr>\n<tr>\n<td width=\"559\">Tamanho da m\u00e1quina<\/td>\n<td width=\"926\">1270\u00d71560\u00d71240mm<\/td>\n<\/tr>\n<tr>\n<td width=\"559\">Peso l\u00edquido<\/td>\n<td width=\"926\">500kg<\/td>\n<\/tr>\n<tr>\n<td width=\"559\">Peso bruto<\/td>\n<td width=\"926\">550kg<\/td>\n<\/tr>\n<tr>\n<td colspan=\"2\" width=\"1486\">Caracter\u00edsticas:<\/p>\n<p>1. Forte versatilidade: tamanho pequeno, pode cooperar com a opera\u00e7\u00e3o da linha de produ\u00e7\u00e3o, produtos f\u00e1ceis de substituir.<\/p>\n<p>2. Alta efici\u00eancia: a velocidade mais alta pode chegar a 125 dobras\/minuto.<\/p>\n<p>3. Reduzir a intensidade de trabalho dos trabalhadores: a dobragem manual tradicional exige muito tempo e energia de trabalho.<\/td>\n<\/tr>\n<\/tbody>\n<\/table>\n<p>&nbsp;<\/p>","protected":false},"excerpt":{"rendered":"<p>Paper Fan Folding machine\u00a0 We are highly thankful to you for your interested in our\u00a0paper fan folding machine. On the basis of our general terms and conditions of sale, we have pleasure to quote you as followings: Specification: Model ES600 Max Length of the Paper Can be as long as customer need Max Width of [&hellip;]<\/p>","protected":false},"featured_media":644,"template":"","meta":{"site-sidebar-layout":"default","site-content-layout":"default","ast-site-content-layout":"default","site-content-style":"default","site-sidebar-style":"default","ast-global-header-display":"","ast-banner-title-visibility":"","ast-main-header-display":"","ast-hfb-above-header-display":"","ast-hfb-below-header-display":"","ast-hfb-mobile-header-display":"","site-post-title":"","ast-breadcrumbs-content":"","ast-featured-img":"","footer-sml-layout":"","ast-disable-related-posts":"","theme-transparent-header-meta":"default","adv-header-id-meta":"","stick-header-meta":"","header-above-stick-meta":"","header-main-stick-meta":"","header-below-stick-meta":"","astra-migrate-meta-layouts":"default","ast-page-background-enabled":"default","ast-page-background-meta":{"desktop":{"background-color":"","background-image":"","background-repeat":"repeat","background-position":"center center","background-size":"auto","background-attachment":"scroll","background-type":"","background-media":"","overlay-type":"","overlay-color":"","overlay-opacity":"","overlay-gradient":""},"tablet":{"background-color":"","background-image":"","background-repeat":"repeat","background-position":"center center","background-size":"auto","background-attachment":"scroll","background-type":"","background-media":"","overlay-type":"","overlay-color":"","overlay-opacity":"","overlay-gradient":""},"mobile":{"background-color":"","background-image":"","background-repeat":"repeat","background-position":"center center","background-size":"auto","background-attachment":"scroll","background-type":"","background-media":"","overlay-type":"","overlay-color":"","overlay-opacity":"","overlay-gradient":""}},"ast-content-background-meta":{"desktop":{"background-color":"var(--ast-global-color-5)","background-image":"","background-repeat":"repeat","background-position":"center center","background-size":"auto","background-attachment":"scroll","background-type":"","background-media":"","overlay-type":"","overlay-color":"","overlay-opacity":"","overlay-gradient":""},"tablet":{"background-color":"var(--ast-global-color-5)","background-image":"","background-repeat":"repeat","background-position":"center center","background-size":"auto","background-attachment":"scroll","background-type":"","background-media":"","overlay-type":"","overlay-color":"","overlay-opacity":"","overlay-gradient":""},"mobile":{"background-color":"var(--ast-global-color-5)","background-image":"","background-repeat":"repeat","background-position":"center center","background-size":"auto","background-attachment":"scroll","background-type":"","background-media":"","overlay-type":"","overlay-color":"","overlay-opacity":"","overlay-gradient":""}}},"product_brand":[],"product_cat":[47,60],"product_tag":[],"class_list":{"0":"post-642","1":"product","2":"type-product","3":"status-publish","4":"has-post-thumbnail","6":"product_cat-folding-machine","7":"product_cat-hot-machine","8":"desktop-align-center","9":"tablet-align-left","10":"mobile-align-left","12":"first","13":"instock","14":"shipping-taxable","15":"product-type-simple"},"_links":{"self":[{"href":"https:\/\/estarmachinery.com\/pt\/wp-json\/wp\/v2\/product\/642","targetHints":{"allow":["GET"]}}],"collection":[{"href":"https:\/\/estarmachinery.com\/pt\/wp-json\/wp\/v2\/product"}],"about":[{"href":"https:\/\/estarmachinery.com\/pt\/wp-json\/wp\/v2\/types\/product"}],"wp:featuredmedia":[{"embeddable":true,"href":"https:\/\/estarmachinery.com\/pt\/wp-json\/wp\/v2\/media\/644"}],"wp:attachment":[{"href":"https:\/\/estarmachinery.com\/pt\/wp-json\/wp\/v2\/media?parent=642"}],"wp:term":[{"taxonomy":"product_brand","embeddable":true,"href":"https:\/\/estarmachinery.com\/pt\/wp-json\/wp\/v2\/product_brand?post=642"},{"taxonomy":"product_cat","embeddable":true,"href":"https:\/\/estarmachinery.com\/pt\/wp-json\/wp\/v2\/product_cat?post=642"},{"taxonomy":"product_tag","embeddable":true,"href":"https:\/\/estarmachinery.com\/pt\/wp-json\/wp\/v2\/product_tag?post=642"}],"curies":[{"name":"wp","href":"https:\/\/api.w.org\/{rel}","templated":true}]}}