{"id":660,"date":"2023-06-19T00:54:57","date_gmt":"2023-06-19T00:54:57","guid":{"rendered":"https:\/\/estarmachinery.com\/?post_type=product&#038;p=660"},"modified":"2023-08-22T03:18:18","modified_gmt":"2023-08-22T03:18:18","slug":"hot-melt-glue-book-binder-machine-1-gluing-roller","status":"publish","type":"product","link":"https:\/\/estarmachinery.com\/pt\/produto\/hot-melt-glue-book-binder-machine-1-gluing-roller\/","title":{"rendered":"M\u00e1quina de encaderna\u00e7\u00e3o de livros com cola quente ES50 (1 rolo de colagem)"},"content":{"rendered":"<p style=\"text-align: center;\"><strong>M\u00e1quina de encaderna\u00e7\u00e3o de livros com cola quente (1 rolo de colagem)<\/strong><\/p>\n<p><img fetchpriority=\"high\" decoding=\"async\" class=\"alignnone size-large wp-image-661\" src=\"https:\/\/estarmachinery.com\/wp-content\/uploads\/2023\/06\/Hot-Melt-Glue-Book-Binder-Machine-1-gluing-roller-1024x392.png\" alt=\"Hot Melt Glue Book Binder Machine( 1 gluing roller)\" width=\"1024\" height=\"392\" srcset=\"https:\/\/estarmachinery.com\/wp-content\/uploads\/2023\/06\/Hot-Melt-Glue-Book-Binder-Machine-1-gluing-roller-1024x392.png 1024w, https:\/\/estarmachinery.com\/wp-content\/uploads\/2023\/06\/Hot-Melt-Glue-Book-Binder-Machine-1-gluing-roller-300x115.png 300w, https:\/\/estarmachinery.com\/wp-content\/uploads\/2023\/06\/Hot-Melt-Glue-Book-Binder-Machine-1-gluing-roller-768x294.png 768w, https:\/\/estarmachinery.com\/wp-content\/uploads\/2023\/06\/Hot-Melt-Glue-Book-Binder-Machine-1-gluing-roller-600x230.png 600w, https:\/\/estarmachinery.com\/wp-content\/uploads\/2023\/06\/Hot-Melt-Glue-Book-Binder-Machine-1-gluing-roller.png 1501w\" sizes=\"(max-width: 1024px) 100vw, 1024px\" \/><\/p>\n<table>\n<tbody>\n<tr>\n<td colspan=\"3\" width=\"1486\"><strong><b>Especifica\u00e7\u00e3o:<\/b><\/strong><\/td>\n<\/tr>\n<tr>\n<td width=\"559\">Modelo<\/td>\n<td width=\"460\"><strong>Controle de bot\u00e3o ES-50A \u00a0<\/strong><\/td>\n<td width=\"466\"><strong>Controle de tela sens\u00edvel ao toque ES-50DY \u00a0<\/strong><\/td>\n<\/tr>\n<tr>\n<td width=\"559\">Comprimento de encaderna\u00e7\u00e3o<\/td>\n<td width=\"460\">320mm<\/td>\n<td width=\"466\">320mm<\/td>\n<\/tr>\n<tr>\n<td width=\"559\">Espessura de encaderna\u00e7\u00e3o<\/td>\n<td width=\"460\">60mm<\/td>\n<td width=\"466\">60mm<\/td>\n<\/tr>\n<tr>\n<td width=\"559\">Velocidade<\/td>\n<td width=\"460\">200~280 livros\/hora<\/td>\n<td width=\"466\">200~280 livros\/hora<\/td>\n<\/tr>\n<tr>\n<td width=\"559\">tempo de fus\u00e3o<\/td>\n<td width=\"460\">25 minutos<\/td>\n<td width=\"466\">25 minutos<\/td>\n<\/tr>\n<tr>\n<td width=\"559\">Rolo de colagem<\/td>\n<td width=\"460\">um rolo de colagem<\/td>\n<td width=\"466\">um rolo de colagem<\/td>\n<\/tr>\n<tr>\n<td width=\"559\">M\u00e9todo de corte de livro<\/td>\n<td width=\"460\">cortador pequeno + cortador de disco<\/td>\n<td width=\"466\">cortador pequeno + cortador de disco<\/td>\n<\/tr>\n<tr>\n<td width=\"559\">Poder<\/td>\n<td width=\"460\">220 V\/50 Hz, 1800 W<\/td>\n<td width=\"466\">220 V\/50 Hz, 1800 W<\/td>\n<\/tr>\n<tr>\n<td width=\"559\">Tamanho da m\u00e1quina<\/td>\n<td width=\"460\">1200x480x980mm<\/td>\n<td width=\"466\">1200x480x980mm<\/td>\n<\/tr>\n<tr>\n<td width=\"559\">Peso<\/td>\n<td width=\"460\">180kg<\/td>\n<td width=\"466\">200kg<\/td>\n<\/tr>\n<tr>\n<td colspan=\"3\" width=\"1486\"><strong><b>Caracter\u00edsticas:<\/b><\/strong><\/p>\n<p>Ajuste inteligente de controle de temperatura<\/p>\n<p>Fresa solar de a\u00e7o de tungst\u00eanio<\/p>\n<p>O novo design de circuito \u00e9 mais inteligente<\/p>\n<p>Design refor\u00e7ado com rack para maior durabilidade<\/td>\n<\/tr>\n<\/tbody>\n<\/table>\n<p>&nbsp;<\/p>","protected":false},"excerpt":{"rendered":"<p>Hot Melt Glue Book Binder Machine( 1 gluing roller) Specification: Model ES-50A Button Control \u00a0 ES-50DY Touch screen Control \u00a0 Binding length 320mm 320mm Binding thickness 60mm 60mm Speed 200~280books\/hour 200~280books\/hour melting time 25min 25min Gluing roller one gluing roller one gluing roller Book cutting method small cutter + disk cutter small cutter + disk [&hellip;]<\/p>","protected":false},"featured_media":666,"template":"","meta":{"site-sidebar-layout":"default","site-content-layout":"default","ast-site-content-layout":"default","site-content-style":"default","site-sidebar-style":"default","ast-global-header-display":"","ast-banner-title-visibility":"","ast-main-header-display":"","ast-hfb-above-header-display":"","ast-hfb-below-header-display":"","ast-hfb-mobile-header-display":"","site-post-title":"","ast-breadcrumbs-content":"","ast-featured-img":"","footer-sml-layout":"","theme-transparent-header-meta":"default","adv-header-id-meta":"","stick-header-meta":"","header-above-stick-meta":"","header-main-stick-meta":"","header-below-stick-meta":"","astra-migrate-meta-layouts":"default","ast-page-background-enabled":"default","ast-page-background-meta":{"desktop":{"background-color":"","background-image":"","background-repeat":"repeat","background-position":"center center","background-size":"auto","background-attachment":"scroll","background-type":"","background-media":"","overlay-type":"","overlay-color":"","overlay-opacity":"","overlay-gradient":""},"tablet":{"background-color":"","background-image":"","background-repeat":"repeat","background-position":"center center","background-size":"auto","background-attachment":"scroll","background-type":"","background-media":"","overlay-type":"","overlay-color":"","overlay-opacity":"","overlay-gradient":""},"mobile":{"background-color":"","background-image":"","background-repeat":"repeat","background-position":"center center","background-size":"auto","background-attachment":"scroll","background-type":"","background-media":"","overlay-type":"","overlay-color":"","overlay-opacity":"","overlay-gradient":""}},"ast-content-background-meta":{"desktop":{"background-color":"var(--ast-global-color-5)","background-image":"","background-repeat":"repeat","background-position":"center center","background-size":"auto","background-attachment":"scroll","background-type":"","background-media":"","overlay-type":"","overlay-color":"","overlay-opacity":"","overlay-gradient":""},"tablet":{"background-color":"var(--ast-global-color-5)","background-image":"","background-repeat":"repeat","background-position":"center center","background-size":"auto","background-attachment":"scroll","background-type":"","background-media":"","overlay-type":"","overlay-color":"","overlay-opacity":"","overlay-gradient":""},"mobile":{"background-color":"var(--ast-global-color-5)","background-image":"","background-repeat":"repeat","background-position":"center center","background-size":"auto","background-attachment":"scroll","background-type":"","background-media":"","overlay-type":"","overlay-color":"","overlay-opacity":"","overlay-gradient":""}}},"product_brand":[],"product_cat":[55,60],"product_tag":[],"class_list":{"0":"post-660","1":"product","2":"type-product","3":"status-publish","4":"has-post-thumbnail","6":"product_cat-glue-binding-machine","7":"product_cat-hot-machine","8":"desktop-align-center","9":"tablet-align-left","10":"mobile-align-left","12":"first","13":"instock","14":"shipping-taxable","15":"product-type-simple"},"_links":{"self":[{"href":"https:\/\/estarmachinery.com\/pt\/wp-json\/wp\/v2\/product\/660","targetHints":{"allow":["GET"]}}],"collection":[{"href":"https:\/\/estarmachinery.com\/pt\/wp-json\/wp\/v2\/product"}],"about":[{"href":"https:\/\/estarmachinery.com\/pt\/wp-json\/wp\/v2\/types\/product"}],"wp:featuredmedia":[{"embeddable":true,"href":"https:\/\/estarmachinery.com\/pt\/wp-json\/wp\/v2\/media\/666"}],"wp:attachment":[{"href":"https:\/\/estarmachinery.com\/pt\/wp-json\/wp\/v2\/media?parent=660"}],"wp:term":[{"taxonomy":"product_brand","embeddable":true,"href":"https:\/\/estarmachinery.com\/pt\/wp-json\/wp\/v2\/product_brand?post=660"},{"taxonomy":"product_cat","embeddable":true,"href":"https:\/\/estarmachinery.com\/pt\/wp-json\/wp\/v2\/product_cat?post=660"},{"taxonomy":"product_tag","embeddable":true,"href":"https:\/\/estarmachinery.com\/pt\/wp-json\/wp\/v2\/product_tag?post=660"}],"curies":[{"name":"wp","href":"https:\/\/api.w.org\/{rel}","templated":true}]}}