{"id":672,"date":"2023-06-19T01:00:14","date_gmt":"2023-06-19T01:00:14","guid":{"rendered":"https:\/\/estarmachinery.com\/?post_type=product&#038;p=672"},"modified":"2023-07-06T07:23:10","modified_gmt":"2023-07-06T07:23:10","slug":"hot-melt-glue-book-binder-machine-2-gluing-roller-es80-es80r","status":"publish","type":"product","link":"https:\/\/estarmachinery.com\/pt\/produto\/hot-melt-glue-book-binder-machine-2-gluing-roller-es80-es80r\/","title":{"rendered":"M\u00e1quina para encaderna\u00e7\u00e3o de livros com cola quente (2 rolos de colagem) ES80 e ES80R"},"content":{"rendered":"<p style=\"text-align: center;\"><strong>M\u00e1quina de encaderna\u00e7\u00e3o de livros com cola quente (1 rolo de colagem)<\/strong><\/p>\n<p><img fetchpriority=\"high\" decoding=\"async\" class=\"alignnone size-large wp-image-670\" src=\"https:\/\/estarmachinery.com\/wp-content\/uploads\/2023\/06\/3-1024x418.png\" alt=\"Hot Melt Glue Book Binder Machine( 2 gluing roller)\" width=\"1024\" height=\"418\" srcset=\"https:\/\/estarmachinery.com\/wp-content\/uploads\/2023\/06\/3-1024x418.png 1024w, https:\/\/estarmachinery.com\/wp-content\/uploads\/2023\/06\/3-300x122.png 300w, https:\/\/estarmachinery.com\/wp-content\/uploads\/2023\/06\/3-768x313.png 768w, https:\/\/estarmachinery.com\/wp-content\/uploads\/2023\/06\/3-600x245.png 600w, https:\/\/estarmachinery.com\/wp-content\/uploads\/2023\/06\/3.png 1503w\" sizes=\"(max-width: 1024px) 100vw, 1024px\" \/><\/p>\n<table>\n<tbody>\n<tr>\n<td colspan=\"3\" width=\"1486\"><strong><b>Especifica\u00e7\u00e3o:<\/b><\/strong><\/td>\n<\/tr>\n<tr>\n<td width=\"408\">Modelo<\/td>\n<td width=\"542\"><strong>ES80 <\/strong><\/td>\n<td width=\"535\"><strong>ES80R<\/strong><\/td>\n<\/tr>\n<tr>\n<td width=\"408\">Comprimento de encaderna\u00e7\u00e3o<\/td>\n<td width=\"542\">420mm<\/td>\n<td width=\"535\">420mm<\/td>\n<\/tr>\n<tr>\n<td width=\"408\">Espessura de encaderna\u00e7\u00e3o<\/td>\n<td width=\"542\">60mm<\/td>\n<td width=\"535\">60mm<\/td>\n<\/tr>\n<tr>\n<td width=\"408\"><strong><b>Modo de execu\u00e7\u00e3o <\/b><\/strong><\/td>\n<td width=\"542\"><strong><b>Corrida \u00fanica <\/b><\/strong><\/td>\n<td width=\"535\"><strong><b>Corrida dupla <\/b><\/strong><\/td>\n<\/tr>\n<tr>\n<td width=\"408\">Velocidade<\/td>\n<td width=\"542\">320~380 livros\/hora<\/td>\n<td width=\"535\">320~380 livros\/hora<\/td>\n<\/tr>\n<tr>\n<td width=\"408\">tempo de fus\u00e3o<\/td>\n<td width=\"542\">25 minutos<\/td>\n<td width=\"535\">25 minutos<\/td>\n<\/tr>\n<tr>\n<td width=\"408\">Rolo de colagem<\/td>\n<td width=\"542\">2 rolos de colagem + 1 rolo de colagem lateral<\/td>\n<td width=\"535\">2 rolos de colagem + 1 rolo de colagem lateral<\/td>\n<\/tr>\n<tr>\n<td width=\"408\">M\u00e9todo de corte de livro<\/td>\n<td width=\"542\">cortador pequeno + cortador de disco<\/td>\n<td width=\"535\">cortador pequeno + cortador de disco<\/td>\n<\/tr>\n<tr>\n<td width=\"408\">Poder<\/td>\n<td width=\"542\">220 V\/50 Hz, 2500 W<\/td>\n<td width=\"535\">220 V\/50 Hz, 2500 W<\/td>\n<\/tr>\n<tr>\n<td width=\"408\">Tamanho da m\u00e1quina<\/td>\n<td width=\"542\">1560x640x1300mm<\/td>\n<td width=\"535\">1560x640x1300mm<\/td>\n<\/tr>\n<tr>\n<td width=\"408\">Peso<\/td>\n<td width=\"542\">280kg<\/td>\n<td width=\"535\">280kg<\/td>\n<\/tr>\n<tr>\n<td colspan=\"3\" width=\"1486\"><strong><b>Caracter\u00edsticas:<\/b><\/strong><\/p>\n<p>Acionamento por correia s\u00edncrona silenciosa<\/p>\n<p>Controle inteligente, tela grande de alta defini\u00e7\u00e3o de 7 polegadas<\/p>\n<p>Convers\u00e3o de frequ\u00eancia inteligente, encaderna\u00e7\u00e3o com cola de alta velocidade, posicionamento preciso<\/p>\n<p>Nova bra\u00e7adeira, controle independente do servo motor sobe e desce mais est\u00e1vel<\/td>\n<\/tr>\n<\/tbody>\n<\/table>","protected":false},"excerpt":{"rendered":"<p>Hot Melt Glue Book Binder Machine( 1 gluing roller) Specification: Model ES80 ES80R Binding length 420mm 420mm Binding thickness 60mm 60mm Running mode Single run Double run Speed 320~380books\/hour 320~380books\/hour melting time 25min 25min Gluing roller 2 gluing roller+ 1 side gluing roller 2 gluing roller+ 1 side gluing roller Book cutting method small cutter [&hellip;]<\/p>","protected":false},"featured_media":667,"template":"","meta":{"site-sidebar-layout":"default","site-content-layout":"default","ast-site-content-layout":"default","site-content-style":"default","site-sidebar-style":"default","ast-global-header-display":"","ast-banner-title-visibility":"","ast-main-header-display":"","ast-hfb-above-header-display":"","ast-hfb-below-header-display":"","ast-hfb-mobile-header-display":"","site-post-title":"","ast-breadcrumbs-content":"","ast-featured-img":"","footer-sml-layout":"","theme-transparent-header-meta":"default","adv-header-id-meta":"","stick-header-meta":"","header-above-stick-meta":"","header-main-stick-meta":"","header-below-stick-meta":"","astra-migrate-meta-layouts":"default","ast-page-background-enabled":"default","ast-page-background-meta":{"desktop":{"background-color":"","background-image":"","background-repeat":"repeat","background-position":"center center","background-size":"auto","background-attachment":"scroll","background-type":"","background-media":"","overlay-type":"","overlay-color":"","overlay-opacity":"","overlay-gradient":""},"tablet":{"background-color":"","background-image":"","background-repeat":"repeat","background-position":"center center","background-size":"auto","background-attachment":"scroll","background-type":"","background-media":"","overlay-type":"","overlay-color":"","overlay-opacity":"","overlay-gradient":""},"mobile":{"background-color":"","background-image":"","background-repeat":"repeat","background-position":"center center","background-size":"auto","background-attachment":"scroll","background-type":"","background-media":"","overlay-type":"","overlay-color":"","overlay-opacity":"","overlay-gradient":""}},"ast-content-background-meta":{"desktop":{"background-color":"var(--ast-global-color-5)","background-image":"","background-repeat":"repeat","background-position":"center center","background-size":"auto","background-attachment":"scroll","background-type":"","background-media":"","overlay-type":"","overlay-color":"","overlay-opacity":"","overlay-gradient":""},"tablet":{"background-color":"var(--ast-global-color-5)","background-image":"","background-repeat":"repeat","background-position":"center center","background-size":"auto","background-attachment":"scroll","background-type":"","background-media":"","overlay-type":"","overlay-color":"","overlay-opacity":"","overlay-gradient":""},"mobile":{"background-color":"var(--ast-global-color-5)","background-image":"","background-repeat":"repeat","background-position":"center center","background-size":"auto","background-attachment":"scroll","background-type":"","background-media":"","overlay-type":"","overlay-color":"","overlay-opacity":"","overlay-gradient":""}}},"product_brand":[],"product_cat":[55],"product_tag":[],"class_list":{"0":"post-672","1":"product","2":"type-product","3":"status-publish","4":"has-post-thumbnail","6":"product_cat-glue-binding-machine","7":"desktop-align-center","8":"tablet-align-left","9":"mobile-align-left","11":"first","12":"instock","13":"shipping-taxable","14":"product-type-simple"},"_links":{"self":[{"href":"https:\/\/estarmachinery.com\/pt\/wp-json\/wp\/v2\/product\/672","targetHints":{"allow":["GET"]}}],"collection":[{"href":"https:\/\/estarmachinery.com\/pt\/wp-json\/wp\/v2\/product"}],"about":[{"href":"https:\/\/estarmachinery.com\/pt\/wp-json\/wp\/v2\/types\/product"}],"wp:featuredmedia":[{"embeddable":true,"href":"https:\/\/estarmachinery.com\/pt\/wp-json\/wp\/v2\/media\/667"}],"wp:attachment":[{"href":"https:\/\/estarmachinery.com\/pt\/wp-json\/wp\/v2\/media?parent=672"}],"wp:term":[{"taxonomy":"product_brand","embeddable":true,"href":"https:\/\/estarmachinery.com\/pt\/wp-json\/wp\/v2\/product_brand?post=672"},{"taxonomy":"product_cat","embeddable":true,"href":"https:\/\/estarmachinery.com\/pt\/wp-json\/wp\/v2\/product_cat?post=672"},{"taxonomy":"product_tag","embeddable":true,"href":"https:\/\/estarmachinery.com\/pt\/wp-json\/wp\/v2\/product_tag?post=672"}],"curies":[{"name":"wp","href":"https:\/\/api.w.org\/{rel}","templated":true}]}}