{"id":673,"date":"2023-06-19T01:04:38","date_gmt":"2023-06-19T01:04:38","guid":{"rendered":"https:\/\/estarmachinery.com\/?post_type=product&#038;p=673"},"modified":"2023-07-13T08:54:19","modified_gmt":"2023-07-13T08:54:19","slug":"auto-sheet-feed-label-cutter","status":"publish","type":"product","link":"https:\/\/estarmachinery.com\/pt\/produto\/auto-sheet-feed-label-cutter\/","title":{"rendered":"Cortador de etiquetas com alimenta\u00e7\u00e3o autom\u00e1tica de folhas"},"content":{"rendered":"<p style=\"text-align: center;\"><strong>Auto<\/strong><strong>&#8211;<\/strong><strong>cortador de etiqueta de alimenta\u00e7\u00e3o de folha<\/strong><strong>\u00a0<\/strong><strong><br \/>\n<\/strong><\/p>\n<p><img fetchpriority=\"high\" decoding=\"async\" class=\"alignnone size-full wp-image-675\" src=\"https:\/\/estarmachinery.com\/wp-content\/uploads\/2023\/06\/machine-to-print-and-cut-stickers-2.jpg\" alt=\"Auto-sheet Feed Label cutter \" width=\"800\" height=\"800\" srcset=\"https:\/\/estarmachinery.com\/wp-content\/uploads\/2023\/06\/machine-to-print-and-cut-stickers-2.jpg 800w, https:\/\/estarmachinery.com\/wp-content\/uploads\/2023\/06\/machine-to-print-and-cut-stickers-2-300x300.jpg 300w, https:\/\/estarmachinery.com\/wp-content\/uploads\/2023\/06\/machine-to-print-and-cut-stickers-2-150x150.jpg 150w, https:\/\/estarmachinery.com\/wp-content\/uploads\/2023\/06\/machine-to-print-and-cut-stickers-2-768x768.jpg 768w, https:\/\/estarmachinery.com\/wp-content\/uploads\/2023\/06\/machine-to-print-and-cut-stickers-2-600x600.jpg 600w, https:\/\/estarmachinery.com\/wp-content\/uploads\/2023\/06\/machine-to-print-and-cut-stickers-2-100x100.jpg 100w\" sizes=\"(max-width: 800px) 100vw, 800px\" \/><\/p>\n<p>&nbsp;<\/p>\n<p><strong>Vantagens:<\/strong><\/p>\n<ol>\n<li><strong><b>Com servo motor, a velocidade de corte \u00e9 r\u00e1pida<\/b><\/strong><\/li>\n<li><b><\/b><strong><b>Toque em tela grande<\/b><\/strong><\/li>\n<li><b><\/b><strong><b>Opera\u00e7\u00e3o simples <\/b><\/strong><\/li>\n<li><b><\/b><strong><b>Velocidade r\u00e1pida e alta efici\u00eancia <\/b><\/strong><\/li>\n<li><b><\/b><strong><b>Alimenta\u00e7\u00e3o cont\u00ednua autom\u00e1tica de papel<\/b><\/strong><\/li>\n<li><b><\/b><strong><b>Trabalho totalmente libertador<\/b><\/strong><\/li>\n<\/ol>\n<table>\n<tbody>\n<tr>\n<td width=\"568\">Estilo n\u00e3o.:<\/td>\n<td width=\"568\">ES-F350<\/td>\n<\/tr>\n<tr>\n<td width=\"568\">Tamanho da m\u00e1quina:<\/td>\n<td width=\"568\">L745*465*250mm<\/td>\n<\/tr>\n<tr>\n<td width=\"568\">Precis\u00e3o de corte<\/td>\n<td width=\"568\">\u00b10,01mm<\/td>\n<\/tr>\n<tr>\n<td width=\"568\">Poder<\/td>\n<td width=\"568\">50w<\/td>\n<\/tr>\n<tr>\n<td width=\"568\">Largura m\u00e1xima das letras<\/td>\n<td width=\"568\">400mm<\/td>\n<\/tr>\n<tr>\n<td width=\"568\">Tens\u00e3o m\u00e1xima de corte<\/td>\n<td width=\"568\">1000g<\/td>\n<\/tr>\n<tr>\n<td width=\"568\">Velocidade m\u00e1xima de corte<\/td>\n<td width=\"568\">1500 mm\/s<\/td>\n<\/tr>\n<tr>\n<td width=\"568\">Largura m\u00e1xima de alimenta\u00e7\u00e3o de papel<\/td>\n<td width=\"568\">350mm<\/td>\n<\/tr>\n<tr>\n<td width=\"568\">Tamanho m\u00e1ximo do material<\/td>\n<td width=\"568\">A3+<\/td>\n<\/tr>\n<tr>\n<td width=\"568\">Modo de digitaliza\u00e7\u00e3o<\/td>\n<td width=\"568\">C\u00e2mera CCD<\/td>\n<\/tr>\n<tr>\n<td width=\"568\">Corte de contorno<\/td>\n<td width=\"568\">Corte autom\u00e1tico de contorno ARMS<\/td>\n<\/tr>\n<tr>\n<td width=\"568\">Sistema de alimenta\u00e7\u00e3o<\/td>\n<td width=\"568\">Alimenta\u00e7\u00e3o autom\u00e1tica<\/td>\n<\/tr>\n<tr>\n<td width=\"568\">NO:<\/td>\n<td width=\"568\">39kg<\/td>\n<\/tr>\n<tr>\n<td width=\"568\">GW:<\/td>\n<td width=\"568\">42kg<\/td>\n<\/tr>\n<\/tbody>\n<\/table>","protected":false},"excerpt":{"rendered":"<p>Auto&#8211;sheet Feed Label cutter\u00a0 &nbsp; Advantages: With servo motor,the cutting speed is fast Large-screen touch Simple operation Fast speed and high efficiency Automatic continuous paper feeding Fully liberating labor Style No.: ES-F350 Machine Size: L745*465*250mm Cutting accuracy \u00b10.01mm Power 50w Max width of lettering 400mm Max cutting stress 1000g Max cutting speed 1500mm\/s Max paper [&hellip;]<\/p>","protected":false},"featured_media":676,"template":"","meta":{"site-sidebar-layout":"default","site-content-layout":"default","ast-site-content-layout":"default","site-content-style":"default","site-sidebar-style":"default","ast-global-header-display":"","ast-banner-title-visibility":"","ast-main-header-display":"","ast-hfb-above-header-display":"","ast-hfb-below-header-display":"","ast-hfb-mobile-header-display":"","site-post-title":"","ast-breadcrumbs-content":"","ast-featured-img":"","footer-sml-layout":"","ast-disable-related-posts":"","theme-transparent-header-meta":"default","adv-header-id-meta":"","stick-header-meta":"","header-above-stick-meta":"","header-main-stick-meta":"","header-below-stick-meta":"","astra-migrate-meta-layouts":"default","ast-page-background-enabled":"default","ast-page-background-meta":{"desktop":{"background-color":"","background-image":"","background-repeat":"repeat","background-position":"center center","background-size":"auto","background-attachment":"scroll","background-type":"","background-media":"","overlay-type":"","overlay-color":"","overlay-opacity":"","overlay-gradient":""},"tablet":{"background-color":"","background-image":"","background-repeat":"repeat","background-position":"center center","background-size":"auto","background-attachment":"scroll","background-type":"","background-media":"","overlay-type":"","overlay-color":"","overlay-opacity":"","overlay-gradient":""},"mobile":{"background-color":"","background-image":"","background-repeat":"repeat","background-position":"center center","background-size":"auto","background-attachment":"scroll","background-type":"","background-media":"","overlay-type":"","overlay-color":"","overlay-opacity":"","overlay-gradient":""}},"ast-content-background-meta":{"desktop":{"background-color":"var(--ast-global-color-5)","background-image":"","background-repeat":"repeat","background-position":"center center","background-size":"auto","background-attachment":"scroll","background-type":"","background-media":"","overlay-type":"","overlay-color":"","overlay-opacity":"","overlay-gradient":""},"tablet":{"background-color":"var(--ast-global-color-5)","background-image":"","background-repeat":"repeat","background-position":"center center","background-size":"auto","background-attachment":"scroll","background-type":"","background-media":"","overlay-type":"","overlay-color":"","overlay-opacity":"","overlay-gradient":""},"mobile":{"background-color":"var(--ast-global-color-5)","background-image":"","background-repeat":"repeat","background-position":"center center","background-size":"auto","background-attachment":"scroll","background-type":"","background-media":"","overlay-type":"","overlay-color":"","overlay-opacity":"","overlay-gradient":""}}},"product_brand":[],"product_cat":[45,60],"product_tag":[],"class_list":{"0":"post-673","1":"product","2":"type-product","3":"status-publish","4":"has-post-thumbnail","6":"product_cat-cutting-machine","7":"product_cat-hot-machine","8":"desktop-align-center","9":"tablet-align-left","10":"mobile-align-left","12":"first","13":"instock","14":"shipping-taxable","15":"product-type-simple"},"_links":{"self":[{"href":"https:\/\/estarmachinery.com\/pt\/wp-json\/wp\/v2\/product\/673","targetHints":{"allow":["GET"]}}],"collection":[{"href":"https:\/\/estarmachinery.com\/pt\/wp-json\/wp\/v2\/product"}],"about":[{"href":"https:\/\/estarmachinery.com\/pt\/wp-json\/wp\/v2\/types\/product"}],"wp:featuredmedia":[{"embeddable":true,"href":"https:\/\/estarmachinery.com\/pt\/wp-json\/wp\/v2\/media\/676"}],"wp:attachment":[{"href":"https:\/\/estarmachinery.com\/pt\/wp-json\/wp\/v2\/media?parent=673"}],"wp:term":[{"taxonomy":"product_brand","embeddable":true,"href":"https:\/\/estarmachinery.com\/pt\/wp-json\/wp\/v2\/product_brand?post=673"},{"taxonomy":"product_cat","embeddable":true,"href":"https:\/\/estarmachinery.com\/pt\/wp-json\/wp\/v2\/product_cat?post=673"},{"taxonomy":"product_tag","embeddable":true,"href":"https:\/\/estarmachinery.com\/pt\/wp-json\/wp\/v2\/product_tag?post=673"}],"curies":[{"name":"wp","href":"https:\/\/api.w.org\/{rel}","templated":true}]}}