{"id":677,"date":"2023-06-19T01:16:26","date_gmt":"2023-06-19T01:16:26","guid":{"rendered":"https:\/\/estarmachinery.com\/?post_type=product&#038;p=677"},"modified":"2023-07-06T07:22:13","modified_gmt":"2023-07-06T07:22:13","slug":"es-4-660-740-four-color-offset-printer","status":"publish","type":"product","link":"https:\/\/estarmachinery.com\/pt\/produto\/es-4-660-740-four-color-offset-printer\/","title":{"rendered":"Impressora offset de quatro cores ES-4-660\/740"},"content":{"rendered":"<p style=\"text-align: center;\"><strong><b>ES<\/b><\/strong><strong><b>-4-660\/740 Impressora offset de quatro cores<\/b><\/strong><\/p>\n<p><img fetchpriority=\"high\" decoding=\"async\" class=\"alignnone size-large wp-image-678\" src=\"https:\/\/estarmachinery.com\/wp-content\/uploads\/2023\/06\/XH-4-660740-1024x576.jpg\" alt=\"ES-4-660\/740 Four Color Offset Printer\" width=\"1024\" height=\"576\" srcset=\"https:\/\/estarmachinery.com\/wp-content\/uploads\/2023\/06\/XH-4-660740-1024x576.jpg 1024w, https:\/\/estarmachinery.com\/wp-content\/uploads\/2023\/06\/XH-4-660740-300x169.jpg 300w, https:\/\/estarmachinery.com\/wp-content\/uploads\/2023\/06\/XH-4-660740-768x432.jpg 768w, https:\/\/estarmachinery.com\/wp-content\/uploads\/2023\/06\/XH-4-660740-1536x864.jpg 1536w, https:\/\/estarmachinery.com\/wp-content\/uploads\/2023\/06\/XH-4-660740-600x338.jpg 600w, https:\/\/estarmachinery.com\/wp-content\/uploads\/2023\/06\/XH-4-660740.jpg 2000w\" sizes=\"(max-width: 1024px) 100vw, 1024px\" \/><\/p>\n<p><strong>INFORMA\u00c7\u00d5ES T\u00c9CNICAS <\/strong><\/p>\n<ol>\n<li><strong>Principais par\u00e2metros t\u00e9cnicos: <\/strong><\/li>\n<\/ol>\n<table>\n<tbody>\n<tr>\n<td width=\"400\">Modelo<\/td>\n<td width=\"378\">ES-4-740<\/td>\n<td width=\"453\">ES-4-660<\/td>\n<\/tr>\n<tr>\n<td width=\"400\">M\u00e1x. Velocidade<\/td>\n<td width=\"378\">12.000 segundos\/h<\/td>\n<td width=\"453\">12.000 segundos\/h<\/td>\n<\/tr>\n<tr>\n<td width=\"400\">M\u00e1x. Tamanho do papel<\/td>\n<td width=\"378\">540\u00d7740mm<\/td>\n<td width=\"453\">540\u00d7660mm<\/td>\n<\/tr>\n<tr>\n<td width=\"400\">Min. Tamanho do papel<\/td>\n<td width=\"378\">273\u00d7393mm<\/td>\n<td width=\"453\">273\u00d7393mm<\/td>\n<\/tr>\n<tr>\n<td width=\"400\">Espessura da folha de papel<\/td>\n<td width=\"378\">0,06-0,6 mm<\/td>\n<td width=\"453\">0,06-0,6 mm<\/td>\n<\/tr>\n<tr>\n<td width=\"400\">M\u00e1x. \u00c1rea de impress\u00e3o<\/td>\n<td width=\"378\">528\u00d7730mm<\/td>\n<td width=\"453\">528\u00d7650mm<\/td>\n<\/tr>\n<tr>\n<td width=\"400\">Tamanho da placa<\/td>\n<td width=\"378\">677\u00d7755\u00d70,3 mm<\/td>\n<td width=\"453\">677\u00d7675\u00d70,3 mm<\/td>\n<\/tr>\n<tr>\n<td width=\"400\">Tamanho do cobertor<\/td>\n<td width=\"378\">740\u00d7760\u00d71,9mm<\/td>\n<td width=\"453\">740\u00d7680\u00d71,9mm<\/td>\n<\/tr>\n<tr>\n<td width=\"400\">M\u00e1x. Altura da pilha do alimentador<\/td>\n<td width=\"378\">940 mm<\/td>\n<td width=\"453\">940 mm<\/td>\n<\/tr>\n<tr>\n<td width=\"400\">M\u00e1x. Altura da pilha de entrega<\/td>\n<td width=\"378\">780mm<\/td>\n<td width=\"453\">780mm<\/td>\n<\/tr>\n<tr>\n<td width=\"400\">Dimens\u00e3o total da m\u00e1quina<\/p>\n<p>(CxLxA)<\/td>\n<td width=\"378\">7380\u00d72550\u00d71950mm<\/td>\n<td width=\"453\">7380\u00d72470\u00d71950mm<\/td>\n<\/tr>\n<tr>\n<td width=\"400\">Poder total<\/td>\n<td width=\"378\">23 kW, 380 V, 50 Hz<\/td>\n<td width=\"453\">23 kW, 380 V, 50 Hz<\/td>\n<\/tr>\n<tr>\n<td width=\"400\">Peso Bruto da M\u00e1quina<\/td>\n<td width=\"378\">19.700 kg<\/td>\n<td width=\"453\">18.700kg<\/td>\n<\/tr>\n<\/tbody>\n<\/table>\n<p>De acordo com o desenvolvimento do mercado de impress\u00e3o, \u00e9 adotada uma nova gera\u00e7\u00e3o de m\u00e1quinas de impress\u00e3o offset multicoloridas constru\u00eddas por uma s\u00e9rie de tecnologias de patentes nacionais, que adota sistema de fixa\u00e7\u00e3o pneum\u00e1tica autom\u00e1tica, sistema de ajuste autom\u00e1tico de tr\u00eas eixos controlado por \u00edm\u00e3 permanente DC, e sistema preciso de regula\u00e7\u00e3o autom\u00e1tica de press\u00e3o. Com o sistema de controle eletr\u00f4nico de barramento do m\u00e9todo de comunica\u00e7\u00e3o Mitsubishi CC-LINK, ele exibe perfeitamente as caracter\u00edsticas de intelig\u00eancia, intelig\u00eancia e alta efici\u00eancia da m\u00e1quina de impress\u00e3o para servi\u00e7os pesados. A grava\u00e7\u00e3o em spray de a\u00e7o inoxid\u00e1vel e o cilindro da placa prolongam muito a vida \u00fatil da m\u00e1quina. O CIP4 pode ser usado para formar um fluxo de trabalho digital com pr\u00e9-impress\u00e3o CTP e p\u00f3s-impress\u00e3o e para predefinir a cor da tinta, o que reduz bastante a experi\u00eancia das f\u00e1bricas de impress\u00e3o para os t\u00e9cnicos de impress\u00e3o. Sob certas condi\u00e7\u00f5es, as condi\u00e7\u00f5es operacionais e v\u00e1rias altera\u00e7\u00f5es de par\u00e2metros da impressora podem ser monitoradas e controladas pela INTERNET, e a popular impress\u00e3o UV, envidra\u00e7amento e outros processos de impress\u00e3o, bem como a lavagem autom\u00e1tica da manta e o rolo de tinta podem ser convenientemente instalados. Maior escalabilidade dos recursos do produto<\/p>\n<p>1.O semi APC (trocador autom\u00e1tico de placas) reduz o tempo de prepara\u00e7\u00e3o.<\/p>\n<p>2.Para predefinir a espessura do papel ao imprimir diferentes tipos de papel. Para ajustar a press\u00e3o de impress\u00e3o em<\/p>\n<p>cada unidade de forma autom\u00e1tica, r\u00e1pida e s\u00edncrona.<\/p>\n<p>3.Com alimentador ininterrupto, as pilhas s\u00e3o trocadas na velocidade de produ\u00e7\u00e3o. Isso economiza muito tempo quando<\/p>\n<p>executar papel grosso e vers\u00e3o longa funcionam offline.<\/p>\n<p>4.\u00c9 equipado com m\u00f3dulo de barramento tecnol\u00f3gico CC-LINK da Mitsubishi.<\/p>\n<p>5. O cilindro de impress\u00e3o de di\u00e2metro duplo e o tambor de transfer\u00eancia podem reduzir os tempos de aquisi\u00e7\u00e3o da folha<\/p>\n<p>entre unidades de impress\u00e3o.<\/p>\n<p>6. O cilindro da placa pode ser ajustado na dire\u00e7\u00e3o circunferencial, dire\u00e7\u00e3o lateral e diagonal<\/p>\n<p>dire\u00e7\u00e3o.<\/p>\n<p>7.Existem cinco rolos no cilindro da placa. Existe um rolo intermedi\u00e1rio no amortecimento alco\u00f3lico<\/p>\n<p>sistema, que pode eliminar a imagem \u201cfantasma\u201d, alcan\u00e7ar o r\u00e1pido equil\u00edbrio tinta-\u00e1gua e<\/p>\n<p>reduzir o consumo de papel.<\/p>\n<p>8.Existem 23 zonas em duto dividido (escalonado).<\/p>\n<p><strong><em><b>Padr\u00e3o<\/b><\/em><\/strong><strong><em><b>\u00a0<\/b><\/em><\/strong><strong><em><b>equipamento<\/b><\/em><\/strong><strong><em><b>e<\/b><\/em><\/strong><strong><em><b>n<\/b><\/em><\/strong><strong><em><b>t<\/b><\/em><\/strong><strong><em><b>:<\/b><\/em><\/strong><\/p>\n<table>\n<tbody>\n<tr>\n<td width=\"72\">N\u00e3o.<\/td>\n<td width=\"886\">Equipamento padr\u00e3o<\/td>\n<td width=\"170\">Observa\u00e7\u00f5es<\/td>\n<\/tr>\n<tr>\n<td width=\"72\">1<\/td>\n<td width=\"886\">Controle remoto de tinta<strong><em><b>(<\/b><\/em><\/strong><strong><em><b>\u00f3<\/b><\/em><\/strong><strong><em><b>p<\/b><\/em><\/strong><strong><em><b>t<\/b><\/em><\/strong><strong><em><b>eu<\/b><\/em><\/strong><strong><em><b>n \/ D<\/b><\/em><\/strong><strong><em><b>eu)<\/b><\/em><\/strong><\/td>\n<td width=\"170\">&nbsp;<\/td>\n<\/tr>\n<tr>\n<td width=\"72\">2<\/td>\n<td width=\"886\">Amortecimento de \u00e1lcool<\/td>\n<td width=\"170\">&nbsp;<\/td>\n<\/tr>\n<tr>\n<td width=\"72\">3<\/td>\n<td width=\"886\">Portador por portador<\/td>\n<td width=\"170\">&nbsp;<\/td>\n<\/tr>\n<tr>\n<td width=\"72\">4<\/td>\n<td width=\"886\">Cilindro de impress\u00e3o e cilindro de transfer\u00eancia de di\u00e2metro duplo<\/td>\n<td width=\"170\">&nbsp;<\/td>\n<\/tr>\n<tr>\n<td width=\"72\">5<\/td>\n<td width=\"886\">Tratamento especial na superf\u00edcie do cilindro de impress\u00e3o<\/td>\n<td width=\"170\">&nbsp;<\/td>\n<\/tr>\n<tr>\n<td width=\"72\">6<\/td>\n<td width=\"886\">Tratamento especial na superf\u00edcie do cilindro de placa<\/td>\n<td width=\"170\">&nbsp;<\/td>\n<\/tr>\n<tr>\n<td width=\"72\">7<\/td>\n<td width=\"886\">Barra de fixa\u00e7\u00e3o semiautom\u00e1tica<\/td>\n<td width=\"170\">&nbsp;<\/td>\n<\/tr>\n<tr>\n<td width=\"72\">8<\/td>\n<td width=\"886\">Registre na dire\u00e7\u00e3o axial e circunferencial<\/td>\n<td width=\"170\">&nbsp;<\/td>\n<\/tr>\n<tr>\n<td width=\"72\">9<\/td>\n<td width=\"886\">Armar<\/td>\n<td width=\"170\">&nbsp;<\/td>\n<\/tr>\n<tr>\n<td width=\"72\">10<\/td>\n<td width=\"886\">Ajuste autom\u00e1tico de press\u00e3o<\/td>\n<td width=\"170\">&nbsp;<\/td>\n<\/tr>\n<tr>\n<td width=\"72\">11<\/td>\n<td width=\"886\">Impress\u00e3o pneum\u00e1tica liga-desliga<\/td>\n<td width=\"170\">&nbsp;<\/td>\n<\/tr>\n<tr>\n<td width=\"72\">12<\/td>\n<td width=\"886\">Sistema de garra oscilante<\/td>\n<td width=\"170\">&nbsp;<\/td>\n<\/tr>\n<tr>\n<td width=\"72\">13<\/td>\n<td width=\"886\">Posi\u00e7\u00e3o frontal oscilante<\/td>\n<td width=\"170\">&nbsp;<\/td>\n<\/tr>\n<tr>\n<td width=\"72\">14<\/td>\n<td width=\"886\">Pulverizador el\u00e9trico de p\u00f3<\/td>\n<td width=\"170\">&nbsp;<\/td>\n<\/tr>\n<tr>\n<td width=\"72\">15<\/td>\n<td width=\"886\">Lubrifica\u00e7\u00e3o como chuveiro, lubrifica\u00e7\u00e3o espessa parcial<\/td>\n<td width=\"170\">&nbsp;<\/td>\n<\/tr>\n<tr>\n<td width=\"72\">16<\/td>\n<td width=\"886\">Entrega ininterrupta<\/td>\n<td width=\"170\">&nbsp;<\/td>\n<\/tr>\n<tr>\n<td colspan=\"3\" width=\"1129\"><strong><em><b>Um<\/b><\/em><\/strong><strong><em><b>c<\/b><\/em><\/strong><strong><em><b>eu<\/b><\/em><\/strong><strong><em><b>eu<\/b><\/em><\/strong><strong><em><b>eu<\/b><\/em><\/strong><strong><em><b>a<\/b><\/em><\/strong><strong><em><b>R<\/b><\/em><\/strong><strong><em><b>sim<\/b><\/em><\/strong><strong><em><b>\u00a0E<\/b><\/em><\/strong><strong><em><b>piada<\/b><\/em><\/strong><strong><em><b>eu<\/b><\/em><\/strong><strong><em><b>e<\/b><\/em><\/strong><strong><em><b>n\u00e3o:<\/b><\/em><\/strong><\/td>\n<\/tr>\n<tr>\n<td width=\"72\">17<\/td>\n<td width=\"886\">Perfurador fotoel\u00e9trico (a placa pode ser dobrada)<\/td>\n<td width=\"170\">&nbsp;<\/td>\n<\/tr>\n<tr>\n<td width=\"72\">18<\/td>\n<td width=\"886\">Bomba de ar<\/td>\n<td width=\"170\">&nbsp;<\/td>\n<\/tr>\n<tr>\n<td width=\"72\">19<\/td>\n<td width=\"886\">Compressor de ar<\/td>\n<td width=\"170\">&nbsp;<\/td>\n<\/tr>\n<tr>\n<td width=\"72\">20<\/td>\n<td width=\"886\">Rolos de amortecimento<\/td>\n<td width=\"170\">&nbsp;<\/td>\n<\/tr>\n<tr>\n<td width=\"72\">21<\/td>\n<td width=\"886\">Alimentador a v\u00e1cuo<\/td>\n<td width=\"170\">&nbsp;<\/td>\n<\/tr>\n<tr>\n<td width=\"72\">22<\/td>\n<td width=\"886\">Detector ultrass\u00f4nico de folha dupla<\/td>\n<td width=\"170\">&nbsp;<\/td>\n<\/tr>\n<tr>\n<td colspan=\"3\" width=\"1129\"><strong><em><b>P<\/b><\/em><\/strong><strong><em><b>a<\/b><\/em><\/strong><strong><em><b>ck<\/b><\/em><\/strong><strong><em><b>a<\/b><\/em><\/strong><strong><em><b>g<\/b><\/em><\/strong><strong><em><b>e<\/b><\/em><\/strong><strong><em><b>:<\/b><\/em><\/strong><\/td>\n<\/tr>\n<tr>\n<td width=\"72\">1<\/td>\n<td width=\"886\">Fumiga\u00e7\u00e3o de madeira<\/td>\n<td width=\"170\">&nbsp;<\/td>\n<\/tr>\n<tr>\n<td width=\"72\">2<\/td>\n<td width=\"886\">Instru\u00e7\u00f5es manuais, lista de embalagem, livro de pe\u00e7as de reposi\u00e7\u00e3o<\/td>\n<td width=\"170\">&nbsp;<\/td>\n<\/tr>\n<\/tbody>\n<\/table>\n<p><strong><em><b>Descri\u00e7\u00e3o:<\/b><\/em><\/strong><\/p>\n<p><img decoding=\"async\" class=\"aligncenter wp-image-685\" src=\"https:\/\/estarmachinery.com\/wp-content\/uploads\/2023\/06\/\u56fe\u72471-1.png\" alt=\"ES-4-660\/740 Four Color Offset Printer\" width=\"500\" height=\"240\" srcset=\"https:\/\/estarmachinery.com\/wp-content\/uploads\/2023\/06\/\u56fe\u72471-1.png 358w, https:\/\/estarmachinery.com\/wp-content\/uploads\/2023\/06\/\u56fe\u72471-1-300x144.png 300w\" sizes=\"(max-width: 500px) 100vw, 500px\" \/><\/p>\n<p>Alimentador<\/p>\n<p>* C\u00e2mera conjugada. O mecanismo de encaminhamento controlado pelo trilho-guia linear torna a velocidade da m\u00e1quina mais r\u00e1pida e est\u00e1vel.<\/p>\n<p>* A v\u00e1lvula rotativa com patente pode limpar o p\u00f3 do papel automaticamente e reduzir a falha.<\/p>\n<p><img decoding=\"async\" class=\"aligncenter wp-image-686\" src=\"https:\/\/estarmachinery.com\/wp-content\/uploads\/2023\/06\/\u56fe\u72472.png\" alt=\"ES-4-660\/740 Four Color Offset Printer\" width=\"500\" height=\"299\" \/><\/p>\n<p>Unidades de impress\u00e3o<\/p>\n<p>* Tanto a estrutura quanto a base s\u00e3o fundidas integralmente.<\/p>\n<p>* A t\u00eampera de alta frequ\u00eancia das engrenagens garante a precis\u00e3o da transmiss\u00e3o.<\/p>\n<p>* Engrenagens helicoidais, alto coeficiente de sobreposi\u00e7\u00e3o e baixo ru\u00eddo<\/p>\n<p><img loading=\"lazy\" decoding=\"async\" class=\"aligncenter wp-image-687\" src=\"https:\/\/estarmachinery.com\/wp-content\/uploads\/2023\/06\/\u56fe\u72473.png\" alt=\"ES-4-660\/740 Four Color Offset Printer\" width=\"500\" height=\"285\" srcset=\"https:\/\/estarmachinery.com\/wp-content\/uploads\/2023\/06\/\u56fe\u72473.png 801w, https:\/\/estarmachinery.com\/wp-content\/uploads\/2023\/06\/\u56fe\u72473-300x171.png 300w, https:\/\/estarmachinery.com\/wp-content\/uploads\/2023\/06\/\u56fe\u72473-768x438.png 768w, https:\/\/estarmachinery.com\/wp-content\/uploads\/2023\/06\/\u56fe\u72473-600x342.png 600w\" sizes=\"(max-width: 500px) 100vw, 500px\" \/><\/p>\n<p>Garras precisas<\/p>\n<p>* Depois que as almofadas de a\u00e7o xadrez de alta resist\u00eancia forem temperadas, sua vida \u00fatil ser\u00e1 mais longa e a substitui\u00e7\u00e3o ser\u00e1 mais conveniente.<\/p>\n<p>* As almofadas macias resistentes ao desgaste garantem a estabilidade da transfer\u00eancia do papel e a precis\u00e3o da transmiss\u00e3o do papel.<\/p>\n<p>* Rolamentos de rolos de agulhas de alta precis\u00e3o e rolamentos de abertura melhoram a estabilidade do sistema de garras.<\/p>\n<p><img loading=\"lazy\" decoding=\"async\" class=\"aligncenter wp-image-688\" src=\"https:\/\/estarmachinery.com\/wp-content\/uploads\/2023\/06\/\u56fe\u72474.png\" alt=\"ES-4-660\/740 Four Color Offset Printer\" width=\"500\" height=\"282\" srcset=\"https:\/\/estarmachinery.com\/wp-content\/uploads\/2023\/06\/\u56fe\u72474.png 417w, https:\/\/estarmachinery.com\/wp-content\/uploads\/2023\/06\/\u56fe\u72474-300x169.png 300w\" sizes=\"(max-width: 500px) 100vw, 500px\" \/><\/p>\n<p>Dispositivo autom\u00e1tico para ajustar a espessura do papel<\/p>\n<p>*\u00c9 equipado com acionamento por engrenagem. A dist\u00e2ncia entre os cilindros pode receber alguns feedbacks para serem exibidos automaticamente pelo potenci\u00f4metro.<\/p>\n<p>* O gerador magn\u00e9tico permanente acionado pode garantir a estabilidade da press\u00e3o de impress\u00e3o, devido \u00e0 grande tor\u00e7\u00e3o e forte travamento autom\u00e1tico.<\/p>\n<p>* \u00c9 mais f\u00e1cil e conveniente inserir a espessura do papel diretamente na tela.<\/p>\n<p><img loading=\"lazy\" decoding=\"async\" class=\"aligncenter wp-image-689\" src=\"https:\/\/estarmachinery.com\/wp-content\/uploads\/2023\/06\/\u56fe\u72475.png\" alt=\"ES-4-660\/740 Four Color Offset Printer\" width=\"500\" height=\"315\" srcset=\"https:\/\/estarmachinery.com\/wp-content\/uploads\/2023\/06\/\u56fe\u72475.png 383w, https:\/\/estarmachinery.com\/wp-content\/uploads\/2023\/06\/\u56fe\u72475-300x189.png 300w\" sizes=\"(max-width: 500px) 100vw, 500px\" \/><\/p>\n<p>Mesa alimentadora de suc\u00e7\u00e3o a v\u00e1cuo<\/p>\n<p>* Bomba de ar importada com grande volume<\/p>\n<p>* \u00c9 adequado para todos os pap\u00e9is de qualquer tipo ou tamanho automaticamente, para alterar o formato do papel com mais rapidez e facilidade.<\/p>\n<p>* O detector ultrass\u00f4nico de folha dupla pode proteger melhor os cilindros.<\/p>\n<p><img loading=\"lazy\" decoding=\"async\" class=\"aligncenter wp-image-690\" src=\"https:\/\/estarmachinery.com\/wp-content\/uploads\/2023\/06\/\u56fe\u72476.png\" alt=\"ES-4-660\/740 Four Color Offset Printer\" width=\"500\" height=\"245\" srcset=\"https:\/\/estarmachinery.com\/wp-content\/uploads\/2023\/06\/\u56fe\u72476.png 474w, https:\/\/estarmachinery.com\/wp-content\/uploads\/2023\/06\/\u56fe\u72476-300x147.png 300w\" sizes=\"(max-width: 500px) 100vw, 500px\" \/><\/p>\n<p>Cilindros<\/p>\n<p>* A superf\u00edcie dos cilindros de impress\u00e3o e dos cilindros de placa \u00e9 de a\u00e7o inoxid\u00e1vel pulverizado para prolongar melhor a vida \u00fatil da prensa.<\/p>\n<p>* O design de equil\u00edbrio din\u00e2mico pode reduzir a vibra\u00e7\u00e3o durante a impress\u00e3o.<\/p>\n<p><img loading=\"lazy\" decoding=\"async\" class=\"wp-image-691 aligncenter\" src=\"https:\/\/estarmachinery.com\/wp-content\/uploads\/2023\/06\/\u56fe\u72477.png\" alt=\"ES-4-660\/740 Four Color Offset Printer\" width=\"500\" height=\"332\" srcset=\"https:\/\/estarmachinery.com\/wp-content\/uploads\/2023\/06\/\u56fe\u72477.png 494w, https:\/\/estarmachinery.com\/wp-content\/uploads\/2023\/06\/\u56fe\u72477-300x199.png 300w\" sizes=\"(max-width: 500px) 100vw, 500px\" \/><\/p>\n<p>Barra de fixa\u00e7\u00e3o pneum\u00e1tica, placa de troca sem ferramentas<\/p>\n<p>* A tens\u00e3o da barra de fixa\u00e7\u00e3o \u00e9 controlada por mangueiras e molas prato importadas, tornando-a mais flex\u00edvel para opera\u00e7\u00e3o.<\/p>\n<p>* Os cantos dos cilindros s\u00e3o controlados por um codificador de alta precis\u00e3o. As placas ser\u00e3o instaladas e desmontadas automaticamente por programa. Assim, ele pode atender \u00e0 edi\u00e7\u00e3o longa e curta das necessidades do neg\u00f3cio de impress\u00e3o.<\/p>\n<p>* A cauda da barra de fixa\u00e7\u00e3o \u00e9 separada, para que possa ajudar o papel a ficar mais liso.<\/p>\n<p><img loading=\"lazy\" decoding=\"async\" class=\"aligncenter wp-image-692\" src=\"https:\/\/estarmachinery.com\/wp-content\/uploads\/2023\/06\/\u56fe\u72478.png\" alt=\"ES-4-660\/740 Four Color Offset Printer\" width=\"500\" height=\"406\" srcset=\"https:\/\/estarmachinery.com\/wp-content\/uploads\/2023\/06\/\u56fe\u72478.png 409w, https:\/\/estarmachinery.com\/wp-content\/uploads\/2023\/06\/\u56fe\u72478-300x244.png 300w\" sizes=\"(max-width: 500px) 100vw, 500px\" \/><\/p>\n<p>Console<\/p>\n<p>* A mem\u00f3ria da impressora ou o cart\u00e3o de mem\u00f3ria de trabalho (disco) pode salvar o trabalho atual. As altera\u00e7\u00f5es e configura\u00e7\u00f5es feitas no trabalho atual s\u00e3o transferidas para a impressora. No modo de impress\u00e3o, voc\u00ea pode inserir os valores de predefini\u00e7\u00e3o para o pr\u00f3ximo trabalho na mem\u00f3ria da impressora ou armazen\u00e1-los em um disco.<\/p>\n<p>*CIP3\/CIP4<\/p>\n<p><img loading=\"lazy\" decoding=\"async\" class=\"aligncenter wp-image-693\" src=\"https:\/\/estarmachinery.com\/wp-content\/uploads\/2023\/06\/\u56fe\u72479.png\" alt=\"ES-4-660\/740 Four Color Offset Printer\" width=\"500\" height=\"333\" srcset=\"https:\/\/estarmachinery.com\/wp-content\/uploads\/2023\/06\/\u56fe\u72479.png 494w, https:\/\/estarmachinery.com\/wp-content\/uploads\/2023\/06\/\u56fe\u72479-300x200.png 300w\" sizes=\"(max-width: 500px) 100vw, 500px\" \/><\/p>\n<p>Console de controle de quantidade de tinta (<strong><b>\u00d3<\/b><\/strong><strong><b>p<\/b><\/strong><strong><b>tio<\/b><\/strong><strong><b>n<\/b><\/strong><strong><b>a<\/b><\/strong><strong><b>eu<\/b><\/strong>)<\/p>\n<p>* Cada chave de tinta em cada unidade pode ser definida pelo console.<\/p>\n<p>* A quantidade de tinta pode ser exibida em formato digital e pode ser salva.<\/p>\n<p>&nbsp;<\/p>\n<p><strong><em><b>Str.<\/b><\/em><\/strong><strong><em><b>voc\u00ea<\/b><\/em><\/strong><strong><em><b>tura Di\u00e2metro<\/b><\/em><\/strong><strong><em><b>g<\/b><\/em><\/strong><strong><em><b>R<\/b><\/em><\/strong><strong><em><b>a<\/b><\/em><\/strong><strong><em><b>eu<\/b><\/em><\/strong><\/p>\n<p><img loading=\"lazy\" decoding=\"async\" class=\"aligncenter wp-image-694\" src=\"https:\/\/estarmachinery.com\/wp-content\/uploads\/2023\/06\/\u56fe\u724710.png\" alt=\"ES-4-660\/740 Four Color Offset Printer\" width=\"500\" height=\"140\" srcset=\"https:\/\/estarmachinery.com\/wp-content\/uploads\/2023\/06\/\u56fe\u724710.png 748w, https:\/\/estarmachinery.com\/wp-content\/uploads\/2023\/06\/\u56fe\u724710-300x84.png 300w, https:\/\/estarmachinery.com\/wp-content\/uploads\/2023\/06\/\u56fe\u724710-600x168.png 600w\" sizes=\"(max-width: 500px) 100vw, 500px\" \/><\/p>\n<p><strong><em><b>F\u00e9<\/b><\/em><\/strong><strong><em><b>a<\/b><\/em><\/strong><strong><em><b>t<\/b><\/em><\/strong><strong><em><b>voc\u00ea<\/b><\/em><\/strong><strong><em><b>R<\/b><\/em><\/strong><strong><em><b>\u00e9:<\/b><\/em><\/strong><\/p>\n<ol>\n<li>\u00a0O semiAPC (Automatic Plate Changer) reduz o tempo de prepara\u00e7\u00e3o.<\/li>\n<li>Predefinir a espessura do papel ao imprimir diferentes tipos de papel. Ajustar a press\u00e3o de impress\u00e3o em cada unidade de forma autom\u00e1tica, r\u00e1pida e s\u00edncrona.<\/li>\n<li>\u00a0Com o alimentador ininterrupto, as pilhas s\u00e3o trocadas na velocidade de produ\u00e7\u00e3o. Isso economiza muito tempo ao executar pap\u00e9is grossos e vers\u00f5es longas off-line.<\/li>\n<li>\u00a0Est\u00e1 equipado com m\u00f3dulo de barramento tecnol\u00f3gico CC-LINK da Mitsubishi.<\/li>\n<li>\u00a0O cilindro de impress\u00e3o de di\u00e2metro duplo e o tambor de transfer\u00eancia podem reduzir o tempo de transfer\u00eancia de folhas entre as unidades de impress\u00e3o.<\/li>\n<li>\u00a0O cilindro da placa pode ser ajustado na dire\u00e7\u00e3o circunferencial, na dire\u00e7\u00e3o lateral e na dire\u00e7\u00e3o diagonal.<\/li>\n<li>\u00a0Existem cinco rolos no cilindro da placa. Possui rolo intermedi\u00e1rio em sistema de amortecimento alco\u00f3lico, que pode eliminar a imagem \u201cfantasma\u201d, alcan\u00e7ar r\u00e1pido equil\u00edbrio tinta-\u00e1gua e reduzir o consumo de papel.<\/li>\n<\/ol>","protected":false},"excerpt":{"rendered":"<p>ES-4-660\/740 Four Color Offset Printer TECHNICAL INFORMAITON Main Technical Parameters: Model ES-4-740 ES-4-660 Max. Speed 12000s\/h 12000s\/h Max. Paper Size 540\u00d7740mm 540\u00d7660mm Min. Paper Size 273\u00d7393mm 273\u00d7393mm Paper Sheet Thickness 0.06\uff0d0.6mm 0.06\uff0d0.6mm Max. Printing Area 528\u00d7730mm 528\u00d7650mm Plate Size 677\u00d7755\u00d70.3mm 677\u00d7675\u00d70.3mm Blanket Size 740\u00d7760\u00d71.9mm 740\u00d7680\u00d71.9mm Max. Feeder Pile Height 940mm 940mm Max. Delivery Pile Height [&hellip;]<\/p>","protected":false},"featured_media":684,"template":"","meta":{"site-sidebar-layout":"default","site-content-layout":"default","ast-site-content-layout":"default","site-content-style":"default","site-sidebar-style":"default","ast-global-header-display":"","ast-banner-title-visibility":"","ast-main-header-display":"","ast-hfb-above-header-display":"","ast-hfb-below-header-display":"","ast-hfb-mobile-header-display":"","site-post-title":"","ast-breadcrumbs-content":"","ast-featured-img":"","footer-sml-layout":"","ast-disable-related-posts":"","theme-transparent-header-meta":"default","adv-header-id-meta":"","stick-header-meta":"","header-above-stick-meta":"","header-main-stick-meta":"","header-below-stick-meta":"","astra-migrate-meta-layouts":"default","ast-page-background-enabled":"default","ast-page-background-meta":{"desktop":{"background-color":"","background-image":"","background-repeat":"repeat","background-position":"center center","background-size":"auto","background-attachment":"scroll","background-type":"","background-media":"","overlay-type":"","overlay-color":"","overlay-opacity":"","overlay-gradient":""},"tablet":{"background-color":"","background-image":"","background-repeat":"repeat","background-position":"center center","background-size":"auto","background-attachment":"scroll","background-type":"","background-media":"","overlay-type":"","overlay-color":"","overlay-opacity":"","overlay-gradient":""},"mobile":{"background-color":"","background-image":"","background-repeat":"repeat","background-position":"center center","background-size":"auto","background-attachment":"scroll","background-type":"","background-media":"","overlay-type":"","overlay-color":"","overlay-opacity":"","overlay-gradient":""}},"ast-content-background-meta":{"desktop":{"background-color":"var(--ast-global-color-5)","background-image":"","background-repeat":"repeat","background-position":"center center","background-size":"auto","background-attachment":"scroll","background-type":"","background-media":"","overlay-type":"","overlay-color":"","overlay-opacity":"","overlay-gradient":""},"tablet":{"background-color":"var(--ast-global-color-5)","background-image":"","background-repeat":"repeat","background-position":"center center","background-size":"auto","background-attachment":"scroll","background-type":"","background-media":"","overlay-type":"","overlay-color":"","overlay-opacity":"","overlay-gradient":""},"mobile":{"background-color":"var(--ast-global-color-5)","background-image":"","background-repeat":"repeat","background-position":"center center","background-size":"auto","background-attachment":"scroll","background-type":"","background-media":"","overlay-type":"","overlay-color":"","overlay-opacity":"","overlay-gradient":""}}},"product_brand":[],"product_cat":[53],"product_tag":[],"class_list":{"0":"post-677","1":"product","2":"type-product","3":"status-publish","4":"has-post-thumbnail","6":"product_cat-creasing-machine","7":"desktop-align-center","8":"tablet-align-left","9":"mobile-align-left","11":"first","12":"instock","13":"shipping-taxable","14":"product-type-simple"},"_links":{"self":[{"href":"https:\/\/estarmachinery.com\/pt\/wp-json\/wp\/v2\/product\/677","targetHints":{"allow":["GET"]}}],"collection":[{"href":"https:\/\/estarmachinery.com\/pt\/wp-json\/wp\/v2\/product"}],"about":[{"href":"https:\/\/estarmachinery.com\/pt\/wp-json\/wp\/v2\/types\/product"}],"wp:featuredmedia":[{"embeddable":true,"href":"https:\/\/estarmachinery.com\/pt\/wp-json\/wp\/v2\/media\/684"}],"wp:attachment":[{"href":"https:\/\/estarmachinery.com\/pt\/wp-json\/wp\/v2\/media?parent=677"}],"wp:term":[{"taxonomy":"product_brand","embeddable":true,"href":"https:\/\/estarmachinery.com\/pt\/wp-json\/wp\/v2\/product_brand?post=677"},{"taxonomy":"product_cat","embeddable":true,"href":"https:\/\/estarmachinery.com\/pt\/wp-json\/wp\/v2\/product_cat?post=677"},{"taxonomy":"product_tag","embeddable":true,"href":"https:\/\/estarmachinery.com\/pt\/wp-json\/wp\/v2\/product_tag?post=677"}],"curies":[{"name":"wp","href":"https:\/\/api.w.org\/{rel}","templated":true}]}}